{"id":17811,"date":"2024-08-14T09:38:00","date_gmt":"2024-08-14T07:38:00","guid":{"rendered":"https:\/\/fvcomponentes.com\/?post_type=product&#038;p=17811"},"modified":"2026-03-30T12:16:54","modified_gmt":"2026-03-30T10:16:54","slug":"compteur-intelligent-fronius-50ka-3-industriel-4300011478","status":"publish","type":"product","link":"https:\/\/fvcomponentes.com\/fr\/producto\/smart-meter-fronius-50ka-3-industrial-4300011478-2\/","title":{"rendered":"Compteur intelligent Fronius 50kA-3-Industriel - 43 0001 1478"},"content":{"rendered":"<h2>Caract\u00e9ristiques Fronius Smart Meter 50kA-3-Industrial - 43,0001,1478<\/h2>\n<ul>\n<li>Le Fronius Smart Meter 50kA-3-Industrial - 43.0001.1478 mesure tous les flux d'\u00e9nergie entrant ou sortant du r\u00e9seau et collecte ainsi des informations<br \/>\ndes donn\u00e9es pr\u00e9cieuses de mani\u00e8re rapide, fiable et pr\u00e9cise. Utilis\u00e9es correctement, les donn\u00e9es apportent une valeur ajout\u00e9e tangible sous forme d'\u00e9conomies.<\/li>\n<li>Les compteurs intelligents permettent d'\u00e9conomiser de l'argent et de l'\u00e9nergie de mani\u00e8re durable en tant qu'accessoires essentiels en combinaison avec les onduleurs et l'outil de surveillance FroniusSolar.web. Les flux d'\u00e9nergie peuvent \u00eatre visualis\u00e9s, contr\u00f4l\u00e9s et donc optimis\u00e9s. C'est ainsi que fonctionne une gestion efficace de l'\u00e9nergie bas\u00e9e sur les donn\u00e9es.<\/li>\n<\/ul>\n<h2>Donn\u00e9es techniques<\/h2>\n<ul>\n<li id=\"titlewrap\">Tension nominale : 400 - 415 V<\/li>\n<li>Plage de tension de fonctionnement : -9 \u00e0 +14 %<\/li>\n<li>Fr\u00e9quence : 50 - 60 Hz<\/li>\n<li>Courant maximal : 3 x 50000A<\/li>\n<li>Consommation : 2W<\/li>\n<\/ul>\n<h2>Fiche technique Smart Meter Fronius 50kA-3-Industrial - 43,0001,1478<\/h2>\n<p><a href=\"https:\/\/fvcomponentes.com\/wp-content\/uploads\/2024\/08\/Ficha-tecnica-Smart-Meter-Fronius-Castellano.pdf\" target=\"_blank\" rel=\"noopener\">Voir la fiche technique Fronius Smart Meter 50kA-3-Industrial - 43,0001,1478<\/a><\/p>","protected":false},"excerpt":{"rendered":"<ul>\n<li><strong><span style=\"color: #ff0000;\">Usage industriel et r\u00e9sidentiel<\/span><\/strong><\/li>\n<li>Enregistrer la consommation d'\u00e9lectricit\u00e9<\/li>\n<li>Triphas\u00e9<\/li>\n<li>Courant maximal : 3 x 50000A<\/li>\n<li>Protection IP51<\/li>\n<\/ul>","protected":false},"featured_media":17812,"comment_status":"open","ping_status":"closed","template":"","meta":{"site-sidebar-layout":"default","site-content-layout":"","ast-site-content-layout":"default","site-content-style":"default","site-sidebar-style":"default","ast-global-header-display":"","ast-banner-title-visibility":"","ast-main-header-display":"","ast-hfb-above-header-display":"","ast-hfb-below-header-display":"","ast-hfb-mobile-header-display":"","site-post-title":"","ast-breadcrumbs-content":"","ast-featured-img":"","footer-sml-layout":"","ast-disable-related-posts":"","theme-transparent-header-meta":"default","adv-header-id-meta":"","stick-header-meta":"","header-above-stick-meta":"","header-main-stick-meta":"","header-below-stick-meta":"","astra-migrate-meta-layouts":"set","ast-page-background-enabled":"default","ast-page-background-meta":{"desktop":{"background-color":"var(--ast-global-color-4)","background-image":"","background-repeat":"repeat","background-position":"center center","background-size":"auto","background-attachment":"scroll","background-type":"","background-media":"","overlay-type":"","overlay-color":"","overlay-opacity":"","overlay-gradient":""},"tablet":{"background-color":"","background-image":"","background-repeat":"repeat","background-position":"center center","background-size":"auto","background-attachment":"scroll","background-type":"","background-media":"","overlay-type":"","overlay-color":"","overlay-opacity":"","overlay-gradient":""},"mobile":{"background-color":"","background-image":"","background-repeat":"repeat","background-position":"center center","background-size":"auto","background-attachment":"scroll","background-type":"","background-media":"","overlay-type":"","overlay-color":"","overlay-opacity":"","overlay-gradient":""}},"ast-content-background-meta":{"desktop":{"background-color":"var(--ast-global-color-5)","background-image":"","background-repeat":"repeat","background-position":"center center","background-size":"auto","background-attachment":"scroll","background-type":"","background-media":"","overlay-type":"","overlay-color":"","overlay-opacity":"","overlay-gradient":""},"tablet":{"background-color":"var(--ast-global-color-5)","background-image":"","background-repeat":"repeat","background-position":"center center","background-size":"auto","background-attachment":"scroll","background-type":"","background-media":"","overlay-type":"","overlay-color":"","overlay-opacity":"","overlay-gradient":""},"mobile":{"background-color":"var(--ast-global-color-5)","background-image":"","background-repeat":"repeat","background-position":"center center","background-size":"auto","background-attachment":"scroll","background-type":"","background-media":"","overlay-type":"","overlay-color":"","overlay-opacity":"","overlay-gradient":""}}},"pwb-brand":[344],"product_brand":[],"product_cat":[333,349],"product_tag":[],"class_list":{"0":"post-17811","1":"product","2":"type-product","3":"status-publish","4":"has-post-thumbnail","6":"pwb-brand-fronius","7":"product_cat-inversores","8":"product_cat-meters","9":"desktop-align-left","10":"tablet-align-left","11":"mobile-align-left","12":"ast-product-gallery-layout-horizontal-slider","13":"ast-product-gallery-with-no-image","14":"ast-product-tabs-layout-horizontal","16":"first","17":"instock","18":"taxable","19":"shipping-taxable","20":"purchasable","21":"product-type-simple"},"wcpa_form_fields":null,"brands":[{"id":344,"name":"Onduleurs Fronius","slug":"fronius"}],"_links":{"self":[{"href":"https:\/\/fvcomponentes.com\/fr\/wp-json\/wp\/v2\/product\/17811","targetHints":{"allow":["GET"]}}],"collection":[{"href":"https:\/\/fvcomponentes.com\/fr\/wp-json\/wp\/v2\/product"}],"about":[{"href":"https:\/\/fvcomponentes.com\/fr\/wp-json\/wp\/v2\/types\/product"}],"replies":[{"embeddable":true,"href":"https:\/\/fvcomponentes.com\/fr\/wp-json\/wp\/v2\/comments?post=17811"}],"wp:featuredmedia":[{"embeddable":true,"href":"https:\/\/fvcomponentes.com\/fr\/wp-json\/wp\/v2\/media\/17812"}],"wp:attachment":[{"href":"https:\/\/fvcomponentes.com\/fr\/wp-json\/wp\/v2\/media?parent=17811"}],"wp:term":[{"taxonomy":"pwb-brand","embeddable":true,"href":"https:\/\/fvcomponentes.com\/fr\/wp-json\/wp\/v2\/pwb-brand?post=17811"},{"taxonomy":"product_brand","embeddable":true,"href":"https:\/\/fvcomponentes.com\/fr\/wp-json\/wp\/v2\/product_brand?post=17811"},{"taxonomy":"product_cat","embeddable":true,"href":"https:\/\/fvcomponentes.com\/fr\/wp-json\/wp\/v2\/product_cat?post=17811"},{"taxonomy":"product_tag","embeddable":true,"href":"https:\/\/fvcomponentes.com\/fr\/wp-json\/wp\/v2\/product_tag?post=17811"}],"curies":[{"name":"wp","href":"https:\/\/api.w.org\/{rel}","templated":true}]}}