{"id":17800,"date":"2024-08-14T09:04:44","date_gmt":"2024-08-14T07:04:44","guid":{"rendered":"https:\/\/fvcomponentes.com\/?post_type=product&#038;p=17800"},"modified":"2026-04-10T18:24:45","modified_gmt":"2026-04-10T16:24:45","slug":"regulateur-de-consommation-fronius-ohmpilot-9-0-3-4050016","status":"publish","type":"product","link":"https:\/\/fvcomponentes.com\/fr\/producto\/regulador-consumo-fronius-ohmpilot-9-0-3-4050016\/","title":{"rendered":"Fronius Ohmpilot 9.0-3 r\u00e9gulateur de consommation - 4 050 016"},"content":{"rendered":"<h2>Caract\u00e9ristiques Fronius Ohmpilot 9.0-3 r\u00e9gulateur de consommation - 4 050 016<\/h2>\n<p>Le r\u00e9gulateur de consommation Fronius Ohmpilot 9.0-3 - 4.050.016 est con\u00e7u pour utiliser l'\u00e9nergie solaire exc\u00e9dentaire pour la production d'eau chaude. Avec une r\u00e9gulation r\u00e9glable en continu de 0 \u00e0 9 kW, il permet une utilisation tr\u00e8s efficace du courant photovolta\u00efque exc\u00e9dentaire, au b\u00e9n\u00e9fice des consommateurs domestiques. Cet appareil est principalement utilis\u00e9 pour contr\u00f4ler intelligemment les \u00e9l\u00e9ments de chauffage, fournir de l'eau chaude dans les chauffages et les r\u00e9servoirs tampons. Il peut \u00e9galement \u00eatre utilis\u00e9 pour le chauffage infrarouge des radiateurs s\u00e8che-serviettes. L'\u00e9nergie solaire peut ainsi r\u00e9pondre \u00e0 la consommation moyenne d'eau d'un m\u00e9nage, en fournissant la majeure partie de l'eau chaude d'avril \u00e0 octobre. Il en r\u00e9sulte une autoconsommation maximale, une r\u00e9duction des \u00e9missions de CO2 dans la maison et une diminution de l'usure du syst\u00e8me de chauffage du b\u00e2timent pendant les mois d'\u00e9t\u00e9.<\/p>\n<h2>Donn\u00e9es d'entr\u00e9e<\/h2>\n<ul>\n<li>Fr\u00e9quence : 50 Hz<\/li>\n<li>Courant d'entr\u00e9e max. (Iac max.) : 1*16 A \/ 3*16 A<\/li>\n<li>Tension d'entr\u00e9e : 230 V \/ 400 V<\/li>\n<\/ul>\n<h2>Donn\u00e9es de sortie<\/h2>\n<ul>\n<li>Puissance de sortie maximale : 3 kW \/ 9 kW (r\u00e9glable)<\/li>\n<li>Fr\u00e9quence : 50 Hz<\/li>\n<li>Courant de sortie AC (Iac nom.) : 1*13 A \/ 3*13 A<\/li>\n<li>Tension de sortie : 230 V \/ 400 V<\/li>\n<\/ul>\n<h2>Avantages du Fronius Ohmpilot 9.0-3 - 4.050.016<\/h2>\n<ul>\n<li>R\u00e9glable en continu de 0 \u00e0 9 kW<\/li>\n<li>Installation facile<\/li>\n<li>Limitation dynamique de la puissance \u2265 50% (\u00e9galement avec Fronius Energy Package)<\/li>\n<li>R\u00e9glage de la temp\u00e9rature minimale<\/li>\n<li>Couplage d'autres sources de chaleur, par exemple les chauffe-eau \u00e0 gaz<\/li>\n<li>Combinaison avec des pompes \u00e0 chaleur<\/li>\n<\/ul>\n<h2>Fiche technique Fronius Ohmpilot 9.0-3 r\u00e9gulateur de consommation - 4 050 016<\/h2>\n<p><a href=\"https:\/\/fvcomponentes.com\/wp-content\/uploads\/2024\/08\/Ficha-tecnica-Regulador-consumo-Fronius-Ohmpilot-9.0-3-4050016.pdf\" target=\"_blank\" rel=\"noopener\">Voir la fiche technique du r\u00e9gulateur de consommation Fronius Ohmpilot 9.0-3 - 4.050.016<\/a><\/p>","protected":false},"excerpt":{"rendered":"<p>Utiliser l'\u00e9nergie solaire exc\u00e9dentaire pour chauffer l'eau.<\/p>","protected":false},"featured_media":17801,"comment_status":"open","ping_status":"closed","template":"","meta":{"site-sidebar-layout":"default","site-content-layout":"","ast-site-content-layout":"default","site-content-style":"default","site-sidebar-style":"default","ast-global-header-display":"","ast-banner-title-visibility":"","ast-main-header-display":"","ast-hfb-above-header-display":"","ast-hfb-below-header-display":"","ast-hfb-mobile-header-display":"","site-post-title":"","ast-breadcrumbs-content":"","ast-featured-img":"","footer-sml-layout":"","ast-disable-related-posts":"","theme-transparent-header-meta":"default","adv-header-id-meta":"","stick-header-meta":"","header-above-stick-meta":"","header-main-stick-meta":"","header-below-stick-meta":"","astra-migrate-meta-layouts":"set","ast-page-background-enabled":"default","ast-page-background-meta":{"desktop":{"background-color":"var(--ast-global-color-4)","background-image":"","background-repeat":"repeat","background-position":"center center","background-size":"auto","background-attachment":"scroll","background-type":"","background-media":"","overlay-type":"","overlay-color":"","overlay-opacity":"","overlay-gradient":""},"tablet":{"background-color":"","background-image":"","background-repeat":"repeat","background-position":"center center","background-size":"auto","background-attachment":"scroll","background-type":"","background-media":"","overlay-type":"","overlay-color":"","overlay-opacity":"","overlay-gradient":""},"mobile":{"background-color":"","background-image":"","background-repeat":"repeat","background-position":"center center","background-size":"auto","background-attachment":"scroll","background-type":"","background-media":"","overlay-type":"","overlay-color":"","overlay-opacity":"","overlay-gradient":""}},"ast-content-background-meta":{"desktop":{"background-color":"var(--ast-global-color-5)","background-image":"","background-repeat":"repeat","background-position":"center center","background-size":"auto","background-attachment":"scroll","background-type":"","background-media":"","overlay-type":"","overlay-color":"","overlay-opacity":"","overlay-gradient":""},"tablet":{"background-color":"var(--ast-global-color-5)","background-image":"","background-repeat":"repeat","background-position":"center center","background-size":"auto","background-attachment":"scroll","background-type":"","background-media":"","overlay-type":"","overlay-color":"","overlay-opacity":"","overlay-gradient":""},"mobile":{"background-color":"var(--ast-global-color-5)","background-image":"","background-repeat":"repeat","background-position":"center center","background-size":"auto","background-attachment":"scroll","background-type":"","background-media":"","overlay-type":"","overlay-color":"","overlay-opacity":"","overlay-gradient":""}}},"pwb-brand":[344],"product_brand":[],"product_cat":[333,351,345],"product_tag":[],"class_list":{"0":"post-17800","1":"product","2":"type-product","3":"status-publish","4":"has-post-thumbnail","6":"pwb-brand-fronius","7":"product_cat-inversores","8":"product_cat-accesorios","9":"product_cat-inversores-de-autoconsumo","10":"desktop-align-left","11":"tablet-align-left","12":"mobile-align-left","13":"ast-product-gallery-layout-horizontal-slider","14":"ast-product-gallery-with-no-image","15":"ast-product-tabs-layout-horizontal","17":"first","18":"instock","19":"taxable","20":"shipping-taxable","21":"purchasable","22":"product-type-simple"},"wcpa_form_fields":null,"brands":[{"id":344,"name":"Onduleurs Fronius","slug":"fronius"}],"_links":{"self":[{"href":"https:\/\/fvcomponentes.com\/fr\/wp-json\/wp\/v2\/product\/17800","targetHints":{"allow":["GET"]}}],"collection":[{"href":"https:\/\/fvcomponentes.com\/fr\/wp-json\/wp\/v2\/product"}],"about":[{"href":"https:\/\/fvcomponentes.com\/fr\/wp-json\/wp\/v2\/types\/product"}],"replies":[{"embeddable":true,"href":"https:\/\/fvcomponentes.com\/fr\/wp-json\/wp\/v2\/comments?post=17800"}],"wp:featuredmedia":[{"embeddable":true,"href":"https:\/\/fvcomponentes.com\/fr\/wp-json\/wp\/v2\/media\/17801"}],"wp:attachment":[{"href":"https:\/\/fvcomponentes.com\/fr\/wp-json\/wp\/v2\/media?parent=17800"}],"wp:term":[{"taxonomy":"pwb-brand","embeddable":true,"href":"https:\/\/fvcomponentes.com\/fr\/wp-json\/wp\/v2\/pwb-brand?post=17800"},{"taxonomy":"product_brand","embeddable":true,"href":"https:\/\/fvcomponentes.com\/fr\/wp-json\/wp\/v2\/product_brand?post=17800"},{"taxonomy":"product_cat","embeddable":true,"href":"https:\/\/fvcomponentes.com\/fr\/wp-json\/wp\/v2\/product_cat?post=17800"},{"taxonomy":"product_tag","embeddable":true,"href":"https:\/\/fvcomponentes.com\/fr\/wp-json\/wp\/v2\/product_tag?post=17800"}],"curies":[{"name":"wp","href":"https:\/\/api.w.org\/{rel}","templated":true}]}}