{"id":17594,"date":"2024-08-12T08:38:19","date_gmt":"2024-08-12T06:38:19","guid":{"rendered":"https:\/\/fvcomponentes.com\/?post_type=product&#038;p=17594"},"modified":"2024-09-30T09:35:44","modified_gmt":"2024-09-30T07:35:44","slug":"pylontech-rack-rack-cabinet","status":"publish","type":"product","link":"https:\/\/fvcomponentes.com\/fr\/producto\/armario-rack-bastidor-pylontech\/","title":{"rendered":"Pylontech Rack Rack Cabinet"},"content":{"rendered":"<h2>Caract\u00e9ristiques de l'armoire \u00e0 rayonnages Pylontech Rack<\/h2>\n<ul>\n<li>L'armoire \u00e0 rack Pylontech est con\u00e7ue sur mesure pour les batteries. <a href=\"https:\/\/fvcomponentes.com\/fr\/marque\/pylontech\/\" target=\"_blank\" rel=\"noopener\">Pylontech.<\/a><\/li>\n<li>Con\u00e7u pour \u00eatre transport\u00e9 par transpalette manuel.<\/li>\n<li>Dimensions totales : 180cm x 69cm x 50cm<\/li>\n<li>Avec de l'espace pour :\n<ul>\n<li>Jusqu'\u00e0 8 pi\u00e8ces. <a href=\"https:\/\/fvcomponentes.com\/fr\/produit\/batterie-lithium-2-84kwh-pylontech-up2500-24v\/\" target=\"_blank\" rel=\"noopener\">batterie au lithium 2,84kWh Pylontech UP2500 24V<\/a><\/li>\n<li>Jusqu'\u00e0 8 pi\u00e8ces. <a href=\"https:\/\/fvcomponentes.com\/fr\/produit\/batterie-au-lithium-2-4-kwh-pylontech-us2000c-48-v\/\" target=\"_blank\" rel=\"noopener\">Batterie au lithium 2.4kWh Pylontech US2000C 48V<\/a><\/li>\n<li>Jusqu'\u00e0 6 pi\u00e8ces. <a href=\"https:\/\/fvcomponentes.com\/fr\/produit\/batterie-lithium-3-6kwh-pylontech-us3000c-48v\/\" target=\"_blank\" rel=\"noopener\">Batterie au lithium 3.6kWh Pylontech - US3000C 48V<\/a><\/li>\n<li>Jusqu'\u00e0 6 pi\u00e8ces. <a href=\"https:\/\/fvcomponentes.com\/fr\/produit\/batterie-lithium-4-8kwh-pylontech-us5000-48v\/\" target=\"_blank\" rel=\"noopener\">Batterie au lithium 4.8kWh Pylontech - US5000 48V<\/a><\/li>\n<\/ul>\n<\/li>\n<\/ul>\n<h2>Assembl\u00e9e<\/h2>\n<p>Simple et rapide, l'ensemble de l'onduleur peut \u00eatre assembl\u00e9 sur le m\u00eame ch\u00e2ssis pour faciliter le montage en atelier et tout est pr\u00eat \u00e0 \u00eatre connect\u00e9 chez le client.<\/p>\n<p>Possibilit\u00e9 d'assemblage avec d'autres composants, veuillez consulter <a href=\"mailto:comercial@fvcomponentes.com\">comercial@fvcomponentes.com<\/a> le prix du cadre personnalis\u00e9 dont vous avez besoin avec les composants adapt\u00e9s \u00e0 votre installation.<\/p>\n<h2>Notes<\/h2>\n<p>L'onduleur, les batteries et les accessoires pr\u00e9sent\u00e9s sur la photo ne sont pas inclus.<\/p>","protected":false},"excerpt":{"rendered":"<p>La solution id\u00e9ale pour installer l'onduleur et les batteries sur le m\u00eame ch\u00e2ssis.<\/p>\n<ul>\n<li>Armoire rack personnalis\u00e9e pour les batteries Pylontech.<\/li>\n<li>Facilement d\u00e9pla\u00e7able gr\u00e2ce \u00e0 sa conception pour \u00eatre transport\u00e9 par un transpalette.<\/li>\n<li>Les mesures sont adapt\u00e9es \u00e0 l'entr\u00e9e par une porte r\u00e9sidentielle.<\/li>\n<li>Pieds en caoutchouc anti-vibration et anti-d\u00e9rapants, r\u00e9glables en hauteur.<\/li>\n<li><strong><span style=\"color: #ff0000;\">L'onduleur, les batteries et les accessoires ne sont pas inclus, vous devrez les ajouter \u00e0 votre achat. <\/span><\/strong><\/li>\n<li><strong><span style=\"color: #ff0000;\">Jetez un coup d'\u0153il \u00e0 notre <a href=\"https:\/\/fvcomponentes.com\/fr\/categorie-de-produits\/kits-solaires\/kit-solaire-hors-reseau\/\" target=\"_blank\" rel=\"noopener\">kits solaires hors r\u00e9seau<\/a>.<\/span><\/strong><\/li>\n<\/ul>","protected":false},"featured_media":17595,"comment_status":"open","ping_status":"closed","template":"","meta":{"site-sidebar-layout":"default","site-content-layout":"","ast-site-content-layout":"default","site-content-style":"default","site-sidebar-style":"default","ast-global-header-display":"","ast-banner-title-visibility":"","ast-main-header-display":"","ast-hfb-above-header-display":"","ast-hfb-below-header-display":"","ast-hfb-mobile-header-display":"","site-post-title":"","ast-breadcrumbs-content":"","ast-featured-img":"","footer-sml-layout":"","ast-disable-related-posts":"","theme-transparent-header-meta":"default","adv-header-id-meta":"","stick-header-meta":"","header-above-stick-meta":"","header-main-stick-meta":"","header-below-stick-meta":"","astra-migrate-meta-layouts":"set","ast-page-background-enabled":"default","ast-page-background-meta":{"desktop":{"background-color":"var(--ast-global-color-4)","background-image":"","background-repeat":"repeat","background-position":"center center","background-size":"auto","background-attachment":"scroll","background-type":"","background-media":"","overlay-type":"","overlay-color":"","overlay-opacity":"","overlay-gradient":""},"tablet":{"background-color":"","background-image":"","background-repeat":"repeat","background-position":"center center","background-size":"auto","background-attachment":"scroll","background-type":"","background-media":"","overlay-type":"","overlay-color":"","overlay-opacity":"","overlay-gradient":""},"mobile":{"background-color":"","background-image":"","background-repeat":"repeat","background-position":"center center","background-size":"auto","background-attachment":"scroll","background-type":"","background-media":"","overlay-type":"","overlay-color":"","overlay-opacity":"","overlay-gradient":""}},"ast-content-background-meta":{"desktop":{"background-color":"var(--ast-global-color-5)","background-image":"","background-repeat":"repeat","background-position":"center center","background-size":"auto","background-attachment":"scroll","background-type":"","background-media":"","overlay-type":"","overlay-color":"","overlay-opacity":"","overlay-gradient":""},"tablet":{"background-color":"var(--ast-global-color-5)","background-image":"","background-repeat":"repeat","background-position":"center center","background-size":"auto","background-attachment":"scroll","background-type":"","background-media":"","overlay-type":"","overlay-color":"","overlay-opacity":"","overlay-gradient":""},"mobile":{"background-color":"var(--ast-global-color-5)","background-image":"","background-repeat":"repeat","background-position":"center center","background-size":"auto","background-attachment":"scroll","background-type":"","background-media":"","overlay-type":"","overlay-color":"","overlay-opacity":"","overlay-gradient":""}}},"pwb-brand":[339],"product_brand":[],"product_cat":[414,340],"product_tag":[],"class_list":{"0":"post-17594","1":"product","2":"type-product","3":"status-publish","4":"has-post-thumbnail","6":"pwb-brand-pylontech","7":"product_cat-armarios-rack-para-baterias","8":"product_cat-baterias","9":"desktop-align-left","10":"tablet-align-left","11":"mobile-align-left","12":"ast-product-gallery-layout-horizontal-slider","13":"ast-product-tabs-layout-horizontal","15":"first","16":"instock","17":"taxable","18":"shipping-taxable","19":"purchasable","20":"product-type-simple"},"wcpa_form_fields":null,"brands":[{"id":339,"name":"Pylontech Batteries","slug":"pylontech"}],"_links":{"self":[{"href":"https:\/\/fvcomponentes.com\/fr\/wp-json\/wp\/v2\/product\/17594","targetHints":{"allow":["GET"]}}],"collection":[{"href":"https:\/\/fvcomponentes.com\/fr\/wp-json\/wp\/v2\/product"}],"about":[{"href":"https:\/\/fvcomponentes.com\/fr\/wp-json\/wp\/v2\/types\/product"}],"replies":[{"embeddable":true,"href":"https:\/\/fvcomponentes.com\/fr\/wp-json\/wp\/v2\/comments?post=17594"}],"wp:featuredmedia":[{"embeddable":true,"href":"https:\/\/fvcomponentes.com\/fr\/wp-json\/wp\/v2\/media\/17595"}],"wp:attachment":[{"href":"https:\/\/fvcomponentes.com\/fr\/wp-json\/wp\/v2\/media?parent=17594"}],"wp:term":[{"taxonomy":"pwb-brand","embeddable":true,"href":"https:\/\/fvcomponentes.com\/fr\/wp-json\/wp\/v2\/pwb-brand?post=17594"},{"taxonomy":"product_brand","embeddable":true,"href":"https:\/\/fvcomponentes.com\/fr\/wp-json\/wp\/v2\/product_brand?post=17594"},{"taxonomy":"product_cat","embeddable":true,"href":"https:\/\/fvcomponentes.com\/fr\/wp-json\/wp\/v2\/product_cat?post=17594"},{"taxonomy":"product_tag","embeddable":true,"href":"https:\/\/fvcomponentes.com\/fr\/wp-json\/wp\/v2\/product_tag?post=17594"}],"curies":[{"name":"wp","href":"https:\/\/api.w.org\/{rel}","templated":true}]}}