{"id":17572,"date":"2024-08-09T09:46:39","date_gmt":"2024-08-09T07:46:39","guid":{"rendered":"https:\/\/fvcomponentes.com\/?post_type=product&#038;p=17572"},"modified":"2026-01-21T09:50:21","modified_gmt":"2026-01-21T08:50:21","slug":"batterie-lithium-2-84kwh-pylontech-up2500-24v","status":"publish","type":"product","link":"https:\/\/fvcomponentes.com\/fr\/producto\/bateria-de-litio-2-84kwh-pylontech-up2500-24v\/","title":{"rendered":"Batterie au lithium 2,84kWh Pylontech UP2500 24V"},"content":{"rendered":"<h2>Batterie au lithium 2,84kWh Pylontech UP2500 24V<\/h2>\n<p>La batterie au lithium Pylontech UP2500 24V de 2,84kWh est une batterie avanc\u00e9e au lithium-ion-phosphate. Elle nous permet d'avoir une batterie de technologie lithium \u00e0 un prix tr\u00e8s \u00e9conomique.<\/p>\n<p>Le grand avantage de la solution Pylontech est une grande compatibilit\u00e9 avec de nombreuses marques d'onduleurs sur le march\u00e9. Un prix tr\u00e8s attractif pour ses caract\u00e9ristiques et un format modulaire pour l'installation dans un rack 19'.<\/p>\n<h3>Pylontech UP2500 24V 2.84kWh Lithium Battery Features<\/h3>\n<p>La batterie au lithium Pylontech UP2500 24V de 2,84kWh offre <strong>un format tr\u00e8s pratique<\/strong>Type de rack standard 19'.<\/p>\n<p>Il offre donc une \u00e9volutivit\u00e9 sup\u00e9rieure gr\u00e2ce au placement group\u00e9 des batteries, ce qui facilite l'interconnexion entre les modules.<\/p>\n<p>Gr\u00e2ce \u00e0 son format facilement empilable, il peut \u00eatre connect\u00e9 en parall\u00e8le jusqu'\u00e0 un maximum de 40 unit\u00e9s avec le micrologiciel actuel.<\/p>\n<p>Tout est contr\u00f4l\u00e9 par le BMS interne qui distribue l'\u00e9nergie entre les cellules en les emp\u00eachant de se surcharger ou de se d\u00e9charger excessivement. Cette fonctionnalit\u00e9 est donc d'une importance vitale dans une batterie au lithium.<\/p>\n<p>Pour des raisons de s\u00e9curit\u00e9, il est <strong>Il est obligatoire d'installer deux ou plusieurs modules de ce mod\u00e8le de batterie Pylontech dans un rack ou sur des supports, afin d'assurer la stabilit\u00e9 des batteries et leur bonne ventilation.\u00a0<\/strong><\/p>\n<p><img decoding=\"async\" class=\"center-align\" title=\"D\u00e9tail parall\u00e8le Batterie au lithium Pylontech\" src=\"https:\/\/fvcomponentes.com\/wp-content\/uploads\/2022\/11\/pylontech-paralelo-US2000.jpg\" alt=\"D\u00e9tail parall\u00e8le Batterie au lithium Pylontech\" \/><\/p>\n<p>Cette batterie au lithium Pylontech UP2500 24V de 2,84kWh peut \u00eatre connect\u00e9e \u00e0 de nombreux onduleurs de batterie sur le march\u00e9. Elle int\u00e8gre plusieurs protocoles de communication qui permettent \u00e0 la batterie de communiquer pour partager les param\u00e8tres de charge de la batterie et fonctionner correctement.<\/p>\n<p>La batterie au lithium Pylontech UP2500 24V de 2,84kWh ne n\u00e9cessite aucune maintenance. En tant que module scell\u00e9 con\u00e7u pour \u00eatre install\u00e9 \u00e0 l'int\u00e9rieur, la batterie au lithium Pylontech offre des performances optimales sans n\u00e9cessiter d'entretien pendant toute sa dur\u00e9e de vie.<\/p>\n<p>Pour garantir la dur\u00e9e de vie de la batterie, \u00e9vitez de l'utiliser dans des conditions de temp\u00e9rature et d'humidit\u00e9 extr\u00eames.<\/p>\n<p>La garantie de la batterie au lithium Pylontech UP2500 24V de 2,84kWh est de 10 ans, bien qu'une s\u00e9rie d'exigences doivent \u00eatre respect\u00e9es afin de ne pas d\u00e9passer les param\u00e8tres d'utilisation que le fabricant \u00e9tablit pour la batterie. Nous vous recommandons de suivre nos directives pour choisir le syst\u00e8me qui r\u00e9pond le mieux \u00e0 vos besoins et qui satisfait aux exigences que la marque indique pour les modules de batterie.<\/p>\n<p>Un courant de charge ou une puissance de sortie excessifs peuvent entra\u00eener une d\u00e9faillance pr\u00e9matur\u00e9e de la batterie et, par cons\u00e9quent, la garantie ne couvrira pas cette d\u00e9faillance.<\/p>\n<h3>Capacit\u00e9 de la batterie au lithium Pylontech UP2500<\/h3>\n<p>La capacit\u00e9 effective r\u00e9elle de la batterie au lithium Pylontech UP2500 24V de 2,84 kWh est d'environ 2,5 kWh, de sorte que la profondeur de d\u00e9charge des batteries au lithium est beaucoup plus \u00e9lev\u00e9e que celle des batteries au plomb.<\/p>\n<p>Actuellement, il est possible d'installer jusqu'\u00e0 40 unit\u00e9s en parall\u00e8le, en tenant compte du fait que le syst\u00e8me de gestion de l'eau de l'Union europ\u00e9enne n'est pas encore op\u00e9rationnel. <strong>La capacit\u00e9 maximale d'un syst\u00e8me compos\u00e9 de batteries au lithium Pylontech est actuellement de plus de 88 kWh utilisables.<\/strong> et pr\u00e8s de 96 kWh th\u00e9oriques au total.<\/p>\n<h3>Pylontech UP2500 24V 2.84kWh Lithium Battery Donn\u00e9es techniques<\/h3>\n<ul>\n<li><strong>Tension nominale de fonctionnement (V) :<\/strong> 24 v<\/li>\n<li><strong>Capacit\u00e9 utile :<\/strong> 2500 Wh<\/li>\n<li><strong>Dimensions physiques (en mm) :<\/strong> 440 x 420 x 120<\/li>\n<li><strong>Poids :<\/strong> 27.5 Kg<\/li>\n<li><strong>Interfaces de communication :<\/strong> RS485, CAN<\/li>\n<li><strong>Certifications :<\/strong> IEC62619, UN38.3, RoHS<\/li>\n<li><strong>Dur\u00e9e de vie estim\u00e9e :<\/strong> sur 15 ans (25 \u00b0C)<\/li>\n<li><strong>Cycles de vie :<\/strong> plus de 6000<\/li>\n<\/ul>\n<h3>Garantie de la batterie au lithium Pylontech UP2500 24V 2,84kWh<\/h3>\n<p>Les piles au lithium Pylontech sont garanties 7 ans par le fabricant et 10 ans si le produit est enregistr\u00e9 \u00e0 : <a title=\"Enregistrement de la garantie Pylontech de 10 ans\" href=\"http:\/\/www.pylontech.com.cn\/service\/support\" target=\"_blank\" rel=\"noopener noreferrer\">ici<\/a>.<\/p>\n<h3>Connexion de la batterie au lithium Pylontech avec les onduleurs Victron<\/h3>\n<p><a href=\"https:\/\/fvcomponentes.com\/wp-content\/uploads\/2025\/09\/victron_pylontech_up2500_us2000_us3000_us2000c_us3000c_us5000_us5000b_uf5000_pelio-l_up5000_phantom-s_force-l1_l2-2.pdf\" target=\"_blank\" rel=\"noopener\">Compatibilit\u00e9 de la batterie au lithium 2,84kWh Pylontech UP2500 24V avec Victron<\/a><\/p>\n<h3>Connexion de la batterie Pylontech au port du concentrateur LV-HUB de Pylontech<\/h3>\n<p>Avec la derni\u00e8re mise \u00e0 jour du mod\u00e8le Pylontech C, le fabricant permet de connecter jusqu'\u00e0 16 unit\u00e9s en parall\u00e8le dans un seul groupe de batteries sans avoir besoin d'accessoires suppl\u00e9mentaires. Si davantage d'unit\u00e9s sont n\u00e9cessaires pour un stockage plus important, lorsqu'elles sont connect\u00e9es \u00e0 l'onduleur via le protocole CAN, un port Pylontech Hub est n\u00e9cessaire pour unifier les communications de tous les groupes de batteries. Si la connexion \u00e0 l'onduleur se fait via RS485, il n'est pas n\u00e9cessaire d'utiliser un port Hub, car les batteries ma\u00eetres de chaque groupe communiquent entre elles.<\/p>\n<p>Un maximum de 80 unit\u00e9s de la batterie au lithium Pylontech UP2500 24V de 2,84kWh peuvent \u00eatre connect\u00e9es par l'un ou l'autre type de connexion.<\/p>\n<p><img decoding=\"async\" class=\"center-align\" title=\" Connexion Batterie Lithium 2,4kWh Pylontech US2000B Plus 48V au Hub Port\" src=\"https:\/\/fvcomponentes.com\/wp-content\/uploads\/2022\/11\/conexion-paralelo-hub-us2000Plus.jpg\" alt=\" Connexion Batterie Lithium 2,4kWh Pylontech US2000B Plus 48V au Hub Port\" \/><\/p>\n<h2>Fiche technique Batterie au lithium 2,84kWh Pylontech UP2500 24V<\/h2>\n<p><a href=\"https:\/\/fvcomponentes.com\/wp-content\/uploads\/2024\/08\/Ficha-tecnica-Bateria-de-litio-2.84kWh-Pylontech-UP2500-24V.pdf\" target=\"_blank\" rel=\"noopener\">Voir la fiche technique de la batterie au lithium Pylontech UP2500 24V 2.84kWh<\/a><\/p>","protected":false},"excerpt":{"rendered":"<ul>\n<li>Tension nominale de fonctionnement (V) : 24V<\/li>\n<li>Capacit\u00e9 : 2840 Wh<\/li>\n<li>Interfaces de communication : RS485, CAN<\/li>\n<li>Certifications : IEC62619, UN38.3, RoHS<\/li>\n<li>Dur\u00e9e de vie estim\u00e9e : plus de 15 ans (25 \u00b0C)<\/li>\n<li>Cycles de vie : plus de 6000<\/li>\n<\/ul>","protected":false},"featured_media":17574,"comment_status":"open","ping_status":"closed","template":"","meta":{"site-sidebar-layout":"default","site-content-layout":"default","ast-site-content-layout":"default","site-content-style":"default","site-sidebar-style":"default","ast-global-header-display":"","ast-banner-title-visibility":"","ast-main-header-display":"","ast-hfb-above-header-display":"","ast-hfb-below-header-display":"","ast-hfb-mobile-header-display":"","site-post-title":"","ast-breadcrumbs-content":"","ast-featured-img":"","footer-sml-layout":"","ast-disable-related-posts":"","theme-transparent-header-meta":"default","adv-header-id-meta":"","stick-header-meta":"","header-above-stick-meta":"","header-main-stick-meta":"","header-below-stick-meta":"","astra-migrate-meta-layouts":"set","ast-page-background-enabled":"default","ast-page-background-meta":{"desktop":{"background-color":"var(--ast-global-color-4)","background-image":"","background-repeat":"repeat","background-position":"center center","background-size":"auto","background-attachment":"scroll","background-type":"","background-media":"","overlay-type":"","overlay-color":"","overlay-opacity":"","overlay-gradient":""},"tablet":{"background-color":"","background-image":"","background-repeat":"repeat","background-position":"center center","background-size":"auto","background-attachment":"scroll","background-type":"","background-media":"","overlay-type":"","overlay-color":"","overlay-opacity":"","overlay-gradient":""},"mobile":{"background-color":"","background-image":"","background-repeat":"repeat","background-position":"center center","background-size":"auto","background-attachment":"scroll","background-type":"","background-media":"","overlay-type":"","overlay-color":"","overlay-opacity":"","overlay-gradient":""}},"ast-content-background-meta":{"desktop":{"background-color":"var(--ast-global-color-5)","background-image":"","background-repeat":"repeat","background-position":"center center","background-size":"auto","background-attachment":"scroll","background-type":"","background-media":"","overlay-type":"","overlay-color":"","overlay-opacity":"","overlay-gradient":""},"tablet":{"background-color":"var(--ast-global-color-5)","background-image":"","background-repeat":"repeat","background-position":"center center","background-size":"auto","background-attachment":"scroll","background-type":"","background-media":"","overlay-type":"","overlay-color":"","overlay-opacity":"","overlay-gradient":""},"mobile":{"background-color":"var(--ast-global-color-5)","background-image":"","background-repeat":"repeat","background-position":"center center","background-size":"auto","background-attachment":"scroll","background-type":"","background-media":"","overlay-type":"","overlay-color":"","overlay-opacity":"","overlay-gradient":""}}},"pwb-brand":[339],"product_brand":[],"product_cat":[340,432],"product_tag":[],"class_list":{"0":"post-17572","1":"product","2":"type-product","3":"status-publish","4":"has-post-thumbnail","6":"pwb-brand-pylontech","7":"product_cat-baterias","8":"product_cat-baterias-litio-24v","9":"product_shipping_class-baterias","10":"desktop-align-left","11":"tablet-align-left","12":"mobile-align-left","13":"ast-product-gallery-layout-horizontal-slider","14":"ast-product-gallery-with-no-image","15":"ast-product-tabs-layout-horizontal","17":"first","18":"instock","19":"taxable","20":"shipping-taxable","21":"purchasable","22":"product-type-simple"},"wcpa_form_fields":null,"brands":[{"id":339,"name":"Pylontech Batteries","slug":"pylontech"}],"_links":{"self":[{"href":"https:\/\/fvcomponentes.com\/fr\/wp-json\/wp\/v2\/product\/17572","targetHints":{"allow":["GET"]}}],"collection":[{"href":"https:\/\/fvcomponentes.com\/fr\/wp-json\/wp\/v2\/product"}],"about":[{"href":"https:\/\/fvcomponentes.com\/fr\/wp-json\/wp\/v2\/types\/product"}],"replies":[{"embeddable":true,"href":"https:\/\/fvcomponentes.com\/fr\/wp-json\/wp\/v2\/comments?post=17572"}],"wp:featuredmedia":[{"embeddable":true,"href":"https:\/\/fvcomponentes.com\/fr\/wp-json\/wp\/v2\/media\/17574"}],"wp:attachment":[{"href":"https:\/\/fvcomponentes.com\/fr\/wp-json\/wp\/v2\/media?parent=17572"}],"wp:term":[{"taxonomy":"pwb-brand","embeddable":true,"href":"https:\/\/fvcomponentes.com\/fr\/wp-json\/wp\/v2\/pwb-brand?post=17572"},{"taxonomy":"product_brand","embeddable":true,"href":"https:\/\/fvcomponentes.com\/fr\/wp-json\/wp\/v2\/product_brand?post=17572"},{"taxonomy":"product_cat","embeddable":true,"href":"https:\/\/fvcomponentes.com\/fr\/wp-json\/wp\/v2\/product_cat?post=17572"},{"taxonomy":"product_tag","embeddable":true,"href":"https:\/\/fvcomponentes.com\/fr\/wp-json\/wp\/v2\/product_tag?post=17572"}],"curies":[{"name":"wp","href":"https:\/\/api.w.org\/{rel}","templated":true}]}}