{"id":17538,"date":"2024-08-08T15:20:28","date_gmt":"2024-08-08T13:20:28","guid":{"rendered":"https:\/\/fvcomponentes.com\/?post_type=product&#038;p=17538"},"modified":"2026-03-30T12:16:53","modified_gmt":"2026-03-30T10:16:53","slug":"fronius-datamanager-2-0-wlan-monitoring-4240038z","status":"publish","type":"product","link":"https:\/\/fvcomponentes.com\/fr\/producto\/datamanager-fronius-2-0-wlan-4240038z-2\/","title":{"rendered":"Fronius Datamanager 2.0 WLAN - 4 240 038 Z"},"content":{"rendered":"<h2>Caract\u00e9ristiques Datamanager Fronius 2.0 WLAN - 4 240 038 Z<\/h2>\n<p>Le Fronius Datamanager 2.0 WLAN - 4.240.038.Z est le hub de communication pour les onduleurs Fronius, con\u00e7u pour tous les types d'applications. Cet appareil peut \u00eatre connect\u00e9 aussi bien par LAN que par WLAN, ce qui vous permet d'envoyer des informations sur l'installation photovolta\u00efque au portail en ligne Fronius Solar.web. Vous pouvez ainsi garder un \u0153il sur les performances de votre installation \u00e0 tout moment.<\/p>\n<p>L'une des nouveaut\u00e9s les plus int\u00e9ressantes du Fronius Datamanager 2.0 WLAN est qu'il offre pour la premi\u00e8re fois la possibilit\u00e9 d'une connexion sans fil pour les onduleurs. En outre, la configuration du syst\u00e8me et le Datamanager lui-m\u00eame peuvent \u00eatre contr\u00f4l\u00e9s \u00e0 partir du serveur int\u00e9gr\u00e9 \u00e0 l'appareil.<\/p>\n<p>Il dispose \u00e9galement d'interfaces int\u00e9gr\u00e9es telles que Modbus RTU SunSpec, Modbus TCP SunSpec et Fronius Solar API (JSON, pour les valeurs r\u00e9elles), qui permettent de connecter les onduleurs Fronius \u00e0 des syst\u00e8mes tiers et de les faire fonctionner en parall\u00e8le avec Fronius Solar.web.<\/p>\n<h2>Donn\u00e9es techniques<\/h2>\n<ul>\n<li><strong>Capacit\u00e9 de m\u00e9moire :<\/strong> max. 4 096 jours<\/li>\n<li><strong>L'alimentation :<\/strong> 12 V DC (alimentation via l'onduleur)<\/li>\n<li><strong>Consommation d'\u00e9nergie :<\/strong> &lt; 2.0 W<\/li>\n<li><strong>Dimensions :<\/strong> 132 x 103 x 22 mm<\/li>\n<li><strong>Plage de temp\u00e9rature ambiante :<\/strong> -20 \u00e0 +65 \u00b0C<\/li>\n<li><strong>Onduleurs compatibles : <\/strong>Galvo, Symo, Primo, ECO<\/li>\n<\/ul>\n<h2>Fronius Datamanager 2.0 Interfaces WLAN - 4 240 038 Z<\/h2>\n<ul>\n<li><strong>Ethernet (connecteur RJ45) :<\/strong> LAN, 10\/100 MBit \/ Fronius Solar.web, Modbus TCP SunSpec, Fronius Solar API (JSON)<\/li>\n<li><strong>RS422 (connecteur RJ45) :<\/strong> Fronius Solar.Net IN<\/li>\n<li><strong>WLAN :<\/strong> Standard sans fil 802.11 b\/g\/n \/ Fronius Solar.web, Modbus TCP SunSpec, Fronius Solar API (JSON)<\/li>\n<li><strong>6 entr\u00e9es num\u00e9riques :<\/strong> Interface r\u00e9cepteur de contr\u00f4le d'ondes<\/li>\n<li><strong>4 entr\u00e9es\/sorties num\u00e9riques :<\/strong> Interface r\u00e9cepteur du contr\u00f4le des vagues, gestion de la charge<\/li>\n<li><strong>RS485 :<\/strong> SunSpec Modbus RTU ou connexion au compteur<\/li>\n<\/ul>\n<h2>Fiche technique Datamanager Fronius 2.0 WLAN - 4 240 038 Z<\/h2>\n<p><a href=\"https:\/\/fvcomponentes.com\/wp-content\/uploads\/2024\/08\/Ficha-tecnica-Monitorizacion-Fronius-Datamanager-2.0-WLAN-4240038Z.pdf\" target=\"_blank\" rel=\"noopener\">Voir la fiche technique Fronius Datamanager 2.0 WLAN - 4 240 038 Z<\/a><\/p>","protected":false},"excerpt":{"rendered":"<p>Datamanager pour les onduleurs Fronius Galvo, Symo, Primo et ECO.<\/p>","protected":false},"featured_media":17541,"comment_status":"open","ping_status":"closed","template":"","meta":{"site-sidebar-layout":"default","site-content-layout":"","ast-site-content-layout":"default","site-content-style":"default","site-sidebar-style":"default","ast-global-header-display":"","ast-banner-title-visibility":"","ast-main-header-display":"","ast-hfb-above-header-display":"","ast-hfb-below-header-display":"","ast-hfb-mobile-header-display":"","site-post-title":"","ast-breadcrumbs-content":"","ast-featured-img":"","footer-sml-layout":"","ast-disable-related-posts":"","theme-transparent-header-meta":"default","adv-header-id-meta":"","stick-header-meta":"","header-above-stick-meta":"","header-main-stick-meta":"","header-below-stick-meta":"","astra-migrate-meta-layouts":"set","ast-page-background-enabled":"default","ast-page-background-meta":{"desktop":{"background-color":"var(--ast-global-color-4)","background-image":"","background-repeat":"repeat","background-position":"center center","background-size":"auto","background-attachment":"scroll","background-type":"","background-media":"","overlay-type":"","overlay-color":"","overlay-opacity":"","overlay-gradient":""},"tablet":{"background-color":"","background-image":"","background-repeat":"repeat","background-position":"center center","background-size":"auto","background-attachment":"scroll","background-type":"","background-media":"","overlay-type":"","overlay-color":"","overlay-opacity":"","overlay-gradient":""},"mobile":{"background-color":"","background-image":"","background-repeat":"repeat","background-position":"center center","background-size":"auto","background-attachment":"scroll","background-type":"","background-media":"","overlay-type":"","overlay-color":"","overlay-opacity":"","overlay-gradient":""}},"ast-content-background-meta":{"desktop":{"background-color":"var(--ast-global-color-5)","background-image":"","background-repeat":"repeat","background-position":"center center","background-size":"auto","background-attachment":"scroll","background-type":"","background-media":"","overlay-type":"","overlay-color":"","overlay-opacity":"","overlay-gradient":""},"tablet":{"background-color":"var(--ast-global-color-5)","background-image":"","background-repeat":"repeat","background-position":"center center","background-size":"auto","background-attachment":"scroll","background-type":"","background-media":"","overlay-type":"","overlay-color":"","overlay-opacity":"","overlay-gradient":""},"mobile":{"background-color":"var(--ast-global-color-5)","background-image":"","background-repeat":"repeat","background-position":"center center","background-size":"auto","background-attachment":"scroll","background-type":"","background-media":"","overlay-type":"","overlay-color":"","overlay-opacity":"","overlay-gradient":""}}},"pwb-brand":[344],"product_brand":[],"product_cat":[333,351,345],"product_tag":[],"class_list":{"0":"post-17538","1":"product","2":"type-product","3":"status-publish","4":"has-post-thumbnail","6":"pwb-brand-fronius","7":"product_cat-inversores","8":"product_cat-accesorios","9":"product_cat-inversores-de-autoconsumo","10":"desktop-align-left","11":"tablet-align-left","12":"mobile-align-left","13":"ast-product-gallery-layout-horizontal-slider","14":"ast-product-gallery-with-no-image","15":"ast-product-tabs-layout-horizontal","17":"first","18":"instock","19":"taxable","20":"shipping-taxable","21":"purchasable","22":"product-type-simple"},"wcpa_form_fields":null,"brands":[{"id":344,"name":"Onduleurs Fronius","slug":"fronius"}],"_links":{"self":[{"href":"https:\/\/fvcomponentes.com\/fr\/wp-json\/wp\/v2\/product\/17538","targetHints":{"allow":["GET"]}}],"collection":[{"href":"https:\/\/fvcomponentes.com\/fr\/wp-json\/wp\/v2\/product"}],"about":[{"href":"https:\/\/fvcomponentes.com\/fr\/wp-json\/wp\/v2\/types\/product"}],"replies":[{"embeddable":true,"href":"https:\/\/fvcomponentes.com\/fr\/wp-json\/wp\/v2\/comments?post=17538"}],"wp:featuredmedia":[{"embeddable":true,"href":"https:\/\/fvcomponentes.com\/fr\/wp-json\/wp\/v2\/media\/17541"}],"wp:attachment":[{"href":"https:\/\/fvcomponentes.com\/fr\/wp-json\/wp\/v2\/media?parent=17538"}],"wp:term":[{"taxonomy":"pwb-brand","embeddable":true,"href":"https:\/\/fvcomponentes.com\/fr\/wp-json\/wp\/v2\/pwb-brand?post=17538"},{"taxonomy":"product_brand","embeddable":true,"href":"https:\/\/fvcomponentes.com\/fr\/wp-json\/wp\/v2\/product_brand?post=17538"},{"taxonomy":"product_cat","embeddable":true,"href":"https:\/\/fvcomponentes.com\/fr\/wp-json\/wp\/v2\/product_cat?post=17538"},{"taxonomy":"product_tag","embeddable":true,"href":"https:\/\/fvcomponentes.com\/fr\/wp-json\/wp\/v2\/product_tag?post=17538"}],"curies":[{"name":"wp","href":"https:\/\/api.w.org\/{rel}","templated":true}]}}