{"id":17529,"date":"2024-08-08T14:30:33","date_gmt":"2024-08-08T12:30:33","guid":{"rendered":"https:\/\/fvcomponentes.com\/?post_type=product&#038;p=17529"},"modified":"2026-03-30T12:16:55","modified_gmt":"2026-03-30T10:16:55","slug":"capteur-dirradiation-fronius-4300011189","status":"publish","type":"product","link":"https:\/\/fvcomponentes.com\/fr\/producto\/sensor-de-irradiacion-fronius-4300011189\/","title":{"rendered":"Capteur de rayonnement Fronius - 43.0001.1189"},"content":{"rendered":"<h2>Caract\u00e9ristiques du capteur de rayonnement Fronius - 43.0001.1189<\/h2>\n<p>Le capteur de rayonnement Fronius - 43.0001.1189 est charg\u00e9 de mesurer l'\u00e9nergie rayonn\u00e9e et est g\u00e9n\u00e9ralement install\u00e9 dans le cadre du module. En comparant la puissance d'irradiation avec la puissance g\u00e9n\u00e9r\u00e9e par l'onduleur, on obtient des informations pr\u00e9cieuses sur le rendement de l'installation photovolta\u00efque.<\/p>\n<h2>Donn\u00e9es g\u00e9n\u00e9rales<\/h2>\n<ul>\n<li><strong>Dimensions :<\/strong> 110 mm<\/li>\n<li><strong>Capteur :<\/strong> Monocristallin<\/li>\n<li><strong>Tension du capteur :<\/strong> Environ 70 mV \u00e0 1 000 W\/m\u00b2 (la valeur d'\u00e9talonnage exacte est imprim\u00e9e sur le capteur)<\/li>\n<li><strong>Tol\u00e9rance :<\/strong> \u00b15 % (valeur moyenne annuelle)<\/li>\n<li><strong>Plage de temp\u00e9rature ambiante :<\/strong> -40\u00b0C - +85\u00b0C<\/li>\n<li><strong>Conception :<\/strong> Conception r\u00e9sistante \u00e0 l'eau mont\u00e9e sur un profil\u00e9 d'aluminium en forme de Z<\/li>\n<li><strong>C\u00e2ble de connexion :<\/strong> 3 m de c\u00e2ble en cuivre ; 2 x 0,5 mm, isolation silicone, extr\u00e9mit\u00e9s libres, embouts, r\u00e9sistant aux UV<\/li>\n<li><strong>Longueur maximale du c\u00e2ble (distance entre la carte\/bo\u00eete du capteur et le capteur) :<\/strong> 30 m<\/li>\n<\/ul>\n<h2>Fiche technique Capteur d'irradiation Fronius - 43,0001,1189<\/h2>\n<p><a href=\"https:\/\/fvcomponentes.com\/wp-content\/uploads\/2025\/10\/ficha-tecnica-del-Sensor-de-irradiacion-Fronius-\u2013-4300011189.jpg\" target=\"_blank\" rel=\"noopener\">Voir la fiche technique du capteur d'irradiance Fronius<\/a><\/p>\n<h2>Manuel du capteur d'irradiation Fronius<\/h2>\n<p><a href=\"https:\/\/fvcomponentes.com\/wp-content\/uploads\/2025\/10\/SE_QG_How_to_setup_Fronius_Sensors_EN-1.pdf\" target=\"_blank\" rel=\"noopener\">Voir le manuel du capteur d'irradiance Fronius\u00a0<\/a><\/p>","protected":false},"excerpt":{"rendered":"<p>Mesurer la performance du syst\u00e8me photovolta\u00efque.<\/p>","protected":false},"featured_media":17530,"comment_status":"open","ping_status":"closed","template":"","meta":{"site-sidebar-layout":"default","site-content-layout":"","ast-site-content-layout":"default","site-content-style":"default","site-sidebar-style":"default","ast-global-header-display":"","ast-banner-title-visibility":"","ast-main-header-display":"","ast-hfb-above-header-display":"","ast-hfb-below-header-display":"","ast-hfb-mobile-header-display":"","site-post-title":"","ast-breadcrumbs-content":"","ast-featured-img":"","footer-sml-layout":"","ast-disable-related-posts":"","theme-transparent-header-meta":"default","adv-header-id-meta":"","stick-header-meta":"","header-above-stick-meta":"","header-main-stick-meta":"","header-below-stick-meta":"","astra-migrate-meta-layouts":"set","ast-page-background-enabled":"default","ast-page-background-meta":{"desktop":{"background-color":"var(--ast-global-color-4)","background-image":"","background-repeat":"repeat","background-position":"center center","background-size":"auto","background-attachment":"scroll","background-type":"","background-media":"","overlay-type":"","overlay-color":"","overlay-opacity":"","overlay-gradient":""},"tablet":{"background-color":"","background-image":"","background-repeat":"repeat","background-position":"center center","background-size":"auto","background-attachment":"scroll","background-type":"","background-media":"","overlay-type":"","overlay-color":"","overlay-opacity":"","overlay-gradient":""},"mobile":{"background-color":"","background-image":"","background-repeat":"repeat","background-position":"center center","background-size":"auto","background-attachment":"scroll","background-type":"","background-media":"","overlay-type":"","overlay-color":"","overlay-opacity":"","overlay-gradient":""}},"ast-content-background-meta":{"desktop":{"background-color":"var(--ast-global-color-5)","background-image":"","background-repeat":"repeat","background-position":"center center","background-size":"auto","background-attachment":"scroll","background-type":"","background-media":"","overlay-type":"","overlay-color":"","overlay-opacity":"","overlay-gradient":""},"tablet":{"background-color":"var(--ast-global-color-5)","background-image":"","background-repeat":"repeat","background-position":"center center","background-size":"auto","background-attachment":"scroll","background-type":"","background-media":"","overlay-type":"","overlay-color":"","overlay-opacity":"","overlay-gradient":""},"mobile":{"background-color":"var(--ast-global-color-5)","background-image":"","background-repeat":"repeat","background-position":"center center","background-size":"auto","background-attachment":"scroll","background-type":"","background-media":"","overlay-type":"","overlay-color":"","overlay-opacity":"","overlay-gradient":""}}},"pwb-brand":[344],"product_brand":[],"product_cat":[333,359,345,934],"product_tag":[],"class_list":{"0":"post-17529","1":"product","2":"type-product","3":"status-publish","4":"has-post-thumbnail","6":"pwb-brand-fronius","7":"product_cat-inversores","8":"product_cat-inversores-autoconsumo-hibridos","9":"product_cat-inversores-de-autoconsumo","10":"product_cat-monitorizacion","11":"desktop-align-left","12":"tablet-align-left","13":"mobile-align-left","14":"ast-product-gallery-layout-horizontal-slider","15":"ast-product-gallery-with-no-image","16":"ast-product-tabs-layout-horizontal","18":"first","19":"instock","20":"taxable","21":"shipping-taxable","22":"purchasable","23":"product-type-simple"},"wcpa_form_fields":null,"brands":[{"id":344,"name":"Onduleurs Fronius","slug":"fronius"}],"_links":{"self":[{"href":"https:\/\/fvcomponentes.com\/fr\/wp-json\/wp\/v2\/product\/17529","targetHints":{"allow":["GET"]}}],"collection":[{"href":"https:\/\/fvcomponentes.com\/fr\/wp-json\/wp\/v2\/product"}],"about":[{"href":"https:\/\/fvcomponentes.com\/fr\/wp-json\/wp\/v2\/types\/product"}],"replies":[{"embeddable":true,"href":"https:\/\/fvcomponentes.com\/fr\/wp-json\/wp\/v2\/comments?post=17529"}],"wp:featuredmedia":[{"embeddable":true,"href":"https:\/\/fvcomponentes.com\/fr\/wp-json\/wp\/v2\/media\/17530"}],"wp:attachment":[{"href":"https:\/\/fvcomponentes.com\/fr\/wp-json\/wp\/v2\/media?parent=17529"}],"wp:term":[{"taxonomy":"pwb-brand","embeddable":true,"href":"https:\/\/fvcomponentes.com\/fr\/wp-json\/wp\/v2\/pwb-brand?post=17529"},{"taxonomy":"product_brand","embeddable":true,"href":"https:\/\/fvcomponentes.com\/fr\/wp-json\/wp\/v2\/product_brand?post=17529"},{"taxonomy":"product_cat","embeddable":true,"href":"https:\/\/fvcomponentes.com\/fr\/wp-json\/wp\/v2\/product_cat?post=17529"},{"taxonomy":"product_tag","embeddable":true,"href":"https:\/\/fvcomponentes.com\/fr\/wp-json\/wp\/v2\/product_tag?post=17529"}],"curies":[{"name":"wp","href":"https:\/\/api.w.org\/{rel}","templated":true}]}}