{"id":17497,"date":"2024-08-08T08:13:15","date_gmt":"2024-08-08T06:13:15","guid":{"rendered":"https:\/\/fvcomponentes.com\/?post_type=product&#038;p=17497"},"modified":"2026-02-16T12:30:43","modified_gmt":"2026-02-16T11:30:43","slug":"kit-solaire-camping-victron-3000w-lithium-330ah-lite","status":"publish","type":"product","link":"https:\/\/fvcomponentes.com\/fr\/producto\/kit-solar-camper-victron-3000w-litio-330ah-lite\/","title":{"rendered":"Kit solaire pour camping-car Victron 3000W - Lite"},"content":{"rendered":"<h2>Voici le kit de camping solaire 3000W de Victron - Lite<\/h2>\n<p>Vous cherchez un kit solaire 12V pour camping-car ? Voici celui qu'il vous faut...<\/p>\n<p>Contenu du kit :<\/p>\n<p>Onduleur et chargeur de batterie Victron Multiplus II 12V et 3000w avec lequel vous pouvez alimenter tous les \u00e9quipements \u00e9lectriques que vous avez dans votre van ou caravane. De plus, comme il s'agit d'un chargeur, vous pouvez arriver dans un camping ou un garage et le brancher pour charger au maximum la batterie au lithium.<\/p>\n<p>Convertisseur DC\/DC Orion XS de Victron 50A\/h pour charger la batterie pendant la conduite.<\/p>\n<p>2 panneaux solaires de 150W avec son r\u00e9gulateur pour charger la batterie lorsque vous profitez de plusieurs jours dans un endroit sans d\u00e9placer le van ou la caravane.<\/p>\n<p>C\u00e2blage et fusibles n\u00e9cessaires au montage de votre kit avec toutes les garanties.<\/p>\n<h2>Comment installer le kit solaire pour camping-car Victron 3000W - Lite<\/h2>\n<p>Si vous voulez savoir comment installer ce kit solaire pour camping-car, lisez ces articles de blog :<\/p>\n<ul>\n<li><a href=\"https:\/\/fvcomponentes.com\/fr\/victron-multiplus-schematic\/\" target=\"_blank\" rel=\"noopener\">\"Sch\u00e9ma Victron Multiplus pour camping-car PDF\".<\/a><\/li>\n<li><a href=\"https:\/\/fvcomponentes.com\/fr\/installation-electrique-fourgon-camping-car\/\" target=\"_blank\" rel=\"noopener\">Comment avoir de l'\u00e9lectricit\u00e9 dans son camping-car ? Tout sur l'installation \u00e9lectrique dans un camping-car<\/a><\/li>\n<\/ul>","protected":false},"excerpt":{"rendered":"<p>Presentamos el Kit Solar Camper Victron 3000W &#8211; Lite \u00bfBuscas un kit solar camper 12V con todo incluido? Este es el tuyo&#8230; Contenido del kit: Inversor y cargador de bater\u00eda de red Victron Multiplus II de 12V y 3000w con el que podr\u00e1s alimentar cualquier equipo el\u00e9ctrico que tengas en tu furgoneta o caravana. Adem\u00e1s [&hellip;]<\/p>\n","protected":false},"featured_media":28405,"comment_status":"open","ping_status":"closed","template":"","meta":{"site-sidebar-layout":"default","site-content-layout":"","ast-site-content-layout":"default","site-content-style":"default","site-sidebar-style":"default","ast-global-header-display":"","ast-banner-title-visibility":"","ast-main-header-display":"","ast-hfb-above-header-display":"","ast-hfb-below-header-display":"","ast-hfb-mobile-header-display":"","site-post-title":"","ast-breadcrumbs-content":"","ast-featured-img":"","footer-sml-layout":"","ast-disable-related-posts":"","theme-transparent-header-meta":"default","adv-header-id-meta":"","stick-header-meta":"","header-above-stick-meta":"","header-main-stick-meta":"","header-below-stick-meta":"","astra-migrate-meta-layouts":"set","ast-page-background-enabled":"default","ast-page-background-meta":{"desktop":{"background-color":"var(--ast-global-color-4)","background-image":"","background-repeat":"repeat","background-position":"center center","background-size":"auto","background-attachment":"scroll","background-type":"","background-media":"","overlay-type":"","overlay-color":"","overlay-opacity":"","overlay-gradient":""},"tablet":{"background-color":"","background-image":"","background-repeat":"repeat","background-position":"center center","background-size":"auto","background-attachment":"scroll","background-type":"","background-media":"","overlay-type":"","overlay-color":"","overlay-opacity":"","overlay-gradient":""},"mobile":{"background-color":"","background-image":"","background-repeat":"repeat","background-position":"center center","background-size":"auto","background-attachment":"scroll","background-type":"","background-media":"","overlay-type":"","overlay-color":"","overlay-opacity":"","overlay-gradient":""}},"ast-content-background-meta":{"desktop":{"background-color":"var(--ast-global-color-5)","background-image":"","background-repeat":"repeat","background-position":"center center","background-size":"auto","background-attachment":"scroll","background-type":"","background-media":"","overlay-type":"","overlay-color":"","overlay-opacity":"","overlay-gradient":""},"tablet":{"background-color":"var(--ast-global-color-5)","background-image":"","background-repeat":"repeat","background-position":"center center","background-size":"auto","background-attachment":"scroll","background-type":"","background-media":"","overlay-type":"","overlay-color":"","overlay-opacity":"","overlay-gradient":""},"mobile":{"background-color":"var(--ast-global-color-5)","background-image":"","background-repeat":"repeat","background-position":"center center","background-size":"auto","background-attachment":"scroll","background-type":"","background-media":"","overlay-type":"","overlay-color":"","overlay-opacity":"","overlay-gradient":""}}},"pwb-brand":[332],"product_brand":[],"product_cat":[910,928,464],"product_tag":[],"class_list":{"0":"post-17497","1":"product","2":"type-product","3":"status-publish","4":"has-post-thumbnail","6":"pwb-brand-victron","7":"product_cat-kit-solar-camper","8":"product_cat-kit-solar-velero","9":"product_cat-kits-solares","10":"product_shipping_class-paneles","11":"desktop-align-left","12":"tablet-align-left","13":"mobile-align-left","14":"ast-product-gallery-layout-horizontal-slider","15":"ast-product-gallery-with-no-image","16":"ast-product-tabs-layout-horizontal","18":"first","19":"instock","20":"taxable","21":"shipping-taxable","22":"purchasable","23":"product-type-yith_bundle"},"wcpa_form_fields":null,"brands":[{"id":332,"name":"Victron Energy","slug":"victron"}],"_links":{"self":[{"href":"https:\/\/fvcomponentes.com\/fr\/wp-json\/wp\/v2\/product\/17497","targetHints":{"allow":["GET"]}}],"collection":[{"href":"https:\/\/fvcomponentes.com\/fr\/wp-json\/wp\/v2\/product"}],"about":[{"href":"https:\/\/fvcomponentes.com\/fr\/wp-json\/wp\/v2\/types\/product"}],"replies":[{"embeddable":true,"href":"https:\/\/fvcomponentes.com\/fr\/wp-json\/wp\/v2\/comments?post=17497"}],"wp:featuredmedia":[{"embeddable":true,"href":"https:\/\/fvcomponentes.com\/fr\/wp-json\/wp\/v2\/media\/28405"}],"wp:attachment":[{"href":"https:\/\/fvcomponentes.com\/fr\/wp-json\/wp\/v2\/media?parent=17497"}],"wp:term":[{"taxonomy":"pwb-brand","embeddable":true,"href":"https:\/\/fvcomponentes.com\/fr\/wp-json\/wp\/v2\/pwb-brand?post=17497"},{"taxonomy":"product_brand","embeddable":true,"href":"https:\/\/fvcomponentes.com\/fr\/wp-json\/wp\/v2\/product_brand?post=17497"},{"taxonomy":"product_cat","embeddable":true,"href":"https:\/\/fvcomponentes.com\/fr\/wp-json\/wp\/v2\/product_cat?post=17497"},{"taxonomy":"product_tag","embeddable":true,"href":"https:\/\/fvcomponentes.com\/fr\/wp-json\/wp\/v2\/product_tag?post=17497"}],"curies":[{"name":"wp","href":"https:\/\/api.w.org\/{rel}","templated":true}]}}