{"id":17496,"date":"2024-08-08T08:10:30","date_gmt":"2024-08-08T06:10:30","guid":{"rendered":"https:\/\/fvcomponentes.com\/?post_type=product&#038;p=17496"},"modified":"2026-03-30T12:15:15","modified_gmt":"2026-03-30T10:15:15","slug":"chargeur-de-voiture-electrique-wallbox-pulsar-max-22-kw-cable-5m-noir-plp2-m-2-4-9-002","status":"publish","type":"product","link":"https:\/\/fvcomponentes.com\/fr\/producto\/cargador-coche-electrico-wallbox-pulsar-max-22-kw-cable-5m-negro-plp2-m-2-4-9-002\/","title":{"rendered":"Chargeur \u00e9lectrique pour voiture Wallbox Pulsar-Max 22 kW C\u00e2ble 5m Noir - PLP2-M-2-4-9-002"},"content":{"rendered":"<h2>Caract\u00e9ristiques Chargeur \u00e9lectrique pour voiture Wallbox Pulsar-Max 22 kW C\u00e2ble 5m Noir - PLP2-M-2-4-9-002<\/h2>\n<p>Le chargeur de voiture \u00e9lectrique Wallbox Pulsar-Max 22 kW est \u00e9galement disponible en blanc. <a href=\"https:\/\/fvcomponentes.com\/fr\/produit\/chargeur-de-voiture-electrique-wallbox-pulsar-max-22-kw-cable-5m-blanc-plp2-m-2-4-9-001\/\" target=\"_blank\" rel=\"noopener\">Chargeur \u00e9lectrique pour voiture Wallbox Pulsar-Max 22 kW C\u00e2ble 5m Blanc - PLP2-M-2-4-9-001<\/a><\/p>\n<h2>Sp\u00e9cifications g\u00e9n\u00e9rales<\/h2>\n<ul>\n<li><strong>Mode de chargement :<\/strong> Mode 3 (IEC 61851-1)<\/li>\n<li><b>Longueur du c\u00e2ble : <\/b>5 m<\/li>\n<li><strong>Dimensions :<\/strong> 198x201x99mm (sans c\u00e2ble)<\/li>\n<li><strong>Poids :<\/strong> 1,3Kg (sans c\u00e2ble)<\/li>\n<li><strong>Temp\u00e9rature de fonctionnement :<\/strong> De -25\u00baC \u00e0 50\u00baC<\/li>\n<li><strong>Temp\u00e9rature de stockage :<\/strong> De -40\u00baC \u00e0 70\u00baC<\/li>\n<li><strong>Normes :<\/strong> IEC 61851-1, IEC 61851-21-2, IEC 62196-2, LVD 2014\/35\/EU, marquage CE, directive EMC 2014\/30\/EU, directive ROHS 2011\/65, BS 7671:2018 + A1:2020 + A2:2022<\/li>\n<\/ul>\n<h2>Sp\u00e9cifications \u00e9lectriques<\/h2>\n<ul>\n<li><strong>Tension nominale : <\/strong>AC \u00b1 10% : 380-400V<\/li>\n<li><strong>Courant nominal :<\/strong> 32A (3P)<\/li>\n<li><strong>Section du c\u00e2ble :<\/strong> jusqu'\u00e0 13 mm2<\/li>\n<li><strong>Type de connecteur (IEC 62196-2) :<\/strong> Type 2<\/li>\n<li><strong>Courant configurable :<\/strong> 6A au courant nominal<\/li>\n<li><strong>Fr\u00e9quence nominale :<\/strong> 50Hz \/ 60Hz<\/li>\n<li><strong>Degr\u00e9 de protection :<\/strong> IP55 \/ IK10<\/li>\n<\/ul>\n<h2>Wallbox Pulsar-Max chargeur de voiture \u00e9lectrique 22 kW C\u00e2ble 5m Noir - PLP2-M-2-4-9-002<\/h2>\n<p><a href=\"https:\/\/fvcomponentes.com\/wp-content\/uploads\/2024\/08\/Ficha-tecnica-Cargador-coche-electrico-Wallbox-Pulsar-Max-22-kW.pdf\" target=\"_blank\" rel=\"noopener\">Voir la fiche technique du chargeur de voiture \u00e9lectrique Wallbox Pulsar-Max 22 kW C\u00e2ble 5m Noir - PLP2-M-2-4-9-002<\/a><\/p>","protected":false},"excerpt":{"rendered":"<ul>\n<li>Triphas\u00e9<\/li>\n<li>C\u00e2ble 5m<\/li>\n<li><strong>Puissance de charge maximale :<\/strong> 22kW<\/li>\n<li><strong>Fr\u00e9quence (entr\u00e9e) :<\/strong>\u00a050 Hz<\/li>\n<li><strong>Courant nominal : <\/strong>32A<\/li>\n<li><strong>Protection :<\/strong> IP55 \/ IK10<\/li>\n<\/ul>","protected":false},"featured_media":17500,"comment_status":"open","ping_status":"closed","template":"","meta":{"site-sidebar-layout":"default","site-content-layout":"","ast-site-content-layout":"default","site-content-style":"default","site-sidebar-style":"default","ast-global-header-display":"","ast-banner-title-visibility":"","ast-main-header-display":"","ast-hfb-above-header-display":"","ast-hfb-below-header-display":"","ast-hfb-mobile-header-display":"","site-post-title":"","ast-breadcrumbs-content":"","ast-featured-img":"","footer-sml-layout":"","ast-disable-related-posts":"","theme-transparent-header-meta":"default","adv-header-id-meta":"","stick-header-meta":"","header-above-stick-meta":"","header-main-stick-meta":"","header-below-stick-meta":"","astra-migrate-meta-layouts":"set","ast-page-background-enabled":"default","ast-page-background-meta":{"desktop":{"background-color":"var(--ast-global-color-4)","background-image":"","background-repeat":"repeat","background-position":"center center","background-size":"auto","background-attachment":"scroll","background-type":"","background-media":"","overlay-type":"","overlay-color":"","overlay-opacity":"","overlay-gradient":""},"tablet":{"background-color":"","background-image":"","background-repeat":"repeat","background-position":"center center","background-size":"auto","background-attachment":"scroll","background-type":"","background-media":"","overlay-type":"","overlay-color":"","overlay-opacity":"","overlay-gradient":""},"mobile":{"background-color":"","background-image":"","background-repeat":"repeat","background-position":"center center","background-size":"auto","background-attachment":"scroll","background-type":"","background-media":"","overlay-type":"","overlay-color":"","overlay-opacity":"","overlay-gradient":""}},"ast-content-background-meta":{"desktop":{"background-color":"var(--ast-global-color-5)","background-image":"","background-repeat":"repeat","background-position":"center center","background-size":"auto","background-attachment":"scroll","background-type":"","background-media":"","overlay-type":"","overlay-color":"","overlay-opacity":"","overlay-gradient":""},"tablet":{"background-color":"var(--ast-global-color-5)","background-image":"","background-repeat":"repeat","background-position":"center center","background-size":"auto","background-attachment":"scroll","background-type":"","background-media":"","overlay-type":"","overlay-color":"","overlay-opacity":"","overlay-gradient":""},"mobile":{"background-color":"var(--ast-global-color-5)","background-image":"","background-repeat":"repeat","background-position":"center center","background-size":"auto","background-attachment":"scroll","background-type":"","background-media":"","overlay-type":"","overlay-color":"","overlay-opacity":"","overlay-gradient":""}}},"pwb-brand":[972],"product_brand":[],"product_cat":[385],"product_tag":[],"class_list":{"0":"post-17496","1":"product","2":"type-product","3":"status-publish","4":"has-post-thumbnail","6":"pwb-brand-wallbox","7":"product_cat-cargadores-para-vehiculo-electrico","8":"desktop-align-left","9":"tablet-align-left","10":"mobile-align-left","11":"ast-product-gallery-layout-horizontal-slider","12":"ast-product-gallery-with-no-image","13":"ast-product-tabs-layout-horizontal","15":"first","16":"instock","17":"taxable","18":"shipping-taxable","19":"purchasable","20":"product-type-simple"},"wcpa_form_fields":null,"brands":[{"id":972,"name":"Chargeurs Wallbox","slug":"boite-murale"}],"_links":{"self":[{"href":"https:\/\/fvcomponentes.com\/fr\/wp-json\/wp\/v2\/product\/17496","targetHints":{"allow":["GET"]}}],"collection":[{"href":"https:\/\/fvcomponentes.com\/fr\/wp-json\/wp\/v2\/product"}],"about":[{"href":"https:\/\/fvcomponentes.com\/fr\/wp-json\/wp\/v2\/types\/product"}],"replies":[{"embeddable":true,"href":"https:\/\/fvcomponentes.com\/fr\/wp-json\/wp\/v2\/comments?post=17496"}],"wp:featuredmedia":[{"embeddable":true,"href":"https:\/\/fvcomponentes.com\/fr\/wp-json\/wp\/v2\/media\/17500"}],"wp:attachment":[{"href":"https:\/\/fvcomponentes.com\/fr\/wp-json\/wp\/v2\/media?parent=17496"}],"wp:term":[{"taxonomy":"pwb-brand","embeddable":true,"href":"https:\/\/fvcomponentes.com\/fr\/wp-json\/wp\/v2\/pwb-brand?post=17496"},{"taxonomy":"product_brand","embeddable":true,"href":"https:\/\/fvcomponentes.com\/fr\/wp-json\/wp\/v2\/product_brand?post=17496"},{"taxonomy":"product_cat","embeddable":true,"href":"https:\/\/fvcomponentes.com\/fr\/wp-json\/wp\/v2\/product_cat?post=17496"},{"taxonomy":"product_tag","embeddable":true,"href":"https:\/\/fvcomponentes.com\/fr\/wp-json\/wp\/v2\/product_tag?post=17496"}],"curies":[{"name":"wp","href":"https:\/\/api.w.org\/{rel}","templated":true}]}}