{"id":17471,"date":"2024-08-07T14:11:56","date_gmt":"2024-08-07T12:11:56","guid":{"rendered":"https:\/\/fvcomponentes.com\/?post_type=product&#038;p=17471"},"modified":"2026-01-21T13:01:19","modified_gmt":"2026-01-21T12:01:19","slug":"interrupteur-de-secours-toscano-combi-max-2x50a-10005140","status":"publish","type":"product","link":"https:\/\/fvcomponentes.com\/fr\/producto\/backup-switch-toscano-combi-max-2x50a-10005140\/","title":{"rendered":"Interrupteur de secours Toscano Combi-Max 2x40A - 10005140"},"content":{"rendered":"<h2>Toscano Interrupteur de secours Toscano Combi-Max 2x40A caract\u00e9ristiques - 10005140<\/h2>\n<p>Toscano a d\u00e9velopp\u00e9 un nouveau syst\u00e8me pour assurer le fonctionnement des installations photovolta\u00efques en cas de panne g\u00e9n\u00e9rale d'\u00e9lectricit\u00e9. <strong data-start=\"386\" data-end=\"438\">Interrupteur de secours Toscano Combi-Max 2x40A - 10005140<\/strong>qui am\u00e9liore le mod\u00e8le pr\u00e9c\u00e9dent, le Combi-Pro. Ce nouvel appareil conserve les principales caract\u00e9ristiques du mod\u00e8le pr\u00e9c\u00e9dent, en y incorporant une fonction d'automatisation, qui garantit que votre installation de panneaux solaires continue \u00e0 fonctionner m\u00eame en cas de panne de courant. Avec le Combi-Max, votre installation solaire devient plus rentable, plus efficace et plus autonome.<\/p>\n<ul>\n<li>L'interrupteur de secours Toscano Combi-Max 2x40A surveille en permanence la pr\u00e9sence de la tension secteur. S'il d\u00e9tecte que la tension secteur dispara\u00eet, il permet \u00e0 l'onduleur de fonctionner en \u201cISLAND MODE\u201d d\u00e9connect\u00e9 du secteur.<\/li>\n<li>Une fois le r\u00e9seau d\u00e9connect\u00e9, il envoie l'ordre de fonctionner en \"mode \u00eelot\" \u00e0 l'onduleur afin qu'il continue \u00e0 produire de l'\u00e9nergie \u00e0 partir des panneaux et\/ou des batteries qu'il a \u00e9ventuellement install\u00e9s.<\/li>\n<li>\u00c0 ce stade, les parties s\u00e9lectionn\u00e9es de l'installation seront \u00e0 nouveau aliment\u00e9es par l'onduleur et le r\u00e9seau restera physiquement d\u00e9connect\u00e9. Lorsque la pr\u00e9sence du r\u00e9seau est \u00e0 nouveau d\u00e9tect\u00e9e, l'ordre de marche \"mode \u00eele\" est supprim\u00e9 et l'installation est reconnect\u00e9e au r\u00e9seau.<\/li>\n<li>Il est dot\u00e9 d'une lampe t\u00e9moin frontale qui indique le fonctionnement \"normal\" au moyen d'un clignotement par seconde. En cas de coupure de courant, la lampe t\u00e9moin s'\u00e9teint apr\u00e8s l'ex\u00e9cution des actions d\u00e9crites.<\/li>\n<li>Il y a \u00e9galement un bouton poussoir pour forcer manuellement le \"mode \u00eelot\" de l'installation.<\/li>\n<\/ul>\n<h2>Autonomie totale<\/h2>\n<p>En cas de coupure de courant, que ce soit \u00e0 cause d'une panne g\u00e9n\u00e9rale ou parce qu'un technicien effectue des travaux de maintenance sur les lignes \u00e9lectriques, les onduleurs photovolta\u00efques s'arr\u00eatent automatiquement pour des raisons de s\u00e9curit\u00e9. Si l'onduleur continuait \u00e0 alimenter les panneaux solaires, il pourrait mettre en danger la vie des ouvriers qui r\u00e9parent les lignes.<\/p>\n<p>C'est pourquoi, avant la sortie de l'interrupteur de secours Toscano et d'autres \u00e9quipements similaires, en cas de panne du r\u00e9seau, tout le monde \u00e9tait plong\u00e9 dans l'obscurit\u00e9, m\u00eame si l'on disposait de panneaux solaires.<\/p>\n<p>Gr\u00e2ce au syst\u00e8me de sauvegarde de Toscano, vous n'avez plus \u00e0 vous soucier des interruptions d'approvisionnement ou des coupures de courant. Votre installation solaire sera plus efficace, plus rentable et plus autonome. L'interrupteur de secours Toscano Combi-Max 2x40A - 10005140 devient votre meilleur alli\u00e9 pour maintenir une alimentation \u00e9lectrique constante.<\/p>\n<h2>Comment fonctionne l'interrupteur de secours Toscano Combi-Max 2x40A - 10005140 ?<\/h2>\n<p>Ce dispositif d\u00e9tecte toute d\u00e9faillance du r\u00e9seau \u00e9lectrique principal et d\u00e9connecte automatiquement votre installation du r\u00e9seau. Ce faisant, il demande \u00e0 l'onduleur de fonctionner en mode \u00eelot, en activant les options Sauvegarde totale ou Sauvegarde de la charge critique, selon votre configuration. Vos panneaux solaires et vos batteries alimenteront votre installation pendant que le r\u00e9seau est en panne, de sorte que vous ne serez pas priv\u00e9 d'\u00e9lectricit\u00e9 en cas de panne g\u00e9n\u00e9rale.<\/p>\n<h3>Quelles sont les options du syst\u00e8me d'interrupteur de secours Toscano Combi-Max 2x40A ?<\/h3>\n<p>\u2013 <strong>Sauvegarde totale :<\/strong> Votre syst\u00e8me photovolta\u00efque se d\u00e9connecte du r\u00e9seau pendant une panne de courant, mais continue \u00e0 fournir de l'\u00e9lectricit\u00e9 \u00e0 l'ensemble de votre installation, sans restrictions. Comme dans ce mode vous fournirez toute votre consommation, il est important de contr\u00f4ler les \u00e9quipements que vous connectez pour \u00e9viter de manquer d'\u00e9lectricit\u00e9.<\/p>\n<p><img fetchpriority=\"high\" decoding=\"async\" class=\"size-full wp-image-17494\" src=\"https:\/\/fvcomponentes.com\/wp-content\/uploads\/2024\/08\/Backup-Switch-Toscano-Combi-Max-2x50A-10005140-Esquema-2.png\" alt=\"Interrupteur de secours Toscano Combi-Max 2x50A - 10005140 - Sch\u00e9ma (2)\" width=\"578\" height=\"580\" title=\"\"><\/p>\n<p>\u2013 <strong>Chargement de la sauvegarde Critique :<\/strong> Dans ce mode, votre installation reste \u00e9galement d\u00e9connect\u00e9e du r\u00e9seau \u00e9lectrique principal, mais n'alimente que les \u00e9quipements que vous avez s\u00e9lectionn\u00e9s comme critiques. C'est la meilleure option pour garantir le fonctionnement des \u00e9quipements les plus importants pour vous.<\/p>\n<p><img decoding=\"async\" class=\"size-full wp-image-17495\" src=\"https:\/\/fvcomponentes.com\/wp-content\/uploads\/2024\/08\/Backup-Switch-Toscano-Combi-Max-2x50A-10005140-Esquema-1.png\" alt=\"Interrupteur de secours Toscano Combi-Max 2x50A - 10005140 - Sch\u00e9ma (1)\" width=\"600\" height=\"588\" title=\"\"><\/p>\n<p>Le Combi-Max 2x40A surveille le r\u00e9seau \u00e0 tout moment et, lorsqu'il d\u00e9tecte que l'alimentation \u00e9lectrique a \u00e9t\u00e9 r\u00e9tablie, il reconnecte automatiquement votre installation au r\u00e9seau afin que tout revienne \u00e0 la normale.<\/p>\n<p>Avec Combi-Max, vous b\u00e9n\u00e9ficiez d'une alimentation \u00e9lectrique continue gr\u00e2ce \u00e0 votre installation en autoconsommation. Tant que vos panneaux solaires produisent ou que vous avez de l'\u00e9nergie stock\u00e9e dans vos batteries, votre installation fonctionnera sans interruption, m\u00eame en cas de d\u00e9faillance du r\u00e9seau \u00e9lectrique. Vous ne d\u00e9pendrez plus de la stabilit\u00e9 de l'approvisionnement en \u00e9lectricit\u00e9, car votre syst\u00e8me sera compl\u00e8tement autonome gr\u00e2ce \u00e0 vos panneaux solaires et au Combi-Max.<\/p>\n<h2>Quels sont les onduleurs compatibles avec l'interrupteur de secours Toscano Combi-Max 2x40A - 10005140 ?<\/h2>\n<p>Les appareils Toscano sont compatibles avec une large gamme d'onduleurs des fabricants les plus performants du march\u00e9. La liste des appareils compatibles ne cesse de s'allonger. Si votre onduleur figure dans la liste ci-dessous, il est compatible avec l'interrupteur de secours Toscano Combi-Max 2x40A :<\/p>\n<table>\n<tbody>\n<tr>\n<td colspan=\"3\">\n<h4><strong>Liste des onduleurs compatibles avec Toscano Combi-Max Backup Switch 2x40A<\/strong><\/h4>\n<\/td>\n<\/tr>\n<tr>\n<td><strong>Huawei<\/strong><\/td>\n<td><strong>Fronius<\/strong><\/td>\n<td><strong>Kostal<\/strong><\/td>\n<\/tr>\n<tr>\n<td><span style=\"font-weight: 400;\">SUN2000-2KTL-L1<\/span><\/td>\n<td><span style=\"font-weight: 400;\">GEN24 Primo 3.0\u00a0<\/span><\/td>\n<td><span style=\"font-weight: 400;\">Plenticore G3 - S - 4 kW<\/span><\/td>\n<\/tr>\n<tr>\n<td><span style=\"font-weight: 400;\">SUN2000-3KTL-L1<\/span><\/td>\n<td><span style=\"font-weight: 400;\">GEN24 Primo 3.6<\/span><\/td>\n<td><span style=\"font-weight: 400;\">Plenticore S - 5,5 kW<\/span><\/td>\n<\/tr>\n<tr>\n<td><span style=\"font-weight: 400;\">SUN2000-3.68KTL-L1<\/span><\/td>\n<td><span style=\"font-weight: 400;\">GEN24 Primo 4.0<\/span><\/td>\n<td><span style=\"font-weight: 400;\">Plenticore S - 7 kW<\/span><\/td>\n<\/tr>\n<tr>\n<td><span style=\"font-weight: 400;\">SUN2000-4KTL-L1<\/span><\/td>\n<td><span style=\"font-weight: 400;\">GEN24 Primo 4.6<\/span><\/td>\n<td><span style=\"font-weight: 400;\">Plenticore M - 8,5 kW<\/span><\/td>\n<\/tr>\n<tr>\n<td><span style=\"font-weight: 400;\">SUN2000-4.6KTL-L1<\/span><\/td>\n<td><span style=\"font-weight: 400;\">GEN24 Primo 5.0<\/span><\/td>\n<td><span style=\"font-weight: 400;\">Plenticore M - 10 kW<\/span><\/td>\n<\/tr>\n<tr>\n<td><span style=\"font-weight: 400;\">SUN2000-5KTL-L1<\/span><\/td>\n<td><span style=\"font-weight: 400;\">GEN24 Primo 6.0<\/span><\/td>\n<td><span style=\"font-weight: 400;\">Plenticore M - 12,5 kW<\/span><\/td>\n<\/tr>\n<tr>\n<td><span style=\"font-weight: 400;\">SUN2000-6KTL-L1<\/span><\/td>\n<td><span style=\"font-weight: 400;\">GEN24 Symo 6.0<\/span><\/td>\n<td><span style=\"font-weight: 400;\">Plenticore L - 15 kW<\/span><\/td>\n<\/tr>\n<tr>\n<td><span style=\"font-weight: 400;\">SUN2000-8K-LC0<\/span><\/td>\n<td><span style=\"font-weight: 400;\">GEN24 Symo 8.0<\/span><\/td>\n<td><span style=\"font-weight: 400;\">Plenticore L - 17,5 kW<\/span><\/td>\n<\/tr>\n<tr>\n<td><span style=\"font-weight: 400;\">SUN2000-10K-LC0<\/span><\/td>\n<td><span style=\"font-weight: 400;\">GEN24 Symo 10.0<\/span><\/td>\n<td><span style=\"font-weight: 400;\">Plenticore L - 20 kW<\/span><\/td>\n<\/tr>\n<\/tbody>\n<\/table>\n<h2>Toscano Combi-Max 2x40A Sch\u00e9mas d'installation de l'interrupteur de secours - 10005140<\/h2>\n<p>Si vous souhaitez installer un syst\u00e8me de sauvegarde dans votre installation, nous vous laissons les sch\u00e9mas de montage pour les configurations des diff\u00e9rents modes des onduleurs Huawei et Fronius.<\/p>\n<p>Important : avant d'installer l'appareil, assurez-vous que l'onduleur est configur\u00e9 pour fonctionner en \"mode \u00eelot\". Pour ce faire, connectez-vous \u00e0 l'onduleur en tant qu'installateur. Acc\u00e9dez au menu \"R\u00e9glages\" et, \u00e0 l'int\u00e9rieur de celui-ci, \"Param\u00e8tres de fonctionnement\". Il faut alors activer le \"mode \u00eele\".<\/p>\n<h3>Syst\u00e8me de secours pour les charges critiques avec les onduleurs Huawei<\/h3>\n<h3><img decoding=\"async\" class=\"size-full wp-image-31547\" style=\"font-size: 16px; font-style: inherit;\" src=\"https:\/\/fvcomponentes.com\/wp-content\/uploads\/2024\/08\/Backup-Switch-Toscano-Combi-Max-2x50A-10005140-Huawei.png\" alt=\"Interrupteur de secours Toscano Combi-Max 2x50A - 10005140 Huawei\" width=\"809\" height=\"750\" title=\"\"><\/h3>\n<h3>Installation Full Backup avec onduleurs Huawei<\/h3>\n<p><img loading=\"lazy\" decoding=\"async\" class=\"size-full wp-image-31548\" src=\"https:\/\/fvcomponentes.com\/wp-content\/uploads\/2024\/08\/Full-Backup-Switch-Toscano-Combi-Max-2x50A-10005140-Huawei.png\" alt=\"Interrupteur de secours Toscano Combi-Max 2x50A - 10005140 Huawei\" width=\"809\" height=\"750\" title=\"\"><\/p>\n<h3>Syst\u00e8me de secours pour les charges critiques avec l'onduleur Fronius GEN24<\/h3>\n<p><img loading=\"lazy\" decoding=\"async\" class=\"size-full wp-image-31549\" src=\"https:\/\/fvcomponentes.com\/wp-content\/uploads\/2024\/08\/Backup-Switch-Toscano-Combi-Max-2x50A-10005140-Fronius.png\" alt=\"Interrupteur de secours Toscano Combi-Max 2x50A - 10005140 Fronius\" width=\"805\" height=\"740\" title=\"\"><\/p>\n<h3>Syst\u00e8me de secours complet avec onduleur Fronius<\/h3>\n<p><img loading=\"lazy\" decoding=\"async\" class=\"size-full wp-image-31550\" src=\"https:\/\/fvcomponentes.com\/wp-content\/uploads\/2024\/08\/Backup-Switch-Toscano-Combi-Max-2x50A-10005140-Fronius-1.png\" alt=\"Interrupteur de secours Toscano Combi-Max 2x50A - 10005140 Fronius\" width=\"805\" height=\"740\" title=\"\"><\/p>\n<h3>Syst\u00e8me de secours complet avec onduleurs triphas\u00e9s Fronius<\/h3>\n<p><img loading=\"lazy\" decoding=\"async\" class=\"wp-image-31551\" src=\"https:\/\/fvcomponentes.com\/wp-content\/uploads\/2024\/08\/Full-Backup-Switch-Toscano-Combi-Max-2x50A-10005140-Fronius-trifasico.png\" alt=\"Interrupteur de secours Toscano Combi-Max 2x50A - 10005140 Fronius triphas\u00e9\" width=\"789\" height=\"910\" title=\"\"><\/p>\n<h2>Toscano Combi-Max 2x40A Interrupteur de secours - 10005140<\/h2>\n<p><a href=\"https:\/\/fvcomponentes.com\/wp-content\/uploads\/2024\/08\/FICHA-TECNICA-MANUAL-TOSCANO-COMBI-MAX-5.24-ES-A4.pdf\" target=\"_blank\" rel=\"noopener\">Voir la fiche technique de l'interrupteur de secours Toscano Combi-Max 2x40A - 10005140<\/a><\/p>","protected":false},"excerpt":{"rendered":"<ul>\n<li>Syst\u00e8me de secours pour les onduleurs Fronius et Huawei<\/li>\n<li>Isole l'installation \u00e9lectrique de l'habitation du r\u00e9seau pour travailler en \"MODE ISLAND\" en toute s\u00e9curit\u00e9 en cas de coupure de courant.<\/li>\n<li>Lorsque l'alimentation \u00e9lectrique est r\u00e9tablie, rebranchez l'installation \u00e9lectrique de la maison au r\u00e9seau.<\/li>\n<li>Sauvegarde Fronius Gen24<\/li>\n<li>Sauvegarde Huawei<\/li>\n<\/ul>","protected":false},"featured_media":17472,"comment_status":"open","ping_status":"closed","template":"","meta":{"site-sidebar-layout":"default","site-content-layout":"","ast-site-content-layout":"default","site-content-style":"default","site-sidebar-style":"default","ast-global-header-display":"","ast-banner-title-visibility":"","ast-main-header-display":"","ast-hfb-above-header-display":"","ast-hfb-below-header-display":"","ast-hfb-mobile-header-display":"","site-post-title":"","ast-breadcrumbs-content":"","ast-featured-img":"","footer-sml-layout":"","ast-disable-related-posts":"","theme-transparent-header-meta":"default","adv-header-id-meta":"","stick-header-meta":"","header-above-stick-meta":"","header-main-stick-meta":"","header-below-stick-meta":"","astra-migrate-meta-layouts":"set","ast-page-background-enabled":"default","ast-page-background-meta":{"desktop":{"background-color":"var(--ast-global-color-4)","background-image":"","background-repeat":"repeat","background-position":"center center","background-size":"auto","background-attachment":"scroll","background-type":"","background-media":"","overlay-type":"","overlay-color":"","overlay-opacity":"","overlay-gradient":""},"tablet":{"background-color":"","background-image":"","background-repeat":"repeat","background-position":"center center","background-size":"auto","background-attachment":"scroll","background-type":"","background-media":"","overlay-type":"","overlay-color":"","overlay-opacity":"","overlay-gradient":""},"mobile":{"background-color":"","background-image":"","background-repeat":"repeat","background-position":"center center","background-size":"auto","background-attachment":"scroll","background-type":"","background-media":"","overlay-type":"","overlay-color":"","overlay-opacity":"","overlay-gradient":""}},"ast-content-background-meta":{"desktop":{"background-color":"var(--ast-global-color-5)","background-image":"","background-repeat":"repeat","background-position":"center center","background-size":"auto","background-attachment":"scroll","background-type":"","background-media":"","overlay-type":"","overlay-color":"","overlay-opacity":"","overlay-gradient":""},"tablet":{"background-color":"var(--ast-global-color-5)","background-image":"","background-repeat":"repeat","background-position":"center center","background-size":"auto","background-attachment":"scroll","background-type":"","background-media":"","overlay-type":"","overlay-color":"","overlay-opacity":"","overlay-gradient":""},"mobile":{"background-color":"var(--ast-global-color-5)","background-image":"","background-repeat":"repeat","background-position":"center center","background-size":"auto","background-attachment":"scroll","background-type":"","background-media":"","overlay-type":"","overlay-color":"","overlay-opacity":"","overlay-gradient":""}}},"pwb-brand":[891],"product_brand":[],"product_cat":[333,351,862],"product_tag":[],"class_list":{"0":"post-17471","1":"product","2":"type-product","3":"status-publish","4":"has-post-thumbnail","6":"pwb-brand-toscano","7":"product_cat-inversores","8":"product_cat-accesorios","9":"product_cat-fusibles","10":"desktop-align-left","11":"tablet-align-left","12":"mobile-align-left","13":"ast-product-gallery-layout-horizontal-slider","14":"ast-product-gallery-with-no-image","15":"ast-product-tabs-layout-horizontal","17":"first","18":"instock","19":"taxable","20":"shipping-taxable","21":"purchasable","22":"product-type-simple"},"wcpa_form_fields":null,"brands":[{"id":891,"name":"Toscano","slug":"toscane"}],"_links":{"self":[{"href":"https:\/\/fvcomponentes.com\/fr\/wp-json\/wp\/v2\/product\/17471","targetHints":{"allow":["GET"]}}],"collection":[{"href":"https:\/\/fvcomponentes.com\/fr\/wp-json\/wp\/v2\/product"}],"about":[{"href":"https:\/\/fvcomponentes.com\/fr\/wp-json\/wp\/v2\/types\/product"}],"replies":[{"embeddable":true,"href":"https:\/\/fvcomponentes.com\/fr\/wp-json\/wp\/v2\/comments?post=17471"}],"wp:featuredmedia":[{"embeddable":true,"href":"https:\/\/fvcomponentes.com\/fr\/wp-json\/wp\/v2\/media\/17472"}],"wp:attachment":[{"href":"https:\/\/fvcomponentes.com\/fr\/wp-json\/wp\/v2\/media?parent=17471"}],"wp:term":[{"taxonomy":"pwb-brand","embeddable":true,"href":"https:\/\/fvcomponentes.com\/fr\/wp-json\/wp\/v2\/pwb-brand?post=17471"},{"taxonomy":"product_brand","embeddable":true,"href":"https:\/\/fvcomponentes.com\/fr\/wp-json\/wp\/v2\/product_brand?post=17471"},{"taxonomy":"product_cat","embeddable":true,"href":"https:\/\/fvcomponentes.com\/fr\/wp-json\/wp\/v2\/product_cat?post=17471"},{"taxonomy":"product_tag","embeddable":true,"href":"https:\/\/fvcomponentes.com\/fr\/wp-json\/wp\/v2\/product_tag?post=17471"}],"curies":[{"name":"wp","href":"https:\/\/api.w.org\/{rel}","templated":true}]}}