{"id":17351,"date":"2024-08-06T07:39:30","date_gmt":"2024-08-06T05:39:30","guid":{"rendered":"https:\/\/fvcomponentes.com\/?post_type=product&#038;p=17351"},"modified":"2026-02-24T15:18:26","modified_gmt":"2026-02-24T14:18:26","slug":"huawei-sun2000-17ktl-m2-three-phase-hybrid-inverter-high-current-version-01074304-005","status":"publish","type":"product","link":"https:\/\/fvcomponentes.com\/fr\/producto\/inversor-huawei-sun2000-17ktl-m2-hibrido-trifasico-version-alta-corriente-01074304-005\/","title":{"rendered":"Onduleur triphas\u00e9 Huawei SUN2000 17KTL-M2 (version courant fort) - 01074304-005"},"content":{"rendered":"<h2>Caract\u00e9ristiques de l'onduleur triphas\u00e9 Huawei SUN2000 17KTL-M2 (version courant fort) - 01074304-005<\/h2>\n<p>L'onduleur triphas\u00e9 Huawei SUN2000 17KTL-M2 (version courant fort) - 01074304-005 offre :<\/p>\n<ul>\n<li>Communication flexible : via WLAN, Fast Ethernet et 4G.<\/li>\n<li>S\u00e9curit\u00e9 active : protection contre les arcs \u00e9lectriques gr\u00e2ce \u00e0 l'intelligence artificielle int\u00e9gr\u00e9e.<\/li>\n<li>Augmentation de la production : jusqu'\u00e0 30% d'\u00e9nergie en plus avec un optimiseur.<\/li>\n<\/ul>\n<p><img fetchpriority=\"high\" decoding=\"async\" class=\"wp-image-17356 aligncenter\" style=\"font-style: inherit;font-weight: 600\" src=\"https:\/\/fvcomponentes.com\/wp-content\/uploads\/2024\/08\/Inversor-Huawei-SUN2000-17KTL-M2-Hibrido-trifasico-Version-alta-corriente-\u2013-01074304-005-graficas.png\" alt=\"Huawei SUN2000 17KTL-M2 Onduleur hybride triphas\u00e9 (version haut courant) - 01074304-005 - graphics\" width=\"1060\" height=\"402\" title=\"\"><\/p>\n<h2>Donn\u00e9es techniques<\/h2>\n<ul>\n<li class=\"baywa-details-fields\"><strong><span class=\"baywa-details-label\">Puissance : <\/span><\/strong><span class=\"baywa-details-values\">17 000\u00a0<\/span><\/li>\n<li class=\"baywa-details-fields\"><strong><span class=\"baywa-details-label\">AC : <\/span><\/strong><span class=\"baywa-details-values\">18 700 W\u00a0<\/span><\/li>\n<li class=\"baywa-details-fields\"><strong><span class=\"baywa-details-label\">DC : <\/span><\/strong><span class=\"baywa-details-values\">25 500 W<\/span><\/li>\n<li class=\"baywa-details-fields\"><strong><span class=\"baywa-details-label\">Efficacit\u00e9 :<\/span><\/strong><span class=\"baywa-details-values\">\u00a098,3%\u00a0<\/span><\/li>\n<li class=\"baywa-details-fields\"><span class=\"baywa-details-label\"><strong>Phase :<\/strong> <\/span><span class=\"baywa-details-values\">Triphas\u00e9\u00a0<\/span><\/li>\n<li class=\"baywa-details-fields\"><span class=\"baywa-details-label\"><strong>MPPT :<\/strong><\/span><span class=\"baywa-details-values\">\u00a02<\/span><\/li>\n<li class=\"baywa-details-fields\"><strong><span class=\"baywa-details-label\">Affichage : <\/span><\/strong><span class=\"baywa-details-values\">Non<\/span><\/li>\n<li class=\"baywa-details-fields\"><span class=\"baywa-details-label\"><strong>En option :<\/strong><\/span><span class=\"baywa-details-values\">\u00a0Smart Dongle-4G (36-012571) Smart Dongle-Wlan-FE (36-012777)<\/span><\/li>\n<li class=\"baywa-details-fields\"><strong><span class=\"baywa-details-label\">Autres caract\u00e9ristiques :<\/span><\/strong><span class=\"baywa-details-values\">\u00a0AFCI ; r\u00e9cup\u00e9ration PID<\/span><\/li>\n<li class=\"baywa-details-fields\"><strong><span class=\"baywa-details-label\">Connecteur DC : <\/span><\/strong><span class=\"baywa-details-values\">Staubli MC4\u00a0<\/span><\/li>\n<li class=\"baywa-details-fields\"><span class=\"baywa-details-label\"><strong>Protection IP :<\/strong> <\/span><span class=\"baywa-details-values\">IP65<\/span><\/li>\n<li class=\"baywa-details-fields\"><span class=\"baywa-details-label\"><strong>Dimensions :<\/strong> <\/span><span class=\"baywa-details-values\">52,5 x 47,0 x 26,2 cm\u00a0<\/span><\/li>\n<li class=\"baywa-details-fields\"><span class=\"baywa-details-label\"><strong>Poids :<\/strong> <\/span><span class=\"baywa-details-values\">25,0kg<\/span><\/li>\n<li class=\"baywa-details-fields\"><strong><span class=\"baywa-details-label\">Garantie du produit : <\/span><\/strong><span class=\"baywa-details-values\">\u00a010 ans. <\/span><span class=\"baywa-details-label\"><strong>Extension par :<\/strong> <\/span><span class=\"baywa-details-values\">\u00a015 ans 20 ans<\/span><\/li>\n<li class=\"baywa-details-fields\"><span class=\"baywa-details-label\"><strong>Certificats :<\/strong>\u00a0<\/span><span class=\"baywa-details-values\">\u00a0BE FR NL LU DE ES<\/span><\/li>\n<\/ul>\n<h2>Fiche technique Huawei SUN2000 17KTL-M2 Onduleur triphas\u00e9 (version courant fort) - 01074304-005<\/h2>\n<p><a href=\"https:\/\/fvcomponentes.com\/wp-content\/uploads\/2024\/08\/Ficha-tecnica-Inversor-Huawei-SUN2000-M2-2.pdf\" target=\"_blank\" rel=\"noopener\">Voir la fiche technique de l'onduleur triphas\u00e9 Huawei SUN2000 17KTL-M2 (version courant fort) - 01074304-005<\/a><\/p>","protected":false},"excerpt":{"rendered":"<ul>\n<li><strong>Puissance :<\/strong> 17000W<\/li>\n<li><strong>Plage de tension de fonctionnement :<\/strong> 160 V ~ 950 V<\/li>\n<li><strong>Courant d'entr\u00e9e maximal par MPPT :<\/strong> 27 A<\/li>\n<li><strong>Nombre d'entr\u00e9es :<\/strong> 4<\/li>\n<li>Protection de l'isolation<\/li>\n<\/ul>","protected":false},"featured_media":17357,"comment_status":"open","ping_status":"closed","template":"","meta":{"site-sidebar-layout":"default","site-content-layout":"","ast-site-content-layout":"default","site-content-style":"default","site-sidebar-style":"default","ast-global-header-display":"","ast-banner-title-visibility":"","ast-main-header-display":"","ast-hfb-above-header-display":"","ast-hfb-below-header-display":"","ast-hfb-mobile-header-display":"","site-post-title":"","ast-breadcrumbs-content":"","ast-featured-img":"","footer-sml-layout":"","ast-disable-related-posts":"","theme-transparent-header-meta":"default","adv-header-id-meta":"","stick-header-meta":"","header-above-stick-meta":"","header-main-stick-meta":"","header-below-stick-meta":"","astra-migrate-meta-layouts":"set","ast-page-background-enabled":"default","ast-page-background-meta":{"desktop":{"background-color":"var(--ast-global-color-4)","background-image":"","background-repeat":"repeat","background-position":"center center","background-size":"auto","background-attachment":"scroll","background-type":"","background-media":"","overlay-type":"","overlay-color":"","overlay-opacity":"","overlay-gradient":""},"tablet":{"background-color":"","background-image":"","background-repeat":"repeat","background-position":"center center","background-size":"auto","background-attachment":"scroll","background-type":"","background-media":"","overlay-type":"","overlay-color":"","overlay-opacity":"","overlay-gradient":""},"mobile":{"background-color":"","background-image":"","background-repeat":"repeat","background-position":"center center","background-size":"auto","background-attachment":"scroll","background-type":"","background-media":"","overlay-type":"","overlay-color":"","overlay-opacity":"","overlay-gradient":""}},"ast-content-background-meta":{"desktop":{"background-color":"var(--ast-global-color-5)","background-image":"","background-repeat":"repeat","background-position":"center center","background-size":"auto","background-attachment":"scroll","background-type":"","background-media":"","overlay-type":"","overlay-color":"","overlay-opacity":"","overlay-gradient":""},"tablet":{"background-color":"var(--ast-global-color-5)","background-image":"","background-repeat":"repeat","background-position":"center center","background-size":"auto","background-attachment":"scroll","background-type":"","background-media":"","overlay-type":"","overlay-color":"","overlay-opacity":"","overlay-gradient":""},"mobile":{"background-color":"var(--ast-global-color-5)","background-image":"","background-repeat":"repeat","background-position":"center center","background-size":"auto","background-attachment":"scroll","background-type":"","background-media":"","overlay-type":"","overlay-color":"","overlay-opacity":"","overlay-gradient":""}}},"pwb-brand":[381],"product_brand":[],"product_cat":[921,333,345],"product_tag":[],"class_list":{"0":"post-17351","1":"product","2":"type-product","3":"status-publish","4":"has-post-thumbnail","6":"pwb-brand-huawei","7":"product_cat-inversores-autoconsumo-trifasicos","8":"product_cat-inversores","9":"product_cat-inversores-de-autoconsumo","10":"desktop-align-left","11":"tablet-align-left","12":"mobile-align-left","13":"ast-product-gallery-layout-horizontal-slider","14":"ast-product-gallery-with-no-image","15":"ast-product-tabs-layout-horizontal","17":"first","18":"outofstock","19":"taxable","20":"shipping-taxable","21":"purchasable","22":"product-type-simple"},"wcpa_form_fields":null,"brands":[{"id":381,"name":"Onduleurs Huawei","slug":"huawei"}],"_links":{"self":[{"href":"https:\/\/fvcomponentes.com\/fr\/wp-json\/wp\/v2\/product\/17351","targetHints":{"allow":["GET"]}}],"collection":[{"href":"https:\/\/fvcomponentes.com\/fr\/wp-json\/wp\/v2\/product"}],"about":[{"href":"https:\/\/fvcomponentes.com\/fr\/wp-json\/wp\/v2\/types\/product"}],"replies":[{"embeddable":true,"href":"https:\/\/fvcomponentes.com\/fr\/wp-json\/wp\/v2\/comments?post=17351"}],"wp:featuredmedia":[{"embeddable":true,"href":"https:\/\/fvcomponentes.com\/fr\/wp-json\/wp\/v2\/media\/17357"}],"wp:attachment":[{"href":"https:\/\/fvcomponentes.com\/fr\/wp-json\/wp\/v2\/media?parent=17351"}],"wp:term":[{"taxonomy":"pwb-brand","embeddable":true,"href":"https:\/\/fvcomponentes.com\/fr\/wp-json\/wp\/v2\/pwb-brand?post=17351"},{"taxonomy":"product_brand","embeddable":true,"href":"https:\/\/fvcomponentes.com\/fr\/wp-json\/wp\/v2\/product_brand?post=17351"},{"taxonomy":"product_cat","embeddable":true,"href":"https:\/\/fvcomponentes.com\/fr\/wp-json\/wp\/v2\/product_cat?post=17351"},{"taxonomy":"product_tag","embeddable":true,"href":"https:\/\/fvcomponentes.com\/fr\/wp-json\/wp\/v2\/product_tag?post=17351"}],"curies":[{"name":"wp","href":"https:\/\/api.w.org\/{rel}","templated":true}]}}