{"id":17331,"date":"2024-08-05T14:06:56","date_gmt":"2024-08-05T12:06:56","guid":{"rendered":"https:\/\/fvcomponentes.com\/?post_type=product&#038;p=17331"},"modified":"2026-03-13T10:52:04","modified_gmt":"2026-03-13T09:52:04","slug":"huawei-sun2000-4-6ktl-l1-single-phase-hybrid-inverter-01075347-015","status":"publish","type":"product","link":"https:\/\/fvcomponentes.com\/fr\/producto\/inversor-huawei-sun2000-4-6ktl-l1-hibrido-monofasico-01075347-015\/","title":{"rendered":"Onduleur Huawei SUN2000 4.6KTL L1 Hybride Monophas\u00e9 - 01075347-015"},"content":{"rendered":"<h2>Caract\u00e9ristiques de l'onduleur hybride monophas\u00e9 Huawei SUN2000 4.6KTL-L1 - 01075347-015<\/h2>\n<p>L'onduleur hybride monophas\u00e9 Huawei SUN2000 4,6KTL-L1 appartient \u00e0 la nouvelle gamme d'onduleurs Huawei. Cette nouvelle gamme a un rendement plus \u00e9lev\u00e9 gr\u00e2ce aux nouveaux optimiseurs SUN2000-450W-P.<\/p>\n<ul>\n<li><strong>S\u00e9curit\u00e9 active :<\/strong> Protection active contre les arcs \u00e9lectriques gr\u00e2ce \u00e0 la technologie AI.<\/li>\n<li><strong>Augmentation des performances :<\/strong> Jusqu'\u00e0 30 % d'\u00e9nergie en plus gr\u00e2ce aux optimiseurs.<\/li>\n<li><strong>2x Puissance de la batterie : <\/strong>Sortie CA de 5 kW. 5kW de charge de batterie.<\/li>\n<\/ul>\n<p><img fetchpriority=\"high\" decoding=\"async\" class=\"wp-image-17328\" src=\"https:\/\/fvcomponentes.com\/wp-content\/uploads\/2024\/08\/Inversor-Huawei-SUN2000-3.68KTL-L1-Hibrido-Monofasico-01075349-015.png\" alt=\"Onduleur hybride monophas\u00e9 Huawei SUN2000-3.68KTL-L1 - 01075349-015\" width=\"1020\" height=\"410\" title=\"\"><\/p>\n<h3 class=\"baywa-details-title\">Donn\u00e9es techniques :<\/h3>\n<ul>\n<li class=\"baywa-details-fields\"><span class=\"baywa-details-label\"><strong>Puissance :<\/strong> 4 600W<\/span><\/li>\n<li><strong>AC :<\/strong> 5000w<\/li>\n<li class=\"baywa-details-fields\"><strong><span class=\"baywa-details-label\">DC : <\/span><\/strong><span class=\"baywa-details-label\">6900 W<\/span><\/li>\n<li class=\"baywa-details-fields\"><span class=\"baywa-details-label\"><strong>Efficacit\u00e9 : <\/strong><\/span><span class=\"baywa-details-values\">98.4%\u00a0<\/span><\/li>\n<li class=\"baywa-details-fields\"><span class=\"baywa-details-label\"><strong>Phases : <\/strong><\/span><span class=\"baywa-details-values\">Monophas\u00e9<\/span><\/li>\n<li class=\"baywa-details-fields\"><span class=\"baywa-details-label\"><strong>MPPT : <\/strong>2<\/span><\/li>\n<li class=\"baywa-details-fields\"><span class=\"baywa-details-label\"><strong>Affichage : <\/strong><\/span><span class=\"baywa-details-values\">Non.<\/span><\/li>\n<li class=\"baywa-details-fields\"><span class=\"baywa-details-label\"><strong>En option : <\/strong><\/span><span class=\"baywa-details-values\">Ethernet ou modem 4G via Dongle.<\/span><\/li>\n<li class=\"baywa-details-fields\"><strong><span class=\"baywa-details-label\">Piles compatibles : <\/span><\/strong><span class=\"baywa-details-label\">Huawei LUNA2000 S0 \/ S1<\/span><\/li>\n<li class=\"baywa-details-fields\"><span class=\"baywa-details-label\"><strong>Dimensions : <\/strong><\/span><span class=\"baywa-details-values\">36,5 x 36,5 x 14 cm <\/span><\/li>\n<li class=\"baywa-details-fields\"><span class=\"baywa-details-label\"><strong>Poids :<\/strong> <\/span><span class=\"baywa-details-values\">\u00a012kg<\/span><\/li>\n<li><span class=\"baywa-details-label\"><strong>Certificats :<\/strong> <\/span><span class=\"baywa-details-values\">\u00a0BE FR NL LU DE ES<\/span><\/li>\n<li class=\"baywa-details-fields\"><span class=\"baywa-details-label\"><strong>Garantie du produit : <\/strong>10<\/span><span class=\"baywa-details-values\"> ann\u00e9es. <\/span><span class=\"baywa-details-label\"><strong>Extension par<\/strong> :<\/span><span class=\"baywa-details-values\"> 15 ans 20 ans.<\/span><\/li>\n<\/ul>\n<h2>Fiche technique et manuel de l'onduleur hybride monophas\u00e9 Huawei SUN2000 4.6KTL-L1 - 01075347-015<\/h2>\n<div><a href=\"https:\/\/fvcomponentes.com\/wp-content\/uploads\/2024\/08\/Ficha-tecnica-Smart-Energy-Center.pdf\" target=\"_blank\" rel=\"noopener\">Voir la fiche technique de l'onduleur hybride monophas\u00e9 Huawei SUN2000 4.6KTL-L1<\/a><\/div>\n<div><a href=\"https:\/\/fvcomponentes.com\/wp-content\/uploads\/2025\/09\/Manual-Usuario-SUN2000-2KTL-6KTL-L1-Huawei.pdf\" target=\"_blank\" rel=\"noopener\">Voir le manuel de l'onduleur hybride monophas\u00e9 Huawei SUN2000 4.6KTL-L1<\/a><\/div>","protected":false},"excerpt":{"rendered":"<ul>\n<li><strong>Monophas\u00e9<\/strong><\/li>\n<li><strong><span class=\"baywa-details-label\">Puissance de sortie nominale :<\/span><\/strong><span class=\"baywa-details-values\"> 4 600 W<\/span><\/li>\n<li><strong>Courant de sortie maximal :<\/strong> 20A<\/li>\n<li><strong><span class=\"baywa-details-label\">Piles compatibles : <\/span><\/strong><span class=\"baywa-details-values\">\u00a0Huawei LUNA 2000<\/span><\/li>\n<\/ul>","protected":false},"featured_media":17334,"comment_status":"open","ping_status":"closed","template":"","meta":{"site-sidebar-layout":"default","site-content-layout":"default","ast-site-content-layout":"default","site-content-style":"default","site-sidebar-style":"default","ast-global-header-display":"","ast-banner-title-visibility":"","ast-main-header-display":"","ast-hfb-above-header-display":"","ast-hfb-below-header-display":"","ast-hfb-mobile-header-display":"","site-post-title":"","ast-breadcrumbs-content":"","ast-featured-img":"","footer-sml-layout":"","ast-disable-related-posts":"","theme-transparent-header-meta":"default","adv-header-id-meta":"","stick-header-meta":"","header-above-stick-meta":"","header-main-stick-meta":"","header-below-stick-meta":"","astra-migrate-meta-layouts":"set","ast-page-background-enabled":"default","ast-page-background-meta":{"desktop":{"background-color":"var(--ast-global-color-4)","background-image":"","background-repeat":"repeat","background-position":"center center","background-size":"auto","background-attachment":"scroll","background-type":"","background-media":"","overlay-type":"","overlay-color":"","overlay-opacity":"","overlay-gradient":""},"tablet":{"background-color":"","background-image":"","background-repeat":"repeat","background-position":"center center","background-size":"auto","background-attachment":"scroll","background-type":"","background-media":"","overlay-type":"","overlay-color":"","overlay-opacity":"","overlay-gradient":""},"mobile":{"background-color":"","background-image":"","background-repeat":"repeat","background-position":"center center","background-size":"auto","background-attachment":"scroll","background-type":"","background-media":"","overlay-type":"","overlay-color":"","overlay-opacity":"","overlay-gradient":""}},"ast-content-background-meta":{"desktop":{"background-color":"var(--ast-global-color-5)","background-image":"","background-repeat":"repeat","background-position":"center center","background-size":"auto","background-attachment":"scroll","background-type":"","background-media":"","overlay-type":"","overlay-color":"","overlay-opacity":"","overlay-gradient":""},"tablet":{"background-color":"var(--ast-global-color-5)","background-image":"","background-repeat":"repeat","background-position":"center center","background-size":"auto","background-attachment":"scroll","background-type":"","background-media":"","overlay-type":"","overlay-color":"","overlay-opacity":"","overlay-gradient":""},"mobile":{"background-color":"var(--ast-global-color-5)","background-image":"","background-repeat":"repeat","background-position":"center center","background-size":"auto","background-attachment":"scroll","background-type":"","background-media":"","overlay-type":"","overlay-color":"","overlay-opacity":"","overlay-gradient":""}}},"pwb-brand":[381],"product_brand":[],"product_cat":[924,359,333],"product_tag":[],"class_list":{"0":"post-17331","1":"product","2":"type-product","3":"status-publish","4":"has-post-thumbnail","6":"pwb-brand-huawei","7":"product_cat-inversores-autoconsumo-hibridos-monofasicos","8":"product_cat-inversores-autoconsumo-hibridos","9":"product_cat-inversores","10":"desktop-align-left","11":"tablet-align-left","12":"mobile-align-left","13":"ast-product-gallery-layout-horizontal-slider","14":"ast-product-tabs-layout-horizontal","16":"first","17":"outofstock","18":"taxable","19":"shipping-taxable","20":"purchasable","21":"product-type-simple"},"wcpa_form_fields":null,"brands":[{"id":381,"name":"Onduleurs Huawei","slug":"huawei"}],"_links":{"self":[{"href":"https:\/\/fvcomponentes.com\/fr\/wp-json\/wp\/v2\/product\/17331","targetHints":{"allow":["GET"]}}],"collection":[{"href":"https:\/\/fvcomponentes.com\/fr\/wp-json\/wp\/v2\/product"}],"about":[{"href":"https:\/\/fvcomponentes.com\/fr\/wp-json\/wp\/v2\/types\/product"}],"replies":[{"embeddable":true,"href":"https:\/\/fvcomponentes.com\/fr\/wp-json\/wp\/v2\/comments?post=17331"}],"wp:featuredmedia":[{"embeddable":true,"href":"https:\/\/fvcomponentes.com\/fr\/wp-json\/wp\/v2\/media\/17334"}],"wp:attachment":[{"href":"https:\/\/fvcomponentes.com\/fr\/wp-json\/wp\/v2\/media?parent=17331"}],"wp:term":[{"taxonomy":"pwb-brand","embeddable":true,"href":"https:\/\/fvcomponentes.com\/fr\/wp-json\/wp\/v2\/pwb-brand?post=17331"},{"taxonomy":"product_brand","embeddable":true,"href":"https:\/\/fvcomponentes.com\/fr\/wp-json\/wp\/v2\/product_brand?post=17331"},{"taxonomy":"product_cat","embeddable":true,"href":"https:\/\/fvcomponentes.com\/fr\/wp-json\/wp\/v2\/product_cat?post=17331"},{"taxonomy":"product_tag","embeddable":true,"href":"https:\/\/fvcomponentes.com\/fr\/wp-json\/wp\/v2\/product_tag?post=17331"}],"curies":[{"name":"wp","href":"https:\/\/api.w.org\/{rel}","templated":true}]}}