{"id":17315,"date":"2024-08-05T12:52:29","date_gmt":"2024-08-05T10:52:29","guid":{"rendered":"https:\/\/fvcomponentes.com\/?post_type=product&#038;p=17315"},"modified":"2026-03-30T12:15:37","modified_gmt":"2026-03-30T10:15:37","slug":"chargeur-de-voiture-electrique-huawei-smart-charger-74-kw-socket-02314bxj-002","status":"publish","type":"product","link":"https:\/\/fvcomponentes.com\/fr\/producto\/cargador-coche-electrico-huawei-smart-charger-74-kw-socket-02314bxj-002\/","title":{"rendered":"Huawei Smart Charger Chargeur de voiture \u00e9lectrique 7,4 kW Prise - 02314BXJ-002"},"content":{"rendered":"<h2>Caract\u00e9ristiques Huawei Smart Charger Chargeur de voiture \u00e9lectrique 7,4 kW Prise - 02314BXJ-002<\/h2>\n<p>Le Huawei Smart Charger est \u00e9galement disponible en 22 kW, <a href=\"https:\/\/fvcomponentes.com\/fr\/produit\/chargeur-de-voiture-electrique-huawei-smart-charger-22-kw-socket-02314bxl-003\/\" target=\"_blank\" rel=\"noopener\">Huawei Smart Charger Chargeur de voiture \u00e9lectrique 22 kW Prise - 02314BXL-003<\/a>.<\/p>\n<ul>\n<li><strong>Charge exc\u00e9dentaire PV : <\/strong>Rechargez votre v\u00e9hicule et d\u00e9placez-vous de mani\u00e8re plus durable.<\/li>\n<li><strong>D\u00e9phasage automatique :<\/strong>\u00a0Commutation automatique du triphas\u00e9 au monophas\u00e9 pour une meilleure utilisation des exc\u00e9dents.<\/li>\n<li><strong>3 Modes d'authentification : <\/strong>Bluetooth, RFID et APP, pour \u00e9viter les frais non d\u00e9sir\u00e9s.<\/li>\n<li><strong>\u00c9quilibrage de la charge :<\/strong>\u00a0D\u00e9tection et ajustement automatiques.<\/li>\n<li><strong>APP tout-en-un : <\/strong>Contr\u00f4le total \u00e0 partir de l'application, pour le PV, les batteries et le chargeur.<\/li>\n<li><strong>3 \u00e9tapes faciles. <\/strong>Installation rapide en 16 min. maintenance sans manipulation du c\u00e2blage.<\/li>\n<\/ul>\n<h2>Entr\u00e9es et sorties de la prise Huawei Smart Charger 7,4 kW<\/h2>\n<ul>\n<li><strong>Puissance de charge (configurable) :<\/strong> 1,4 kW \u00e0 7,4 kW<\/li>\n<li><strong>Tension nominale :<\/strong> 230 V (monophas\u00e9) \u00b1 20%<\/li>\n<li><strong>Intensit\u00e9 de la sortie (configurable) :<\/strong> 6-32 A (monophas\u00e9)<\/li>\n<li><strong>Fr\u00e9quence :<\/strong> 50 Hz\/60 Hz \u00b1 1 Hz<\/li>\n<li><strong>Connexion au v\u00e9hicule :<\/strong> Prise de type 2<\/li>\n<li><strong>Diam\u00e8tre de c\u00e2blage :<\/strong> jusqu'\u00e0 10 mm2<\/li>\n<li><strong>Type de r\u00e9seau :\u00a0<\/strong> TN, TT, IT<\/li>\n<\/ul>\n<h2>Communications et r\u00f4les des utilisateurs<\/h2>\n<ul>\n<li><strong>Protocole de communication :<\/strong> Modbus TCP<\/li>\n<li><strong>Connectivit\u00e9 :<\/strong> Wi-Fi\/Ethernet<\/li>\n<li><strong>Type d'affichage des informations :<\/strong> WRGB LED, App<\/li>\n<li><strong>Authentification :<\/strong> RFID (ISO-14443-A), App, Bluetooth<\/li>\n<li><strong>Contr\u00f4le et surveillance \u00e0 distance :<\/strong> Application<\/li>\n<li><strong>Modes de travail :<\/strong>\n<ul>\n<li>T\u00e9l\u00e9charger maintenant<\/li>\n<li>Charge programm\u00e9e<\/li>\n<li>Chargement du surplus photovolta\u00efque<\/li>\n<\/ul>\n<\/li>\n<\/ul>\n<h2>Huawei Smart Charger 7,4 kW Protection de la prise<\/h2>\n<ul>\n<li><strong>Verrouillage du c\u00e2ble :<\/strong> C\u00e2ble E-Lock via Ap<\/li>\n<li><strong>D\u00e9tection de courant r\u00e9siduel (RCD) :<\/strong> Type A(30mA) + DC 6 mA int\u00e9gr\u00e9 (IEC 62955 &amp; IEC 61008-1)<\/li>\n<li><strong>Classification d'inflammabilit\u00e9 :<\/strong> UL94<\/li>\n<li><strong>Protection contre les surintensit\u00e9s :<\/strong> IEC 61851-1<\/li>\n<li><strong>Protection contre la temp\u00e9rature<\/strong> OUI<\/li>\n<li><strong>Cat\u00e9gorie de surtension :<\/strong> CAT II<\/li>\n<\/ul>\n<h2>Sp\u00e9cifications g\u00e9n\u00e9rales<\/h2>\n<ul>\n<li><strong>Plage de temp\u00e9rature de travail :<\/strong> De -35\u00b0C \u00e0 +45\u00b0C<\/li>\n<li><strong>Environnement de travail :<\/strong> Int\u00e9rieur\/ext\u00e9rieur<\/li>\n<li><strong>Plage de temp\u00e9rature de stockage :<\/strong> De -40\u00b0C \u00e0 +70\u00b0C<\/li>\n<li><strong>Humidit\u00e9 de fonctionnement :<\/strong> 5% RH-95% RH<\/li>\n<li><strong>Hauteur :<\/strong> \u2264 2000 m (d\u00e9classement de la puissance de sortie 2000~4000m)<\/li>\n<li><strong>Dimensions :<\/strong> 335 mm x 180 mm x 145 mm<\/li>\n<li><strong>Poids :<\/strong> 3 kg<\/li>\n<li><strong>Comment l'assembler :<\/strong> Fix\u00e9 au mur<\/li>\n<li><strong>Degr\u00e9 de protection IP :<\/strong> IP54<\/li>\n<li><strong>Degr\u00e9 de protection IK :<\/strong> IK10<\/li>\n<li><strong>Consommation en veille :<\/strong> &lt; 6 W<\/li>\n<li><strong>Normes :<\/strong> EN 61851-1 2019, IEC 62955:2018, IEC 61008-1 2010, IEC\/EN 62196-1<\/li>\n<li><strong>Accessoires :<\/strong> Cartes RFID * 2<\/li>\n<\/ul>\n<h2>Huawei Smart Charger Chargeur de voiture \u00e9lectrique 7,4 kW Prise - 02314BXJ-002<\/h2>\n<p><a href=\"https:\/\/fvcomponentes.com\/wp-content\/uploads\/2024\/08\/Ficha-tecnica-Cargador-coche-electrico-Huawei-Smart-Charger.pdf\" target=\"_blank\" rel=\"noopener\">Voir Huawei Smart Charger 7,4 kW Socket - 02314BXJ-002<\/a><\/p>","protected":false},"excerpt":{"rendered":"<p><strong><span style=\"color: #ff6600\">Disponibilit\u00e9 \u00e0 partir du mois de mars !<\/span><\/strong><\/p>\n<ul>\n<li><span style=\"color: #ff0000\"><strong>Sans c\u00e2ble de chargement<\/strong><\/span><\/li>\n<li><strong>Monophas\u00e9<\/strong><\/li>\n<li><strong>Puissance de charge maximale :<\/strong> 1,4 - 7,4 kW<\/li>\n<li><strong>Fr\u00e9quence :<\/strong> 50 Hz\/60 Hz \u00b1 1 Hz<\/li>\n<li><strong>Tension nominale :<\/strong> 230 V (monophas\u00e9) \u00b1 20%<\/li>\n<li><strong>Connexion<\/strong>Prise de type 2 : Prise de type 2<\/li>\n<li><strong>Protection :<\/strong> IP54<\/li>\n<\/ul>","protected":false},"featured_media":17318,"comment_status":"open","ping_status":"closed","template":"","meta":{"site-sidebar-layout":"default","site-content-layout":"","ast-site-content-layout":"default","site-content-style":"default","site-sidebar-style":"default","ast-global-header-display":"","ast-banner-title-visibility":"","ast-main-header-display":"","ast-hfb-above-header-display":"","ast-hfb-below-header-display":"","ast-hfb-mobile-header-display":"","site-post-title":"","ast-breadcrumbs-content":"","ast-featured-img":"","footer-sml-layout":"","ast-disable-related-posts":"","theme-transparent-header-meta":"default","adv-header-id-meta":"","stick-header-meta":"","header-above-stick-meta":"","header-main-stick-meta":"","header-below-stick-meta":"","astra-migrate-meta-layouts":"set","ast-page-background-enabled":"default","ast-page-background-meta":{"desktop":{"background-color":"var(--ast-global-color-4)","background-image":"","background-repeat":"repeat","background-position":"center center","background-size":"auto","background-attachment":"scroll","background-type":"","background-media":"","overlay-type":"","overlay-color":"","overlay-opacity":"","overlay-gradient":""},"tablet":{"background-color":"","background-image":"","background-repeat":"repeat","background-position":"center center","background-size":"auto","background-attachment":"scroll","background-type":"","background-media":"","overlay-type":"","overlay-color":"","overlay-opacity":"","overlay-gradient":""},"mobile":{"background-color":"","background-image":"","background-repeat":"repeat","background-position":"center center","background-size":"auto","background-attachment":"scroll","background-type":"","background-media":"","overlay-type":"","overlay-color":"","overlay-opacity":"","overlay-gradient":""}},"ast-content-background-meta":{"desktop":{"background-color":"var(--ast-global-color-5)","background-image":"","background-repeat":"repeat","background-position":"center center","background-size":"auto","background-attachment":"scroll","background-type":"","background-media":"","overlay-type":"","overlay-color":"","overlay-opacity":"","overlay-gradient":""},"tablet":{"background-color":"var(--ast-global-color-5)","background-image":"","background-repeat":"repeat","background-position":"center center","background-size":"auto","background-attachment":"scroll","background-type":"","background-media":"","overlay-type":"","overlay-color":"","overlay-opacity":"","overlay-gradient":""},"mobile":{"background-color":"var(--ast-global-color-5)","background-image":"","background-repeat":"repeat","background-position":"center center","background-size":"auto","background-attachment":"scroll","background-type":"","background-media":"","overlay-type":"","overlay-color":"","overlay-opacity":"","overlay-gradient":""}}},"pwb-brand":[381],"product_brand":[],"product_cat":[385],"product_tag":[],"class_list":{"0":"post-17315","1":"product","2":"type-product","3":"status-publish","4":"has-post-thumbnail","6":"pwb-brand-huawei","7":"product_cat-cargadores-para-vehiculo-electrico","8":"desktop-align-left","9":"tablet-align-left","10":"mobile-align-left","11":"ast-product-gallery-layout-horizontal-slider","12":"ast-product-gallery-with-no-image","13":"ast-product-tabs-layout-horizontal","15":"first","16":"onbackorder","17":"taxable","18":"shipping-taxable","19":"purchasable","20":"product-type-simple"},"wcpa_form_fields":null,"brands":[{"id":381,"name":"Onduleurs Huawei","slug":"huawei"}],"_links":{"self":[{"href":"https:\/\/fvcomponentes.com\/fr\/wp-json\/wp\/v2\/product\/17315","targetHints":{"allow":["GET"]}}],"collection":[{"href":"https:\/\/fvcomponentes.com\/fr\/wp-json\/wp\/v2\/product"}],"about":[{"href":"https:\/\/fvcomponentes.com\/fr\/wp-json\/wp\/v2\/types\/product"}],"replies":[{"embeddable":true,"href":"https:\/\/fvcomponentes.com\/fr\/wp-json\/wp\/v2\/comments?post=17315"}],"wp:featuredmedia":[{"embeddable":true,"href":"https:\/\/fvcomponentes.com\/fr\/wp-json\/wp\/v2\/media\/17318"}],"wp:attachment":[{"href":"https:\/\/fvcomponentes.com\/fr\/wp-json\/wp\/v2\/media?parent=17315"}],"wp:term":[{"taxonomy":"pwb-brand","embeddable":true,"href":"https:\/\/fvcomponentes.com\/fr\/wp-json\/wp\/v2\/pwb-brand?post=17315"},{"taxonomy":"product_brand","embeddable":true,"href":"https:\/\/fvcomponentes.com\/fr\/wp-json\/wp\/v2\/product_brand?post=17315"},{"taxonomy":"product_cat","embeddable":true,"href":"https:\/\/fvcomponentes.com\/fr\/wp-json\/wp\/v2\/product_cat?post=17315"},{"taxonomy":"product_tag","embeddable":true,"href":"https:\/\/fvcomponentes.com\/fr\/wp-json\/wp\/v2\/product_tag?post=17315"}],"curies":[{"name":"wp","href":"https:\/\/api.w.org\/{rel}","templated":true}]}}