{"id":17272,"date":"2024-08-05T09:20:38","date_gmt":"2024-08-05T07:20:38","guid":{"rendered":"https:\/\/fvcomponentes.com\/?post_type=product&#038;p=17272"},"modified":"2026-03-30T12:16:42","modified_gmt":"2026-03-30T10:16:42","slug":"lv-byd-premium-lvl-15-lithium-battery-4-13272230-00","status":"publish","type":"product","link":"https:\/\/fvcomponentes.com\/fr\/producto\/bateria-de-litio-lv-byd-premium-lvl-15-4-13272230-00-2\/","title":{"rendered":"Batterie au lithium LV BYD Premium LVL 15.4 -13272230-00"},"content":{"rendered":"<h2>Caract\u00e9ristiques de la batterie au lithium LV BYD Premium LVL 15.4 - 13272230-00<\/h2>\n<ul>\n<li>\u00c9volutif de 15,4 \u00e0 983 kWh.<\/li>\n<li>Compatible avec les onduleurs monophas\u00e9s et triphas\u00e9s.<\/li>\n<li>Sans cobalt. Lithium-phosphate de fer (LFP) : s\u00e9curit\u00e9, dur\u00e9e de vie et puissance maximales.<\/li>\n<li>Capacit\u00e9 de secours \u00e0 haute puissance et fonctionnement hors r\u00e9seau.<\/li>\n<li>Moins d'espace au sol, car il est possible d'empiler jusqu'\u00e0 deux syst\u00e8mes.<\/li>\n<li>Possibilit\u00e9 d'ajouter des syst\u00e8mes parall\u00e8les pour augmenter la capacit\u00e9.<\/li>\n<\/ul>\n<div>La BYD Premium LVL 15.4 - 13272230-00 est une batterie au phosphate de fer lithi\u00e9 (LFP) \u00e0 utiliser en combinaison avec un onduleur compatible. Gr\u00e2ce \u00e0 la <a href=\"https:\/\/fvcomponentes.com\/fr\/produit\/bmu-lithium-battery-byd-premium-battery-box-premium-lvs-lvl-v2-13172499-00\/\" target=\"_blank\" rel=\"noopener\">unit\u00e9 de contr\u00f4le et de communication (BMU) (vendue s\u00e9par\u00e9ment)<\/a>La BYD Battery-Box Premium LVL peut \u00eatre \u00e9tendue pour r\u00e9pondre \u00e0 tous les besoins \u00e9nerg\u00e9tiques de vos projets, quelle que soit leur taille. Vous pouvez commencer avec un syst\u00e8me LVL15.4 (15,36 kWh) et \u00e9tendre ult\u00e9rieurement le syst\u00e8me jusqu'\u00e0 983 kWh en connectant jusqu'\u00e0 64 syst\u00e8mes en parall\u00e8le.<\/div>\n<div><\/div>\n<div>Cette version du mod\u00e8le LVL (2021) est enti\u00e8rement compatible avec les versions pr\u00e9c\u00e9dentes du LVL et comprend un certain nombre d'am\u00e9liorations destin\u00e9es \u00e0 simplifier le processus d'installation.<\/div>\n<div><\/div>\n<h2>Batterie au lithium LV BYD Premium LVL 15.4 - 13272230-00. Flexible, efficace et simple.<\/h2>\n<div>\n<p><img fetchpriority=\"high\" decoding=\"async\" class=\"size-full wp-image-17294\" src=\"https:\/\/fvcomponentes.com\/wp-content\/uploads\/2024\/08\/Modulo-bateria-de-litio-LV-BYD-Premium-LVL-15.4-13272230-00-esquema.png\" alt=\"LV BYD Premium LVL 15.4 lithium battery module -13272230-00 - schematic\" width=\"1379\" height=\"371\" title=\"\"><\/p>\n<\/div>\n<h2>Donn\u00e9es techniques<\/h2>\n<div>\n<div>\n<div class=\"baywa-details-fields\"><\/div>\n<\/div>\n<\/div>\n<ul>\n<li><strong>Nombre de modules :<\/strong> 2<\/li>\n<li><strong>\u00c9nergie utilisable :<\/strong> 15,36 kWh<\/li>\n<li><strong>Courant de sortie max :<\/strong> 250 A<\/li>\n<li><strong>Courant de sortie de cr\u00eate :<\/strong> 375 A, 5 s<\/li>\n<li><strong>Dimensions :<\/strong> 660 x 650 x 575 mm<\/li>\n<li><strong>Poids :<\/strong> 168 kg<\/li>\n<li><strong>Tension nominale :<\/strong> 51.2 V<\/li>\n<li><strong>Tension de fonctionnement :<\/strong> 40-57.6 V<\/li>\n<li><strong>Temp\u00e9rature de fonctionnement :<\/strong> De -10 \u00b0C \u00e0 +50 \u00b0C<\/li>\n<li><strong>Technologie cellulaire :<\/strong> Phosphate de fer lithi\u00e9 (sans cobalt)<\/li>\n<li><strong>Communication :<\/strong> CAN<\/li>\n<li><strong>Protection IP :<\/strong> IP20<\/li>\n<li><strong>Efficacit\u00e9 de l'aller-retour :<\/strong> \u226595%<\/li>\n<li><strong>\u00c9volutivit\u00e9 :<\/strong> Max. 64 en parall\u00e8le (983 kWh)<\/li>\n<li><strong><span class=\"baywa-details-label\">Installation de la batterie : <\/span><\/strong><span class=\"baywa-details-values\">\u00a0Fixation au sol<\/span><\/li>\n<li><strong>Certificats :<\/strong> IEC62619 \/ CE \/ CEC \/ UN38.3<\/li>\n<li><strong>Applications :<\/strong> R\u00e9seau ON \/ R\u00e9seau ON + Sauvegarde \/ R\u00e9seau OFF<\/li>\n<li><strong>Garantie :<\/strong> 10 ans<\/li>\n<\/ul>\n<p><a href=\"https:\/\/fvcomponentes.com\/wp-content\/uploads\/2024\/12\/Lista-invesores-compatibles-BYD-LVL.pdf\" target=\"_blank\" rel=\"noopener\"><strong>Liste actualis\u00e9e des onduleurs compatibles<\/strong><\/a><\/p>\n<h2>Fiche technique Batterie au lithium LV BYD Premium LVL 15.4 -13272230-00<\/h2>\n<p><a href=\"https:\/\/fvcomponentes.com\/wp-content\/uploads\/2024\/08\/Ficha-tecnica-Modulo-bateria-de-litio-LV-BYD-Premium-LVL-15.4-13272230-00.pdf\" target=\"_blank\" rel=\"noopener\">Voir la fiche technique de la batterie au lithium LV BYD Premium LVL 15.4 -13272230-00<\/a><\/p>","protected":false},"excerpt":{"rendered":"<ul>\n<li class=\"baywa-details-fields\"><strong><span class=\"baywa-details-label\">Type de batterie : <\/span><\/strong><span class=\"baywa-details-values\">\u00a0DC Basse tension <\/span><\/li>\n<li class=\"baywa-details-fields\"><strong style=\"font-size: 16px;\"><span class=\"baywa-details-label\">\u00c9nergie nominale totale : <\/span><\/strong><span class=\"baywa-details-values\" style=\"font-size: 16px;\">\u00a015,36 kWh<\/span><\/li>\n<li class=\"baywa-details-fields\"><strong>Puissance de charge maximale :<\/strong> <span class=\"baywa-details-values\" style=\"font-size: 16px;\">\u00a0250A<\/span><\/li>\n<li class=\"baywa-details-fields\"><strong style=\"font-size: 16px;\"><span class=\"baywa-details-label\">Puissance de charge maximale : <\/span><\/strong><span class=\"baywa-details-values\" style=\"font-size: 16px;\">\u00a0375A<\/span><\/li>\n<li class=\"baywa-details-fields\"><strong style=\"font-size: 16px;\"><span class=\"baywa-details-label\">Puissance de d\u00e9charge maximale : <\/span><\/strong><span class=\"baywa-details-values\" style=\"font-size: 16px;\">\u00a0250A<\/span><\/li>\n<li class=\"baywa-details-fields\"><strong style=\"font-size: 16px;\"><span class=\"baywa-details-label\">Puissance de d\u00e9charge maximale : <\/span><\/strong><span class=\"baywa-details-values\" style=\"font-size: 16px;\">\u00a0375A<\/span><\/li>\n<li class=\"baywa-details-fields\"><strong>\u00c9volutivit\u00e9 :<\/strong> Max. 64 en parall\u00e8le (983 kWh)<\/li>\n<\/ul>\n<div>\n<div class=\"baywa-details-fields\"><\/div>\n<\/div>\n<p>&nbsp;<\/p>\n<p>&nbsp;<\/p>","protected":false},"featured_media":17273,"comment_status":"open","ping_status":"closed","template":"","meta":{"site-sidebar-layout":"default","site-content-layout":"","ast-site-content-layout":"default","site-content-style":"default","site-sidebar-style":"default","ast-global-header-display":"","ast-banner-title-visibility":"","ast-main-header-display":"","ast-hfb-above-header-display":"","ast-hfb-below-header-display":"","ast-hfb-mobile-header-display":"","site-post-title":"","ast-breadcrumbs-content":"","ast-featured-img":"","footer-sml-layout":"","ast-disable-related-posts":"","theme-transparent-header-meta":"default","adv-header-id-meta":"","stick-header-meta":"","header-above-stick-meta":"","header-main-stick-meta":"","header-below-stick-meta":"","astra-migrate-meta-layouts":"set","ast-page-background-enabled":"default","ast-page-background-meta":{"desktop":{"background-color":"var(--ast-global-color-4)","background-image":"","background-repeat":"repeat","background-position":"center center","background-size":"auto","background-attachment":"scroll","background-type":"","background-media":"","overlay-type":"","overlay-color":"","overlay-opacity":"","overlay-gradient":""},"tablet":{"background-color":"","background-image":"","background-repeat":"repeat","background-position":"center center","background-size":"auto","background-attachment":"scroll","background-type":"","background-media":"","overlay-type":"","overlay-color":"","overlay-opacity":"","overlay-gradient":""},"mobile":{"background-color":"","background-image":"","background-repeat":"repeat","background-position":"center center","background-size":"auto","background-attachment":"scroll","background-type":"","background-media":"","overlay-type":"","overlay-color":"","overlay-opacity":"","overlay-gradient":""}},"ast-content-background-meta":{"desktop":{"background-color":"var(--ast-global-color-5)","background-image":"","background-repeat":"repeat","background-position":"center center","background-size":"auto","background-attachment":"scroll","background-type":"","background-media":"","overlay-type":"","overlay-color":"","overlay-opacity":"","overlay-gradient":""},"tablet":{"background-color":"var(--ast-global-color-5)","background-image":"","background-repeat":"repeat","background-position":"center center","background-size":"auto","background-attachment":"scroll","background-type":"","background-media":"","overlay-type":"","overlay-color":"","overlay-opacity":"","overlay-gradient":""},"mobile":{"background-color":"var(--ast-global-color-5)","background-image":"","background-repeat":"repeat","background-position":"center center","background-size":"auto","background-attachment":"scroll","background-type":"","background-media":"","overlay-type":"","overlay-color":"","overlay-opacity":"","overlay-gradient":""}}},"pwb-brand":[897],"product_brand":[],"product_cat":[340,341],"product_tag":[],"class_list":{"0":"post-17272","1":"product","2":"type-product","3":"status-publish","4":"has-post-thumbnail","6":"pwb-brand-byd","7":"product_cat-baterias","8":"product_cat-baterias-litio-48v","9":"product_shipping_class-baterias","10":"desktop-align-left","11":"tablet-align-left","12":"mobile-align-left","13":"ast-product-gallery-layout-horizontal-slider","14":"ast-product-gallery-with-no-image","15":"ast-product-tabs-layout-horizontal","17":"first","18":"instock","19":"taxable","20":"shipping-taxable","21":"purchasable","22":"product-type-simple"},"wcpa_form_fields":null,"brands":[{"id":897,"name":"Batteries B&amp;D","slug":"byd"}],"_links":{"self":[{"href":"https:\/\/fvcomponentes.com\/fr\/wp-json\/wp\/v2\/product\/17272","targetHints":{"allow":["GET"]}}],"collection":[{"href":"https:\/\/fvcomponentes.com\/fr\/wp-json\/wp\/v2\/product"}],"about":[{"href":"https:\/\/fvcomponentes.com\/fr\/wp-json\/wp\/v2\/types\/product"}],"replies":[{"embeddable":true,"href":"https:\/\/fvcomponentes.com\/fr\/wp-json\/wp\/v2\/comments?post=17272"}],"wp:featuredmedia":[{"embeddable":true,"href":"https:\/\/fvcomponentes.com\/fr\/wp-json\/wp\/v2\/media\/17273"}],"wp:attachment":[{"href":"https:\/\/fvcomponentes.com\/fr\/wp-json\/wp\/v2\/media?parent=17272"}],"wp:term":[{"taxonomy":"pwb-brand","embeddable":true,"href":"https:\/\/fvcomponentes.com\/fr\/wp-json\/wp\/v2\/pwb-brand?post=17272"},{"taxonomy":"product_brand","embeddable":true,"href":"https:\/\/fvcomponentes.com\/fr\/wp-json\/wp\/v2\/product_brand?post=17272"},{"taxonomy":"product_cat","embeddable":true,"href":"https:\/\/fvcomponentes.com\/fr\/wp-json\/wp\/v2\/product_cat?post=17272"},{"taxonomy":"product_tag","embeddable":true,"href":"https:\/\/fvcomponentes.com\/fr\/wp-json\/wp\/v2\/product_tag?post=17272"}],"curies":[{"name":"wp","href":"https:\/\/api.w.org\/{rel}","templated":true}]}}