{"id":17255,"date":"2024-08-02T12:03:41","date_gmt":"2024-08-02T10:03:41","guid":{"rendered":"https:\/\/fvcomponentes.com\/?post_type=product&#038;p=17255"},"modified":"2026-03-30T12:16:43","modified_gmt":"2026-03-30T10:16:43","slug":"bmu-lithium-battery-byd-premium-battery-box-premium-lvs-lvl-v2-13172499-00","status":"publish","type":"product","link":"https:\/\/fvcomponentes.com\/fr\/producto\/bmu-bateria-de-litio-byd-premium-battery-box-premium-lvs-lvl-v2-13172499-00\/","title":{"rendered":"BMU Lithium Battery BYD Premium Battery Box Premium LVS &amp; LVL V2 - 13172499-00"},"content":{"rendered":"<h2 class=\"product-details-full-content-header-title\">BMU Lithium Battery BYD Premium Battery Box Premium LVS &amp; LVL V2 - 13172499-00<\/h2>\n<p>BYD a pr\u00e9sent\u00e9 sa nouvelle g\u00e9n\u00e9ration de batteries lithium haute tension pour le stockage de l'\u00e9nergie dans les installations photovolta\u00efques. BYD est l'un des principaux fabricants de batteries et de solutions de mobilit\u00e9 \u00e9lectrique. La nouvelle Battery-BOX sera disponible en mod\u00e8les 48V et haute tension. La conception modulaire permet une expansion flexible et une utilisation dans des syst\u00e8mes autonomes, en mode de secours et en autoconsommation connect\u00e9e au r\u00e9seau.<\/p>\n<p><a href=\"https:\/\/fvcomponentes.com\/wp-content\/uploads\/2024\/12\/Lista-invesores-compatibles-BYD-LVS.pdf\" target=\"_blank\" rel=\"noopener\"><strong>Liste actualis\u00e9e des onduleurs compatibles avec le syst\u00e8me LVS<\/strong><\/a><\/p>\n<p><a href=\"https:\/\/fvcomponentes.com\/wp-content\/uploads\/2024\/12\/Lista-invesores-compatibles-BYD-LVL.pdf\" target=\"_blank\" rel=\"noopener\"><strong>Liste actualis\u00e9e des onduleurs compatibles LVL<\/strong><\/a><\/p>\n<div class=\"ast-oembed-container\" style=\"height: 100%;\"><iframe title=\"ByD HVS Batterie haute tension HVS install\u00e9e dans Fronius Gen24\" width=\"500\" height=\"281\" src=\"https:\/\/www.youtube.com\/embed\/Z4-OeE1vePA?feature=oembed\" frameborder=\"0\" allow=\"accelerometer; autoplay; clipboard-write; encrypted-media; gyroscope; picture-in-picture; web-share\" referrerpolicy=\"strict-origin-when-cross-origin\" allowfullscreen><\/iframe><\/div>\n<p>&nbsp;<\/p>\n<h2>Caract\u00e9ristiques de BMU Lithium Battery BYD Premium Battery Box Premium LVS &amp; LVL V2 - 13172499-00<\/h2>\n<ul>\n<li>Cellules LFP (lithium ferrophosphate) auto-d\u00e9velopp\u00e9es \u00c9prouv\u00e9es dans des millions de VE<\/li>\n<li>L'exp\u00e9rience du PFF depuis 2002 +1 000 000 Syst\u00e8mes dans +90 pays<\/li>\n<li>Puissance \u00e9lev\u00e9e dans les environnements en r\u00e9seau, hors r\u00e9seau et de secours<\/li>\n<li>Conception modulaire Extensible \u00e0 tout moment<\/li>\n<li>Connexion sans c\u00e2bles internes Mise en service rapide<\/li>\n<li>Compatible avec tous les principaux onduleurs string et triphas\u00e9s<\/li>\n<\/ul>\n<h2>Sp\u00e9cifications techniques BMU Lithium Battery BYD Premium Battery Box Premium LVS &amp; LVL V2 - 13172499-00<\/h2>\n<p><img fetchpriority=\"high\" decoding=\"async\" class=\"size-full wp-image-17031\" src=\"https:\/\/fvcomponentes.com\/wp-content\/uploads\/2024\/07\/BYD-Battery-Box-Premium-LVS-PDU-12940054-00-Especificaciones.png\" alt=\"BYD Battery Box Premium LVS (PDU) - 12940054-00 - Sp\u00e9cifications\" width=\"1365\" height=\"612\" title=\"\"><\/p>\n<h2>Donn\u00e9es g\u00e9n\u00e9rales<\/h2>\n<ul>\n<li><strong>Tension nominale :<\/strong> 51,2v<\/li>\n<li><strong>Tension de fonctionnement :<\/strong> 40-57,6 V<\/li>\n<li><strong>Temp\u00e9rature de fonctionnement :<\/strong> De -10\u00b0C \u00e0 +50\u00b0C<\/li>\n<li><strong>Technologie cellulaire :<\/strong> Phosphate de fer lithi\u00e9 (LiFePO4)<\/li>\n<li><strong>Communication :<\/strong> CAN<\/li>\n<li><strong>Protection IP :<\/strong> IP55<\/li>\n<li><strong>Efficacit\u00e9 de l'aller-retour :<\/strong> \u2265 95%<\/li>\n<li><strong>L'environnement :<\/strong> Int\u00e9rieur \/ ext\u00e9rieur<\/li>\n<li><strong>M\u00e9thode d'assemblage :<\/strong> Support pour les pieds<\/li>\n<li><strong>\u00c9volutivit\u00e9 :<\/strong> Max. 64 modules en parall\u00e8le (256 kWh) Tour unique uniquement<\/li>\n<li><strong>Certifications :<\/strong> VDE2510-50 \/ IEC62619 \/ CE \/ CEC \/ UN38.3<\/li>\n<li><strong>Applications :<\/strong> ON Grid\/ ON Grid + Backup \/ OFF Grid<\/li>\n<li><strong>Onduleurs compatibles :<\/strong> Victron Energy, SMA, Solis, GOODWE, Deye, SUNGROW<\/li>\n<li><strong>Garantie :<\/strong> 10 ans<\/li>\n<\/ul>\n<h2>Acheter BMU Lithium Battery BYD Premium Battery Box Premium LVS &amp; LVL V2 - 13172499-00<\/h2>\n<p>Chez FvComponents, vous pouvez acheter la nouvelle g\u00e9n\u00e9ration de batteries au lithium BYD B-Box Premium en version 48V et haute tension. Nous proposons des batteries au lithium pour l'autoconsommation ou les installations autonomes de toutes puissances, \u00e0 un prix \u00e9conomique et avec le meilleur rapport qualit\u00e9-prix. <strong>la plus haute qualit\u00e9 et la garantie du fabricant<\/strong>. Pour plus d'informations sur ces piles,\u00a0<a href=\"https:\/\/fvcomponentes.com\/fr\/aide-et-contact\/\" target=\"_blank\" rel=\"noopener\">nous consulter\u00a0<\/a>et nous vous aiderons sans engagement \u00e0 r\u00e9aliser votre projet photovolta\u00efque.<\/p>\n<h2>Fiche technique BMU Batterie Lithium BYD Premium Battery Box Premium LVS &amp; LVL V2 - 13172499-00<\/h2>\n<p><a href=\"https:\/\/fvcomponentes.com\/wp-content\/uploads\/2024\/07\/Ficha-tecnica-BYD-Battery-Box-Premium-LVS-PDU-12940054-00.pdf\" target=\"_blank\" rel=\"noopener\">Voir la fiche technique BMU Batterie au lithium BYD Premium Battery Box Premium LVS &amp; LVL V2 - 13172499-00<\/a><\/p>","protected":false},"excerpt":{"rendered":"<p><span style=\"color: #ff0000;\">BMU pour les batteries LVS et LVL de BYD<\/span><\/p>\n<ul>\n<li><span class=\"baywa-details-label\">Batterie <\/span><span class=\"baywa-details-values\">\u00a0DC Basse tension\u00a0<\/span><\/li>\n<li><span class=\"baywa-details-label\"><strong>Communication :<\/strong>\u00a0<\/span><span class=\"baywa-details-values\">\u00a0RJ45,CAN (Inv),RS485 (Inv)<\/span><\/li>\n<li><span class=\"baywa-details-label\"><strong>Protection :<\/strong> <\/span><span class=\"baywa-details-values\">\u00a0IP55<\/span><\/li>\n<li><span class=\"baywa-details-label\"><strong>Communication<\/strong>:<\/span><span class=\"baywa-details-values\">\u00a0CAN (Inv), RS485 (Inv)<\/span><\/li>\n<li>\n<div class=\"baywa-details-fields\"><strong style=\"font-size: 16px;\"><span class=\"baywa-details-label\">Efficacit\u00e9 :\u00a0<\/span><\/strong><span class=\"baywa-details-values\" style=\"font-size: 16px;\"> 95,0% <\/span><\/div>\n<\/li>\n<\/ul>","protected":false},"featured_media":17256,"comment_status":"open","ping_status":"closed","template":"","meta":{"site-sidebar-layout":"default","site-content-layout":"default","ast-site-content-layout":"default","site-content-style":"default","site-sidebar-style":"default","ast-global-header-display":"","ast-banner-title-visibility":"","ast-main-header-display":"","ast-hfb-above-header-display":"","ast-hfb-below-header-display":"","ast-hfb-mobile-header-display":"","site-post-title":"","ast-breadcrumbs-content":"","ast-featured-img":"","footer-sml-layout":"","ast-disable-related-posts":"","theme-transparent-header-meta":"default","adv-header-id-meta":"","stick-header-meta":"","header-above-stick-meta":"","header-main-stick-meta":"","header-below-stick-meta":"","astra-migrate-meta-layouts":"set","ast-page-background-enabled":"default","ast-page-background-meta":{"desktop":{"background-color":"var(--ast-global-color-4)","background-image":"","background-repeat":"repeat","background-position":"center center","background-size":"auto","background-attachment":"scroll","background-type":"","background-media":"","overlay-type":"","overlay-color":"","overlay-opacity":"","overlay-gradient":""},"tablet":{"background-color":"","background-image":"","background-repeat":"repeat","background-position":"center center","background-size":"auto","background-attachment":"scroll","background-type":"","background-media":"","overlay-type":"","overlay-color":"","overlay-opacity":"","overlay-gradient":""},"mobile":{"background-color":"","background-image":"","background-repeat":"repeat","background-position":"center center","background-size":"auto","background-attachment":"scroll","background-type":"","background-media":"","overlay-type":"","overlay-color":"","overlay-opacity":"","overlay-gradient":""}},"ast-content-background-meta":{"desktop":{"background-color":"var(--ast-global-color-5)","background-image":"","background-repeat":"repeat","background-position":"center center","background-size":"auto","background-attachment":"scroll","background-type":"","background-media":"","overlay-type":"","overlay-color":"","overlay-opacity":"","overlay-gradient":""},"tablet":{"background-color":"var(--ast-global-color-5)","background-image":"","background-repeat":"repeat","background-position":"center center","background-size":"auto","background-attachment":"scroll","background-type":"","background-media":"","overlay-type":"","overlay-color":"","overlay-opacity":"","overlay-gradient":""},"mobile":{"background-color":"var(--ast-global-color-5)","background-image":"","background-repeat":"repeat","background-position":"center center","background-size":"auto","background-attachment":"scroll","background-type":"","background-media":"","overlay-type":"","overlay-color":"","overlay-opacity":"","overlay-gradient":""}}},"pwb-brand":[897],"product_brand":[],"product_cat":[340,341,435],"product_tag":[],"class_list":{"0":"post-17255","1":"product","2":"type-product","3":"status-publish","4":"has-post-thumbnail","6":"pwb-brand-byd","7":"product_cat-baterias","8":"product_cat-baterias-litio-48v","9":"product_cat-bms-sistemas-de-supervision-de-baterias","10":"desktop-align-left","11":"tablet-align-left","12":"mobile-align-left","13":"ast-product-gallery-layout-horizontal-slider","14":"ast-product-gallery-with-no-image","15":"ast-product-tabs-layout-horizontal","17":"first","18":"instock","19":"taxable","20":"shipping-taxable","21":"purchasable","22":"product-type-simple"},"wcpa_form_fields":null,"brands":[{"id":897,"name":"Batteries B&amp;D","slug":"byd"}],"_links":{"self":[{"href":"https:\/\/fvcomponentes.com\/fr\/wp-json\/wp\/v2\/product\/17255","targetHints":{"allow":["GET"]}}],"collection":[{"href":"https:\/\/fvcomponentes.com\/fr\/wp-json\/wp\/v2\/product"}],"about":[{"href":"https:\/\/fvcomponentes.com\/fr\/wp-json\/wp\/v2\/types\/product"}],"replies":[{"embeddable":true,"href":"https:\/\/fvcomponentes.com\/fr\/wp-json\/wp\/v2\/comments?post=17255"}],"wp:featuredmedia":[{"embeddable":true,"href":"https:\/\/fvcomponentes.com\/fr\/wp-json\/wp\/v2\/media\/17256"}],"wp:attachment":[{"href":"https:\/\/fvcomponentes.com\/fr\/wp-json\/wp\/v2\/media?parent=17255"}],"wp:term":[{"taxonomy":"pwb-brand","embeddable":true,"href":"https:\/\/fvcomponentes.com\/fr\/wp-json\/wp\/v2\/pwb-brand?post=17255"},{"taxonomy":"product_brand","embeddable":true,"href":"https:\/\/fvcomponentes.com\/fr\/wp-json\/wp\/v2\/product_brand?post=17255"},{"taxonomy":"product_cat","embeddable":true,"href":"https:\/\/fvcomponentes.com\/fr\/wp-json\/wp\/v2\/product_cat?post=17255"},{"taxonomy":"product_tag","embeddable":true,"href":"https:\/\/fvcomponentes.com\/fr\/wp-json\/wp\/v2\/product_tag?post=17255"}],"curies":[{"name":"wp","href":"https:\/\/api.w.org\/{rel}","templated":true}]}}