{"id":16905,"date":"2024-07-24T08:39:05","date_gmt":"2024-07-24T06:39:05","guid":{"rendered":"https:\/\/fvcomponentes.com\/?post_type=product&#038;p=16905"},"modified":"2026-03-30T12:16:05","modified_gmt":"2026-03-30T10:16:05","slug":"onduleur-fronius-tauro-eco-100-3-d-triphase-4210302","status":"publish","type":"product","link":"https:\/\/fvcomponentes.com\/fr\/producto\/inversor-fronius-tauro-eco-100-3-d-trifasico-4210302-2\/","title":{"rendered":"Onduleur Fronius Tauro Eco 100-3-D triphas\u00e9 - 4 210 302"},"content":{"rendered":"<h2>Caract\u00e9ristiques de l'onduleur triphas\u00e9 Fronius Tauro Eco 100-3-D - 4.210.302<\/h2>\n<h2>Robustesse et longue dur\u00e9e de vie<\/h2>\n<p>L'onduleur triphas\u00e9 Fronius Tauro Eco 100-3-P - 4.210.303 est con\u00e7u pour r\u00e9sister au rayonnement solaire direct et \u00e0 la chaleur extr\u00eame : son bo\u00eetier \u00e0 double couche et sa ventilation active font du Fronius Tauro un onduleur durable et robuste qui offre un rendement maximal.<\/p>\n<h2>Des co\u00fbts r\u00e9duits et un service efficace<\/h2>\n<p>Co\u00fbts d'exploitation minimes : le Fronius Tauro est rapide \u00e0 installer et facile \u00e0 entretenir. En cas de panne, il suffit de remplacer l'\u00e9tage de puissance concern\u00e9 au lieu de l'onduleur complet. Cela garantit un fonctionnement fiable et permet d'effectuer des travaux de maintenance rapidement et \u00e0 moindre co\u00fbt.<\/p>\n<h2>Contr\u00f4le intelligent et syst\u00e8me ouvert<\/h2>\n<p>Comme tous les produits Fronius, l'onduleur triphas\u00e9 Fronius Tauro Eco 100-3-P - 4 210 303 peut \u00eatre surveill\u00e9, command\u00e9 et entretenu confortablement \u00e0 l'aide d'un smartphone ou d'un ordinateur. Avec Fronius Solar.web, vous pouvez surveiller votre installation \u00e0 tout moment. L'architecture ouverte du syst\u00e8me permet d'int\u00e9grer facilement des composants tiers.<\/p>\n<h2>Flexibilit\u00e9 de conception de l'onduleur Fronius Tauro Eco 100-3-D triphas\u00e9 - 4 210 302<\/h2>\n<p>Centralis\u00e9e, d\u00e9centralis\u00e9e, verticale ou horizontale : la s\u00e9rie Tauro de Fronius offre une flexibilit\u00e9 maximale dans la conception et l'installation de syst\u00e8mes photovolta\u00efques \u00e0 grande \u00e9chelle. La flexibilit\u00e9<br \/>\net la rentabilit\u00e9 du Tauro ECO peuvent \u00eatre combin\u00e9s selon les besoins. La protection int\u00e9gr\u00e9e contre les surtensions et la fonction AC Daisy Chaining r\u00e9duisent la n\u00e9cessit\u00e9 de recourir \u00e0 des syst\u00e8mes de protection contre les surtensions et \u00e0 des syst\u00e8mes de protection contre les surtensions.<br \/>\nles composants et le c\u00e2blage suppl\u00e9mentaires.<\/p>\n<h2>R\u00e9paration et durabilit\u00e9<\/h2>\n<p>Le Fronius Tauro d\u00e9montre l'importance de la durabilit\u00e9 \u00e0 chaque phase du cycle de vie du produit. Cet onduleur de projet est con\u00e7u pour une longue dur\u00e9e de vie et a \u00e9t\u00e9 con\u00e7u et produit en Autriche avec le moins de composants interchangeables possible. Cela fait du Tauro un appareil particuli\u00e8rement robuste qui, en cas de maintenance, n\u00e9cessite simplement le remplacement des diff\u00e9rentes pi\u00e8ces sur place, ce qui permet d'\u00e9conomiser du temps et des ressources.<\/p>\n<h2>D\u00e9tails techniques de l'onduleur triphas\u00e9 Fronius Tauro Eco 100-3-P - 4.210.303<\/h2>\n<ul>\n<li class=\"baywa-details-fields\"><span class=\"baywa-details-label\"><strong>Puissance :<\/strong> 10<\/span><span class=\"baywa-details-values\">0 000W<\/span><\/li>\n<li class=\"baywa-details-fields\"><span class=\"baywa-details-label\"><strong>AC<\/strong>: 10<\/span><span class=\"baywa-details-values\">0 000 W\u00a0 <\/span><\/li>\n<li class=\"baywa-details-fields\"><span class=\"baywa-details-label\"><strong>DC :<\/strong> 150<\/span><span class=\"baywa-details-values\">\u00a0000 W<\/span><\/li>\n<li class=\"baywa-details-fields\"><span class=\"baywa-details-label\"><strong>Efficacit\u00e9 :<\/strong> <\/span><span class=\"baywa-details-values\" style=\"color: #000000\">98,2%<\/span><\/li>\n<li class=\"baywa-details-fields\"><span class=\"baywa-details-label\"><strong>Phase :<\/strong> <\/span><span class=\"baywa-details-values\">Triphas\u00e9\u00a0<\/span><\/li>\n<li class=\"baywa-details-fields\"><span class=\"baywa-details-label\"><strong>MPPT :<\/strong><\/span><span class=\"baywa-details-values\"> 1<\/span><\/li>\n<li class=\"baywa-details-fields\"><span class=\"baywa-details-label\"><strong>Affichage :<\/strong><\/span><span class=\"baywa-details-values\">\u00a0Non<\/span><\/li>\n<li class=\"baywa-details-fields\"><span class=\"baywa-details-label\"><strong>Connecteur DC :<\/strong><\/span><span class=\"baywa-details-values\">\u00a0MC4\u00a0<\/span><\/li>\n<li class=\"baywa-details-fields\"><span class=\"baywa-details-label\"><strong>Optimiseurs :<\/strong><\/span><span class=\"baywa-details-values\">\u00a0non<\/span><\/li>\n<li class=\"baywa-details-fields\"><span class=\"baywa-details-label\"><strong>Protection IP :<\/strong><\/span><span class=\"baywa-details-values\">\u00a0IP65<\/span><\/li>\n<li class=\"baywa-details-fields\"><span class=\"baywa-details-label\"><strong>Piles compatibles :<\/strong><\/span><span class=\"baywa-details-values\">\u00a0non<\/span><\/li>\n<li class=\"baywa-details-fields\"><span class=\"baywa-details-label\"><strong>Dimensions :<\/strong><\/span><span class=\"baywa-details-values\"> 64,4 x 103,8 x 31,6 cm<\/span><\/li>\n<li class=\"baywa-details-fields\"><span class=\"baywa-details-label\"><strong>Poids :<\/strong> 105,0 kg<\/span><\/li>\n<li class=\"baywa-details-fields\"><span class=\"baywa-details-label\"><strong>Garantie du produit :<\/strong> <\/span><span class=\"baywa-details-values\">2 ans<\/span><\/li>\n<li><strong><span class=\"baywa-details-label\">Extension par : <\/span><\/strong><span class=\"baywa-details-values\">5 ans 10 ans 15 ans 20 ans<\/span><\/li>\n<li class=\"baywa-details-fields\"><span class=\"baywa-details-label\"><strong>Certificats : <\/strong><\/span><span class=\"baywa-details-values\">BE FR NL<\/span><\/li>\n<\/ul>\n<h3>Performance<\/h3>\n<p><img fetchpriority=\"high\" decoding=\"async\" class=\"size-full wp-image-16897\" src=\"https:\/\/fvcomponentes.com\/wp-content\/uploads\/2024\/07\/Inversor-Fronius-Tauro-Eco-50-3-D-Trifasico-4210306-Rendimiento.png\" alt=\"Fronius Tauro Eco 50-3-D Onduleur Fronius triphas\u00e9 - 4 210 306 - Efficacit\u00e9\" width=\"1056\" height=\"271\" title=\"\"><\/p>\n<h3>R\u00e9duction de la puissance<\/h3>\n<p><img decoding=\"async\" class=\"size-full wp-image-16898\" src=\"https:\/\/fvcomponentes.com\/wp-content\/uploads\/2024\/07\/Inversor-Fronius-Tauro-Eco-50-3-D-Trifasico-4210306-Potencia.png\" alt=\"Fronius Tauro Eco 50-3-D Onduleur Fronius triphas\u00e9 - 4 210 306 - Puissance\" width=\"1059\" height=\"275\" title=\"\"><\/p>\n<h2>Fiche technique de l'onduleur Fronius Tauro Eco 100-3-D triphas\u00e9 - 4 210 302<\/h2>\n<p><a href=\"https:\/\/fvcomponentes.com\/wp-content\/uploads\/2024\/07\/Ficha-tecnica-Inversor-Fronius-Tauro.pdf\" target=\"_blank\" rel=\"noopener\">Voir la fiche technique de l'onduleur Fronius Tauro Eco 100-3-D triphas\u00e9 - 4 210 302<\/a><\/p>","protected":false},"excerpt":{"rendered":"<p><strong><span style=\"color: #ff0000\">Derni\u00e8res unit\u00e9s disponibles \u00e0 partir du 22 mars 2026<\/span><\/strong><\/p>\n<ul>\n<li class=\"baywa-details-fields\"><span class=\"baywa-details-label\"><strong>Puissance :<\/strong> 10<\/span><span class=\"baywa-details-values\">0 000W<\/span><\/li>\n<li class=\"baywa-details-fields\"><span class=\"baywa-details-label\"><strong>Phase :<\/strong> <\/span><span class=\"baywa-details-values\">Triphas\u00e9\u00a0<\/span><\/li>\n<li class=\"baywa-details-fields\"><span class=\"baywa-details-label\"><strong>MPPT :<\/strong><\/span><span class=\"baywa-details-values\"> 1<\/span><\/li>\n<li class=\"baywa-details-fields\"><span class=\"baywa-details-label\"><strong>AC<\/strong>: 10<\/span><span class=\"baywa-details-values\">0 000 W\u00a0 <\/span><\/li>\n<li class=\"baywa-details-fields\"><span class=\"baywa-details-label\"><strong>DC :<\/strong> 150<\/span><span class=\"baywa-details-values\">\u00a0000 W<\/span><\/li>\n<li class=\"baywa-details-fields\"><span class=\"baywa-details-label\"><strong>Efficacit\u00e9 :<\/strong> 98,2%<\/span><span class=\"baywa-details-values\">\u00a0<\/span><\/li>\n<li class=\"baywa-details-fields\"><span class=\"baywa-details-label\"><strong>Connecteur DC :<\/strong> <\/span><span class=\"baywa-details-values\">MC4\u00a0<\/span><\/li>\n<li class=\"baywa-details-fields\"><span class=\"baywa-details-label\"><strong>Protection IP :<\/strong> <\/span><span class=\"baywa-details-values\">IP65<\/span><\/li>\n<\/ul>","protected":false},"featured_media":16906,"comment_status":"open","ping_status":"closed","template":"","meta":{"site-sidebar-layout":"default","site-content-layout":"default","ast-site-content-layout":"default","site-content-style":"default","site-sidebar-style":"default","ast-global-header-display":"","ast-banner-title-visibility":"","ast-main-header-display":"","ast-hfb-above-header-display":"","ast-hfb-below-header-display":"","ast-hfb-mobile-header-display":"","site-post-title":"","ast-breadcrumbs-content":"","ast-featured-img":"","footer-sml-layout":"","ast-disable-related-posts":"","theme-transparent-header-meta":"default","adv-header-id-meta":"","stick-header-meta":"","header-above-stick-meta":"","header-main-stick-meta":"","header-below-stick-meta":"","astra-migrate-meta-layouts":"set","ast-page-background-enabled":"default","ast-page-background-meta":{"desktop":{"background-color":"var(--ast-global-color-4)","background-image":"","background-repeat":"repeat","background-position":"center center","background-size":"auto","background-attachment":"scroll","background-type":"","background-media":"","overlay-type":"","overlay-color":"","overlay-opacity":"","overlay-gradient":""},"tablet":{"background-color":"","background-image":"","background-repeat":"repeat","background-position":"center center","background-size":"auto","background-attachment":"scroll","background-type":"","background-media":"","overlay-type":"","overlay-color":"","overlay-opacity":"","overlay-gradient":""},"mobile":{"background-color":"","background-image":"","background-repeat":"repeat","background-position":"center center","background-size":"auto","background-attachment":"scroll","background-type":"","background-media":"","overlay-type":"","overlay-color":"","overlay-opacity":"","overlay-gradient":""}},"ast-content-background-meta":{"desktop":{"background-color":"var(--ast-global-color-5)","background-image":"","background-repeat":"repeat","background-position":"center center","background-size":"auto","background-attachment":"scroll","background-type":"","background-media":"","overlay-type":"","overlay-color":"","overlay-opacity":"","overlay-gradient":""},"tablet":{"background-color":"var(--ast-global-color-5)","background-image":"","background-repeat":"repeat","background-position":"center center","background-size":"auto","background-attachment":"scroll","background-type":"","background-media":"","overlay-type":"","overlay-color":"","overlay-opacity":"","overlay-gradient":""},"mobile":{"background-color":"var(--ast-global-color-5)","background-image":"","background-repeat":"repeat","background-position":"center center","background-size":"auto","background-attachment":"scroll","background-type":"","background-media":"","overlay-type":"","overlay-color":"","overlay-opacity":"","overlay-gradient":""}}},"pwb-brand":[344],"product_brand":[],"product_cat":[345,333,921],"product_tag":[],"class_list":{"0":"post-16905","1":"product","2":"type-product","3":"status-publish","4":"has-post-thumbnail","6":"pwb-brand-fronius","7":"product_cat-inversores-de-autoconsumo","8":"product_cat-inversores","9":"product_cat-inversores-autoconsumo-trifasicos","10":"desktop-align-left","11":"tablet-align-left","12":"mobile-align-left","13":"ast-product-gallery-layout-horizontal-slider","14":"ast-product-gallery-with-no-image","15":"ast-product-tabs-layout-horizontal","17":"first","18":"onbackorder","19":"taxable","20":"shipping-taxable","21":"purchasable","22":"product-type-simple"},"wcpa_form_fields":null,"brands":[{"id":344,"name":"Onduleurs Fronius","slug":"fronius"}],"_links":{"self":[{"href":"https:\/\/fvcomponentes.com\/fr\/wp-json\/wp\/v2\/product\/16905","targetHints":{"allow":["GET"]}}],"collection":[{"href":"https:\/\/fvcomponentes.com\/fr\/wp-json\/wp\/v2\/product"}],"about":[{"href":"https:\/\/fvcomponentes.com\/fr\/wp-json\/wp\/v2\/types\/product"}],"replies":[{"embeddable":true,"href":"https:\/\/fvcomponentes.com\/fr\/wp-json\/wp\/v2\/comments?post=16905"}],"wp:featuredmedia":[{"embeddable":true,"href":"https:\/\/fvcomponentes.com\/fr\/wp-json\/wp\/v2\/media\/16906"}],"wp:attachment":[{"href":"https:\/\/fvcomponentes.com\/fr\/wp-json\/wp\/v2\/media?parent=16905"}],"wp:term":[{"taxonomy":"pwb-brand","embeddable":true,"href":"https:\/\/fvcomponentes.com\/fr\/wp-json\/wp\/v2\/pwb-brand?post=16905"},{"taxonomy":"product_brand","embeddable":true,"href":"https:\/\/fvcomponentes.com\/fr\/wp-json\/wp\/v2\/product_brand?post=16905"},{"taxonomy":"product_cat","embeddable":true,"href":"https:\/\/fvcomponentes.com\/fr\/wp-json\/wp\/v2\/product_cat?post=16905"},{"taxonomy":"product_tag","embeddable":true,"href":"https:\/\/fvcomponentes.com\/fr\/wp-json\/wp\/v2\/product_tag?post=16905"}],"curies":[{"name":"wp","href":"https:\/\/api.w.org\/{rel}","templated":true}]}}