{"id":16841,"date":"2024-07-23T09:35:07","date_gmt":"2024-07-23T07:35:07","guid":{"rendered":"https:\/\/fvcomponentes.com\/?post_type=product&#038;p=16841"},"modified":"2026-03-30T12:16:00","modified_gmt":"2026-03-30T10:16:00","slug":"onduleur-fronius-verto-27-0-spd-12-triphase-4210402","status":"publish","type":"product","link":"https:\/\/fvcomponentes.com\/fr\/producto\/inversor-fronius-verto-27-0-spd-12-trifasico-4210402-2\/","title":{"rendered":"Onduleur Fronius Verto 27.0 (SPD 1+2) triphas\u00e9 - 4 210 402"},"content":{"rendered":"<h2>Fronius Verto 27.0 Onduleur (SPD 1+2) Triphas\u00e9 - 4 210 402 Caract\u00e9ristiques<\/h2>\n<p>Fronius Verto 33.3 Inverter (SPD 1+2) Triphas\u00e9 - 4.210.406, l'onduleur adaptable pour les petites entreprises, les applications agricoles et les b\u00e2timents. Sa flexibilit\u00e9 en fait le choix id\u00e9al, qu'il s'agisse de construire un nouveau syst\u00e8me photovolta\u00efque ou d'\u00e9tendre un syst\u00e8me existant. Gr\u00e2ce \u00e0 ses fonctions de s\u00e9curit\u00e9 int\u00e9gr\u00e9es et \u00e0 sa gestion innovante des ombres, le Fronius Verto garantit un fonctionnement optimal. Notre onduleur flexible facilite l'int\u00e9gration dans le secteur de l'\u00e9nergie gr\u00e2ce \u00e0 ses interfaces ouvertes. Il est ainsi facile d'int\u00e9grer des stations de charge telles que Fronius Wattpilot et des r\u00e9gulateurs de consommation tels que Fronius Ohmpilot.<\/p>\n<h2>Flexibilit\u00e9 totale<\/h2>\n<p>Avec quatre trackers MPP \u00e0 courant \u00e9lev\u00e9 et une large plage de tension, le Fronius Verto offre une flexibilit\u00e9 maximale. L'onduleur est donc id\u00e9al pour les conceptions complexes et pour tous les besoins sp\u00e9cifiques. En outre, l'algorithme Dynamic Peak Manager int\u00e9gr\u00e9 du Fronius Verto permet aux utilisateurs d'obtenir des rendements optimaux m\u00eame dans les zones ombrag\u00e9es.<\/p>\n<h2>S\u00e9curit\u00e9 maximale<\/h2>\n<p>Avec un dispositif de protection contre les surtensions int\u00e9gr\u00e9 et un disjoncteur de fuite \u00e0 l'arc (AFCI), le Fronius Verto garantit les normes de s\u00e9curit\u00e9 les plus \u00e9lev\u00e9es d\u00e8s sa configuration de base, sans qu'il soit n\u00e9cessaire de payer pour des composants suppl\u00e9mentaires. Avec Fronius, vous pouvez \u00e9galement \u00eatre s\u00fbr que vos donn\u00e9es sont entre de bonnes mains : notre syst\u00e8me de s\u00e9curit\u00e9 informatique certifi\u00e9 ainsi que nos serveurs et notre stockage en nuage en Europe en sont les garants.<\/p>\n<h2>Utilisation optimale de l'onduleur Fronius Verto 27.0 (SPD 1+2) triphas\u00e9 - 4 210 402<\/h2>\n<p>Utilisez l'\u00e9nergie solaire exc\u00e9dentaire pour d'autres applications photovolta\u00efques telles que l'e-mobilit\u00e9 ou le chauffage, \u00e9conomisez des co\u00fbts et assurez un amortissement plus rapide de votre syst\u00e8me. Gr\u00e2ce \u00e0 ses interfaces ouvertes, le Fronius Verto permet l'int\u00e9gration de r\u00e9gulateurs de consommation tels que le <a href=\"https:\/\/fvcomponentes.com\/fr\/produit\/regulateur-de-consommation-fronius-ohmpilot-9-0-3-4050016\/\" target=\"_blank\" rel=\"noopener\">Fronius Ohmpilot 9.0-3 r\u00e9gulateur de consommation - 4 050 016 <\/a>et Fronius Wattpilot, <a href=\"https:\/\/fvcomponentes.com\/fr\/produit\/chargeur-de-voiture-electrique-fronius-wattpilot-go-22j-2-0-4240400\/\" target=\"_blank\" rel=\"noopener\">Fronius Wattpilot Go 22J 2.0 Chargeur de voiture \u00e9lectrique - 4 240 400<\/a>. Notre solution logicielle Fronius EMIL compl\u00e8te parfaitement votre installation photovolta\u00efque et alimente en \u00e9lectricit\u00e9 votre parc \u00e9lectronique selon un processus enti\u00e8rement automatis\u00e9 sur tous les sites. L'int\u00e9gration de pompes \u00e0 chaleur ou de syst\u00e8mes domestiques intelligents est \u00e9galement un processus simple avec Fronius Verto.<\/p>\n<h2>D\u00e9tails techniques de l'onduleur Fronius Verto 27.0 (SPD 1+2) triphas\u00e9 - 4.210.402<\/h2>\n<ul>\n<li class=\"baywa-details-fields\"><span class=\"baywa-details-label\"><strong>Puissance :<\/strong>\u00a0<\/span><span class=\"baywa-details-values\"> 27 000\u00a0<\/span><\/li>\n<li class=\"baywa-details-fields\"><span class=\"baywa-details-label\"><strong>AC<\/strong>:<\/span><span class=\"baywa-details-values\"> 27 000 W\u00a0<\/span><\/li>\n<li class=\"baywa-details-fields\"><span class=\"baywa-details-label\"><strong>DC :<\/strong>\u00a0<\/span><span class=\"baywa-details-values\"> 40 500 W<\/span><\/li>\n<li class=\"baywa-details-fields\"><span class=\"baywa-details-label\"><strong>Efficacit\u00e9 :<\/strong>\u00a0<\/span><span class=\"baywa-details-values\"> 97,79%<\/span><\/li>\n<li class=\"baywa-details-fields\"><span class=\"baywa-details-label\"><strong>Phase :<\/strong>\u00a0<\/span><span class=\"baywa-details-values\">\u00a0Triphas\u00e9\u00a0<\/span><\/li>\n<li class=\"baywa-details-fields\"><span class=\"baywa-details-label\"><strong>MPPT :<\/strong>\u00a0<\/span><span class=\"baywa-details-values\">\u00a04<\/span><\/li>\n<li class=\"baywa-details-fields\"><span class=\"baywa-details-label\"><strong>Affichage :<\/strong>\u00a0<\/span><span class=\"baywa-details-values\">\u00a0Non<\/span><\/li>\n<li class=\"baywa-details-fields\"><span class=\"baywa-details-label\"><strong>Connecteur DC :<\/strong>\u00a0<\/span><span class=\"baywa-details-values\">\u00a0MC4\u00a0<\/span><\/li>\n<li class=\"baywa-details-fields\"><span class=\"baywa-details-label\"><strong>Optimiseurs :<\/strong>\u00a0<\/span><span class=\"baywa-details-values\">\u00a0non<\/span><\/li>\n<li class=\"baywa-details-fields\"><span class=\"baywa-details-label\"><strong>Protection IP :<\/strong>\u00a0<\/span><span class=\"baywa-details-values\">\u00a0IP66<\/span><\/li>\n<li class=\"baywa-details-fields\"><span class=\"baywa-details-label\"><strong>Piles compatibles :<\/strong>\u00a0<\/span><span class=\"baywa-details-values\">\u00a0non<\/span><\/li>\n<li class=\"baywa-details-fields\"><span class=\"baywa-details-label\"><strong>Dimensions :<\/strong>\u00a0<\/span><span class=\"baywa-details-values\">\u00a086,5 x 57,4 x 27,8 cm\u00a0<\/span><\/li>\n<li class=\"baywa-details-fields\"><span class=\"baywa-details-label\"><strong>Poids :<\/strong>\u00a0<\/span><span class=\"baywa-details-values\">\u00a041,75kg<\/span><\/li>\n<li class=\"baywa-details-fields\"><span class=\"baywa-details-label\"><strong>Garantie du produit :<\/strong>\u00a0<\/span><span class=\"baywa-details-values\"> 2 ans<\/span><\/li>\n<li class=\"baywa-details-fields\"><span class=\"baywa-details-label\"><strong>Certificats :<\/strong>\u00a0<\/span><span class=\"baywa-details-values\">\u00a0LU DE<\/span><\/li>\n<\/ul>\n<h3>Efficacit\u00e9<\/h3>\n<p><img fetchpriority=\"high\" decoding=\"async\" class=\"wp-image-16846\" src=\"https:\/\/fvcomponentes.com\/wp-content\/uploads\/2024\/07\/Inversor-Fronius-Verto-27.0-SPD-12-Trifasico-4210402-Eficiencia.png\" alt=\"Fronius Verto 27.0 Onduleur (SPD 1+2) Triphas\u00e9 - 4 210 402 - Efficacit\u00e9\" width=\"624\" height=\"391\" title=\"\"><\/p>\n<p>&nbsp;<\/p>\n<h3>R\u00e9duction de la puissance<\/h3>\n<p><img decoding=\"async\" class=\"wp-image-16847\" src=\"https:\/\/fvcomponentes.com\/wp-content\/uploads\/2024\/07\/Inversor-Fronius-Verto-27.0-SPD-12-Trifasico-4210402-power.png\" alt=\"Fronius Verto 27.0 Onduleur (SPD 1+2) triphas\u00e9 - 4 210 402 - puissance\" width=\"619\" height=\"383\" title=\"\"><\/p>\n<h2>Fiche technique Fronius Inverter Verto 27.0 (SPD 1+2) Triphas\u00e9 - 4 210 402<\/h2>\n<p><a href=\"https:\/\/fvcomponentes.com\/wp-content\/uploads\/2024\/07\/Ficha-tecnica-Inversor-Fronius-Verto.pdf\" target=\"_blank\" rel=\"noopener\">Voir Fronius Verto 27.0 Onduleur (SPD 1+2) Triphas\u00e9 - 4 210 402<\/a><\/p>","protected":false},"excerpt":{"rendered":"<ul>\n<li class=\"baywa-details-fields\"><span class=\"baywa-details-label\"><strong>Puissance :<\/strong>\u00a0<\/span><span class=\"baywa-details-values\"> 27 000W<\/span><\/li>\n<li class=\"baywa-details-fields\"><span class=\"baywa-details-label\"><strong>Phase :<\/strong>\u00a0<\/span><span class=\"baywa-details-values\">\u00a0Triphas\u00e9\u00a0<\/span><\/li>\n<li><span class=\"baywa-details-label\"><strong>MPPT :<\/strong>\u00a0<\/span><span class=\"baywa-details-values\">\u00a04<\/span><\/li>\n<li class=\"baywa-details-fields\"><span class=\"baywa-details-label\"><strong>AC<\/strong>:<\/span><span class=\"baywa-details-values\"> 27 000 W\u00a0<\/span><\/li>\n<li class=\"baywa-details-fields\"><span class=\"baywa-details-label\"><strong>DC :<\/strong>\u00a0<\/span><span class=\"baywa-details-values\"> 40 500 W<\/span><\/li>\n<li><span class=\"baywa-details-label\"><strong>Efficacit\u00e9 :<\/strong>\u00a0<\/span><span class=\"baywa-details-values\"> 97,79%<\/span><\/li>\n<li class=\"baywa-details-fields\"><span class=\"baywa-details-label\"><strong>Connecteur DC :<\/strong>\u00a0<\/span><span class=\"baywa-details-values\">\u00a0MC4\u00a0<\/span><\/li>\n<li class=\"baywa-details-fields\"><span class=\"baywa-details-label\"><strong>Protection IP :<\/strong>\u00a0<\/span><span class=\"baywa-details-values\">\u00a0IP66<\/span><\/li>\n<\/ul>","protected":false},"featured_media":16845,"comment_status":"open","ping_status":"closed","template":"","meta":{"site-sidebar-layout":"default","site-content-layout":"default","ast-site-content-layout":"default","site-content-style":"default","site-sidebar-style":"default","ast-global-header-display":"","ast-banner-title-visibility":"","ast-main-header-display":"","ast-hfb-above-header-display":"","ast-hfb-below-header-display":"","ast-hfb-mobile-header-display":"","site-post-title":"","ast-breadcrumbs-content":"","ast-featured-img":"","footer-sml-layout":"","ast-disable-related-posts":"","theme-transparent-header-meta":"default","adv-header-id-meta":"","stick-header-meta":"","header-above-stick-meta":"","header-main-stick-meta":"","header-below-stick-meta":"","astra-migrate-meta-layouts":"set","ast-page-background-enabled":"default","ast-page-background-meta":{"desktop":{"background-color":"var(--ast-global-color-4)","background-image":"","background-repeat":"repeat","background-position":"center center","background-size":"auto","background-attachment":"scroll","background-type":"","background-media":"","overlay-type":"","overlay-color":"","overlay-opacity":"","overlay-gradient":""},"tablet":{"background-color":"","background-image":"","background-repeat":"repeat","background-position":"center center","background-size":"auto","background-attachment":"scroll","background-type":"","background-media":"","overlay-type":"","overlay-color":"","overlay-opacity":"","overlay-gradient":""},"mobile":{"background-color":"","background-image":"","background-repeat":"repeat","background-position":"center center","background-size":"auto","background-attachment":"scroll","background-type":"","background-media":"","overlay-type":"","overlay-color":"","overlay-opacity":"","overlay-gradient":""}},"ast-content-background-meta":{"desktop":{"background-color":"var(--ast-global-color-5)","background-image":"","background-repeat":"repeat","background-position":"center center","background-size":"auto","background-attachment":"scroll","background-type":"","background-media":"","overlay-type":"","overlay-color":"","overlay-opacity":"","overlay-gradient":""},"tablet":{"background-color":"var(--ast-global-color-5)","background-image":"","background-repeat":"repeat","background-position":"center center","background-size":"auto","background-attachment":"scroll","background-type":"","background-media":"","overlay-type":"","overlay-color":"","overlay-opacity":"","overlay-gradient":""},"mobile":{"background-color":"var(--ast-global-color-5)","background-image":"","background-repeat":"repeat","background-position":"center center","background-size":"auto","background-attachment":"scroll","background-type":"","background-media":"","overlay-type":"","overlay-color":"","overlay-opacity":"","overlay-gradient":""}}},"pwb-brand":[344],"product_brand":[],"product_cat":[345,333,921],"product_tag":[],"class_list":{"0":"post-16841","1":"product","2":"type-product","3":"status-publish","4":"has-post-thumbnail","6":"pwb-brand-fronius","7":"product_cat-inversores-de-autoconsumo","8":"product_cat-inversores","9":"product_cat-inversores-autoconsumo-trifasicos","10":"desktop-align-left","11":"tablet-align-left","12":"mobile-align-left","13":"ast-product-gallery-layout-horizontal-slider","14":"ast-product-tabs-layout-horizontal","16":"first","17":"instock","18":"taxable","19":"shipping-taxable","20":"purchasable","21":"product-type-simple"},"wcpa_form_fields":null,"brands":[{"id":344,"name":"Onduleurs Fronius","slug":"fronius"}],"_links":{"self":[{"href":"https:\/\/fvcomponentes.com\/fr\/wp-json\/wp\/v2\/product\/16841","targetHints":{"allow":["GET"]}}],"collection":[{"href":"https:\/\/fvcomponentes.com\/fr\/wp-json\/wp\/v2\/product"}],"about":[{"href":"https:\/\/fvcomponentes.com\/fr\/wp-json\/wp\/v2\/types\/product"}],"replies":[{"embeddable":true,"href":"https:\/\/fvcomponentes.com\/fr\/wp-json\/wp\/v2\/comments?post=16841"}],"wp:featuredmedia":[{"embeddable":true,"href":"https:\/\/fvcomponentes.com\/fr\/wp-json\/wp\/v2\/media\/16845"}],"wp:attachment":[{"href":"https:\/\/fvcomponentes.com\/fr\/wp-json\/wp\/v2\/media?parent=16841"}],"wp:term":[{"taxonomy":"pwb-brand","embeddable":true,"href":"https:\/\/fvcomponentes.com\/fr\/wp-json\/wp\/v2\/pwb-brand?post=16841"},{"taxonomy":"product_brand","embeddable":true,"href":"https:\/\/fvcomponentes.com\/fr\/wp-json\/wp\/v2\/product_brand?post=16841"},{"taxonomy":"product_cat","embeddable":true,"href":"https:\/\/fvcomponentes.com\/fr\/wp-json\/wp\/v2\/product_cat?post=16841"},{"taxonomy":"product_tag","embeddable":true,"href":"https:\/\/fvcomponentes.com\/fr\/wp-json\/wp\/v2\/product_tag?post=16841"}],"curies":[{"name":"wp","href":"https:\/\/api.w.org\/{rel}","templated":true}]}}