{"id":16783,"date":"2024-07-22T13:31:54","date_gmt":"2024-07-22T11:31:54","guid":{"rendered":"https:\/\/fvcomponentes.com\/?post_type=product&#038;p=16783"},"modified":"2026-03-30T12:16:54","modified_gmt":"2026-03-30T10:16:54","slug":"compteur-denergie-fronius-smart-meter-63a-3-4300011473","status":"publish","type":"product","link":"https:\/\/fvcomponentes.com\/fr\/producto\/medidor-de-energia-fronius-smart-meter-63a-3-4300011473\/","title":{"rendered":"Compteur d'\u00e9nergie Fronius Smart Meter 63A-3 - 43,0001,1473"},"content":{"rendered":"<h2>Caract\u00e9ristiques du Fronius Smart Meter 63A-3 - 43,0001,1473<\/h2>\n<div>Le Fronius Smart Meter 63A-3 - 43,0001,1473 est un compteur d'\u00e9nergie bidirectionnel qui optimise l'autoconsommation et enregistre la courbe de consommation du m\u00e9nage. Gr\u00e2ce \u00e0 un comptage de haute pr\u00e9cision et \u00e0 une communication rapide via l'interface Modbus RTU, la limitation de la puissance \u00e0 distance, lorsque des limites sont impos\u00e9es, est plus rapide et plus pr\u00e9cise qu'avec le r\u00e9gulateur S0. Avec Fronius Solar.web, il fournit une vue d'ensemble d\u00e9taill\u00e9e de la consommation d'\u00e9nergie dans le foyer.<\/div>\n<div><\/div>\n<div>\n<p>Pour la solution de stockage Fronius Energy Package bas\u00e9e sur le Fronius Symo Hybrid, le Fronius Smart Meter permet une gestion syst\u00e9matis\u00e9e des diff\u00e9rents flux d'\u00e9nergie, optimisant ainsi l'\u00e9nergie totale. Il est parfaitement adapt\u00e9 aux Fronius Symo, Fronius Symo Hybrid, Fronius Galvo, Fronius Primo, Fronius Eco, Fronius GEN24 et Fronius Datamanager 2.0.<\/p>\n<\/div>\n<div><\/div>\n<h2>Avantages du compteur d'\u00e9nergie Fronius Smart Meter 63A-3<\/h2>\n<ul>\n<li>Limitation rapide et pr\u00e9cise de la puissance \u00e0 distance<\/li>\n<li>Avec le Fronius Solar.web, il fournit une vue d'ensemble d\u00e9taill\u00e9e de la consommation d'\u00e9nergie de votre foyer.<\/li>\n<li>Optimiser la gestion de l'\u00e9nergie avec la solution de stockage Fronius Energy Package<\/li>\n<\/ul>\n<div>\n<p><img fetchpriority=\"high\" decoding=\"async\" class=\"size-full wp-image-16786\" src=\"https:\/\/fvcomponentes.com\/wp-content\/uploads\/2024\/07\/Fronius-Smart-Meter-63A-3-4300011473.png\" alt=\"Fronius Smart Meter 63A-3 - 43,0001,1473\" width=\"1315\" height=\"683\" title=\"\"><\/p>\n<\/div>\n<h3>Caract\u00e9ristiques<\/h3>\n<div class=\"table-responsive\">\n<table>\n<tbody>\n<tr>\n<th style=\"text-align: left\">Tension nominale<\/th>\n<td style=\"text-align: left\">400 - 415 V<\/td>\n<\/tr>\n<tr>\n<th style=\"text-align: left\">Courant maximum<\/th>\n<td style=\"text-align: left\">3 x 63A<\/td>\n<\/tr>\n<tr>\n<th style=\"text-align: left\">Section du c\u00e2ble d'alimentation<\/th>\n<td>1-16mm\u00b2 1-16mm\u00b2 1-16mm\u00b2 1-16mm\u00b2 1-16mm\u00b2 1-16mm\u00b2 1-16mm\u00b2 1-16mm\u00b2 1-16mm<\/td>\n<\/tr>\n<tr>\n<th style=\"text-align: left\">Section du c\u00e2ble de communication et du c\u00e2ble neutre<\/th>\n<td style=\"text-align: left\">0,05mm\u00b2 0,05mm\u00b2 0,05mm\u00b2 0,05mm\u00b2 0,05mm\u00b2 0,05mm\u00b2 0,05mm<\/td>\n<\/tr>\n<tr>\n<th style=\"text-align: left\">Consommation d'\u00e9nergie<\/th>\n<td style=\"text-align: left\">1,5 W<\/td>\n<\/tr>\n<tr>\n<th style=\"text-align: left\">Intensit\u00e9 de d\u00e9part<\/th>\n<td>40 mA<\/td>\n<\/tr>\n<tr>\n<th style=\"text-align: left\">Classe de protection<\/th>\n<td style=\"text-align: left\">IP 51 (cadre avant), IP 20 (bornes)<\/td>\n<\/tr>\n<tr>\n<th style=\"text-align: left\">Surintensit\u00e9 \u00e0 court terme<\/th>\n<td style=\"text-align: left\">30 x Imax \/ 0,5 s<\/td>\n<\/tr>\n<tr>\n<th style=\"text-align: left\">Plage de temp\u00e9rature de fonctionnement<\/th>\n<td>-25 - +55\u00b0C<\/td>\n<\/tr>\n<tr>\n<th style=\"text-align: left\">Dimension (largeur)<\/th>\n<td>71,2 mm<\/td>\n<\/tr>\n<tr>\n<th style=\"text-align: left\">Dimension (hauteur)<\/th>\n<td>89 mm<\/td>\n<\/tr>\n<tr>\n<th style=\"text-align: left\">Dimension (profondeur)<\/th>\n<td>65,6 mm<\/td>\n<\/tr>\n<tr>\n<th style=\"text-align: left\">Poids<\/th>\n<td style=\"text-align: left\">0,24 kg<\/td>\n<\/tr>\n<\/tbody>\n<\/table>\n<h2>Fiche technique Fronius Smart Meter 63A-3 Compteur d'\u00e9nergie - 43,0001,1473<\/h2>\n<p><a href=\"https:\/\/fvcomponentes.com\/wp-content\/uploads\/2024\/07\/Fronius_TDS_Smart_Meter_63A-1_63A-3_50KA_ES.pdf\" target=\"_blank\" rel=\"noopener\">Voir la fiche technique Fronius Smart Meter 63A-3 Compteur d'\u00e9nergie<\/a><\/p>\n<\/div>","protected":false},"excerpt":{"rendered":"<p>Fronius - Compteur triphas\u00e9 \u00e0 mesure directe 65A pour la mesure de la consommation avec des onduleurs <a href=\"https:\/\/fvcomponentes.com\/fr\/categorie-de-produits\/investisseurs-2\/onduleurs-dautoconsommation\/\" target=\"_blank\" rel=\"noopener\">Fronius Symo<\/a><\/p>\n<p>&nbsp;<\/p>","protected":false},"featured_media":16788,"comment_status":"open","ping_status":"closed","template":"","meta":{"site-sidebar-layout":"default","site-content-layout":"default","ast-site-content-layout":"default","site-content-style":"default","site-sidebar-style":"default","ast-global-header-display":"","ast-banner-title-visibility":"","ast-main-header-display":"","ast-hfb-above-header-display":"","ast-hfb-below-header-display":"","ast-hfb-mobile-header-display":"","site-post-title":"","ast-breadcrumbs-content":"","ast-featured-img":"","footer-sml-layout":"","ast-disable-related-posts":"","theme-transparent-header-meta":"default","adv-header-id-meta":"","stick-header-meta":"","header-above-stick-meta":"","header-main-stick-meta":"","header-below-stick-meta":"","astra-migrate-meta-layouts":"set","ast-page-background-enabled":"default","ast-page-background-meta":{"desktop":{"background-color":"var(--ast-global-color-4)","background-image":"","background-repeat":"repeat","background-position":"center center","background-size":"auto","background-attachment":"scroll","background-type":"","background-media":"","overlay-type":"","overlay-color":"","overlay-opacity":"","overlay-gradient":""},"tablet":{"background-color":"","background-image":"","background-repeat":"repeat","background-position":"center center","background-size":"auto","background-attachment":"scroll","background-type":"","background-media":"","overlay-type":"","overlay-color":"","overlay-opacity":"","overlay-gradient":""},"mobile":{"background-color":"","background-image":"","background-repeat":"repeat","background-position":"center center","background-size":"auto","background-attachment":"scroll","background-type":"","background-media":"","overlay-type":"","overlay-color":"","overlay-opacity":"","overlay-gradient":""}},"ast-content-background-meta":{"desktop":{"background-color":"var(--ast-global-color-5)","background-image":"","background-repeat":"repeat","background-position":"center center","background-size":"auto","background-attachment":"scroll","background-type":"","background-media":"","overlay-type":"","overlay-color":"","overlay-opacity":"","overlay-gradient":""},"tablet":{"background-color":"var(--ast-global-color-5)","background-image":"","background-repeat":"repeat","background-position":"center center","background-size":"auto","background-attachment":"scroll","background-type":"","background-media":"","overlay-type":"","overlay-color":"","overlay-opacity":"","overlay-gradient":""},"mobile":{"background-color":"var(--ast-global-color-5)","background-image":"","background-repeat":"repeat","background-position":"center center","background-size":"auto","background-attachment":"scroll","background-type":"","background-media":"","overlay-type":"","overlay-color":"","overlay-opacity":"","overlay-gradient":""}}},"pwb-brand":[344],"product_brand":[],"product_cat":[349,333],"product_tag":[],"class_list":{"0":"post-16783","1":"product","2":"type-product","3":"status-publish","4":"has-post-thumbnail","6":"pwb-brand-fronius","7":"product_cat-meters","8":"product_cat-inversores","9":"desktop-align-left","10":"tablet-align-left","11":"mobile-align-left","12":"ast-product-gallery-layout-horizontal-slider","13":"ast-product-gallery-with-no-image","14":"ast-product-tabs-layout-horizontal","16":"first","17":"instock","18":"taxable","19":"shipping-taxable","20":"purchasable","21":"product-type-simple"},"wcpa_form_fields":null,"brands":[{"id":344,"name":"Onduleurs Fronius","slug":"fronius"}],"_links":{"self":[{"href":"https:\/\/fvcomponentes.com\/fr\/wp-json\/wp\/v2\/product\/16783","targetHints":{"allow":["GET"]}}],"collection":[{"href":"https:\/\/fvcomponentes.com\/fr\/wp-json\/wp\/v2\/product"}],"about":[{"href":"https:\/\/fvcomponentes.com\/fr\/wp-json\/wp\/v2\/types\/product"}],"replies":[{"embeddable":true,"href":"https:\/\/fvcomponentes.com\/fr\/wp-json\/wp\/v2\/comments?post=16783"}],"wp:featuredmedia":[{"embeddable":true,"href":"https:\/\/fvcomponentes.com\/fr\/wp-json\/wp\/v2\/media\/16788"}],"wp:attachment":[{"href":"https:\/\/fvcomponentes.com\/fr\/wp-json\/wp\/v2\/media?parent=16783"}],"wp:term":[{"taxonomy":"pwb-brand","embeddable":true,"href":"https:\/\/fvcomponentes.com\/fr\/wp-json\/wp\/v2\/pwb-brand?post=16783"},{"taxonomy":"product_brand","embeddable":true,"href":"https:\/\/fvcomponentes.com\/fr\/wp-json\/wp\/v2\/product_brand?post=16783"},{"taxonomy":"product_cat","embeddable":true,"href":"https:\/\/fvcomponentes.com\/fr\/wp-json\/wp\/v2\/product_cat?post=16783"},{"taxonomy":"product_tag","embeddable":true,"href":"https:\/\/fvcomponentes.com\/fr\/wp-json\/wp\/v2\/product_tag?post=16783"}],"curies":[{"name":"wp","href":"https:\/\/api.w.org\/{rel}","templated":true}]}}