{"id":16762,"date":"2024-07-22T10:05:34","date_gmt":"2024-07-22T08:05:34","guid":{"rendered":"https:\/\/fvcomponentes.com\/?post_type=product&#038;p=16762"},"modified":"2024-08-09T22:26:35","modified_gmt":"2024-08-09T20:26:35","slug":"routeur-sans-fil-4g-tp-link-tl-mr100-300mbps-2-4ghz-2-antennes-wifi-802-11b-g-n-tpl-rou-tl-mr100","status":"publish","type":"product","link":"https:\/\/fvcomponentes.com\/fr\/producto\/router-inalambrico-4g-tp-link-tl-mr100-300mbps-2-4ghz-2-antenas-wifi-802-11b-g-n-tpl-rou-tl-mr100\/","title":{"rendered":"Routeur sans fil 4G TP-Link TL-MR100 300Mbps\/ 2.4GHz\/ 2 Antennes\/ WiFi 802.11b\/g\/n - TPL-ROU TL-MR100"},"content":{"rendered":"<h2>TP-Link TL-MR100 300Mbps\/ 2.4GHz\/ 2 Antennes\/ 802.11b\/g\/n WiFi - TPL-ROU TL-MR100 4G Wireless Router Features<\/h2>\n<h2><\/h2>\n<h2>Plug &amp; Play, aucune configuration requise<\/h2>\n<p>Avec un modem 4G LTE int\u00e9gr\u00e9 et un emplacement pour carte SIM, il suffit d'ins\u00e9rer une carte micro SIM pour profiter d'un Wi-Fi rapide et stable sur un r\u00e9seau 4G LTE.<\/p>\n<h2>Partagez votre r\u00e9seau 4G LTE<\/h2>\n<ul>\n<li>Tirez le meilleur parti de votre routeur sans fil TP-Link TL-MR100 300Mbps\/ 2.4GHz\/ 2 Antennes\/ 802.11b\/g\/n WiFi 4G - TPL-ROU TL-MR100 ; vitesses de t\u00e9l\u00e9chargement jusqu'\u00e0 150 Mbps.<\/li>\n<li>Partagez le r\u00e9seau 4G LTE avec plusieurs appareils Wi-Fi : jusqu'\u00e0 32 simultan\u00e9ment.<\/li>\n<li>Enti\u00e8rement compatible FDD-LTE et TDD-LTE pour fonctionner avec la plupart des op\u00e9rateurs dans le monde.<\/li>\n<li>2 antennes LTE avanc\u00e9es d\u00e9tachables pour une connexion sans faille.<\/li>\n<li>4 ports LAN sont pr\u00eats \u00e0 fournir l'Internet \u00e0 des appareils c\u00e2bl\u00e9s tels que des ordinateurs de bureau.<\/li>\n<\/ul>\n<h2>TP-Link TL-MR100 300Mbps\/ 2.4GHz\/ 2 Antennes\/ 802.11b\/g\/n WiFi - TPL-ROU TL-MR100 4G Wireless Router Hardware Features<\/h2>\n<ul>\n<li>Interface : 1 x 10 \/ 100Mbps port LAN, 1 x 10 \/ 100Mbps port LAN \/ WAN,<\/li>\n<li>1 emplacement pour carte micro SIM<\/li>\n<li>Boutons : Bouton WPS\/Reset<\/li>\n<li>Alimentation externe (UE) : 9V\/0,85A<\/li>\n<li>Dimensions : 154\u00d7114\u00d736 mm (6.06\u00d74.49\u00d71.42 in)<\/li>\n<li>Antennes : 2 antennes 4G LTE externes d\u00e9tachables<\/li>\n<\/ul>\n<h2>Fonctions sans fil<\/h2>\n<ul>\n<li>Normes sans fil : IEEE 802.11b\/g\/n<\/li>\n<li>Fr\u00e9quence : 2,4 GHz<\/li>\n<li>D\u00e9bit du signal : 300 Mbps<\/li>\n<li>Sensibilit\u00e9 de r\u00e9ception : 11g 54M : -74 dBm<\/li>\n<li>11n HT20 : -71 dBm<\/li>\n<li>11n HT40 : -68 dBm<\/li>\n<li>Puissance d'\u00e9mission : &lt; 20 dBm (2,4 GHz)<\/li>\n<li>Fonctions sans fil : activation\/d\u00e9sactivation de la radio sans fil, programmation sans fil, WMM, statistiques sans fil<\/li>\n<li>Basculement WAN : Oui<\/li>\n<li>S\u00e9curit\u00e9 sans fil : cryptage WEP 64\/128 bits, WPA\/WPA2, WPA-PSK\/WPA2-PSK<\/li>\n<li>Type de r\u00e9seau : 4G : FDD-LTE : B1\/B3\/B5\/B7\/B8\/B20 (2100\/1800\/850\/2600\/900\/800 MHz)<\/li>\n<li>TDD-LTE : B38\/B40\/B41 (2600\/2300\/2500 MHz)<\/li>\n<li>3G : HSPA\/UMTS : B1\/B5\/B8 (2100\/850\/900 MHz)<\/li>\n<\/ul>\n<h2>Caract\u00e9ristiques du logiciel<\/h2>\n<ul>\n<li>S\u00e9curit\u00e9 : pare-feu SPI IPv4, liaison des adresses IP et MAC<\/li>\n<li>Mode de fonctionnement : routeur 3G \/ 4G, routeur sans fil<\/li>\n<li>Type de r\u00e9seau \u00e9tendu : IP dynamique \/ IP statique \/ PPPoE \/ PPTP (double acc\u00e8s) \/ L2TP (double acc\u00e8s)<\/li>\n<li>Gestion : gestion locale, gestion \u00e0 distance<\/li>\n<li>DHCP : serveur DHCP, liste de clients DHCP, r\u00e9servation d'adresses DHCP<\/li>\n<li>Transfert de port : ALG, serveur virtuel, activation de port, UPnP, DMZ<\/li>\n<li>DNS dynamique : DynDns, NO-IP<\/li>\n<li>Protocoles : IPv4, IPv6<\/li>\n<li>R\u00e9seau invit\u00e9 : R\u00e9seau invit\u00e9 2,4 GHz<\/li>\n<li>Administration : mise \u00e0 jour du micrologiciel, valeurs par d\u00e9faut, registre du syst\u00e8me, outils de diagnostic<\/li>\n<\/ul>\n<h2>Autres sp\u00e9cifications du TP-Link TL-MR100 300Mbps\/ 2.4GHz\/ 2 Antennes\/ 802.11b\/g\/n WiFi 4G Wireless Router - TPL-ROU TL-MR100<\/h2>\n<ul>\n<li>Certifications : CE, RoHS<\/li>\n<li>Contenu de l'emballage : 300Mbps Wireless N 4G LTE TL-MR100<\/li>\n<li>Adaptateur \u00e9lectrique<\/li>\n<li>C\u00e2ble Ethernet RJ45<\/li>\n<li>Guide d'installation rapide<\/li>\n<li>Configuration requise : Microsoft Windows 98SE \/ NT \/ 2000 \/ XP \/ Vista \u2122 \/ 7\/8 \/ 8.1 \/ 10, MAC OS, NetWare, UNIX ou Linux<\/li>\n<li>Internet Explorer 11, Firefox 12.0, Chrome 20.0, Safari 4.0 ou autre<\/li>\n<li>Navigateur compatible avec Java<\/li>\n<li>Carte micro SIM<\/li>\n<li>Facteurs environnementaux : Temp\u00e9rature de fonctionnement : 0\u2103~40\u2103 (32\u2109~104\u2109).<\/li>\n<li>Temp\u00e9rature de stockage : -40\u2103~70\u2103 (-40\u2109~158\u2109)<\/li>\n<li>Humidit\u00e9 de fonctionnement : 10%~90% sans condensation<\/li>\n<li>Humidit\u00e9 de stockage : 5%~90% sans condensation<\/li>\n<\/ul>","protected":false},"excerpt":{"rendered":"<p><span style=\"color: #ff0000;\"><strong>Vous souhaitez connecter votre installation Victron \u00e0 l'internet ? Vous avez besoin de connecter le Cerbo GX \u00e0 l'internet ? Ce routeur 4G est votre solution.<\/strong><\/span><\/p>\n<p><strong>Gr\u00e2ce \u00e0 une carte t\u00e9l\u00e9phonique avec un tarif internet, vous pouvez fournir \u00e0 votre installation Victron un acc\u00e8s internet et vous connecter \u00e0 distance quand vous le souhaitez.<\/strong><\/p>\n<ul>\n<li>Modem 4G LTE int\u00e9gr\u00e9<\/li>\n<li>Emplacement pour carte SIM int\u00e9gr\u00e9e<\/li>\n<li>Fr\u00e9quence : 2,4 GHz<\/li>\n<li>D\u00e9bit du signal : 300 Mbps<\/li>\n<\/ul>","protected":false},"featured_media":16768,"comment_status":"open","ping_status":"closed","template":"","meta":{"site-sidebar-layout":"default","site-content-layout":"default","ast-site-content-layout":"default","site-content-style":"default","site-sidebar-style":"default","ast-global-header-display":"","ast-banner-title-visibility":"","ast-main-header-display":"","ast-hfb-above-header-display":"","ast-hfb-below-header-display":"","ast-hfb-mobile-header-display":"","site-post-title":"","ast-breadcrumbs-content":"","ast-featured-img":"","footer-sml-layout":"","ast-disable-related-posts":"","theme-transparent-header-meta":"default","adv-header-id-meta":"","stick-header-meta":"","header-above-stick-meta":"","header-main-stick-meta":"","header-below-stick-meta":"","astra-migrate-meta-layouts":"set","ast-page-background-enabled":"default","ast-page-background-meta":{"desktop":{"background-color":"var(--ast-global-color-4)","background-image":"","background-repeat":"repeat","background-position":"center center","background-size":"auto","background-attachment":"scroll","background-type":"","background-media":"","overlay-type":"","overlay-color":"","overlay-opacity":"","overlay-gradient":""},"tablet":{"background-color":"","background-image":"","background-repeat":"repeat","background-position":"center center","background-size":"auto","background-attachment":"scroll","background-type":"","background-media":"","overlay-type":"","overlay-color":"","overlay-opacity":"","overlay-gradient":""},"mobile":{"background-color":"","background-image":"","background-repeat":"repeat","background-position":"center center","background-size":"auto","background-attachment":"scroll","background-type":"","background-media":"","overlay-type":"","overlay-color":"","overlay-opacity":"","overlay-gradient":""}},"ast-content-background-meta":{"desktop":{"background-color":"var(--ast-global-color-5)","background-image":"","background-repeat":"repeat","background-position":"center center","background-size":"auto","background-attachment":"scroll","background-type":"","background-media":"","overlay-type":"","overlay-color":"","overlay-opacity":"","overlay-gradient":""},"tablet":{"background-color":"var(--ast-global-color-5)","background-image":"","background-repeat":"repeat","background-position":"center center","background-size":"auto","background-attachment":"scroll","background-type":"","background-media":"","overlay-type":"","overlay-color":"","overlay-opacity":"","overlay-gradient":""},"mobile":{"background-color":"var(--ast-global-color-5)","background-image":"","background-repeat":"repeat","background-position":"center center","background-size":"auto","background-attachment":"scroll","background-type":"","background-media":"","overlay-type":"","overlay-color":"","overlay-opacity":"","overlay-gradient":""}}},"pwb-brand":[332],"product_brand":[],"product_cat":[333,934],"product_tag":[],"class_list":{"0":"post-16762","1":"product","2":"type-product","3":"status-publish","4":"has-post-thumbnail","6":"pwb-brand-victron","7":"product_cat-inversores","8":"product_cat-monitorizacion","9":"desktop-align-left","10":"tablet-align-left","11":"mobile-align-left","12":"ast-product-gallery-layout-horizontal-slider","13":"ast-product-gallery-with-no-image","14":"ast-product-tabs-layout-horizontal","16":"first","17":"instock","18":"taxable","19":"shipping-taxable","20":"purchasable","21":"product-type-simple"},"wcpa_form_fields":null,"brands":[{"id":332,"name":"Victron Energy","slug":"victron"}],"_links":{"self":[{"href":"https:\/\/fvcomponentes.com\/fr\/wp-json\/wp\/v2\/product\/16762","targetHints":{"allow":["GET"]}}],"collection":[{"href":"https:\/\/fvcomponentes.com\/fr\/wp-json\/wp\/v2\/product"}],"about":[{"href":"https:\/\/fvcomponentes.com\/fr\/wp-json\/wp\/v2\/types\/product"}],"replies":[{"embeddable":true,"href":"https:\/\/fvcomponentes.com\/fr\/wp-json\/wp\/v2\/comments?post=16762"}],"wp:featuredmedia":[{"embeddable":true,"href":"https:\/\/fvcomponentes.com\/fr\/wp-json\/wp\/v2\/media\/16768"}],"wp:attachment":[{"href":"https:\/\/fvcomponentes.com\/fr\/wp-json\/wp\/v2\/media?parent=16762"}],"wp:term":[{"taxonomy":"pwb-brand","embeddable":true,"href":"https:\/\/fvcomponentes.com\/fr\/wp-json\/wp\/v2\/pwb-brand?post=16762"},{"taxonomy":"product_brand","embeddable":true,"href":"https:\/\/fvcomponentes.com\/fr\/wp-json\/wp\/v2\/product_brand?post=16762"},{"taxonomy":"product_cat","embeddable":true,"href":"https:\/\/fvcomponentes.com\/fr\/wp-json\/wp\/v2\/product_cat?post=16762"},{"taxonomy":"product_tag","embeddable":true,"href":"https:\/\/fvcomponentes.com\/fr\/wp-json\/wp\/v2\/product_tag?post=16762"}],"curies":[{"name":"wp","href":"https:\/\/api.w.org\/{rel}","templated":true}]}}