{"id":16692,"date":"2024-07-18T12:30:53","date_gmt":"2024-07-18T10:30:53","guid":{"rendered":"https:\/\/fvcomponentes.com\/?post_type=product&#038;p=16692"},"modified":"2025-03-30T18:57:14","modified_gmt":"2025-03-30T16:57:14","slug":"fronius-3kwp-self-consumption-solar-kit","status":"publish","type":"product","link":"https:\/\/fvcomponentes.com\/fr\/producto\/kit-solar-autoconsumo-3kwp-fronius\/","title":{"rendered":"Kit solaire d'autoconsommation Fronius 3kWp"},"content":{"rendered":"<h2>Kit solaire d'autoconsommation Fronius 3kWp<\/h2>\n<p>Contenu du kit :<\/p>\n<ul>\n<li>1 Onduleur Fronius Primo GEN24 Plus 3.0 Hybride Monophas\u00e9<\/li>\n<li>6-8 Jinko Panneaux solaires 590W TIGER-NEO-72HL4-V<\/li>\n<li>1 Fronius Smart Meter TS 100A-1 Compteur d'\u00e9nergie monophas\u00e9<\/li>\n<li>Connecteurs MC4 pour panneaux solaires (1 positif + 1 n\u00e9gatif)- Koban<\/li>\n<li>30-50 m\u00e8tres C\u00e2ble solaire photovolta\u00efque HIS SOL H1Z2Z2-K - 4mm\u00b2 rouge<\/li>\n<li>30-50 m\u00e8tres C\u00e2ble solaire photovolta\u00efque HIS SOL H1Z2Z2-K - 4mm\u00b2 noir<\/li>\n<\/ul>","protected":false},"excerpt":{"rendered":"<p>Kit Solar Autoconsumo 3kWp Fronius Contenido del kit: 1 Inversor Fronius Primo GEN24 Plus 3.0 H\u00edbrido Monof\u00e1sico 6-8 Placas Solares Jinko 590W TIGER-NEO-72HL4-V 1 Medidor de energ\u00eda Fronius Smart Meter TS 100A-1 Monof\u00e1sico 4 Conectores MC4 para paneles solares (1 positivo + 1 negativo)- Koban 30-50 metros Cable solar fotovoltaico HIS SOL H1Z2Z2-K &#8211; 4mm\u00b2 [&hellip;]<\/p>\n","protected":false},"featured_media":16759,"comment_status":"open","ping_status":"closed","template":"","meta":{"site-sidebar-layout":"default","site-content-layout":"","ast-site-content-layout":"default","site-content-style":"default","site-sidebar-style":"default","ast-global-header-display":"","ast-banner-title-visibility":"","ast-main-header-display":"","ast-hfb-above-header-display":"","ast-hfb-below-header-display":"","ast-hfb-mobile-header-display":"","site-post-title":"","ast-breadcrumbs-content":"","ast-featured-img":"","footer-sml-layout":"","ast-disable-related-posts":"","theme-transparent-header-meta":"default","adv-header-id-meta":"","stick-header-meta":"","header-above-stick-meta":"","header-main-stick-meta":"","header-below-stick-meta":"","astra-migrate-meta-layouts":"set","ast-page-background-enabled":"default","ast-page-background-meta":{"desktop":{"background-color":"var(--ast-global-color-4)","background-image":"","background-repeat":"repeat","background-position":"center center","background-size":"auto","background-attachment":"scroll","background-type":"","background-media":"","overlay-type":"","overlay-color":"","overlay-opacity":"","overlay-gradient":""},"tablet":{"background-color":"","background-image":"","background-repeat":"repeat","background-position":"center center","background-size":"auto","background-attachment":"scroll","background-type":"","background-media":"","overlay-type":"","overlay-color":"","overlay-opacity":"","overlay-gradient":""},"mobile":{"background-color":"","background-image":"","background-repeat":"repeat","background-position":"center center","background-size":"auto","background-attachment":"scroll","background-type":"","background-media":"","overlay-type":"","overlay-color":"","overlay-opacity":"","overlay-gradient":""}},"ast-content-background-meta":{"desktop":{"background-color":"var(--ast-global-color-5)","background-image":"","background-repeat":"repeat","background-position":"center center","background-size":"auto","background-attachment":"scroll","background-type":"","background-media":"","overlay-type":"","overlay-color":"","overlay-opacity":"","overlay-gradient":""},"tablet":{"background-color":"var(--ast-global-color-5)","background-image":"","background-repeat":"repeat","background-position":"center center","background-size":"auto","background-attachment":"scroll","background-type":"","background-media":"","overlay-type":"","overlay-color":"","overlay-opacity":"","overlay-gradient":""},"mobile":{"background-color":"var(--ast-global-color-5)","background-image":"","background-repeat":"repeat","background-position":"center center","background-size":"auto","background-attachment":"scroll","background-type":"","background-media":"","overlay-type":"","overlay-color":"","overlay-opacity":"","overlay-gradient":""}}},"pwb-brand":[344],"product_brand":[],"product_cat":[464,466],"product_tag":[],"class_list":{"0":"post-16692","1":"product","2":"type-product","3":"status-publish","4":"has-post-thumbnail","6":"pwb-brand-fronius","7":"product_cat-kits-solares","8":"product_cat-kit-solar-autoconsumo","9":"desktop-align-left","10":"tablet-align-left","11":"mobile-align-left","12":"ast-product-gallery-layout-horizontal-slider","13":"ast-product-gallery-with-no-image","14":"ast-product-tabs-layout-horizontal","16":"first","17":"instock","18":"taxable","19":"shipping-taxable","20":"purchasable","21":"product-type-yith_bundle"},"wcpa_form_fields":null,"brands":[{"id":344,"name":"Onduleurs Fronius","slug":"fronius"}],"_links":{"self":[{"href":"https:\/\/fvcomponentes.com\/fr\/wp-json\/wp\/v2\/product\/16692","targetHints":{"allow":["GET"]}}],"collection":[{"href":"https:\/\/fvcomponentes.com\/fr\/wp-json\/wp\/v2\/product"}],"about":[{"href":"https:\/\/fvcomponentes.com\/fr\/wp-json\/wp\/v2\/types\/product"}],"replies":[{"embeddable":true,"href":"https:\/\/fvcomponentes.com\/fr\/wp-json\/wp\/v2\/comments?post=16692"}],"wp:featuredmedia":[{"embeddable":true,"href":"https:\/\/fvcomponentes.com\/fr\/wp-json\/wp\/v2\/media\/16759"}],"wp:attachment":[{"href":"https:\/\/fvcomponentes.com\/fr\/wp-json\/wp\/v2\/media?parent=16692"}],"wp:term":[{"taxonomy":"pwb-brand","embeddable":true,"href":"https:\/\/fvcomponentes.com\/fr\/wp-json\/wp\/v2\/pwb-brand?post=16692"},{"taxonomy":"product_brand","embeddable":true,"href":"https:\/\/fvcomponentes.com\/fr\/wp-json\/wp\/v2\/product_brand?post=16692"},{"taxonomy":"product_cat","embeddable":true,"href":"https:\/\/fvcomponentes.com\/fr\/wp-json\/wp\/v2\/product_cat?post=16692"},{"taxonomy":"product_tag","embeddable":true,"href":"https:\/\/fvcomponentes.com\/fr\/wp-json\/wp\/v2\/product_tag?post=16692"}],"curies":[{"name":"wp","href":"https:\/\/api.w.org\/{rel}","templated":true}]}}