{"id":16407,"date":"2024-07-12T09:05:33","date_gmt":"2024-07-12T07:05:33","guid":{"rendered":"https:\/\/fvcomponentes.com\/?post_type=product&#038;p=16407"},"modified":"2026-01-15T10:09:31","modified_gmt":"2026-01-15T09:09:31","slug":"ecran-tactile-victron-gx-touch-70-flush-pour-montage-encastre-bpp900455170","status":"publish","type":"product","link":"https:\/\/fvcomponentes.com\/fr\/producto\/pantalla-tactil-victron-gx-touch-70-flush-para-empotrar-bpp900455170\/","title":{"rendered":"\u00c9cran tactile Victron GX Touch 70 flush (encastr\u00e9) - BPP900455170"},"content":{"rendered":"<h2>\u00c9cran tactile Victron GX Touch 70 flush (encastr\u00e9) - BPP900455170<\/h2>\n<p>L'\u00e9cran tactile de sept pouces, accessoire du Cerbo GX, vous donne une vue d'ensemble du syst\u00e8me et vous permet d'ajuster les param\u00e8tres en un instant. Il suffit de connecter le Cerbo GX \u00e0 l'aide d'un c\u00e2ble : sa conception ultraplate et \u00e9tanche, sa configuration de montage sup\u00e9rieure et son installation simple vous offrent une grande flexibilit\u00e9 dans la cr\u00e9ation d'un panneau clair et d\u00e9gag\u00e9.<\/p>\n<h3 class=\"productDetails__block-title\"><span class=\"productDetails__block-title-content\">Assemblage simple<\/span><\/h3>\n<div class=\"productDetails__block-description\">\n<ul>\n<li>Le GX Touch est optimis\u00e9 pour r\u00e9pondre aux exigences des installateurs professionnels.<\/li>\n<li>Conception \u00e0 montage encastr\u00e9.<\/li>\n<li>Il se connecte \u00e0 l'aide d'un seul c\u00e2ble, sans qu'il soit n\u00e9cessaire de faire passer de nombreux c\u00e2bles jusqu'au panneau de contr\u00f4le.<\/li>\n<\/ul>\n<h3>Ecran tactile Victron GX Touch 70 flush - BPP900455170 et Cerbo GX<\/h3>\n<p>Ce pr\u00e9sentoir est le compagnon de l'exposition <a href=\"https:\/\/fvcomponentes.com\/fr\/produit\/victron-cerbo-gx-mk2-bpp900451100-victron-cerbo-mk2-monitor\/\" target=\"_blank\" rel=\"noopener\">Victron Cerbo GX MK2 Monitoring - BPP900451100<\/a>Le tout nouveau centre de communication vous permet de contr\u00f4ler votre syst\u00e8me \u00e0 tout moment, de n'importe o\u00f9, et d'en optimiser les performances.<\/p>\n<p>En se connectant simplement via le portail de t\u00e9l\u00e9gestion Victron (VRM), ou en y acc\u00e9dant directement via le GX Touch 70 flush, un \u00e9cran multifonction ou l'application VictronConnect, gr\u00e2ce \u00e0 sa capacit\u00e9 Bluetooth. Il combine tout le meilleur de la connectivit\u00e9, red\u00e9finissant les solutions \u00e9nerg\u00e9tiques intelligentes \u00e0 tous points de vue.<\/p>\n<\/div>\n<h2>Fiche technique Moniteur tactile Victron GX Touch 70 flush - BPP900455170<\/h2>\n<div class=\"productDetails__block-description\">\n<p><a href=\"https:\/\/fvcomponentes.com\/wp-content\/uploads\/2024\/07\/Ficha-tecnica-Monitorizacion-Cerbo-GX-Cerbo-S-GX-y-GX-Touch-Victron.pdf\" target=\"_blank\" rel=\"noopener\">Voir la fiche technique Victron GX Touch 70 flush touch screen - BPP900455170<\/a><\/p>\n<\/div>","protected":false},"excerpt":{"rendered":"<ul>\n<li>Nouvelle version du <a href=\"https:\/\/fvcomponentes.com\/fr\/produit\/victron-gx-touch-70-monitoring-bpp900455070\/\" target=\"_blank\" rel=\"noopener\">Afficheur Victron GX Touch 70<\/a>pour un <strong>montage encastr\u00e9<\/strong>.<\/li>\n<li>L'\u00e9cran tactile de sept pouces offre une vue d'ensemble instantan\u00e9e du syst\u00e8me et permet d'ajuster les r\u00e9glages.<\/li>\n<li>Conception \u00e9tanche.<\/li>\n<li>R\u00e9solution de l'\u00e9cran : 1024 x 600.<\/li>\n<\/ul>","protected":false},"featured_media":3302,"comment_status":"open","ping_status":"closed","template":"","meta":{"site-sidebar-layout":"default","site-content-layout":"default","ast-site-content-layout":"default","site-content-style":"default","site-sidebar-style":"default","ast-global-header-display":"","ast-banner-title-visibility":"","ast-main-header-display":"","ast-hfb-above-header-display":"","ast-hfb-below-header-display":"","ast-hfb-mobile-header-display":"","site-post-title":"","ast-breadcrumbs-content":"","ast-featured-img":"","footer-sml-layout":"","ast-disable-related-posts":"","theme-transparent-header-meta":"default","adv-header-id-meta":"","stick-header-meta":"","header-above-stick-meta":"","header-main-stick-meta":"","header-below-stick-meta":"","astra-migrate-meta-layouts":"set","ast-page-background-enabled":"default","ast-page-background-meta":{"desktop":{"background-color":"var(--ast-global-color-4)","background-image":"","background-repeat":"repeat","background-position":"center center","background-size":"auto","background-attachment":"scroll","background-type":"","background-media":"","overlay-type":"","overlay-color":"","overlay-opacity":"","overlay-gradient":""},"tablet":{"background-color":"","background-image":"","background-repeat":"repeat","background-position":"center center","background-size":"auto","background-attachment":"scroll","background-type":"","background-media":"","overlay-type":"","overlay-color":"","overlay-opacity":"","overlay-gradient":""},"mobile":{"background-color":"","background-image":"","background-repeat":"repeat","background-position":"center center","background-size":"auto","background-attachment":"scroll","background-type":"","background-media":"","overlay-type":"","overlay-color":"","overlay-opacity":"","overlay-gradient":""}},"ast-content-background-meta":{"desktop":{"background-color":"var(--ast-global-color-5)","background-image":"","background-repeat":"repeat","background-position":"center center","background-size":"auto","background-attachment":"scroll","background-type":"","background-media":"","overlay-type":"","overlay-color":"","overlay-opacity":"","overlay-gradient":""},"tablet":{"background-color":"var(--ast-global-color-5)","background-image":"","background-repeat":"repeat","background-position":"center center","background-size":"auto","background-attachment":"scroll","background-type":"","background-media":"","overlay-type":"","overlay-color":"","overlay-opacity":"","overlay-gradient":""},"mobile":{"background-color":"var(--ast-global-color-5)","background-image":"","background-repeat":"repeat","background-position":"center center","background-size":"auto","background-attachment":"scroll","background-type":"","background-media":"","overlay-type":"","overlay-color":"","overlay-opacity":"","overlay-gradient":""}}},"pwb-brand":[332],"product_brand":[],"product_cat":[333,934],"product_tag":[],"class_list":{"0":"post-16407","1":"product","2":"type-product","3":"status-publish","4":"has-post-thumbnail","6":"pwb-brand-victron","7":"product_cat-inversores","8":"product_cat-monitorizacion","9":"desktop-align-left","10":"tablet-align-left","11":"mobile-align-left","12":"ast-product-gallery-layout-horizontal-slider","13":"ast-product-tabs-layout-horizontal","15":"first","16":"instock","17":"taxable","18":"shipping-taxable","19":"purchasable","20":"product-type-simple"},"wcpa_form_fields":null,"brands":[{"id":332,"name":"Victron Energy","slug":"victron"}],"_links":{"self":[{"href":"https:\/\/fvcomponentes.com\/fr\/wp-json\/wp\/v2\/product\/16407","targetHints":{"allow":["GET"]}}],"collection":[{"href":"https:\/\/fvcomponentes.com\/fr\/wp-json\/wp\/v2\/product"}],"about":[{"href":"https:\/\/fvcomponentes.com\/fr\/wp-json\/wp\/v2\/types\/product"}],"replies":[{"embeddable":true,"href":"https:\/\/fvcomponentes.com\/fr\/wp-json\/wp\/v2\/comments?post=16407"}],"wp:featuredmedia":[{"embeddable":true,"href":"https:\/\/fvcomponentes.com\/fr\/wp-json\/wp\/v2\/media\/3302"}],"wp:attachment":[{"href":"https:\/\/fvcomponentes.com\/fr\/wp-json\/wp\/v2\/media?parent=16407"}],"wp:term":[{"taxonomy":"pwb-brand","embeddable":true,"href":"https:\/\/fvcomponentes.com\/fr\/wp-json\/wp\/v2\/pwb-brand?post=16407"},{"taxonomy":"product_brand","embeddable":true,"href":"https:\/\/fvcomponentes.com\/fr\/wp-json\/wp\/v2\/product_brand?post=16407"},{"taxonomy":"product_cat","embeddable":true,"href":"https:\/\/fvcomponentes.com\/fr\/wp-json\/wp\/v2\/product_cat?post=16407"},{"taxonomy":"product_tag","embeddable":true,"href":"https:\/\/fvcomponentes.com\/fr\/wp-json\/wp\/v2\/product_tag?post=16407"}],"curies":[{"name":"wp","href":"https:\/\/api.w.org\/{rel}","templated":true}]}}