{"id":16222,"date":"2024-07-06T08:08:37","date_gmt":"2024-07-06T06:08:37","guid":{"rendered":"https:\/\/fvcomponentes.com\/?post_type=product&#038;p=16222"},"modified":"2026-02-16T12:25:42","modified_gmt":"2026-02-16T11:25:42","slug":"kit-solaire-camping-victron-phoenix-800w-orion-30a-plate-140w","status":"publish","type":"product","link":"https:\/\/fvcomponentes.com\/fr\/producto\/kit-solar-camper-victron-phoenix-800w-orion-30a-placa-140w\/","title":{"rendered":"Kit solaire pour camping-car Victron Phoenix 800W - Orion 30A - 1x140W"},"content":{"rendered":"<h2>Kit de camping solaire Victron Phoenix 800W - Orion 30A - 1x140W<\/h2>\n<p>Vous cherchez un kit solaire 12V pour camping-car ? Voici celui qu'il vous faut...<\/p>\n<p>Contenu du kit :<\/p>\n<ul>\n<li>Un onduleur Victron Phoenix 12\/800 VE Direct Schuko avec lequel vous pouvez alimenter tous les \u00e9quipements \u00e9lectriques que vous avez dans votre fourgon ou votre caravane. Et comme il s'agit d'un chargeur, vous pouvez arriver au camping ou au garage et le brancher pour charger au maximum la batterie au lithium.<span style=\"color: #ff0000\">\u00a0<\/span><\/li>\n<li>Une protection de batterie Victron 12\/24V 100A<\/li>\n<li>Un convertisseur DC-DC isol\u00e9 Victron Orion-Tr Smart 12\/12-30A pour charger la batterie pendant la conduite.<\/li>\n<li>Un panneau solaire Victron BlueSolar 150W-12V monocristallin de la s\u00e9rie 4a avec son r\u00e9gulateur Victron SmartSolar MPPT 75\/15, pour charger la batterie lorsque vous passez plusieurs jours au m\u00eame endroit sans d\u00e9placer le van ou la caravane.<\/li>\n<li>Fusibles n\u00e9cessaires pour pouvoir assembler votre kit avec toutes les garanties.<\/li>\n<\/ul>\n<h2>Comment installer le kit solaire pour camping-car Victron Phoenix 800W - Orion 30A - 1x140W<\/h2>\n<p>Si vous voulez savoir comment installer ce kit solaire pour camping-car, lisez ces articles de blog :<\/p>\n<ul>\n<li><a href=\"https:\/\/fvcomponentes.com\/fr\/victron-multiplus-schematic\/\" target=\"_blank\" rel=\"noopener\">\"Sch\u00e9ma Victron Multiplus pour camping-car PDF\".<\/a><\/li>\n<li><a href=\"https:\/\/fvcomponentes.com\/fr\/installation-electrique-fourgon-camping-car\/\" target=\"_blank\" rel=\"noopener\">Comment avoir de l'\u00e9lectricit\u00e9 dans son camping-car ? Tout sur l'installation \u00e9lectrique dans un camping-car<\/a><\/li>\n<\/ul>","protected":false},"excerpt":{"rendered":"<p>Presentamos el Kit Solar Camper Victron Phoenix 800W &#8211; Orion 30A &#8211; 1x140W \u00bfBuscas un kit solar camper 12V con todo incluido? Este es el tuyo&#8230; Contenido del kit: Un Inversor Victron Phoenix 12\/800 VE Direct Schuko con el que podr\u00e1s alimentar cualquier equipo el\u00e9ctrico que tengas en tu furgoneta o caravana. Adem\u00e1s al ser [&hellip;]<\/p>\n","protected":false},"featured_media":17731,"comment_status":"open","ping_status":"closed","template":"","meta":{"site-sidebar-layout":"default","site-content-layout":"","ast-site-content-layout":"default","site-content-style":"default","site-sidebar-style":"default","ast-global-header-display":"","ast-banner-title-visibility":"","ast-main-header-display":"","ast-hfb-above-header-display":"","ast-hfb-below-header-display":"","ast-hfb-mobile-header-display":"","site-post-title":"","ast-breadcrumbs-content":"","ast-featured-img":"","footer-sml-layout":"","ast-disable-related-posts":"","theme-transparent-header-meta":"default","adv-header-id-meta":"","stick-header-meta":"","header-above-stick-meta":"","header-main-stick-meta":"","header-below-stick-meta":"","astra-migrate-meta-layouts":"set","ast-page-background-enabled":"default","ast-page-background-meta":{"desktop":{"background-color":"var(--ast-global-color-4)","background-image":"","background-repeat":"repeat","background-position":"center center","background-size":"auto","background-attachment":"scroll","background-type":"","background-media":"","overlay-type":"","overlay-color":"","overlay-opacity":"","overlay-gradient":""},"tablet":{"background-color":"","background-image":"","background-repeat":"repeat","background-position":"center center","background-size":"auto","background-attachment":"scroll","background-type":"","background-media":"","overlay-type":"","overlay-color":"","overlay-opacity":"","overlay-gradient":""},"mobile":{"background-color":"","background-image":"","background-repeat":"repeat","background-position":"center center","background-size":"auto","background-attachment":"scroll","background-type":"","background-media":"","overlay-type":"","overlay-color":"","overlay-opacity":"","overlay-gradient":""}},"ast-content-background-meta":{"desktop":{"background-color":"var(--ast-global-color-5)","background-image":"","background-repeat":"repeat","background-position":"center center","background-size":"auto","background-attachment":"scroll","background-type":"","background-media":"","overlay-type":"","overlay-color":"","overlay-opacity":"","overlay-gradient":""},"tablet":{"background-color":"var(--ast-global-color-5)","background-image":"","background-repeat":"repeat","background-position":"center center","background-size":"auto","background-attachment":"scroll","background-type":"","background-media":"","overlay-type":"","overlay-color":"","overlay-opacity":"","overlay-gradient":""},"mobile":{"background-color":"var(--ast-global-color-5)","background-image":"","background-repeat":"repeat","background-position":"center center","background-size":"auto","background-attachment":"scroll","background-type":"","background-media":"","overlay-type":"","overlay-color":"","overlay-opacity":"","overlay-gradient":""}}},"pwb-brand":[332],"product_brand":[],"product_cat":[910,928,464],"product_tag":[],"class_list":{"0":"post-16222","1":"product","2":"type-product","3":"status-publish","4":"has-post-thumbnail","6":"pwb-brand-victron","7":"product_cat-kit-solar-camper","8":"product_cat-kit-solar-velero","9":"product_cat-kits-solares","10":"product_shipping_class-paneles","11":"desktop-align-left","12":"tablet-align-left","13":"mobile-align-left","14":"ast-product-gallery-layout-horizontal-slider","15":"ast-product-gallery-with-no-image","16":"ast-product-tabs-layout-horizontal","18":"first","19":"instock","20":"featured","21":"taxable","22":"shipping-taxable","23":"purchasable","24":"product-type-yith_bundle"},"wcpa_form_fields":null,"brands":[{"id":332,"name":"Victron Energy","slug":"victron"}],"_links":{"self":[{"href":"https:\/\/fvcomponentes.com\/fr\/wp-json\/wp\/v2\/product\/16222","targetHints":{"allow":["GET"]}}],"collection":[{"href":"https:\/\/fvcomponentes.com\/fr\/wp-json\/wp\/v2\/product"}],"about":[{"href":"https:\/\/fvcomponentes.com\/fr\/wp-json\/wp\/v2\/types\/product"}],"replies":[{"embeddable":true,"href":"https:\/\/fvcomponentes.com\/fr\/wp-json\/wp\/v2\/comments?post=16222"}],"wp:featuredmedia":[{"embeddable":true,"href":"https:\/\/fvcomponentes.com\/fr\/wp-json\/wp\/v2\/media\/17731"}],"wp:attachment":[{"href":"https:\/\/fvcomponentes.com\/fr\/wp-json\/wp\/v2\/media?parent=16222"}],"wp:term":[{"taxonomy":"pwb-brand","embeddable":true,"href":"https:\/\/fvcomponentes.com\/fr\/wp-json\/wp\/v2\/pwb-brand?post=16222"},{"taxonomy":"product_brand","embeddable":true,"href":"https:\/\/fvcomponentes.com\/fr\/wp-json\/wp\/v2\/product_brand?post=16222"},{"taxonomy":"product_cat","embeddable":true,"href":"https:\/\/fvcomponentes.com\/fr\/wp-json\/wp\/v2\/product_cat?post=16222"},{"taxonomy":"product_tag","embeddable":true,"href":"https:\/\/fvcomponentes.com\/fr\/wp-json\/wp\/v2\/product_tag?post=16222"}],"curies":[{"name":"wp","href":"https:\/\/api.w.org\/{rel}","templated":true}]}}