{"id":15923,"date":"2024-06-28T10:20:16","date_gmt":"2024-06-28T08:20:16","guid":{"rendered":"https:\/\/fvcomponentes.com\/?post_type=product&#038;p=15923"},"modified":"2026-01-15T10:09:21","modified_gmt":"2026-01-15T09:09:21","slug":"victron-12v-106ah-lead-carbon-m8-battery-bat612110081","status":"publish","type":"product","link":"https:\/\/fvcomponentes.com\/fr\/producto\/bateria-victron-12v-106ah-plomo-carbono-m8-bat612110081\/","title":{"rendered":"Victron Batterie 12V\/106Ah Plomb-Carbone (M8) - BAT612110081"},"content":{"rendered":"<h2>Caract\u00e9ristiques de la batterie Victron 12V\/106Ah plomb-carbone (M8) - BAT612110081<\/h2>\n<h2>Modes de d\u00e9faillance des batteries plomb-acide \u00e0 plaques plates VRLA en cas de nombre \u00e9lev\u00e9 de cycles<\/h2>\n<p>Les modes de d\u00e9faillance les plus courants sont les suivants :<br \/>\n- L'\u00e9caillage ou le ramollissement de la mati\u00e8re active. Pendant la d\u00e9charge, l'oxyde de plomb (PbO2) de la plaque positive se transforme en sulfate de plomb (PbSO4), qui se retransforme en oxyde de plomb pendant la charge. Des cycles fr\u00e9quents r\u00e9duisent la coh\u00e9sion du mat\u00e9riau de la plaque positive en raison de la pr\u00e9sence d'un plus grand volume de sulfate de plomb que d'oxyde de plomb.<br \/>\n- Corrosion de la grille de la plaque positive. Cette r\u00e9action de corrosion est acc\u00e9l\u00e9r\u00e9e \u00e0 la fin du processus de charge en raison de la pr\u00e9sence n\u00e9cessaire d'acide sulfurique.<br \/>\n- Sulfatation de la mati\u00e8re active de la plaque n\u00e9gative. Pendant la d\u00e9charge, le plomb (Pb) de la plaque n\u00e9gative est \u00e9galement transform\u00e9 en sulfate de plomb (PbSO4). Lorsque la charge est faible, les cristaux de sulfate de plomb sur la plaque n\u00e9gative se d\u00e9veloppent et durcissent pour former une couche imp\u00e9n\u00e9trable qui ne peut pas \u00eatre retransform\u00e9e en mati\u00e8re active. Il en r\u00e9sulte une r\u00e9duction progressive de la capacit\u00e9, jusqu'\u00e0 ce que la batterie devienne inutilisable.<\/p>\n<h2>La recharge d'une batterie au plomb prend beaucoup de temps.<\/h2>\n<p>Id\u00e9alement, une batterie plomb-acide devrait \u00eatre charg\u00e9e \u00e0 un taux ne d\u00e9passant pas 0,2 C et, apr\u00e8s la phase de charge initiale, il y aurait une phase de charge d'absorption de huit heures. L'augmentation du courant et de la tension de charge raccourcirait le temps de recharge au prix d'une r\u00e9duction de la dur\u00e9e de vie de la batterie en raison de l'augmentation de la temp\u00e9rature et d'une corrosion plus rapide de la plaque positive en raison de la tension de charge plus \u00e9lev\u00e9e.<\/p>\n<h2>Plomb et carbone : meilleure performance avec un \u00e9tat de charge partiel, plus de cycles et plus d'efficacit\u00e9<\/h2>\n<p>Le remplacement du mat\u00e9riau actif de la plaque n\u00e9gative par un composite plomb-carbone peut r\u00e9duire la sulfatation et am\u00e9liorer l'acceptation de charge de la plaque n\u00e9gative.<br \/>\nLes avantages de la batterie Victron 12V\/106Ah Plomb-Carbone (M8) - BAT612110081 sont donc les suivants :<br \/>\n- R\u00e9duction de la sulfatation en cas de fonctionnement \u00e0 charge partielle.<br \/>\n- Tension de charge plus faible et donc plus grande efficacit\u00e9 et moins de corrosion de la plaque positive.<br \/>\n- Le r\u00e9sultat global est un plus grand nombre de cycles.<\/p>\n<p>Des tests ont montr\u00e9 que nos batteries plomb-carbone r\u00e9sistent \u00e0 au moins cinq cents cycles avec une DoD (profondeur de d\u00e9charge) de 100%. Ces tests consistent en une d\u00e9charge quotidienne \u00e0 10,8 V avec I = 0,2 C\u2082\u2080, suivie d'environ deux heures de veille en \u00e9tat de d\u00e9charge, puis d'une recharge avec I = 0,2 C\u2082\u2080. (Certains fabricants de batteries plomb-carbone affirment qu'elles peuvent supporter jusqu'\u00e0 2000 cycles avec une profondeur de d\u00e9charge de 90%. Nous n'avons pas encore \u00e9t\u00e9 en mesure de confirmer cette affirmation.)<\/p>\n<h3>Fiche technique Batterie Victron 12V\/106Ah Plomb-Carbone (M8) - BAT612110081<\/h3>\n<p><a href=\"https:\/\/fvcomponentes.com\/wp-content\/uploads\/2024\/06\/Ficha-tecnica-bateria-plomo-carbono-Victron.pdf\" target=\"_blank\" rel=\"noopener\">Voir la fiche technique de la batterie Victron 12V\/106Ah plomb-carbone (M8) - BAT612110081<\/a><\/p>","protected":false},"excerpt":{"rendered":"<ul>\n<li><strong>La tension :<\/strong>\u00a012V<\/li>\n<li><strong>Capacit\u00e9 nominale :<\/strong> 106Ah<\/li>\n<li><strong>Terminaux :<\/strong> Insertion M8<\/li>\n<li><strong>Cycles<\/strong>:\n<ul>\n<li>\u2265 500 cycles \u00e0 une DoD de 100%<\/li>\n<li>\u2265 1000 cycles \u00e0 une DoD de la 60%<\/li>\n<li>\u2265 1400 cycles \u00e0 un DoD de 40%<\/li>\n<\/ul>\n<\/li>\n<\/ul>","protected":false},"featured_media":15926,"comment_status":"open","ping_status":"closed","template":"","meta":{"site-sidebar-layout":"default","site-content-layout":"","ast-site-content-layout":"default","site-content-style":"default","site-sidebar-style":"default","ast-global-header-display":"","ast-banner-title-visibility":"","ast-main-header-display":"","ast-hfb-above-header-display":"","ast-hfb-below-header-display":"","ast-hfb-mobile-header-display":"","site-post-title":"","ast-breadcrumbs-content":"","ast-featured-img":"","footer-sml-layout":"","ast-disable-related-posts":"","theme-transparent-header-meta":"default","adv-header-id-meta":"","stick-header-meta":"","header-above-stick-meta":"","header-main-stick-meta":"","header-below-stick-meta":"","astra-migrate-meta-layouts":"set","ast-page-background-enabled":"default","ast-page-background-meta":{"desktop":{"background-color":"var(--ast-global-color-4)","background-image":"","background-repeat":"repeat","background-position":"center center","background-size":"auto","background-attachment":"scroll","background-type":"","background-media":"","overlay-type":"","overlay-color":"","overlay-opacity":"","overlay-gradient":""},"tablet":{"background-color":"","background-image":"","background-repeat":"repeat","background-position":"center center","background-size":"auto","background-attachment":"scroll","background-type":"","background-media":"","overlay-type":"","overlay-color":"","overlay-opacity":"","overlay-gradient":""},"mobile":{"background-color":"","background-image":"","background-repeat":"repeat","background-position":"center center","background-size":"auto","background-attachment":"scroll","background-type":"","background-media":"","overlay-type":"","overlay-color":"","overlay-opacity":"","overlay-gradient":""}},"ast-content-background-meta":{"desktop":{"background-color":"var(--ast-global-color-5)","background-image":"","background-repeat":"repeat","background-position":"center center","background-size":"auto","background-attachment":"scroll","background-type":"","background-media":"","overlay-type":"","overlay-color":"","overlay-opacity":"","overlay-gradient":""},"tablet":{"background-color":"var(--ast-global-color-5)","background-image":"","background-repeat":"repeat","background-position":"center center","background-size":"auto","background-attachment":"scroll","background-type":"","background-media":"","overlay-type":"","overlay-color":"","overlay-opacity":"","overlay-gradient":""},"mobile":{"background-color":"var(--ast-global-color-5)","background-image":"","background-repeat":"repeat","background-position":"center center","background-size":"auto","background-attachment":"scroll","background-type":"","background-media":"","overlay-type":"","overlay-color":"","overlay-opacity":"","overlay-gradient":""}}},"pwb-brand":[332],"product_brand":[],"product_cat":[340,969],"product_tag":[],"class_list":{"0":"post-15923","1":"product","2":"type-product","3":"status-publish","4":"has-post-thumbnail","6":"pwb-brand-victron","7":"product_cat-baterias","8":"product_cat-baterias-carbono","9":"desktop-align-left","10":"tablet-align-left","11":"mobile-align-left","12":"ast-product-gallery-layout-horizontal-slider","13":"ast-product-tabs-layout-horizontal","15":"first","16":"instock","17":"taxable","18":"shipping-taxable","19":"purchasable","20":"product-type-simple"},"wcpa_form_fields":null,"brands":[{"id":332,"name":"Victron Energy","slug":"victron"}],"_links":{"self":[{"href":"https:\/\/fvcomponentes.com\/fr\/wp-json\/wp\/v2\/product\/15923","targetHints":{"allow":["GET"]}}],"collection":[{"href":"https:\/\/fvcomponentes.com\/fr\/wp-json\/wp\/v2\/product"}],"about":[{"href":"https:\/\/fvcomponentes.com\/fr\/wp-json\/wp\/v2\/types\/product"}],"replies":[{"embeddable":true,"href":"https:\/\/fvcomponentes.com\/fr\/wp-json\/wp\/v2\/comments?post=15923"}],"wp:featuredmedia":[{"embeddable":true,"href":"https:\/\/fvcomponentes.com\/fr\/wp-json\/wp\/v2\/media\/15926"}],"wp:attachment":[{"href":"https:\/\/fvcomponentes.com\/fr\/wp-json\/wp\/v2\/media?parent=15923"}],"wp:term":[{"taxonomy":"pwb-brand","embeddable":true,"href":"https:\/\/fvcomponentes.com\/fr\/wp-json\/wp\/v2\/pwb-brand?post=15923"},{"taxonomy":"product_brand","embeddable":true,"href":"https:\/\/fvcomponentes.com\/fr\/wp-json\/wp\/v2\/product_brand?post=15923"},{"taxonomy":"product_cat","embeddable":true,"href":"https:\/\/fvcomponentes.com\/fr\/wp-json\/wp\/v2\/product_cat?post=15923"},{"taxonomy":"product_tag","embeddable":true,"href":"https:\/\/fvcomponentes.com\/fr\/wp-json\/wp\/v2\/product_tag?post=15923"}],"curies":[{"name":"wp","href":"https:\/\/api.w.org\/{rel}","templated":true}]}}