{"id":15895,"date":"2024-06-28T09:15:46","date_gmt":"2024-06-28T07:15:46","guid":{"rendered":"https:\/\/fvcomponentes.com\/?post_type=product&#038;p=15895"},"modified":"2026-04-04T12:48:10","modified_gmt":"2026-04-04T10:48:10","slug":"victron-12v-60ah-gel-deep-cycle-battery-bat412550104","status":"publish","type":"product","link":"https:\/\/fvcomponentes.com\/fr\/producto\/bateria-victron-12v-60ah-gel-deep-cycle-bat412550104\/","title":{"rendered":"Victron Batterie \u00e0 cycle profond 12V\/60Ah GEL - BAT412550104"},"content":{"rendered":"<h2>Victron Batterie \u00e0 cycle profond 12V\/60Ah GEL - BAT412550104<\/h2>\n<p>La gamme GEL, \u00e0 laquelle appartient la batterie \u00e0 d\u00e9charge profonde Victron 12V\/220Ah GEL - BAT412201104, offre la meilleure durabilit\u00e9 \u00e0 d\u00e9charge profonde et la plus longue dur\u00e9e de vie. Gr\u00e2ce \u00e0 l'utilisation de mat\u00e9riaux de haute puret\u00e9 et de grilles plomb-calcium, les batteries GEL ont une autod\u00e9charge tr\u00e8s faible, ce qui permet de longues p\u00e9riodes de stockage sans charge. Cette gamme est \u00e9quip\u00e9e de bornes plates en cuivre avec des boulons M8, assurant le meilleur contact possible et \u00e9liminant le besoin de cosses de batterie. Les batteries sont conformes aux normes CE et UL et leurs conteneurs sont fabriqu\u00e9s en ABS r\u00e9sistant au feu.<\/p>\n<h2>Technologie VRLA<\/h2>\n<p>VRLA signifie Valve Regulated Lead Acid, ce qui signifie que la batterie est herm\u00e9tiquement ferm\u00e9e. Il n'y a de fuite de gaz au niveau des soupapes de s\u00e9curit\u00e9 qu'en cas de surcharge ou de d\u00e9faillance d'un composant.\r\nLes batteries VRLA ne n\u00e9cessitent aucun entretien.<\/p>\n<h2>Batteries au gel \u00e9tanches (VRLA)<\/h2>\n<p>Dans ce type de batterie, l'\u00e9lectrolyte est immobilis\u00e9 sous forme de gel. Les batteries \u00e0 gel ont g\u00e9n\u00e9ralement une dur\u00e9e de vie plus longue et une meilleure capacit\u00e9 de cyclage que les batteries AGM.<\/p>\n<h2>Victron 12V\/60Ah GEL Deep Cycle Battery - BAT412550104 : Faible auto-d\u00e9charge<\/h2>\n<p>Gr\u00e2ce \u00e0 l'utilisation de grilles plomb-calcium et de mat\u00e9riaux de haute puret\u00e9, les batteries Victron VRLA peuvent \u00eatre stock\u00e9es pendant une longue p\u00e9riode sans \u00eatre recharg\u00e9es. Le taux d'autod\u00e9charge est inf\u00e9rieur \u00e0 2% par mois \u00e0 20\u00b0C. Le taux d'autod\u00e9charge double pour chaque augmentation de 10\u00b0C de la temp\u00e9rature. Le taux d'autod\u00e9charge double pour chaque augmentation de 10\u00b0C de la temp\u00e9rature. Dans un environnement frais, les batteries Victron VRLA peuvent \u00eatre stock\u00e9es pendant un an sans \u00eatre recharg\u00e9es.<\/p>\n<h2>R\u00e9cup\u00e9ration extraordinaire apr\u00e8s une d\u00e9charge profonde<\/h2>\n<p>Les batteries Victron VRLA ont une capacit\u00e9 de r\u00e9cup\u00e9ration exceptionnelle, m\u00eame apr\u00e8s une d\u00e9charge profonde ou prolong\u00e9e. Cependant, il faut souligner que des d\u00e9charges profondes ou prolong\u00e9es fr\u00e9quentes ont une influence tr\u00e8s n\u00e9gative sur la dur\u00e9e de vie des batteries plomb\/acide, et les batteries Victron ne font pas exception \u00e0 la r\u00e8gle.<\/p>\n<h2>Caract\u00e9ristiques de d\u00e9charge de la batterie Victron 12V\/60Ah GEL Deep Cycle - BAT412550104<\/h2>\n<ul>\n<li>Les capacit\u00e9s nominales des batteries Victron sont donn\u00e9es pour une d\u00e9charge de 20 heures, c'est-\u00e0-dire pour un courant de d\u00e9charge de 0,05C.<\/li>\n<li>La capacit\u00e9 r\u00e9elle diminue lors de d\u00e9charges plus rapides avec des courants plus \u00e9lev\u00e9s.<\/li>\n<li>La r\u00e9duction de la capacit\u00e9 sera encore plus rapide avec des dispositifs \u00e0 puissance constante tels que les onduleurs.<\/li>\n<li>En raison de leur conception, les batteries \u00e0 \u00e9lectrolyte g\u00e9lifi\u00e9 ont une capacit\u00e9 r\u00e9elle inf\u00e9rieure \u00e0 un courant \u00e9lev\u00e9. En revanche, les batteries \u00e0 gel ont une meilleure dur\u00e9e de vie en flottaison et en cyclage.<\/li>\n<\/ul>\n<h2>Fiche technique Batterie Victron 12V\/60Ah GEL \u00e0 cycle profond - BAT412550104<\/h2>\n<p><a href=\"https:\/\/fvcomponentes.com\/wp-content\/uploads\/2023\/08\/Datasheet-GEL-and-AGM-Batteries-ES.pdf\" target=\"_blank\" rel=\"noopener\">Voir la fiche technique de la batterie Victron 12V\/60Ah GEL Deep Cycle - BAT412550104<\/a><\/p>","protected":false},"excerpt":{"rendered":"<ul>\n<li><strong>La tension :<\/strong>\u00a012V<\/li>\n<li><strong>Capacit\u00e9 nominale :<\/strong> 60Ah (C20)<\/li>\n<li><strong>Cycles :<\/strong> D\u00e9charge de 500 \u00e0 80 %, d\u00e9charge de 750 \u00e0 50 %, d\u00e9charge de 1800 \u00e0 30 %.<\/li>\n<li><strong>Dur\u00e9e de vie :<\/strong> 12 ans<\/li>\n<\/ul>\n<h6>La photographie du produit est fournie \u00e0 titre d'illustration uniquement et peut ne pas correspondre au produit r\u00e9el.<\/h6>","protected":false},"featured_media":15900,"comment_status":"open","ping_status":"closed","template":"","meta":{"site-sidebar-layout":"default","site-content-layout":"","ast-site-content-layout":"default","site-content-style":"default","site-sidebar-style":"default","ast-global-header-display":"","ast-banner-title-visibility":"","ast-main-header-display":"","ast-hfb-above-header-display":"","ast-hfb-below-header-display":"","ast-hfb-mobile-header-display":"","site-post-title":"","ast-breadcrumbs-content":"","ast-featured-img":"","footer-sml-layout":"","ast-disable-related-posts":"","theme-transparent-header-meta":"default","adv-header-id-meta":"","stick-header-meta":"","header-above-stick-meta":"","header-main-stick-meta":"","header-below-stick-meta":"","astra-migrate-meta-layouts":"set","ast-page-background-enabled":"default","ast-page-background-meta":{"desktop":{"background-color":"var(--ast-global-color-4)","background-image":"","background-repeat":"repeat","background-position":"center center","background-size":"auto","background-attachment":"scroll","background-type":"","background-media":"","overlay-type":"","overlay-color":"","overlay-opacity":"","overlay-gradient":""},"tablet":{"background-color":"","background-image":"","background-repeat":"repeat","background-position":"center center","background-size":"auto","background-attachment":"scroll","background-type":"","background-media":"","overlay-type":"","overlay-color":"","overlay-opacity":"","overlay-gradient":""},"mobile":{"background-color":"","background-image":"","background-repeat":"repeat","background-position":"center center","background-size":"auto","background-attachment":"scroll","background-type":"","background-media":"","overlay-type":"","overlay-color":"","overlay-opacity":"","overlay-gradient":""}},"ast-content-background-meta":{"desktop":{"background-color":"var(--ast-global-color-5)","background-image":"","background-repeat":"repeat","background-position":"center center","background-size":"auto","background-attachment":"scroll","background-type":"","background-media":"","overlay-type":"","overlay-color":"","overlay-opacity":"","overlay-gradient":""},"tablet":{"background-color":"var(--ast-global-color-5)","background-image":"","background-repeat":"repeat","background-position":"center center","background-size":"auto","background-attachment":"scroll","background-type":"","background-media":"","overlay-type":"","overlay-color":"","overlay-opacity":"","overlay-gradient":""},"mobile":{"background-color":"var(--ast-global-color-5)","background-image":"","background-repeat":"repeat","background-position":"center center","background-size":"auto","background-attachment":"scroll","background-type":"","background-media":"","overlay-type":"","overlay-color":"","overlay-opacity":"","overlay-gradient":""}}},"pwb-brand":[332],"product_brand":[],"product_cat":[441,340],"product_tag":[],"class_list":{"0":"post-15895","1":"product","2":"type-product","3":"status-publish","4":"has-post-thumbnail","6":"pwb-brand-victron","7":"product_cat-baterias-gel","8":"product_cat-baterias","9":"product_shipping_class-baterias","10":"desktop-align-left","11":"tablet-align-left","12":"mobile-align-left","13":"ast-product-gallery-layout-horizontal-slider","14":"ast-product-tabs-layout-horizontal","16":"first","17":"instock","18":"taxable","19":"shipping-taxable","20":"purchasable","21":"product-type-simple"},"wcpa_form_fields":null,"brands":[{"id":332,"name":"Victron Energy","slug":"victron"}],"_links":{"self":[{"href":"https:\/\/fvcomponentes.com\/fr\/wp-json\/wp\/v2\/product\/15895","targetHints":{"allow":["GET"]}}],"collection":[{"href":"https:\/\/fvcomponentes.com\/fr\/wp-json\/wp\/v2\/product"}],"about":[{"href":"https:\/\/fvcomponentes.com\/fr\/wp-json\/wp\/v2\/types\/product"}],"replies":[{"embeddable":true,"href":"https:\/\/fvcomponentes.com\/fr\/wp-json\/wp\/v2\/comments?post=15895"}],"wp:featuredmedia":[{"embeddable":true,"href":"https:\/\/fvcomponentes.com\/fr\/wp-json\/wp\/v2\/media\/15900"}],"wp:attachment":[{"href":"https:\/\/fvcomponentes.com\/fr\/wp-json\/wp\/v2\/media?parent=15895"}],"wp:term":[{"taxonomy":"pwb-brand","embeddable":true,"href":"https:\/\/fvcomponentes.com\/fr\/wp-json\/wp\/v2\/pwb-brand?post=15895"},{"taxonomy":"product_brand","embeddable":true,"href":"https:\/\/fvcomponentes.com\/fr\/wp-json\/wp\/v2\/product_brand?post=15895"},{"taxonomy":"product_cat","embeddable":true,"href":"https:\/\/fvcomponentes.com\/fr\/wp-json\/wp\/v2\/product_cat?post=15895"},{"taxonomy":"product_tag","embeddable":true,"href":"https:\/\/fvcomponentes.com\/fr\/wp-json\/wp\/v2\/product_tag?post=15895"}],"curies":[{"name":"wp","href":"https:\/\/api.w.org\/{rel}","templated":true}]}}