{"id":15890,"date":"2024-06-28T09:04:33","date_gmt":"2024-06-28T07:04:33","guid":{"rendered":"https:\/\/fvcomponentes.com\/?post_type=product&#038;p=15890"},"modified":"2026-01-15T10:10:05","modified_gmt":"2026-01-15T09:10:05","slug":"victron-12v-200ah-agm-telecom-m8-battery-bat412181164","status":"publish","type":"product","link":"https:\/\/fvcomponentes.com\/fr\/producto\/bateria-victron-12v-200ah-agm-telecom-m8-bat412181164\/","title":{"rendered":"Batterie Victron 12V\/200Ah AGM Telecom (M8) - BAT412181164"},"content":{"rendered":"<h2>Caract\u00e9ristiques de la batterie Victron 12V\/200Ah AGM Telecom (M8) - BAT412181164<\/h2>\n<h2>Con\u00e7ue pour les applications de t\u00e9l\u00e9communication ; excellente pour les applications marines et automobiles \u00e0 faible encombrement.<\/h2>\n<p>La s\u00e9rie AGM \u00e0 d\u00e9charge profonde, sp\u00e9cialement con\u00e7ue pour les t\u00e9l\u00e9communications, a \u00e9t\u00e9 con\u00e7ue pour \u00eatre utilis\u00e9e dans les syst\u00e8mes de t\u00e9l\u00e9communications. Avec ses bornes d'acc\u00e8s frontales et son faible encombrement, la batterie Victron 12V\/200Ah AGM Telecom (M8) - BAT412181164 est id\u00e9ale pour les syst\u00e8mes en rack. En outre, elles peuvent \u00eatre la solution lorsque l'espace est limit\u00e9 et que l'acc\u00e8s est difficile sur les bateaux et les v\u00e9hicules.<\/p>\n<h2>Technologie AGA<\/h2>\n<p>AGM signifie Absorbent Glass Mat (tapis de verre absorbant). Dans ces batteries, l'\u00e9lectrolyte est absorb\u00e9 par capillarit\u00e9 dans un matelas de fibres de verre situ\u00e9 entre les plaques.<\/p>\n<h2>Batterie Victron 12V\/200Ah AGM Telecom (M8) \u00e0 faible autod\u00e9charge - BAT412181164<\/h2>\n<p>Gr\u00e2ce \u00e0 l'utilisation de grilles en plomb calcique et de mat\u00e9riaux de haute puret\u00e9, les batteries Victron VRLA peuvent \u00eatre stock\u00e9es pendant de longues p\u00e9riodes sans \u00eatre recharg\u00e9es. Le taux de d\u00e9charge est inf\u00e9rieur \u00e0 2 % par mois \u00e0 20\u00baC. Le taux d'autod\u00e9charge double \u00e0 chaque augmentation de temp\u00e9rature \u00e0 partir de 10 %.<\/p>\n<h2>Faible r\u00e9sistance interne<\/h2>\n<p>Accepte des taux de chargement et de d\u00e9chargement tr\u00e8s \u00e9lev\u00e9s.<\/p>\n<h2>Capacit\u00e9 de cycle \u00e9lev\u00e9e<\/h2>\n<p>Plus de 500 cycles \u00e0 une d\u00e9charge de 50 %.<\/p>\n<h2>Fiche technique Batterie Victron 12V\/200Ah AGM Telecom (M8) - BAT412181164<\/h2>\n<p><a href=\"https:\/\/fvcomponentes.com\/wp-content\/uploads\/2024\/06\/Ficha-tecnica-baterias-de-telecomunicaciones-Victron.pdf\" target=\"_blank\" rel=\"noopener\">Voir la fiche technique de la batterie Victron 12V\/200Ah AGM Telecom (M8) - BAT412181164 - BAT412181164<\/a><\/p>","protected":false},"excerpt":{"rendered":"<ul>\n<li><strong>La tension :<\/strong>\u00a012V<\/li>\n<li><strong>Heures d'amp\u00e8res :<\/strong> 200Ah<\/li>\n<li><b>Capacit\u00e9 : <\/b>Plus de 500 cycles \u00e0 50 % de d\u00e9charge<\/li>\n<li><strong>Terminaux :<\/strong> Insertion M8<\/li>\n<li>Con\u00e7u pour les applications de t\u00e9l\u00e9communication.<\/li>\n<\/ul>","protected":false},"featured_media":15892,"comment_status":"open","ping_status":"closed","template":"","meta":{"site-sidebar-layout":"default","site-content-layout":"default","ast-site-content-layout":"default","site-content-style":"default","site-sidebar-style":"default","ast-global-header-display":"","ast-banner-title-visibility":"","ast-main-header-display":"","ast-hfb-above-header-display":"","ast-hfb-below-header-display":"","ast-hfb-mobile-header-display":"","site-post-title":"","ast-breadcrumbs-content":"","ast-featured-img":"","footer-sml-layout":"","ast-disable-related-posts":"","theme-transparent-header-meta":"default","adv-header-id-meta":"","stick-header-meta":"","header-above-stick-meta":"","header-main-stick-meta":"","header-below-stick-meta":"","astra-migrate-meta-layouts":"set","ast-page-background-enabled":"default","ast-page-background-meta":{"desktop":{"background-color":"var(--ast-global-color-4)","background-image":"","background-repeat":"repeat","background-position":"center center","background-size":"auto","background-attachment":"scroll","background-type":"","background-media":"","overlay-type":"","overlay-color":"","overlay-opacity":"","overlay-gradient":""},"tablet":{"background-color":"","background-image":"","background-repeat":"repeat","background-position":"center center","background-size":"auto","background-attachment":"scroll","background-type":"","background-media":"","overlay-type":"","overlay-color":"","overlay-opacity":"","overlay-gradient":""},"mobile":{"background-color":"","background-image":"","background-repeat":"repeat","background-position":"center center","background-size":"auto","background-attachment":"scroll","background-type":"","background-media":"","overlay-type":"","overlay-color":"","overlay-opacity":"","overlay-gradient":""}},"ast-content-background-meta":{"desktop":{"background-color":"var(--ast-global-color-5)","background-image":"","background-repeat":"repeat","background-position":"center center","background-size":"auto","background-attachment":"scroll","background-type":"","background-media":"","overlay-type":"","overlay-color":"","overlay-opacity":"","overlay-gradient":""},"tablet":{"background-color":"var(--ast-global-color-5)","background-image":"","background-repeat":"repeat","background-position":"center center","background-size":"auto","background-attachment":"scroll","background-type":"","background-media":"","overlay-type":"","overlay-color":"","overlay-opacity":"","overlay-gradient":""},"mobile":{"background-color":"var(--ast-global-color-5)","background-image":"","background-repeat":"repeat","background-position":"center center","background-size":"auto","background-attachment":"scroll","background-type":"","background-media":"","overlay-type":"","overlay-color":"","overlay-opacity":"","overlay-gradient":""}}},"pwb-brand":[332],"product_brand":[],"product_cat":[375,340],"product_tag":[],"class_list":{"0":"post-15890","1":"product","2":"type-product","3":"status-publish","4":"has-post-thumbnail","6":"pwb-brand-victron","7":"product_cat-baterias-agm","8":"product_cat-baterias","9":"product_shipping_class-baterias","10":"desktop-align-left","11":"tablet-align-left","12":"mobile-align-left","13":"ast-product-gallery-layout-horizontal-slider","14":"ast-product-tabs-layout-horizontal","16":"first","17":"instock","18":"taxable","19":"shipping-taxable","20":"purchasable","21":"product-type-simple"},"wcpa_form_fields":null,"brands":[{"id":332,"name":"Victron Energy","slug":"victron"}],"_links":{"self":[{"href":"https:\/\/fvcomponentes.com\/fr\/wp-json\/wp\/v2\/product\/15890","targetHints":{"allow":["GET"]}}],"collection":[{"href":"https:\/\/fvcomponentes.com\/fr\/wp-json\/wp\/v2\/product"}],"about":[{"href":"https:\/\/fvcomponentes.com\/fr\/wp-json\/wp\/v2\/types\/product"}],"replies":[{"embeddable":true,"href":"https:\/\/fvcomponentes.com\/fr\/wp-json\/wp\/v2\/comments?post=15890"}],"wp:featuredmedia":[{"embeddable":true,"href":"https:\/\/fvcomponentes.com\/fr\/wp-json\/wp\/v2\/media\/15892"}],"wp:attachment":[{"href":"https:\/\/fvcomponentes.com\/fr\/wp-json\/wp\/v2\/media?parent=15890"}],"wp:term":[{"taxonomy":"pwb-brand","embeddable":true,"href":"https:\/\/fvcomponentes.com\/fr\/wp-json\/wp\/v2\/pwb-brand?post=15890"},{"taxonomy":"product_brand","embeddable":true,"href":"https:\/\/fvcomponentes.com\/fr\/wp-json\/wp\/v2\/product_brand?post=15890"},{"taxonomy":"product_cat","embeddable":true,"href":"https:\/\/fvcomponentes.com\/fr\/wp-json\/wp\/v2\/product_cat?post=15890"},{"taxonomy":"product_tag","embeddable":true,"href":"https:\/\/fvcomponentes.com\/fr\/wp-json\/wp\/v2\/product_tag?post=15890"}],"curies":[{"name":"wp","href":"https:\/\/api.w.org\/{rel}","templated":true}]}}