{"id":15875,"date":"2024-06-28T08:19:53","date_gmt":"2024-06-28T06:19:53","guid":{"rendered":"https:\/\/fvcomponentes.com\/?post_type=product&#038;p=15875"},"modified":"2026-04-04T12:49:12","modified_gmt":"2026-04-04T10:49:12","slug":"batterie-victron-12v-100ah-agm-super-cycle-m6-bat412110081","status":"publish","type":"product","link":"https:\/\/fvcomponentes.com\/fr\/producto\/bateria-victron-12v-100ah-agm-super-cycle-m6-bat412110081\/","title":{"rendered":"Victron Batterie AGM Super Cycle 12V\/100Ah (M6) - BAT412110081"},"content":{"rendered":"<h2>Batterie AGM Super Cycle Victron 12V\/100Ah (M6)<\/h2>\n<h3>Une batterie vraiment innovante<\/h3>\n<p>Les batteries AGM Super Cycle, telles que la Victron 12V\/230Ah AGM Super Cycle Batt, sont le r\u00e9sultat d'avanc\u00e9es r\u00e9centes dans le domaine de l'\u00e9lectrochimie des batteries.\r\nLa p\u00e2te des plaques positives est moins sensible au ramollissement, m\u00eame en cas de d\u00e9charges compl\u00e8tes r\u00e9p\u00e9t\u00e9es de la batterie. De plus, de nouveaux additifs dans l'\u00e9lectrolyte r\u00e9duisent la sulfatation en cas de d\u00e9charge profonde.<\/p>\n<h3>Performance exceptionnelle en mati\u00e8re de profondeur de d\u00e9charge (DoD) du 100%<\/h3>\n<p>Les tests montrent que la batterie Victron Super Cycle peut supporter jusqu'\u00e0 trois cents cycles DoD du 100%. Les tests consistent en une d\u00e9charge quotidienne \u00e0 10,8V avec I = 0,2C\u2082\u2080\u2080, suivie d'environ deux heures de veille en \u00e9tat de d\u00e9charge, puis d'une recharge avec I = 0,2C\u2082\u2080\u2080.<br \/>\nDes p\u00e9riodes de repos de deux heures en \u00e9tat de d\u00e9charge endommageraient la plupart des batteries apr\u00e8s environ 100 cycles, mais pas la batterie Super Cycle.<br \/>\nNous recommandons l'utilisation de la batterie Super Cycle dans les applications o\u00f9 l'on s'attend \u00e0 une d\u00e9charge de 100%, ou \u00e0 des d\u00e9charges fr\u00e9quentes de 60-80%.<\/p>\n<h3>Plus l\u00e9ger et plus petit<\/h3>\n<p>Un autre avantage de la nouvelle \u00e9lectrochimie est qu'elle permet de r\u00e9duire la taille et le poids des batteries AGM standard \u00e0 cycle profond.<\/p>\n<h3>Faible r\u00e9sistance interne<\/h3>\n<p>La r\u00e9sistance interne est \u00e9galement l\u00e9g\u00e8rement inf\u00e9rieure \u00e0 celle de nos batteries AGM standard \u00e0 cycle profond.<\/p>\n<h3>Tensions de charge recommand\u00e9es<\/h3>\n<p><img fetchpriority=\"high\" decoding=\"async\" class=\"alignnone size-full wp-image-8268\" src=\"https:\/\/fvcomponentes.com\/wp-content\/uploads\/2022\/11\/Captura.png\" alt=\"\" width=\"579\" height=\"120\" title=\"\"><\/p>\n<h3>Fiche technique Batterie Victron 12V\/100Ah AGM Super Cycle (M6) - BAT412110081<\/h3>\n<p><a href=\"https:\/\/fvcomponentes.com\/wp-content\/uploads\/2023\/09\/Datasheet-AGM-Super-Cycle-battery-ES.pdf\" target=\"_blank\" rel=\"noopener\">Voir la fiche technique de la batterie Victron 12V\/100Ah AGM Super Cycle (M6) <\/a><\/p>","protected":false},"excerpt":{"rendered":"<ul>\n<li><strong>La tension :<\/strong>\u00a012V<\/li>\n<li><strong>Heures d'amp\u00e8res :<\/strong> 100Ah (C20)<\/li>\n<li><strong>Cycles :<\/strong> \u2265 300 cycles \u00e0 la profondeur de p\u00e9n\u00e9tration du 100%, \u2265 700 cycles \u00e0 la profondeur de p\u00e9n\u00e9tration du 60%, \u2265 1000 cycles \u00e0 la profondeur de p\u00e9n\u00e9tration du 40%.<\/li>\n<li><strong>Terminaux :<\/strong> Insert M6<\/li>\n<li><strong>Recommand\u00e9 pour :<\/strong> les applications o\u00f9 l'on s'attend \u00e0 des DOD de 100% ou \u00e0 des DOD fr\u00e9quents de 60-80%<\/li>\n<\/ul>","protected":false},"featured_media":15877,"comment_status":"open","ping_status":"closed","template":"","meta":{"site-sidebar-layout":"default","site-content-layout":"default","ast-site-content-layout":"default","site-content-style":"default","site-sidebar-style":"default","ast-global-header-display":"","ast-banner-title-visibility":"","ast-main-header-display":"","ast-hfb-above-header-display":"","ast-hfb-below-header-display":"","ast-hfb-mobile-header-display":"","site-post-title":"","ast-breadcrumbs-content":"","ast-featured-img":"","footer-sml-layout":"","ast-disable-related-posts":"","theme-transparent-header-meta":"default","adv-header-id-meta":"","stick-header-meta":"","header-above-stick-meta":"","header-main-stick-meta":"","header-below-stick-meta":"","astra-migrate-meta-layouts":"set","ast-page-background-enabled":"default","ast-page-background-meta":{"desktop":{"background-color":"var(--ast-global-color-4)","background-image":"","background-repeat":"repeat","background-position":"center center","background-size":"auto","background-attachment":"scroll","background-type":"","background-media":"","overlay-type":"","overlay-color":"","overlay-opacity":"","overlay-gradient":""},"tablet":{"background-color":"","background-image":"","background-repeat":"repeat","background-position":"center center","background-size":"auto","background-attachment":"scroll","background-type":"","background-media":"","overlay-type":"","overlay-color":"","overlay-opacity":"","overlay-gradient":""},"mobile":{"background-color":"","background-image":"","background-repeat":"repeat","background-position":"center center","background-size":"auto","background-attachment":"scroll","background-type":"","background-media":"","overlay-type":"","overlay-color":"","overlay-opacity":"","overlay-gradient":""}},"ast-content-background-meta":{"desktop":{"background-color":"var(--ast-global-color-5)","background-image":"","background-repeat":"repeat","background-position":"center center","background-size":"auto","background-attachment":"scroll","background-type":"","background-media":"","overlay-type":"","overlay-color":"","overlay-opacity":"","overlay-gradient":""},"tablet":{"background-color":"var(--ast-global-color-5)","background-image":"","background-repeat":"repeat","background-position":"center center","background-size":"auto","background-attachment":"scroll","background-type":"","background-media":"","overlay-type":"","overlay-color":"","overlay-opacity":"","overlay-gradient":""},"mobile":{"background-color":"var(--ast-global-color-5)","background-image":"","background-repeat":"repeat","background-position":"center center","background-size":"auto","background-attachment":"scroll","background-type":"","background-media":"","overlay-type":"","overlay-color":"","overlay-opacity":"","overlay-gradient":""}}},"pwb-brand":[332],"product_brand":[],"product_cat":[375,340],"product_tag":[],"class_list":{"0":"post-15875","1":"product","2":"type-product","3":"status-publish","4":"has-post-thumbnail","6":"pwb-brand-victron","7":"product_cat-baterias-agm","8":"product_cat-baterias","9":"product_shipping_class-baterias","10":"desktop-align-left","11":"tablet-align-left","12":"mobile-align-left","13":"ast-product-gallery-layout-horizontal-slider","14":"ast-product-tabs-layout-horizontal","16":"first","17":"instock","18":"taxable","19":"shipping-taxable","20":"purchasable","21":"product-type-simple"},"wcpa_form_fields":null,"brands":[{"id":332,"name":"Victron Energy","slug":"victron"}],"_links":{"self":[{"href":"https:\/\/fvcomponentes.com\/fr\/wp-json\/wp\/v2\/product\/15875","targetHints":{"allow":["GET"]}}],"collection":[{"href":"https:\/\/fvcomponentes.com\/fr\/wp-json\/wp\/v2\/product"}],"about":[{"href":"https:\/\/fvcomponentes.com\/fr\/wp-json\/wp\/v2\/types\/product"}],"replies":[{"embeddable":true,"href":"https:\/\/fvcomponentes.com\/fr\/wp-json\/wp\/v2\/comments?post=15875"}],"wp:featuredmedia":[{"embeddable":true,"href":"https:\/\/fvcomponentes.com\/fr\/wp-json\/wp\/v2\/media\/15877"}],"wp:attachment":[{"href":"https:\/\/fvcomponentes.com\/fr\/wp-json\/wp\/v2\/media?parent=15875"}],"wp:term":[{"taxonomy":"pwb-brand","embeddable":true,"href":"https:\/\/fvcomponentes.com\/fr\/wp-json\/wp\/v2\/pwb-brand?post=15875"},{"taxonomy":"product_brand","embeddable":true,"href":"https:\/\/fvcomponentes.com\/fr\/wp-json\/wp\/v2\/product_brand?post=15875"},{"taxonomy":"product_cat","embeddable":true,"href":"https:\/\/fvcomponentes.com\/fr\/wp-json\/wp\/v2\/product_cat?post=15875"},{"taxonomy":"product_tag","embeddable":true,"href":"https:\/\/fvcomponentes.com\/fr\/wp-json\/wp\/v2\/product_tag?post=15875"}],"curies":[{"name":"wp","href":"https:\/\/api.w.org\/{rel}","templated":true}]}}