{"id":15571,"date":"2024-06-25T11:07:57","date_gmt":"2024-06-25T09:07:57","guid":{"rendered":"https:\/\/fvcomponentes.com\/?post_type=product&#038;p=15571"},"modified":"2026-04-08T21:27:11","modified_gmt":"2026-04-08T19:27:11","slug":"victron-remote-disconnection-connection-cable-ass030550220","status":"publish","type":"product","link":"https:\/\/fvcomponentes.com\/fr\/producto\/cable-de-conexion-desconexion-remota-victron-ass030550220\/","title":{"rendered":"C\u00e2ble de connexion\/d\u00e9connexion \u00e0 distance Victron - ASS030550220"},"content":{"rendered":"<h2>Caract\u00e9ristiques du c\u00e2ble On-Off \u00e0 distance de Victron - ASS030550220<\/h2>\n<p>Utilisez ce c\u00e2ble de connexion\/d\u00e9connexion \u00e0 distance Victron - ASS030550220 pour connecter les produits suivants au BMS VE.Bus :<br \/>\n- Tous les mod\u00e8les Skylla-TG.<br \/>\n- Battery Protect mod\u00e8les BP40i, BP60i et BP200i (tous abandonn\u00e9s).<\/p>\n<p>Le c\u00e2ble interpr\u00e8te la logique de commande du connecteur\/disconnecteur \u00e0 distance VE.Bus BMS (normalement haute et circuit ouvert en cas d'alarme) \u00e0 la logique requise par les produits mentionn\u00e9s ci-dessus : active jusqu'\u00e0 l'arr\u00eat.<\/p>\n<h2>Manuel du c\u00e2ble de connexion\/d\u00e9connexion \u00e0 distance de Victron - ASS030550220<\/h2>\n<p><a href=\"https:\/\/fvcomponentes.com\/wp-content\/uploads\/2024\/06\/Manual-Cable-de-conexion-desconexion-remota-Victron.pdf\" target=\"_blank\" rel=\"noopener\">Voir le manuel du c\u00e2ble de mise en marche \u00e0 distance de Victron - ASS030550220<\/a><\/p>\n<p>&nbsp;<\/p>","protected":false},"excerpt":{"rendered":"<p>Pour raccorder les produits suivants \u00e0 la GTB VE.Bus :<br \/>\n- Tous les mod\u00e8les Skylla-TG.<br \/>\n- Battery Protect mod\u00e8les BP40i, BP60i et BP200i (tous abandonn\u00e9s).<\/p>\n<p>&nbsp;<\/p>","protected":false},"featured_media":15574,"comment_status":"open","ping_status":"closed","template":"","meta":{"site-sidebar-layout":"default","site-content-layout":"default","ast-site-content-layout":"default","site-content-style":"default","site-sidebar-style":"default","ast-global-header-display":"","ast-banner-title-visibility":"","ast-main-header-display":"","ast-hfb-above-header-display":"","ast-hfb-below-header-display":"","ast-hfb-mobile-header-display":"","site-post-title":"","ast-breadcrumbs-content":"","ast-featured-img":"","footer-sml-layout":"","ast-disable-related-posts":"","theme-transparent-header-meta":"default","adv-header-id-meta":"","stick-header-meta":"","header-above-stick-meta":"","header-main-stick-meta":"","header-below-stick-meta":"","astra-migrate-meta-layouts":"set","ast-page-background-enabled":"default","ast-page-background-meta":{"desktop":{"background-color":"var(--ast-global-color-4)","background-image":"","background-repeat":"repeat","background-position":"center center","background-size":"auto","background-attachment":"scroll","background-type":"","background-media":"","overlay-type":"","overlay-color":"","overlay-opacity":"","overlay-gradient":""},"tablet":{"background-color":"","background-image":"","background-repeat":"repeat","background-position":"center center","background-size":"auto","background-attachment":"scroll","background-type":"","background-media":"","overlay-type":"","overlay-color":"","overlay-opacity":"","overlay-gradient":""},"mobile":{"background-color":"","background-image":"","background-repeat":"repeat","background-position":"center center","background-size":"auto","background-attachment":"scroll","background-type":"","background-media":"","overlay-type":"","overlay-color":"","overlay-opacity":"","overlay-gradient":""}},"ast-content-background-meta":{"desktop":{"background-color":"var(--ast-global-color-5)","background-image":"","background-repeat":"repeat","background-position":"center center","background-size":"auto","background-attachment":"scroll","background-type":"","background-media":"","overlay-type":"","overlay-color":"","overlay-opacity":"","overlay-gradient":""},"tablet":{"background-color":"var(--ast-global-color-5)","background-image":"","background-repeat":"repeat","background-position":"center center","background-size":"auto","background-attachment":"scroll","background-type":"","background-media":"","overlay-type":"","overlay-color":"","overlay-opacity":"","overlay-gradient":""},"mobile":{"background-color":"var(--ast-global-color-5)","background-image":"","background-repeat":"repeat","background-position":"center center","background-size":"auto","background-attachment":"scroll","background-type":"","background-media":"","overlay-type":"","overlay-color":"","overlay-opacity":"","overlay-gradient":""}}},"pwb-brand":[332],"product_brand":[],"product_cat":[410,878],"product_tag":[],"class_list":{"0":"post-15571","1":"product","2":"type-product","3":"status-publish","4":"has-post-thumbnail","6":"pwb-brand-victron","7":"product_cat-material-electrico","8":"product_cat-cables-victron","9":"desktop-align-left","10":"tablet-align-left","11":"mobile-align-left","12":"ast-product-gallery-layout-horizontal-slider","13":"ast-product-gallery-with-no-image","14":"ast-product-tabs-layout-horizontal","16":"first","17":"instock","18":"taxable","19":"shipping-taxable","20":"purchasable","21":"product-type-simple"},"wcpa_form_fields":null,"brands":[{"id":332,"name":"Victron Energy","slug":"victron"}],"_links":{"self":[{"href":"https:\/\/fvcomponentes.com\/fr\/wp-json\/wp\/v2\/product\/15571","targetHints":{"allow":["GET"]}}],"collection":[{"href":"https:\/\/fvcomponentes.com\/fr\/wp-json\/wp\/v2\/product"}],"about":[{"href":"https:\/\/fvcomponentes.com\/fr\/wp-json\/wp\/v2\/types\/product"}],"replies":[{"embeddable":true,"href":"https:\/\/fvcomponentes.com\/fr\/wp-json\/wp\/v2\/comments?post=15571"}],"wp:featuredmedia":[{"embeddable":true,"href":"https:\/\/fvcomponentes.com\/fr\/wp-json\/wp\/v2\/media\/15574"}],"wp:attachment":[{"href":"https:\/\/fvcomponentes.com\/fr\/wp-json\/wp\/v2\/media?parent=15571"}],"wp:term":[{"taxonomy":"pwb-brand","embeddable":true,"href":"https:\/\/fvcomponentes.com\/fr\/wp-json\/wp\/v2\/pwb-brand?post=15571"},{"taxonomy":"product_brand","embeddable":true,"href":"https:\/\/fvcomponentes.com\/fr\/wp-json\/wp\/v2\/product_brand?post=15571"},{"taxonomy":"product_cat","embeddable":true,"href":"https:\/\/fvcomponentes.com\/fr\/wp-json\/wp\/v2\/product_cat?post=15571"},{"taxonomy":"product_tag","embeddable":true,"href":"https:\/\/fvcomponentes.com\/fr\/wp-json\/wp\/v2\/product_tag?post=15571"}],"curies":[{"name":"wp","href":"https:\/\/api.w.org\/{rel}","templated":true}]}}