{"id":15542,"date":"2024-06-25T08:40:53","date_gmt":"2024-06-25T06:40:53","guid":{"rendered":"https:\/\/fvcomponentes.com\/?post_type=product&#038;p=15542"},"modified":"2026-04-04T11:21:15","modified_gmt":"2026-04-04T09:21:15","slug":"victron-smartsolar-mppt-rs-450-200-mc4-regulator-scc145120510","status":"publish","type":"product","link":"https:\/\/fvcomponentes.com\/fr\/producto\/regulador-victron-smartsolar-mppt-rs-450-200-mc4-scc145120510\/","title":{"rendered":"Victron SmartSolar MPPT RS 450\/200-MC4 Contr\u00f4leur - SCC145120510"},"content":{"rendered":"<h2>Caract\u00e9ristiques du contr\u00f4leur Victron SmartSolar MPPT RS 450\/200-MC4 - SCC145120510<\/h2>\n<p>Le Victron SmartSolar MPPT RS 450\/200-MC4 - SCC145120510 est la solution pour les syst\u00e8mes avec de grands panneaux photovolta\u00efques connect\u00e9s en s\u00e9rie qui chargent des batteries de 45V DC. Il est parfait pour les grands syst\u00e8mes de batteries dans les installations solaires hors r\u00e9seau et d'autoconsommation.<\/p>\n<h2>R\u00e9gulateur de charge solaire avec suivi ultra-rapide du point de puissance maximale (MPPT)<\/h2>\n<ul>\n<li>Le SmartSolar MPPT RS est un r\u00e9gulateur de charge solaire 48 V avec une entr\u00e9e PV jusqu'\u00e0 450 VDC PV et une sortie de 100 A ou 200 A.<\/li>\n<li>Il est utilis\u00e9 dans les applications solaires hors r\u00e9seau et connect\u00e9es au r\u00e9seau o\u00f9 une puissance de charge maximale de la batterie est requise.<\/li>\n<\/ul>\n<h2>Entr\u00e9es de surveillance MPPT multiples et ind\u00e9pendantes<\/h2>\n<ul>\n<li>Gr\u00e2ce aux diff\u00e9rents trackers MPPT, vous pouvez optimiser la conception de vos panneaux solaires afin d'obtenir des performances maximales \u00e0 un endroit sp\u00e9cifique.<\/li>\n<\/ul>\n<h2>Connexions PV isol\u00e9es pour plus de s\u00e9curit\u00e9 dans le contr\u00f4leur Victron MPPT RS SmartSolar<\/h2>\n<ul>\n<li>L'isolation galvanique compl\u00e8te entre la batterie et les connexions PV offre une s\u00e9curit\u00e9 suppl\u00e9mentaire pour l'ensemble du syst\u00e8me.<\/li>\n<\/ul>\n<h2>Large plage de tension MPPT du contr\u00f4leur MPPT SmartSolar RS 450\/200-MC4 de Victron<\/h2>\n<ul>\n<li>Plage de fonctionnement de 80 \u00e0 450 VDC PV avec une tension de d\u00e9marrage de 120 VDC PV.<\/li>\n<\/ul>\n<h2>L\u00e9ger, efficace et silencieux<\/h2>\n<ul>\n<li>Gr\u00e2ce \u00e0 sa technologie haute fr\u00e9quence et \u00e0 son nouveau design, le mod\u00e8le 100 A de ce puissant chargeur ne p\u00e8se que 7,9 kg.<\/li>\n<li>En outre, il pr\u00e9sente un excellent rendement, une faible consommation en mode veille et un fonctionnement tr\u00e8s silencieux.<\/li>\n<\/ul>\n<h2>Affichage et Bluetooth<\/h2>\n<ul>\n<li>L'\u00e9cran affiche les param\u00e8tres de la batterie et du contr\u00f4leur.<\/li>\n<li>Ces param\u00e8tres sont accessibles \u00e0 l'aide d'un smartphone ou d'un autre appareil compatible Bluetooth.<\/li>\n<li>En outre, le Bluetooth peut \u00eatre utilis\u00e9 pour configurer le syst\u00e8me et modifier les param\u00e8tres avec VictronConnect.<\/li>\n<\/ul>\n<h2>Surveillance de la r\u00e9sistance de l'isolation photovolta\u00efque pour une plus grande tranquillit\u00e9 d'esprit \u00e0 des tensions plus \u00e9lev\u00e9es<\/h2>\n<ul>\n<li>Le syst\u00e8me MPPT RS surveille en permanence le r\u00e9seau photovolta\u00efque et peut d\u00e9tecter les d\u00e9fauts qui r\u00e9duisent l'isolation des panneaux \u00e0 des niveaux dangereux.<\/li>\n<\/ul>\n<h2>VE.Can et VE.Direct port<\/h2>\n<ul>\n<li>Permet de le connecter au <a href=\"https:\/\/fvcomponentes.com\/fr\/produit\/victron-cerbo-gx-mk2-bpp900451100-victron-cerbo-mk2-monitor\/\" target=\"_blank\" rel=\"noopener\">Victron Cerbo GX MK2 Monitoring - BPP900451100<\/a>\u00a0pour la surveillance \u00e0 distance du syst\u00e8me, l'enregistrement des donn\u00e9es et la mise \u00e0 jour des microprogrammes.<\/li>\n<li>Le VE.Can permet de connecter jusqu'\u00e0 25 unit\u00e9s en parall\u00e8le et de synchroniser leurs processus de charge.<\/li>\n<\/ul>\n<h2>Connexions E\/S<\/h2>\n<ul>\n<li>Connexions pour relais programmable, capteur de temp\u00e9rature, auxiliaire, entr\u00e9e num\u00e9rique et capteur de tension. L'entr\u00e9e \u00e0 distance peut accepter le Victron smallBMS et d'autres types de BMS avec le signal \"Load Enable\".<\/li>\n<\/ul>\n<p><img fetchpriority=\"high\" decoding=\"async\" class=\"size-full wp-image-6712 aligncenter\" src=\"https:\/\/fvcomponentes.com\/wp-content\/uploads\/2023\/03\/Captura-9.png\" alt=\"MPPT Victron RS SmartSolar - SCC145110410\" width=\"556\" height=\"563\" title=\"\"><\/p>\n<h2>Fiche technique Victron SmartSolar MPPT RS 450\/200-MC4 R\u00e9gulateur - SCC145120510<\/h2>\n<p><a href=\"https:\/\/fvcomponentes.com\/wp-content\/uploads\/2023\/03\/MPPT-RS-ES.pdf\" target=\"_blank\" rel=\"noopener\">Voir la fiche technique du contr\u00f4leur Victron SmartSolar MPPT RS 450\/200-MC4 - SCC145120510<\/a><\/p>\n<h2>Manuel Victron SmartSolar MPPT RS 450\/200-MC4 Contr\u00f4leur Victron SmartSolar MPPT RS 450\/200-MC4 - SCC145120510<\/h2>\n<p><a href=\"https:\/\/fvcomponentes.com\/wp-content\/uploads\/2025\/10\/13860-SmartSolar_MPPT_RS-pdf-es.pdf\" target=\"_blank\" rel=\"noopener\">Voir le manuel du contr\u00f4leur SmartSolar MPPT RS 450\/200-MC4 de Victron - SCC145120510<\/a><\/p>","protected":false},"excerpt":{"rendered":"<ul>\n<li><span style=\"color: #99cc00\"><strong>\u00c9quipement Bluetooth.<\/strong><\/span><\/li>\n<li><strong>Gestion par <a href=\"https:\/\/play.google.com\/store\/apps\/details?id=com.victronenergy.victronconnect&amp;pcampaignid=web_share\" target=\"_blank\" rel=\"noopener\">Application VictronConnect<\/a><\/strong><\/li>\n<li><strong>Tension de la batterie :<\/strong> 48 V<\/li>\n<li><strong>Courant de charge nominal :<\/strong> 200 A<\/li>\n<li><strong>Puissance de charge maximale :<\/strong> 11,5 kW \u00e0 57,6 V<\/li>\n<li><strong>Tension PV CC maximale :<\/strong> 450 V<\/li>\n<li><strong>Tension de d\u00e9marrage :<\/strong> 120 V<\/li>\n<li><strong>Plage de tension de fonctionnement MPPT :<\/strong> 80 - 450 V<\/li>\n<li><strong>Nombre d'entr\u00e9es MPPT :<\/strong> 4<\/li>\n<li><strong>Courant d'entr\u00e9e maximal de fonctionnement du PV :<\/strong> 18 A par entr\u00e9e<\/li>\n<\/ul>","protected":false},"featured_media":15551,"comment_status":"open","ping_status":"closed","template":"","meta":{"site-sidebar-layout":"default","site-content-layout":"default","ast-site-content-layout":"default","site-content-style":"default","site-sidebar-style":"default","ast-global-header-display":"","ast-banner-title-visibility":"","ast-main-header-display":"","ast-hfb-above-header-display":"","ast-hfb-below-header-display":"","ast-hfb-mobile-header-display":"","site-post-title":"","ast-breadcrumbs-content":"","ast-featured-img":"","footer-sml-layout":"","ast-disable-related-posts":"","theme-transparent-header-meta":"default","adv-header-id-meta":"","stick-header-meta":"","header-above-stick-meta":"","header-main-stick-meta":"","header-below-stick-meta":"","astra-migrate-meta-layouts":"set","ast-page-background-enabled":"default","ast-page-background-meta":{"desktop":{"background-color":"var(--ast-global-color-4)","background-image":"","background-repeat":"repeat","background-position":"center center","background-size":"auto","background-attachment":"scroll","background-type":"","background-media":"","overlay-type":"","overlay-color":"","overlay-opacity":"","overlay-gradient":""},"tablet":{"background-color":"","background-image":"","background-repeat":"repeat","background-position":"center center","background-size":"auto","background-attachment":"scroll","background-type":"","background-media":"","overlay-type":"","overlay-color":"","overlay-opacity":"","overlay-gradient":""},"mobile":{"background-color":"","background-image":"","background-repeat":"repeat","background-position":"center center","background-size":"auto","background-attachment":"scroll","background-type":"","background-media":"","overlay-type":"","overlay-color":"","overlay-opacity":"","overlay-gradient":""}},"ast-content-background-meta":{"desktop":{"background-color":"var(--ast-global-color-5)","background-image":"","background-repeat":"repeat","background-position":"center center","background-size":"auto","background-attachment":"scroll","background-type":"","background-media":"","overlay-type":"","overlay-color":"","overlay-opacity":"","overlay-gradient":""},"tablet":{"background-color":"var(--ast-global-color-5)","background-image":"","background-repeat":"repeat","background-position":"center center","background-size":"auto","background-attachment":"scroll","background-type":"","background-media":"","overlay-type":"","overlay-color":"","overlay-opacity":"","overlay-gradient":""},"mobile":{"background-color":"var(--ast-global-color-5)","background-image":"","background-repeat":"repeat","background-position":"center center","background-size":"auto","background-attachment":"scroll","background-type":"","background-media":"","overlay-type":"","overlay-color":"","overlay-opacity":"","overlay-gradient":""}}},"pwb-brand":[332],"product_brand":[],"product_cat":[353,371],"product_tag":[],"class_list":{"0":"post-15542","1":"product","2":"type-product","3":"status-publish","4":"has-post-thumbnail","6":"pwb-brand-victron","7":"product_cat-reguladores-de-carga-solares","8":"product_cat-reguladores-mppt","9":"desktop-align-left","10":"tablet-align-left","11":"mobile-align-left","12":"ast-product-gallery-layout-horizontal-slider","13":"ast-product-tabs-layout-horizontal","15":"first","16":"instock","17":"taxable","18":"shipping-taxable","19":"purchasable","20":"product-type-simple"},"wcpa_form_fields":null,"brands":[{"id":332,"name":"Victron Energy","slug":"victron"}],"_links":{"self":[{"href":"https:\/\/fvcomponentes.com\/fr\/wp-json\/wp\/v2\/product\/15542","targetHints":{"allow":["GET"]}}],"collection":[{"href":"https:\/\/fvcomponentes.com\/fr\/wp-json\/wp\/v2\/product"}],"about":[{"href":"https:\/\/fvcomponentes.com\/fr\/wp-json\/wp\/v2\/types\/product"}],"replies":[{"embeddable":true,"href":"https:\/\/fvcomponentes.com\/fr\/wp-json\/wp\/v2\/comments?post=15542"}],"wp:featuredmedia":[{"embeddable":true,"href":"https:\/\/fvcomponentes.com\/fr\/wp-json\/wp\/v2\/media\/15551"}],"wp:attachment":[{"href":"https:\/\/fvcomponentes.com\/fr\/wp-json\/wp\/v2\/media?parent=15542"}],"wp:term":[{"taxonomy":"pwb-brand","embeddable":true,"href":"https:\/\/fvcomponentes.com\/fr\/wp-json\/wp\/v2\/pwb-brand?post=15542"},{"taxonomy":"product_brand","embeddable":true,"href":"https:\/\/fvcomponentes.com\/fr\/wp-json\/wp\/v2\/product_brand?post=15542"},{"taxonomy":"product_cat","embeddable":true,"href":"https:\/\/fvcomponentes.com\/fr\/wp-json\/wp\/v2\/product_cat?post=15542"},{"taxonomy":"product_tag","embeddable":true,"href":"https:\/\/fvcomponentes.com\/fr\/wp-json\/wp\/v2\/product_tag?post=15542"}],"curies":[{"name":"wp","href":"https:\/\/api.w.org\/{rel}","templated":true}]}}