{"id":15491,"date":"2024-06-24T11:03:35","date_gmt":"2024-06-24T09:03:35","guid":{"rendered":"https:\/\/fvcomponentes.com\/?post_type=product&#038;p=15491"},"modified":"2026-04-08T21:33:03","modified_gmt":"2026-04-08T19:33:03","slug":"victron-vm-3p75ct-rel200300100-compteur-denergie-victron-vm-3p75ct-rel200300100","status":"publish","type":"product","link":"https:\/\/fvcomponentes.com\/fr\/producto\/medidor-de-energia-victron-vm-3p75ct-rel200300100\/","title":{"rendered":"Victron VM-3P75CT Compteur d'\u00e9nergie - REL200300100"},"content":{"rendered":"<h2>Caract\u00e9ristiques du compteur d'\u00e9nergie Victron VM-3P75CT - REL200300100<\/h2>\n<h2>Compteur d'\u00e9nergie triphas\u00e9 avec ports de communication Ethernet et VE.Can<\/h2>\n<p>Le compteur d'\u00e9nergie Victron VM-3P75CT - REL200300100 est un appareil standard pour mesurer la puissance et l'\u00e9nergie des applications monophas\u00e9es et triphas\u00e9es, par exemple dans la bo\u00eete de distribution ou pour mesurer la sortie d'un onduleur PV, d'un g\u00e9n\u00e9rateur CA ou d'un onduleur ou d'un onduleur\/chargeur.<\/p>\n<h2>Taux de rafra\u00eechissement \u00e9lev\u00e9<\/h2>\n<p>Lors du calcul des valeurs de puissance efficace de chaque phase, le compteur d'\u00e9nergie les transmet via VE.Can ou Ethernet \u00e0 une fr\u00e9quence \u00e9lev\u00e9e, de sorte que les mesures de la consommation d'\u00e9nergie, de l'importation et de l'injection dans le r\u00e9seau, par exemple d'un syst\u00e8me ESS, seront plus pr\u00e9cises.<\/p>\n<h2>Configuration tr\u00e8s simple du compteur d'\u00e9nergie Victron VM-3P75CT<\/h2>\n<p>Con\u00e7u pour une int\u00e9gration facile, le compteur d'\u00e9nergie fonctionne d'embl\u00e9e comme un compteur de r\u00e9seau dans la plupart des syst\u00e8mes. Seule une configuration (via VictronConnect) est n\u00e9cessaire pour changer la fonction (compteur r\u00e9seau, onduleur PV, g\u00e9n\u00e9rateur CA ou compteur de charge CA) et une configuration manuelle de l'IP au lieu de la configuration par d\u00e9faut, DHCP.<\/p>\n<h2>Surveillance \u00e0 distance depuis n'importe quel endroit<\/h2>\n<p>Vos donn\u00e9es seront affich\u00e9es dans l'application VictronConnect, dans un appareil GX tel que le <a href=\"https:\/\/fvcomponentes.com\/fr\/produit\/victron-cerbo-gx-mk2-bpp900451100-victron-cerbo-mk2-monitor\/\" target=\"_blank\" rel=\"noopener\">Victron Cerbo GX MK2 Monitoring - BPP900451100<\/a>\u00a0ou le <a href=\"https:\/\/fvcomponentes.com\/fr\/produit\/victron-ekrano-gx-monitoring-bpp900480100-bpp900480100\/\" target=\"_blank\" rel=\"noopener\">Ekrano GX<\/a> et sur notre portail VRM.<\/p>\n<h2>Installation facile avec les transformateurs de courant \u00e0 noyau divis\u00e9<\/h2>\n<p>Le compteur d'\u00e9nergie Victron VM-3P75CT utilise des transformateurs de courant \u00e0 pince pour mesurer le courant avec pr\u00e9cision, sans avoir \u00e0 modifier le c\u00e2blage de l'installation.<\/p>\n<h2>M\u00e9thode d'enregistrement vectoriel<\/h2>\n<p>Le compteur d'\u00e9nergie Victron VM-3P75CT utilise la m\u00e9thode du registre vectoriel (les vecteurs de chaque phase L1, L2 et L3 sont additionn\u00e9s).<\/p>\n<h2>Fiche technique Victron Energy Meter VM-3P75CT - REL200300100100<\/h2>\n<p><a href=\"https:\/\/fvcomponentes.com\/wp-content\/uploads\/2024\/06\/Ficha-tecnica-medidor-de-energia-vm3975ct.pdf\" target=\"_blank\" rel=\"noopener\">Voir le guide du compteur d'\u00e9nergie Victron VM-3P75CT - REL200300100<\/a><\/p>","protected":false},"excerpt":{"rendered":"<ul>\n<li><strong>Connexion de tension :<\/strong> Direct<\/li>\n<li><strong>Courant nominal<\/strong>: 75 A<\/li>\n<li><strong>Plage de tension d'entr\u00e9e L-N :<\/strong> 85 \u00e0 265 VAC<\/li>\n<li><strong>Plage de tension d'entr\u00e9e L-L :<\/strong> 150 \u00e0 460 VAC<\/li>\n<li><strong>Fr\u00e9quence :<\/strong> 50\/60 Hz<\/li>\n<\/ul>","protected":false},"featured_media":15496,"comment_status":"open","ping_status":"closed","template":"","meta":{"site-sidebar-layout":"default","site-content-layout":"default","ast-site-content-layout":"default","site-content-style":"default","site-sidebar-style":"default","ast-global-header-display":"","ast-banner-title-visibility":"","ast-main-header-display":"","ast-hfb-above-header-display":"","ast-hfb-below-header-display":"","ast-hfb-mobile-header-display":"","site-post-title":"","ast-breadcrumbs-content":"","ast-featured-img":"","footer-sml-layout":"","ast-disable-related-posts":"","theme-transparent-header-meta":"default","adv-header-id-meta":"","stick-header-meta":"","header-above-stick-meta":"","header-main-stick-meta":"","header-below-stick-meta":"","astra-migrate-meta-layouts":"set","ast-page-background-enabled":"default","ast-page-background-meta":{"desktop":{"background-color":"var(--ast-global-color-4)","background-image":"","background-repeat":"repeat","background-position":"center center","background-size":"auto","background-attachment":"scroll","background-type":"","background-media":"","overlay-type":"","overlay-color":"","overlay-opacity":"","overlay-gradient":""},"tablet":{"background-color":"","background-image":"","background-repeat":"repeat","background-position":"center center","background-size":"auto","background-attachment":"scroll","background-type":"","background-media":"","overlay-type":"","overlay-color":"","overlay-opacity":"","overlay-gradient":""},"mobile":{"background-color":"","background-image":"","background-repeat":"repeat","background-position":"center center","background-size":"auto","background-attachment":"scroll","background-type":"","background-media":"","overlay-type":"","overlay-color":"","overlay-opacity":"","overlay-gradient":""}},"ast-content-background-meta":{"desktop":{"background-color":"var(--ast-global-color-5)","background-image":"","background-repeat":"repeat","background-position":"center center","background-size":"auto","background-attachment":"scroll","background-type":"","background-media":"","overlay-type":"","overlay-color":"","overlay-opacity":"","overlay-gradient":""},"tablet":{"background-color":"var(--ast-global-color-5)","background-image":"","background-repeat":"repeat","background-position":"center center","background-size":"auto","background-attachment":"scroll","background-type":"","background-media":"","overlay-type":"","overlay-color":"","overlay-opacity":"","overlay-gradient":""},"mobile":{"background-color":"var(--ast-global-color-5)","background-image":"","background-repeat":"repeat","background-position":"center center","background-size":"auto","background-attachment":"scroll","background-type":"","background-media":"","overlay-type":"","overlay-color":"","overlay-opacity":"","overlay-gradient":""}}},"pwb-brand":[332],"product_brand":[],"product_cat":[333,351,349],"product_tag":[],"class_list":{"0":"post-15491","1":"product","2":"type-product","3":"status-publish","4":"has-post-thumbnail","6":"pwb-brand-victron","7":"product_cat-inversores","8":"product_cat-accesorios","9":"product_cat-meters","10":"desktop-align-left","11":"tablet-align-left","12":"mobile-align-left","13":"ast-product-gallery-layout-horizontal-slider","14":"ast-product-tabs-layout-horizontal","16":"first","17":"instock","18":"taxable","19":"shipping-taxable","20":"purchasable","21":"product-type-simple"},"wcpa_form_fields":null,"brands":[{"id":332,"name":"Victron Energy","slug":"victron"}],"_links":{"self":[{"href":"https:\/\/fvcomponentes.com\/fr\/wp-json\/wp\/v2\/product\/15491","targetHints":{"allow":["GET"]}}],"collection":[{"href":"https:\/\/fvcomponentes.com\/fr\/wp-json\/wp\/v2\/product"}],"about":[{"href":"https:\/\/fvcomponentes.com\/fr\/wp-json\/wp\/v2\/types\/product"}],"replies":[{"embeddable":true,"href":"https:\/\/fvcomponentes.com\/fr\/wp-json\/wp\/v2\/comments?post=15491"}],"wp:featuredmedia":[{"embeddable":true,"href":"https:\/\/fvcomponentes.com\/fr\/wp-json\/wp\/v2\/media\/15496"}],"wp:attachment":[{"href":"https:\/\/fvcomponentes.com\/fr\/wp-json\/wp\/v2\/media?parent=15491"}],"wp:term":[{"taxonomy":"pwb-brand","embeddable":true,"href":"https:\/\/fvcomponentes.com\/fr\/wp-json\/wp\/v2\/pwb-brand?post=15491"},{"taxonomy":"product_brand","embeddable":true,"href":"https:\/\/fvcomponentes.com\/fr\/wp-json\/wp\/v2\/product_brand?post=15491"},{"taxonomy":"product_cat","embeddable":true,"href":"https:\/\/fvcomponentes.com\/fr\/wp-json\/wp\/v2\/product_cat?post=15491"},{"taxonomy":"product_tag","embeddable":true,"href":"https:\/\/fvcomponentes.com\/fr\/wp-json\/wp\/v2\/product_tag?post=15491"}],"curies":[{"name":"wp","href":"https:\/\/api.w.org\/{rel}","templated":true}]}}