{"id":15488,"date":"2024-06-24T10:47:53","date_gmt":"2024-06-24T08:47:53","guid":{"rendered":"https:\/\/fvcomponentes.com\/?post_type=product&#038;p=15488"},"modified":"2026-04-08T21:31:12","modified_gmt":"2026-04-08T19:31:12","slug":"victron-em540-3-phase-power-meter-3-phase-max-65a-phase-rel200100100100","status":"publish","type":"product","link":"https:\/\/fvcomponentes.com\/fr\/producto\/medidor-de-energia-victron-em540-3-fases-max-65a-phase-rel200100100\/","title":{"rendered":"Compteur d'\u00e9nergie Victron EM540 3 phases - max 65A\/phase - REL200100100100"},"content":{"rendered":"<h2>Caract\u00e9ristiques du compteur d'\u00e9nergie triphas\u00e9 Victron EM540 - max 65A\/phase - REL200100100<\/h2>\n<p>Le compteur d'\u00e9nergie triphas\u00e9 Victron EM540 - max 65A\/phase - REL200100100 est un appareil standard pour mesurer la puissance et l'\u00e9nergie d'une application.\u00a0<span class=\"phrase\">triphas\u00e9<\/span>par exemple dans la bo\u00eete de distribution ou pour mesurer la sortie d'un onduleur PV, d'un g\u00e9n\u00e9rateur CA ou d'un onduleur ou d'un onduleur\/chargeur.<\/p>\n<p>Les\u00a0<span class=\"phrase\">EM540 <\/span>\u00a0peut \u00eatre configur\u00e9 avec quatre fonctions diff\u00e9rentes sur un dispositif GX, telles que le <a href=\"https:\/\/fvcomponentes.com\/fr\/produit\/victron-cerbo-gx-mk2-bpp900451100-victron-cerbo-mk2-monitor\/\" target=\"_blank\" rel=\"noopener\">Victron Cerbo GX MK2 Monitoring - BPP900451100<\/a>:<\/p>\n<div class=\"orderedlist\">\n<ol class=\"orderedlist\" type=\"1\">\n<li class=\"listitem\">En tant que compteur de r\u00e9seau et entr\u00e9e de contr\u00f4le d'un syst\u00e8me ESS.<\/li>\n<li class=\"listitem\">Pour mesurer la sortie d'un onduleur photovolta\u00efque.<\/li>\n<li class=\"listitem\">Mesurer la puissance d'un g\u00e9n\u00e9rateur de courant alternatif.<\/li>\n<li class=\"listitem\">Comme compteur de courant alternatif pour mesurer la sortie d'un onduleur ou d'un onduleur\/chargeur.<\/li>\n<\/ol>\n<\/div>\n<p>Il offre\u00a0<span class=\"phrase\">deux options<\/span>\u00a0pour la connexion \u00e0 un dispositif GX :<\/p>\n<div class=\"orderedlist\">\n<ol class=\"orderedlist\" type=\"1\">\n<li class=\"listitem\">Une connexion c\u00e2bl\u00e9e, \u00e0 l'aide du\u00a0<a class=\"link\" href=\"https:\/\/fvcomponentes.com\/fr\/produit\/interface-rs485-to-usb-5m-ass030572050\/\" target=\"_blank\" rel=\"noopener\">Interface RS485 vers USB\u00a0<\/a>avec une longueur de c\u00e2ble de 1,8 m ou 5 m.<\/li>\n<li class=\"listitem\">Une connexion sans fil via notre\u00a0<a href=\"https:\/\/fvcomponentes.com\/fr\/produit\/victron-zigbee-to-usb-converter-ass300420200\/\" target=\"_blank\" rel=\"noopener\">Convertisseurs Zigbee vers USB<\/a> y <a href=\"https:\/\/fvcomponentes.com\/fr\/produit\/victron-zigbee-to-rs485-converter-ass300420100\/\" target=\"_blank\" rel=\"noopener\">Zigbee vers RS485<\/a>.<\/li>\n<\/ol>\n<\/div>\n<h2>Choisissez entre une connexion RS485 ou Ethernet :<\/h2>\n<p>Le mode Ethernet sera plus avantageux dans les installations o\u00f9 un r\u00e9seau Ethernet est disponible. Au lieu de faire passer un c\u00e2ble RS485 entre le panneau de distribution CA principal et le syst\u00e8me de stockage, il est possible d'utiliser le r\u00e9seau Ethernet existant. L'inconv\u00e9nient est que cela d\u00e9pend du bon fonctionnement du r\u00e9seau ; en cas de probl\u00e8me, le syst\u00e8me de stockage passera en mode veille : passthrough.<br \/>\nLes compteurs EM24, EM3XX, EM5XX et ABB utilisent l'enregistrement vectoriel pour le comptage de l'\u00e9nergie. C'est la m\u00e9thode pr\u00e9f\u00e9r\u00e9e dans des pays comme l'Allemagne et l'Autriche, et presque partout ailleurs. Tous les autres compteurs utilisent le registre arithm\u00e9tique. Voir la question P8 dans les manuels des compteurs d'\u00e9nergie Victron pour plus d'informations sur les diff\u00e9rences entre les compteurs d'\u00e9nergie.<\/p>\n<h2>Fiche technique Victron EM540 Compteur d'\u00e9nergie triphas\u00e9 - max 65A\/phase - REL200100100100<\/h2>\n<p><a href=\"https:\/\/fvcomponentes.com\/wp-content\/uploads\/2023\/03\/guia-de-seccion-de-contadores-de-energia-ES-.pdf\" target=\"_blank\" rel=\"noopener\">Voir le guide du compteur d'\u00e9nergie Victron EM540 3 phases - max 65A\/phase<\/a><\/p>","protected":false},"excerpt":{"rendered":"<p><strong>Affichage :<\/strong> LCD<br \/>\n<strong>Phases :<\/strong> 3<br \/>\n<strong>Courant nominal maximal :<\/strong> 65 A par phase<br \/>\n<strong>Taux de mise \u00e0 jour :<\/strong> 100 ms<\/p>","protected":false},"featured_media":15490,"comment_status":"open","ping_status":"closed","template":"","meta":{"site-sidebar-layout":"default","site-content-layout":"default","ast-site-content-layout":"default","site-content-style":"default","site-sidebar-style":"default","ast-global-header-display":"","ast-banner-title-visibility":"","ast-main-header-display":"","ast-hfb-above-header-display":"","ast-hfb-below-header-display":"","ast-hfb-mobile-header-display":"","site-post-title":"","ast-breadcrumbs-content":"","ast-featured-img":"","footer-sml-layout":"","ast-disable-related-posts":"","theme-transparent-header-meta":"default","adv-header-id-meta":"","stick-header-meta":"","header-above-stick-meta":"","header-main-stick-meta":"","header-below-stick-meta":"","astra-migrate-meta-layouts":"set","ast-page-background-enabled":"default","ast-page-background-meta":{"desktop":{"background-color":"var(--ast-global-color-4)","background-image":"","background-repeat":"repeat","background-position":"center center","background-size":"auto","background-attachment":"scroll","background-type":"","background-media":"","overlay-type":"","overlay-color":"","overlay-opacity":"","overlay-gradient":""},"tablet":{"background-color":"","background-image":"","background-repeat":"repeat","background-position":"center center","background-size":"auto","background-attachment":"scroll","background-type":"","background-media":"","overlay-type":"","overlay-color":"","overlay-opacity":"","overlay-gradient":""},"mobile":{"background-color":"","background-image":"","background-repeat":"repeat","background-position":"center center","background-size":"auto","background-attachment":"scroll","background-type":"","background-media":"","overlay-type":"","overlay-color":"","overlay-opacity":"","overlay-gradient":""}},"ast-content-background-meta":{"desktop":{"background-color":"var(--ast-global-color-5)","background-image":"","background-repeat":"repeat","background-position":"center center","background-size":"auto","background-attachment":"scroll","background-type":"","background-media":"","overlay-type":"","overlay-color":"","overlay-opacity":"","overlay-gradient":""},"tablet":{"background-color":"var(--ast-global-color-5)","background-image":"","background-repeat":"repeat","background-position":"center center","background-size":"auto","background-attachment":"scroll","background-type":"","background-media":"","overlay-type":"","overlay-color":"","overlay-opacity":"","overlay-gradient":""},"mobile":{"background-color":"var(--ast-global-color-5)","background-image":"","background-repeat":"repeat","background-position":"center center","background-size":"auto","background-attachment":"scroll","background-type":"","background-media":"","overlay-type":"","overlay-color":"","overlay-opacity":"","overlay-gradient":""}}},"pwb-brand":[332],"product_brand":[],"product_cat":[333,351,349],"product_tag":[],"class_list":{"0":"post-15488","1":"product","2":"type-product","3":"status-publish","4":"has-post-thumbnail","6":"pwb-brand-victron","7":"product_cat-inversores","8":"product_cat-accesorios","9":"product_cat-meters","10":"desktop-align-left","11":"tablet-align-left","12":"mobile-align-left","13":"ast-product-gallery-layout-horizontal-slider","14":"ast-product-gallery-with-no-image","15":"ast-product-tabs-layout-horizontal","17":"first","18":"instock","19":"taxable","20":"shipping-taxable","21":"purchasable","22":"product-type-simple"},"wcpa_form_fields":null,"brands":[{"id":332,"name":"Victron Energy","slug":"victron"}],"_links":{"self":[{"href":"https:\/\/fvcomponentes.com\/fr\/wp-json\/wp\/v2\/product\/15488","targetHints":{"allow":["GET"]}}],"collection":[{"href":"https:\/\/fvcomponentes.com\/fr\/wp-json\/wp\/v2\/product"}],"about":[{"href":"https:\/\/fvcomponentes.com\/fr\/wp-json\/wp\/v2\/types\/product"}],"replies":[{"embeddable":true,"href":"https:\/\/fvcomponentes.com\/fr\/wp-json\/wp\/v2\/comments?post=15488"}],"wp:featuredmedia":[{"embeddable":true,"href":"https:\/\/fvcomponentes.com\/fr\/wp-json\/wp\/v2\/media\/15490"}],"wp:attachment":[{"href":"https:\/\/fvcomponentes.com\/fr\/wp-json\/wp\/v2\/media?parent=15488"}],"wp:term":[{"taxonomy":"pwb-brand","embeddable":true,"href":"https:\/\/fvcomponentes.com\/fr\/wp-json\/wp\/v2\/pwb-brand?post=15488"},{"taxonomy":"product_brand","embeddable":true,"href":"https:\/\/fvcomponentes.com\/fr\/wp-json\/wp\/v2\/product_brand?post=15488"},{"taxonomy":"product_cat","embeddable":true,"href":"https:\/\/fvcomponentes.com\/fr\/wp-json\/wp\/v2\/product_cat?post=15488"},{"taxonomy":"product_tag","embeddable":true,"href":"https:\/\/fvcomponentes.com\/fr\/wp-json\/wp\/v2\/product_tag?post=15488"}],"curies":[{"name":"wp","href":"https:\/\/api.w.org\/{rel}","templated":true}]}}