{"id":15428,"date":"2024-06-24T08:43:56","date_gmt":"2024-06-24T06:43:56","guid":{"rendered":"https:\/\/fvcomponentes.com\/?post_type=product&#038;p=15428"},"modified":"2026-04-08T21:28:05","modified_gmt":"2026-04-08T19:28:05","slug":"victron-interface-cable-victron-ve-direct-to-usb-c-ass030530030","status":"publish","type":"product","link":"https:\/\/fvcomponentes.com\/fr\/producto\/cable-interfaz-victron-ve-direct-a-usb-c-ass030530030\/","title":{"rendered":"Victron C\u00e2ble d'interface VE.Direct vers USB-C - ASS030530030"},"content":{"rendered":"<h2>Caract\u00e9ristiques du c\u00e2ble d'interface VE.Direct vers USB-C de Victron - ASS030530030<\/h2>\n<p>Le c\u00e2ble d'interface Victron VE.Direct vers USB-C - ASS030530030 permet de connecter les produits dot\u00e9s d'une connexion VE.Direct aux appareils \u00e9quip\u00e9s d'un port USB-C, par exemple un ordinateur.<\/p>\n<p>Ce c\u00e2ble permet de connecter plus de deux produits VE.Direct \u00e0 un seul CCGX.<\/p>\n<h3><span style=\"color: #000000;\">VE.Direct vers les appareils compatibles avec l'interface USB-C<\/span><\/h3>\n<p><span style=\"color: #000000;\">Les appareils qui peuvent \u00eatre connect\u00e9s \u00e0 cette interface VE.Direct to USB-C sont les suivants :<\/span><\/p>\n<p><span style=\"color: #000000;\">- R\u00e9gulateurs MPPT Blue Solar<\/span><\/p>\n<p><span style=\"color: #000000;\">- Les onduleurs Phoenix VE.Direct<\/span><\/p>\n<p><span style=\"color: #000000;\">- Moniteur de batterie BMV700<\/span><\/p>\n<p><span style=\"color: #000000;\">- R\u00e9gulateurs Blue Solar MPPT.<\/span><\/p>\n<p><span style=\"color: #000000;\">En fonction de l'\u00e9quipement \u00e0 connecter, diff\u00e9rents param\u00e8tres de fonctionnement peuvent \u00eatre observ\u00e9s.<\/span><\/p>\n<p><span style=\"color: #000000;\">Dans les r\u00e9gulateurs MPPT de Blue Solar, les tensions de charge de la batterie peuvent \u00eatre surveill\u00e9es ainsi que le courant g\u00e9n\u00e9r\u00e9 par les panneaux. Dans les onduleurs Phoenix VE.Direct, il est possible de surveiller en particulier la tension de coupure de la batterie et le signal d'alarme.<\/span><\/p>\n<h3><span style=\"color: #000000;\">Comment connecter les appareils Victron via l'interface VE.Direct \u00e0 l'USB-C ?<\/span><\/h3>\n<p><span style=\"color: #000000;\">Il existe deux fa\u00e7ons d'\u00e9tablir une connexion avec l'\u00e9quipement Victron,\u00a0<strong>en utilisant le VE.Direct to USB ou en utilisant le dongle Bluetooth Smart VE.Direct.<\/strong>. Le VE.Direct to USB vous permet de connecter l'\u00e9quipement Victron aux ordinateurs Windows PC et MAC. De plus, le dongle Bluetooth Smart VE.Direct vous permet de connecter les appareils Victron aux smartphones, tablettes, Macbooks et autres appareils Apple et Android.<\/span><\/p>","protected":false},"excerpt":{"rendered":"<p>Caract\u00e9ristiques techniques du Victron VE.C\u00e2ble d'interface direct \u00e0 USB :<\/p>\n<ul>\n<li><b>Longueur : <\/b>0.9m<\/li>\n<li><strong>Interface de sortie :<\/strong> USB Type-C<\/li>\n<\/ul>\n<p>&nbsp;<\/p>","protected":false},"featured_media":15430,"comment_status":"open","ping_status":"closed","template":"","meta":{"site-sidebar-layout":"default","site-content-layout":"default","ast-site-content-layout":"default","site-content-style":"default","site-sidebar-style":"default","ast-global-header-display":"","ast-banner-title-visibility":"","ast-main-header-display":"","ast-hfb-above-header-display":"","ast-hfb-below-header-display":"","ast-hfb-mobile-header-display":"","site-post-title":"","ast-breadcrumbs-content":"","ast-featured-img":"","footer-sml-layout":"","ast-disable-related-posts":"","theme-transparent-header-meta":"default","adv-header-id-meta":"","stick-header-meta":"","header-above-stick-meta":"","header-main-stick-meta":"","header-below-stick-meta":"","astra-migrate-meta-layouts":"set","ast-page-background-enabled":"default","ast-page-background-meta":{"desktop":{"background-color":"var(--ast-global-color-4)","background-image":"","background-repeat":"repeat","background-position":"center center","background-size":"auto","background-attachment":"scroll","background-type":"","background-media":"","overlay-type":"","overlay-color":"","overlay-opacity":"","overlay-gradient":""},"tablet":{"background-color":"","background-image":"","background-repeat":"repeat","background-position":"center center","background-size":"auto","background-attachment":"scroll","background-type":"","background-media":"","overlay-type":"","overlay-color":"","overlay-opacity":"","overlay-gradient":""},"mobile":{"background-color":"","background-image":"","background-repeat":"repeat","background-position":"center center","background-size":"auto","background-attachment":"scroll","background-type":"","background-media":"","overlay-type":"","overlay-color":"","overlay-opacity":"","overlay-gradient":""}},"ast-content-background-meta":{"desktop":{"background-color":"var(--ast-global-color-5)","background-image":"","background-repeat":"repeat","background-position":"center center","background-size":"auto","background-attachment":"scroll","background-type":"","background-media":"","overlay-type":"","overlay-color":"","overlay-opacity":"","overlay-gradient":""},"tablet":{"background-color":"var(--ast-global-color-5)","background-image":"","background-repeat":"repeat","background-position":"center center","background-size":"auto","background-attachment":"scroll","background-type":"","background-media":"","overlay-type":"","overlay-color":"","overlay-opacity":"","overlay-gradient":""},"mobile":{"background-color":"var(--ast-global-color-5)","background-image":"","background-repeat":"repeat","background-position":"center center","background-size":"auto","background-attachment":"scroll","background-type":"","background-media":"","overlay-type":"","overlay-color":"","overlay-opacity":"","overlay-gradient":""}}},"pwb-brand":[332],"product_brand":[],"product_cat":[351,878,333],"product_tag":[],"class_list":{"0":"post-15428","1":"product","2":"type-product","3":"status-publish","4":"has-post-thumbnail","6":"pwb-brand-victron","7":"product_cat-accesorios","8":"product_cat-cables-victron","9":"product_cat-inversores","10":"desktop-align-left","11":"tablet-align-left","12":"mobile-align-left","13":"ast-product-gallery-layout-horizontal-slider","14":"ast-product-tabs-layout-horizontal","16":"first","17":"instock","18":"taxable","19":"shipping-taxable","20":"purchasable","21":"product-type-simple"},"wcpa_form_fields":null,"brands":[{"id":332,"name":"Victron Energy","slug":"victron"}],"_links":{"self":[{"href":"https:\/\/fvcomponentes.com\/fr\/wp-json\/wp\/v2\/product\/15428","targetHints":{"allow":["GET"]}}],"collection":[{"href":"https:\/\/fvcomponentes.com\/fr\/wp-json\/wp\/v2\/product"}],"about":[{"href":"https:\/\/fvcomponentes.com\/fr\/wp-json\/wp\/v2\/types\/product"}],"replies":[{"embeddable":true,"href":"https:\/\/fvcomponentes.com\/fr\/wp-json\/wp\/v2\/comments?post=15428"}],"wp:featuredmedia":[{"embeddable":true,"href":"https:\/\/fvcomponentes.com\/fr\/wp-json\/wp\/v2\/media\/15430"}],"wp:attachment":[{"href":"https:\/\/fvcomponentes.com\/fr\/wp-json\/wp\/v2\/media?parent=15428"}],"wp:term":[{"taxonomy":"pwb-brand","embeddable":true,"href":"https:\/\/fvcomponentes.com\/fr\/wp-json\/wp\/v2\/pwb-brand?post=15428"},{"taxonomy":"product_brand","embeddable":true,"href":"https:\/\/fvcomponentes.com\/fr\/wp-json\/wp\/v2\/product_brand?post=15428"},{"taxonomy":"product_cat","embeddable":true,"href":"https:\/\/fvcomponentes.com\/fr\/wp-json\/wp\/v2\/product_cat?post=15428"},{"taxonomy":"product_tag","embeddable":true,"href":"https:\/\/fvcomponentes.com\/fr\/wp-json\/wp\/v2\/product_tag?post=15428"}],"curies":[{"name":"wp","href":"https:\/\/api.w.org\/{rel}","templated":true}]}}