{"id":15425,"date":"2024-06-24T08:37:35","date_gmt":"2024-06-24T06:37:35","guid":{"rendered":"https:\/\/fvcomponentes.com\/?post_type=product&#038;p=15425"},"modified":"2025-10-15T09:22:58","modified_gmt":"2025-10-15T07:22:58","slug":"module-victron-ve-direct-lorawan-au915-928-ass030542010","status":"publish","type":"product","link":"https:\/\/fvcomponentes.com\/fr\/producto\/modulo-victron-ve-direct-lorawan-au915-928-ass030542010\/","title":{"rendered":"Victron VE.Direct Module LoRaWAN AU915-928 - ASS030542010"},"content":{"rendered":"<h2>Caract\u00e9ristiques du module LoRaWAN VE.Direct de Victron AU915-928 - ASS030542010<\/h2>\n<p>Le module Victron VE.Direct LoRaWAN AU915-928 - ASS030542010 est un composant qui permet la connectivit\u00e9 des syst\u00e8mes et appareils \u00e9nerg\u00e9tiques Victron aux r\u00e9seaux LoRaWAN (Long Range Wide Area Network). L'id\u00e9e est d'utiliser le \" r\u00e9seau des objets \" gratuit pour pouvoir surveiller \u00e0 distance votre appareil VE Direct \u00e0 l'aide du portail VRM de Victron. Avec le module Victron VE.Direct LoRaWAN AU915-928, vous pouvez lire \u00e0 distance les donn\u00e9es de votre BMV, MPPT ou onduleur Phoenix. Visualisez des informations telles que l'\u00e9tat de la batterie ou de la puissance solaire n'importe o\u00f9 sur votre ordinateur de bureau ou votre t\u00e9l\u00e9phone portable.<\/p>\n<h2 class=\"productDetails__block-title\"><span class=\"productDetails__block-title-content\">Portail en ligne VRM<\/span><\/h2>\n<div class=\"productDetails__block-description\">\n<p>Vous pouvez v\u00e9rifier l'\u00e9tat de vos produits connect\u00e9s sur notre site web de t\u00e9l\u00e9surveillance gratuit : le portail en ligne VRM. Pour vous donner une id\u00e9e de l'aspect du portail en ligne VRM, visitez le site suivant\u00a0<a href=\"https:\/\/vrm.victronenergy.com\/landingpage\" target=\"_blank\" rel=\"noopener\">vrm.victronenergy.com<\/a>et utilisez le bouton \"Essayez notre d\u00e9mo\". L'utilisation du portail est gratuite.<\/p>\n<h2 class=\"productDetails__block-title\"><span class=\"productDetails__block-title-content\">R\u00e9seau \u00e9tendu \u00e0 longue port\u00e9e<\/span><\/h2>\n<div class=\"productDetails__block-description\">\n<p>LoRaWAN est un r\u00e9seau sans fil fonctionnant sur la fr\u00e9quence 868Mhz. Il a une longue port\u00e9e et utilise une faible quantit\u00e9 de courant. Le module VE.Direct LoRaWAN AU915-928 de Victron peut envoyer des donn\u00e9es mises \u00e0 jour toutes les heures sur ce r\u00e9seau. Vous n'avez pas besoin d'un abonnement pour utiliser ce r\u00e9seau. Si vous n'avez pas de couverture dans votre r\u00e9gion, il est possible d'ajouter votre propre passerelle.<\/p>\n<h2>Manuel du module LoRaWAN Victron VE.Direct AU915-928 - ASS030542010<\/h2>\n<p><a href=\"https:\/\/fvcomponentes.com\/wp-content\/uploads\/2025\/10\/ve.direct_lorawan_module_manual-1.pdf\" target=\"_blank\" rel=\"noopener\">Voir le manuel du module VE.Direct LoRaWAN AU915-928 de Victron.<\/a><\/p>\n<\/div>\n<\/div>","protected":false},"excerpt":{"rendered":"<p>Pour connecter un onduleur BMV, MPPT ou Phoenix au portail VRM (Victron Remote Management).<\/p>","protected":false},"featured_media":15426,"comment_status":"open","ping_status":"closed","template":"","meta":{"site-sidebar-layout":"default","site-content-layout":"default","ast-site-content-layout":"default","site-content-style":"default","site-sidebar-style":"default","ast-global-header-display":"","ast-banner-title-visibility":"","ast-main-header-display":"","ast-hfb-above-header-display":"","ast-hfb-below-header-display":"","ast-hfb-mobile-header-display":"","site-post-title":"","ast-breadcrumbs-content":"","ast-featured-img":"","footer-sml-layout":"","ast-disable-related-posts":"","theme-transparent-header-meta":"default","adv-header-id-meta":"","stick-header-meta":"","header-above-stick-meta":"","header-main-stick-meta":"","header-below-stick-meta":"","astra-migrate-meta-layouts":"set","ast-page-background-enabled":"default","ast-page-background-meta":{"desktop":{"background-color":"var(--ast-global-color-4)","background-image":"","background-repeat":"repeat","background-position":"center center","background-size":"auto","background-attachment":"scroll","background-type":"","background-media":"","overlay-type":"","overlay-color":"","overlay-opacity":"","overlay-gradient":""},"tablet":{"background-color":"","background-image":"","background-repeat":"repeat","background-position":"center center","background-size":"auto","background-attachment":"scroll","background-type":"","background-media":"","overlay-type":"","overlay-color":"","overlay-opacity":"","overlay-gradient":""},"mobile":{"background-color":"","background-image":"","background-repeat":"repeat","background-position":"center center","background-size":"auto","background-attachment":"scroll","background-type":"","background-media":"","overlay-type":"","overlay-color":"","overlay-opacity":"","overlay-gradient":""}},"ast-content-background-meta":{"desktop":{"background-color":"var(--ast-global-color-5)","background-image":"","background-repeat":"repeat","background-position":"center center","background-size":"auto","background-attachment":"scroll","background-type":"","background-media":"","overlay-type":"","overlay-color":"","overlay-opacity":"","overlay-gradient":""},"tablet":{"background-color":"var(--ast-global-color-5)","background-image":"","background-repeat":"repeat","background-position":"center center","background-size":"auto","background-attachment":"scroll","background-type":"","background-media":"","overlay-type":"","overlay-color":"","overlay-opacity":"","overlay-gradient":""},"mobile":{"background-color":"var(--ast-global-color-5)","background-image":"","background-repeat":"repeat","background-position":"center center","background-size":"auto","background-attachment":"scroll","background-type":"","background-media":"","overlay-type":"","overlay-color":"","overlay-opacity":"","overlay-gradient":""}}},"pwb-brand":[332],"product_brand":[],"product_cat":[333,934],"product_tag":[],"class_list":{"0":"post-15425","1":"product","2":"type-product","3":"status-publish","4":"has-post-thumbnail","6":"pwb-brand-victron","7":"product_cat-inversores","8":"product_cat-monitorizacion","9":"desktop-align-left","10":"tablet-align-left","11":"mobile-align-left","12":"ast-product-gallery-layout-horizontal-slider","13":"ast-product-gallery-with-no-image","14":"ast-product-tabs-layout-horizontal","16":"first","17":"instock","18":"taxable","19":"shipping-taxable","20":"purchasable","21":"product-type-simple"},"wcpa_form_fields":null,"brands":[{"id":332,"name":"Victron Energy","slug":"victron"}],"_links":{"self":[{"href":"https:\/\/fvcomponentes.com\/fr\/wp-json\/wp\/v2\/product\/15425","targetHints":{"allow":["GET"]}}],"collection":[{"href":"https:\/\/fvcomponentes.com\/fr\/wp-json\/wp\/v2\/product"}],"about":[{"href":"https:\/\/fvcomponentes.com\/fr\/wp-json\/wp\/v2\/types\/product"}],"replies":[{"embeddable":true,"href":"https:\/\/fvcomponentes.com\/fr\/wp-json\/wp\/v2\/comments?post=15425"}],"wp:featuredmedia":[{"embeddable":true,"href":"https:\/\/fvcomponentes.com\/fr\/wp-json\/wp\/v2\/media\/15426"}],"wp:attachment":[{"href":"https:\/\/fvcomponentes.com\/fr\/wp-json\/wp\/v2\/media?parent=15425"}],"wp:term":[{"taxonomy":"pwb-brand","embeddable":true,"href":"https:\/\/fvcomponentes.com\/fr\/wp-json\/wp\/v2\/pwb-brand?post=15425"},{"taxonomy":"product_brand","embeddable":true,"href":"https:\/\/fvcomponentes.com\/fr\/wp-json\/wp\/v2\/product_brand?post=15425"},{"taxonomy":"product_cat","embeddable":true,"href":"https:\/\/fvcomponentes.com\/fr\/wp-json\/wp\/v2\/product_cat?post=15425"},{"taxonomy":"product_tag","embeddable":true,"href":"https:\/\/fvcomponentes.com\/fr\/wp-json\/wp\/v2\/product_tag?post=15425"}],"curies":[{"name":"wp","href":"https:\/\/api.w.org\/{rel}","templated":true}]}}