{"id":15416,"date":"2024-06-24T08:06:02","date_gmt":"2024-06-24T06:06:02","guid":{"rendered":"https:\/\/fvcomponentes.com\/?post_type=product&#038;p=15416"},"modified":"2026-04-04T12:48:20","modified_gmt":"2026-04-04T10:48:20","slug":"victron-gx-lte-4g-e-gsm100100400-victron-gx-lte-4g-modem","status":"publish","type":"product","link":"https:\/\/fvcomponentes.com\/fr\/producto\/modem-victron-gx-lte-4g-e-gsm100100400\/","title":{"rendered":"Victron GX LTE Modem 4G-E LTE - GSM100100400"},"content":{"rendered":"<div class=\"productDetails__block-content\">\n<div class=\"productDetails__block-description\">\n<h2>Caract\u00e9ristiques du modem Victron GX LTE 4G-E LTE<\/h2>\n<p>Le modem Victron GX LTE 4G-E - GSM100100400 est un modem cellulaire de la gamme de produits de surveillance GX. Il fournit une connexion internet mobile pour le syst\u00e8me et une connexion au portail VRM. Il fonctionne avec les r\u00e9seaux 2G, 3G et 4G.<\/p>\n<p>Il existe plusieurs mod\u00e8les, consultez le manuel pour savoir quel mod\u00e8le est le mieux adapt\u00e9 aux bandes de r\u00e9seaux cellulaires disponibles dans votre r\u00e9gion.<\/p>\n<p>Le GX LTE comprend un r\u00e9cepteur GPS int\u00e9gr\u00e9. Lorsque l'antenne GPS optionnelle est install\u00e9e, il est possible de suivre l'emplacement du syst\u00e8me et d'\u00e9tablir une g\u00e9ofence \u00e0 partir du portail VRM.<\/p>\n<\/div>\n<\/div>\n<div class=\"productDetails__block-content\">\n<div class=\"productDetails__block-description\">\n<h2>Manuel du modem Victron GX LTE 4G-E LTE - GSM100100400<\/h2>\n<\/div>\n<\/div>\n<div class=\"productDetails__block-image-container\">\n<div class=\"productDetails__block-image\"><a href=\"https:\/\/fvcomponentes.com\/wp-content\/uploads\/2024\/06\/Manual-Modem-Victron-GX-LTE-4G-E.pdf\" target=\"_blank\" rel=\"noopener\">Voir le manuel du modem Victron GX LTE 4G-E<\/a><\/div>\n<\/div>","protected":false},"excerpt":{"rendered":"<ul>\n<li>Modem cellulaire de la gamme de produits de surveillance GX.<\/li>\n<li>Fournit une connexion Internet mobile pour le syst\u00e8me et une connexion au portail VRM.<\/li>\n<li>Fonctionne avec les r\u00e9seaux 2G, 3G et 4G.<\/li>\n<\/ul>","protected":false},"featured_media":15419,"comment_status":"open","ping_status":"closed","template":"","meta":{"site-sidebar-layout":"default","site-content-layout":"default","ast-site-content-layout":"default","site-content-style":"default","site-sidebar-style":"default","ast-global-header-display":"","ast-banner-title-visibility":"","ast-main-header-display":"","ast-hfb-above-header-display":"","ast-hfb-below-header-display":"","ast-hfb-mobile-header-display":"","site-post-title":"","ast-breadcrumbs-content":"","ast-featured-img":"","footer-sml-layout":"","ast-disable-related-posts":"","theme-transparent-header-meta":"default","adv-header-id-meta":"","stick-header-meta":"","header-above-stick-meta":"","header-main-stick-meta":"","header-below-stick-meta":"","astra-migrate-meta-layouts":"set","ast-page-background-enabled":"default","ast-page-background-meta":{"desktop":{"background-color":"var(--ast-global-color-4)","background-image":"","background-repeat":"repeat","background-position":"center center","background-size":"auto","background-attachment":"scroll","background-type":"","background-media":"","overlay-type":"","overlay-color":"","overlay-opacity":"","overlay-gradient":""},"tablet":{"background-color":"","background-image":"","background-repeat":"repeat","background-position":"center center","background-size":"auto","background-attachment":"scroll","background-type":"","background-media":"","overlay-type":"","overlay-color":"","overlay-opacity":"","overlay-gradient":""},"mobile":{"background-color":"","background-image":"","background-repeat":"repeat","background-position":"center center","background-size":"auto","background-attachment":"scroll","background-type":"","background-media":"","overlay-type":"","overlay-color":"","overlay-opacity":"","overlay-gradient":""}},"ast-content-background-meta":{"desktop":{"background-color":"var(--ast-global-color-5)","background-image":"","background-repeat":"repeat","background-position":"center center","background-size":"auto","background-attachment":"scroll","background-type":"","background-media":"","overlay-type":"","overlay-color":"","overlay-opacity":"","overlay-gradient":""},"tablet":{"background-color":"var(--ast-global-color-5)","background-image":"","background-repeat":"repeat","background-position":"center center","background-size":"auto","background-attachment":"scroll","background-type":"","background-media":"","overlay-type":"","overlay-color":"","overlay-opacity":"","overlay-gradient":""},"mobile":{"background-color":"var(--ast-global-color-5)","background-image":"","background-repeat":"repeat","background-position":"center center","background-size":"auto","background-attachment":"scroll","background-type":"","background-media":"","overlay-type":"","overlay-color":"","overlay-opacity":"","overlay-gradient":""}}},"pwb-brand":[332],"product_brand":[],"product_cat":[333,934],"product_tag":[],"class_list":{"0":"post-15416","1":"product","2":"type-product","3":"status-publish","4":"has-post-thumbnail","6":"pwb-brand-victron","7":"product_cat-inversores","8":"product_cat-monitorizacion","9":"desktop-align-left","10":"tablet-align-left","11":"mobile-align-left","12":"ast-product-gallery-layout-horizontal-slider","13":"ast-product-tabs-layout-horizontal","15":"first","16":"instock","17":"taxable","18":"shipping-taxable","19":"purchasable","20":"product-type-simple"},"wcpa_form_fields":null,"brands":[{"id":332,"name":"Victron Energy","slug":"victron"}],"_links":{"self":[{"href":"https:\/\/fvcomponentes.com\/fr\/wp-json\/wp\/v2\/product\/15416","targetHints":{"allow":["GET"]}}],"collection":[{"href":"https:\/\/fvcomponentes.com\/fr\/wp-json\/wp\/v2\/product"}],"about":[{"href":"https:\/\/fvcomponentes.com\/fr\/wp-json\/wp\/v2\/types\/product"}],"replies":[{"embeddable":true,"href":"https:\/\/fvcomponentes.com\/fr\/wp-json\/wp\/v2\/comments?post=15416"}],"wp:featuredmedia":[{"embeddable":true,"href":"https:\/\/fvcomponentes.com\/fr\/wp-json\/wp\/v2\/media\/15419"}],"wp:attachment":[{"href":"https:\/\/fvcomponentes.com\/fr\/wp-json\/wp\/v2\/media?parent=15416"}],"wp:term":[{"taxonomy":"pwb-brand","embeddable":true,"href":"https:\/\/fvcomponentes.com\/fr\/wp-json\/wp\/v2\/pwb-brand?post=15416"},{"taxonomy":"product_brand","embeddable":true,"href":"https:\/\/fvcomponentes.com\/fr\/wp-json\/wp\/v2\/product_brand?post=15416"},{"taxonomy":"product_cat","embeddable":true,"href":"https:\/\/fvcomponentes.com\/fr\/wp-json\/wp\/v2\/product_cat?post=15416"},{"taxonomy":"product_tag","embeddable":true,"href":"https:\/\/fvcomponentes.com\/fr\/wp-json\/wp\/v2\/product_tag?post=15416"}],"curies":[{"name":"wp","href":"https:\/\/api.w.org\/{rel}","templated":true}]}}