{"id":15383,"date":"2024-06-21T12:09:37","date_gmt":"2024-06-21T10:09:37","guid":{"rendered":"https:\/\/fvcomponentes.com\/?post_type=product&#038;p=15383"},"modified":"2026-04-08T21:30:58","modified_gmt":"2026-04-08T19:30:58","slug":"victron-gx-tank-140-monitoring-bpp920140100-bpp920140100","status":"publish","type":"product","link":"https:\/\/fvcomponentes.com\/fr\/producto\/monitorizacion-victron-gx-tank-140-bpp920140100\/","title":{"rendered":"Victron GX Tank 140 Monitoring - BPP920140100"},"content":{"rendered":"<h2>Caract\u00e9ristiques de la surveillance Victron GX Tank 140 - BPP920140100<\/h2>\n<p>Le moniteur Victron GX Tank 140 - BPP920140100 re\u00e7oit les relev\u00e9s d'un maximum de quatre capteurs de niveau de r\u00e9servoir. Il s'agit d'un accessoire pour notre gamme de produits de surveillance du syst\u00e8me GX, dont le <a href=\"https:\/\/fvcomponentes.com\/fr\/produit\/victron-cerbo-gx-mk2-bpp900451100-victron-cerbo-mk2-monitor\/\" target=\"_blank\" rel=\"noopener\">Victron Cerbo GX MK2 Monitoring - BPP900451100<\/a> est le mod\u00e8le le plus couramment utilis\u00e9. Les niveaux des r\u00e9servoirs peuvent \u00eatre lus \u00e0 la fois localement sur le syst\u00e8me et \u00e0 distance via notre portail VRM.<\/p>\n<p>Le moniteur Victron GX Tank 140 - BPP920140100 est compatible avec les transmetteurs de courant (4 \u00e0 20 mA) et de tension (0 \u00e0 10 V). La connexion \u00e0 l'appareil GX se fait via USB, qui est \u00e9galement utilis\u00e9 pour alimenter le GX Tank : aucun c\u00e2ble d'alimentation suppl\u00e9mentaire n'est n\u00e9cessaire.<\/p>\n<p>Le c\u00e2blage du transmetteur de r\u00e9servoir est aussi simple que possible : deux des quatre entr\u00e9es fournissent 24 V pour alimenter le transmetteur. Les deux autres fils n\u00e9cessitent une alimentation externe. Une borne d'entr\u00e9e d'alimentation et des sorties \u00e0 fusible sont pr\u00e9vues \u00e0 cet effet.<\/p>\n<p>Les limites sup\u00e9rieures et inf\u00e9rieures peuvent \u00eatre d\u00e9finies pour permettre l'utilisation de transmetteurs qui ne fournissent qu'une partie de la plage, par exemple de 0 \u00e0 5V.<\/p>\n<p>Pour obtenir une lecture stable, les lectures sont amorties par le calcul de la moyenne. L'amortissement peut \u00eatre r\u00e9gl\u00e9 entre 1 et 60 secondes.<\/p>\n<p>Les capteurs d\u00e9fectueux et les probl\u00e8mes de c\u00e2blage sont d\u00e9tect\u00e9s : une alarme est d\u00e9clench\u00e9e lorsque les valeurs sont hors limites.<\/p>\n<p>Pour les applications marines, l'appareil GX peut transmettre ces niveaux de r\u00e9servoir sur le r\u00e9seau NMEA 2000 afin d'\u00eatre re\u00e7u par d'autres appareils tels que les \u00e9crans multifonctions.<\/p>\n<h2>Manuel de surveillance du r\u00e9servoir Victron GX 140 - BPP920140100<\/h2>\n<p><a href=\"https:\/\/fvcomponentes.com\/wp-content\/uploads\/2024\/06\/Manual-Victron-GX-Tank-140.pdf\" target=\"_blank\" rel=\"noopener\">Voir le manuel de surveillance Victron GX Tank 140 - BPP920140100<\/a><\/p>","protected":false},"excerpt":{"rendered":"<ul>\n<li>Re\u00e7oit les relev\u00e9s d'un maximum de quatre capteurs de niveau de r\u00e9servoir.<\/li>\n<li>Compatible avec les transmetteurs de courant (4 \u00e0 20 mA) et de tension (0 \u00e0 10 V).<\/li>\n<li>Aucun c\u00e2ble d'alimentation suppl\u00e9mentaire n'est n\u00e9cessaire.<\/li>\n<\/ul>","protected":false},"featured_media":15387,"comment_status":"open","ping_status":"closed","template":"","meta":{"site-sidebar-layout":"default","site-content-layout":"default","ast-site-content-layout":"default","site-content-style":"default","site-sidebar-style":"default","ast-global-header-display":"","ast-banner-title-visibility":"","ast-main-header-display":"","ast-hfb-above-header-display":"","ast-hfb-below-header-display":"","ast-hfb-mobile-header-display":"","site-post-title":"","ast-breadcrumbs-content":"","ast-featured-img":"","footer-sml-layout":"","ast-disable-related-posts":"","theme-transparent-header-meta":"default","adv-header-id-meta":"","stick-header-meta":"","header-above-stick-meta":"","header-main-stick-meta":"","header-below-stick-meta":"","astra-migrate-meta-layouts":"set","ast-page-background-enabled":"default","ast-page-background-meta":{"desktop":{"background-color":"var(--ast-global-color-4)","background-image":"","background-repeat":"repeat","background-position":"center center","background-size":"auto","background-attachment":"scroll","background-type":"","background-media":"","overlay-type":"","overlay-color":"","overlay-opacity":"","overlay-gradient":""},"tablet":{"background-color":"","background-image":"","background-repeat":"repeat","background-position":"center center","background-size":"auto","background-attachment":"scroll","background-type":"","background-media":"","overlay-type":"","overlay-color":"","overlay-opacity":"","overlay-gradient":""},"mobile":{"background-color":"","background-image":"","background-repeat":"repeat","background-position":"center center","background-size":"auto","background-attachment":"scroll","background-type":"","background-media":"","overlay-type":"","overlay-color":"","overlay-opacity":"","overlay-gradient":""}},"ast-content-background-meta":{"desktop":{"background-color":"var(--ast-global-color-5)","background-image":"","background-repeat":"repeat","background-position":"center center","background-size":"auto","background-attachment":"scroll","background-type":"","background-media":"","overlay-type":"","overlay-color":"","overlay-opacity":"","overlay-gradient":""},"tablet":{"background-color":"var(--ast-global-color-5)","background-image":"","background-repeat":"repeat","background-position":"center center","background-size":"auto","background-attachment":"scroll","background-type":"","background-media":"","overlay-type":"","overlay-color":"","overlay-opacity":"","overlay-gradient":""},"mobile":{"background-color":"var(--ast-global-color-5)","background-image":"","background-repeat":"repeat","background-position":"center center","background-size":"auto","background-attachment":"scroll","background-type":"","background-media":"","overlay-type":"","overlay-color":"","overlay-opacity":"","overlay-gradient":""}}},"pwb-brand":[332],"product_brand":[],"product_cat":[333,934],"product_tag":[],"class_list":{"0":"post-15383","1":"product","2":"type-product","3":"status-publish","4":"has-post-thumbnail","6":"pwb-brand-victron","7":"product_cat-inversores","8":"product_cat-monitorizacion","9":"desktop-align-left","10":"tablet-align-left","11":"mobile-align-left","12":"ast-product-gallery-layout-horizontal-slider","13":"ast-product-tabs-layout-horizontal","15":"first","16":"instock","17":"taxable","18":"shipping-taxable","19":"purchasable","20":"product-type-simple"},"wcpa_form_fields":null,"brands":[{"id":332,"name":"Victron Energy","slug":"victron"}],"_links":{"self":[{"href":"https:\/\/fvcomponentes.com\/fr\/wp-json\/wp\/v2\/product\/15383","targetHints":{"allow":["GET"]}}],"collection":[{"href":"https:\/\/fvcomponentes.com\/fr\/wp-json\/wp\/v2\/product"}],"about":[{"href":"https:\/\/fvcomponentes.com\/fr\/wp-json\/wp\/v2\/types\/product"}],"replies":[{"embeddable":true,"href":"https:\/\/fvcomponentes.com\/fr\/wp-json\/wp\/v2\/comments?post=15383"}],"wp:featuredmedia":[{"embeddable":true,"href":"https:\/\/fvcomponentes.com\/fr\/wp-json\/wp\/v2\/media\/15387"}],"wp:attachment":[{"href":"https:\/\/fvcomponentes.com\/fr\/wp-json\/wp\/v2\/media?parent=15383"}],"wp:term":[{"taxonomy":"pwb-brand","embeddable":true,"href":"https:\/\/fvcomponentes.com\/fr\/wp-json\/wp\/v2\/pwb-brand?post=15383"},{"taxonomy":"product_brand","embeddable":true,"href":"https:\/\/fvcomponentes.com\/fr\/wp-json\/wp\/v2\/product_brand?post=15383"},{"taxonomy":"product_cat","embeddable":true,"href":"https:\/\/fvcomponentes.com\/fr\/wp-json\/wp\/v2\/product_cat?post=15383"},{"taxonomy":"product_tag","embeddable":true,"href":"https:\/\/fvcomponentes.com\/fr\/wp-json\/wp\/v2\/product_tag?post=15383"}],"curies":[{"name":"wp","href":"https:\/\/api.w.org\/{rel}","templated":true}]}}