{"id":15370,"date":"2024-06-21T11:38:36","date_gmt":"2024-06-21T09:38:36","guid":{"rendered":"https:\/\/fvcomponentes.com\/?post_type=product&#038;p=15370"},"modified":"2026-04-08T21:34:38","modified_gmt":"2026-04-08T19:34:38","slug":"victron-ve-can-resistive-tank-sender-adapter-bpp900600100","status":"publish","type":"product","link":"https:\/\/fvcomponentes.com\/fr\/producto\/victron-ve-can-resistive-tank-sender-adapter-bpp900600100\/","title":{"rendered":"Adaptateur de sonde de r\u00e9servoir r\u00e9sistive Victron VE.Can - BPP900600100100"},"content":{"rendered":"<h2>Caract\u00e9ristiques de l'adaptateur de sonde de r\u00e9servoir r\u00e9sistive Victron VE.Can - BPP900600100100<\/h2>\n<div>\n<p>L'adaptateur de sonde de r\u00e9servoir r\u00e9sistive Victron VE.Can - BPP900600100, permet de connecter une sonde de r\u00e9servoir r\u00e9sistive standard \u00e0 l'adaptateur de sonde de r\u00e9servoir r\u00e9sistive Victron VE.Can - BPP900600100. <a href=\"https:\/\/fvcomponentes.com\/fr\/produit\/victron-colour-control-gx-display\/\" target=\"_blank\" rel=\"noopener\">Victron Color Control GX Display - BPP010300300100R<\/a>. Il est compatible avec les normes europ\u00e9ennes 0-180 Ohm et am\u00e9ricaines 240-30 Ohm pour les transmetteurs de niveau de r\u00e9servoir et est pr\u00e9cis \u00e0 \u00b11%. Il est facilement configurable dans les transmetteurs r\u00e9sistifs pour les r\u00e9servoirs de carburant, d'eau potable, d'eaux us\u00e9es, d'eau de puits, de p\u00e9trole et d'eaux us\u00e9es. Il est compatible avec un maximum de 16 r\u00e9servoirs de chaque type. Il s'agit d'une unit\u00e9 simple \u00e0 configurer avec deux petits commutateurs rotatifs et aliment\u00e9e par le r\u00e9seau VE.Can.<\/p>\n<p>Si vous utilisez un Skylla-i ou un MPPT avec bus CAN dans le syst\u00e8me, l'alimentation du bus CAN sera fournie par l'un ou l'autre. Si le bus CAN n'est pas aliment\u00e9 par un Skylla-I ou un MPPT, vous aurez besoin de la nouvelle alimentation du bus CAN. <a href=\"https:\/\/fvcomponentes.com\/fr\/produit\/victron-power-cable-for-ve-can-resistive-tank-sender-adapter-ass03069690000\/\" target=\"_blank\" rel=\"noopener\">C\u00e2ble d'alimentation Victron pour l'adaptateur de sonde de r\u00e9servoir r\u00e9sistive VE.Can - ASS030690000<\/a> pour fournir de l'\u00e9lectricit\u00e9.<\/p>\n<\/div>\n<h2>Manuel d'adaptation de l'indicateur de niveau de r\u00e9servoir r\u00e9sistif Victron VE.Can - BPP900600100100<\/h2>\n<p><a href=\"https:\/\/fvcomponentes.com\/wp-content\/uploads\/2025\/10\/ve.can_resistive_tank_sender_adapter_manual.pdf\" target=\"_blank\" rel=\"noopener\">Voir le manuel Adaptateur de sonde de r\u00e9servoir r\u00e9sistive Victron VE.Can<\/a><\/p>","protected":false},"excerpt":{"rendered":"<ul>\n<li>Compatible avec la norme europ\u00e9enne 0-180 Ohm et la norme am\u00e9ricaine 240-30 Ohm.<\/li>\n<li>Facilement configurable dans les transmetteurs r\u00e9sistifs pour les r\u00e9servoirs de carburant, l'eau potable, les eaux us\u00e9es, l'eau de puits, le p\u00e9trole et les eaux us\u00e9es (eaux d'\u00e9gout).<\/li>\n<li>Pr\u00e9cision \u00b11%<\/li>\n<li>Il est aliment\u00e9 par le r\u00e9seau VE.Can.<\/li>\n<\/ul>","protected":false},"featured_media":15373,"comment_status":"open","ping_status":"closed","template":"","meta":{"site-sidebar-layout":"default","site-content-layout":"default","ast-site-content-layout":"default","site-content-style":"default","site-sidebar-style":"default","ast-global-header-display":"","ast-banner-title-visibility":"","ast-main-header-display":"","ast-hfb-above-header-display":"","ast-hfb-below-header-display":"","ast-hfb-mobile-header-display":"","site-post-title":"","ast-breadcrumbs-content":"","ast-featured-img":"","footer-sml-layout":"","ast-disable-related-posts":"","theme-transparent-header-meta":"default","adv-header-id-meta":"","stick-header-meta":"","header-above-stick-meta":"","header-main-stick-meta":"","header-below-stick-meta":"","astra-migrate-meta-layouts":"set","ast-page-background-enabled":"default","ast-page-background-meta":{"desktop":{"background-color":"var(--ast-global-color-4)","background-image":"","background-repeat":"repeat","background-position":"center center","background-size":"auto","background-attachment":"scroll","background-type":"","background-media":"","overlay-type":"","overlay-color":"","overlay-opacity":"","overlay-gradient":""},"tablet":{"background-color":"","background-image":"","background-repeat":"repeat","background-position":"center center","background-size":"auto","background-attachment":"scroll","background-type":"","background-media":"","overlay-type":"","overlay-color":"","overlay-opacity":"","overlay-gradient":""},"mobile":{"background-color":"","background-image":"","background-repeat":"repeat","background-position":"center center","background-size":"auto","background-attachment":"scroll","background-type":"","background-media":"","overlay-type":"","overlay-color":"","overlay-opacity":"","overlay-gradient":""}},"ast-content-background-meta":{"desktop":{"background-color":"var(--ast-global-color-5)","background-image":"","background-repeat":"repeat","background-position":"center center","background-size":"auto","background-attachment":"scroll","background-type":"","background-media":"","overlay-type":"","overlay-color":"","overlay-opacity":"","overlay-gradient":""},"tablet":{"background-color":"var(--ast-global-color-5)","background-image":"","background-repeat":"repeat","background-position":"center center","background-size":"auto","background-attachment":"scroll","background-type":"","background-media":"","overlay-type":"","overlay-color":"","overlay-opacity":"","overlay-gradient":""},"mobile":{"background-color":"var(--ast-global-color-5)","background-image":"","background-repeat":"repeat","background-position":"center center","background-size":"auto","background-attachment":"scroll","background-type":"","background-media":"","overlay-type":"","overlay-color":"","overlay-opacity":"","overlay-gradient":""}}},"pwb-brand":[332],"product_brand":[],"product_cat":[333,878,410,934],"product_tag":[],"class_list":{"0":"post-15370","1":"product","2":"type-product","3":"status-publish","4":"has-post-thumbnail","6":"pwb-brand-victron","7":"product_cat-inversores","8":"product_cat-cables-victron","9":"product_cat-material-electrico","10":"product_cat-monitorizacion","11":"desktop-align-left","12":"tablet-align-left","13":"mobile-align-left","14":"ast-product-gallery-layout-horizontal-slider","15":"ast-product-tabs-layout-horizontal","17":"first","18":"instock","19":"taxable","20":"shipping-taxable","21":"purchasable","22":"product-type-simple"},"wcpa_form_fields":null,"brands":[{"id":332,"name":"Victron Energy","slug":"victron"}],"_links":{"self":[{"href":"https:\/\/fvcomponentes.com\/fr\/wp-json\/wp\/v2\/product\/15370","targetHints":{"allow":["GET"]}}],"collection":[{"href":"https:\/\/fvcomponentes.com\/fr\/wp-json\/wp\/v2\/product"}],"about":[{"href":"https:\/\/fvcomponentes.com\/fr\/wp-json\/wp\/v2\/types\/product"}],"replies":[{"embeddable":true,"href":"https:\/\/fvcomponentes.com\/fr\/wp-json\/wp\/v2\/comments?post=15370"}],"wp:featuredmedia":[{"embeddable":true,"href":"https:\/\/fvcomponentes.com\/fr\/wp-json\/wp\/v2\/media\/15373"}],"wp:attachment":[{"href":"https:\/\/fvcomponentes.com\/fr\/wp-json\/wp\/v2\/media?parent=15370"}],"wp:term":[{"taxonomy":"pwb-brand","embeddable":true,"href":"https:\/\/fvcomponentes.com\/fr\/wp-json\/wp\/v2\/pwb-brand?post=15370"},{"taxonomy":"product_brand","embeddable":true,"href":"https:\/\/fvcomponentes.com\/fr\/wp-json\/wp\/v2\/product_brand?post=15370"},{"taxonomy":"product_cat","embeddable":true,"href":"https:\/\/fvcomponentes.com\/fr\/wp-json\/wp\/v2\/product_cat?post=15370"},{"taxonomy":"product_tag","embeddable":true,"href":"https:\/\/fvcomponentes.com\/fr\/wp-json\/wp\/v2\/product_tag?post=15370"}],"curies":[{"name":"wp","href":"https:\/\/api.w.org\/{rel}","templated":true}]}}