{"id":15348,"date":"2024-06-21T10:50:20","date_gmt":"2024-06-21T08:50:20","guid":{"rendered":"https:\/\/fvcomponentes.com\/?post_type=product&#038;p=15348"},"modified":"2026-04-04T12:49:06","modified_gmt":"2026-04-04T10:49:06","slug":"commutateur-automatique-victron-filax-2-110v-50hz-120v-60hz-sdfi0000110","status":"publish","type":"product","link":"https:\/\/fvcomponentes.com\/fr\/producto\/conmutador-automatico-victron-filax-2-110v-50hz-120v-60hz-sdfi0000110\/","title":{"rendered":"Victron Filax-2 110V\/50Hz-120V\/60Hz commutateur automatique - SDFI0000110"},"content":{"rendered":"<h2>Caract\u00e9ristiques du Victron Filax-2 110V\/50Hz-120V\/60Hz Commutateur automatique 110V\/50Hz-120V\/60Hz - SDFI0000110<\/h2>\n<p>L'inverseur automatique Victron Filax-2 230V\/50Hz-240V\/60Hz - SDFI0000000 est con\u00e7u pour faire passer les charges sensibles, telles que les ordinateurs ou les \u00e9quipements de divertissement modernes, d'une source de courant alternatif \u00e0 une autre. La source prioritaire est g\u00e9n\u00e9ralement le secteur, le g\u00e9n\u00e9rateur ou l'alimentation \u00e0 quai. La source alternative est g\u00e9n\u00e9ralement un onduleur. Avec un temps de commutation inf\u00e9rieur \u00e0 20 millisecondes, les charges sensibles continueront \u00e0 fonctionner sans interruption. Le Filax n'est pas con\u00e7u pour alimenter des \u00e9quipements domestiques de grande puissance tels que des machines \u00e0 laver ou des moteurs \u00e9lectriques.<\/p>\n<h2>Transfert de transition ouvert<\/h2>\n<p>Le Victron Filax-2 110V\/50Hz-120V\/60Hz - SDFI0000110 est un commutateur de transfert \u00e0 transition ouverte.<\/p>\n<p>Le temps maximum de transfert de charge est de 16 ms.<\/p>\n<p>La charge est normalement fournie par la source prioritaire et est transf\u00e9r\u00e9e \u00e0 la source alternative si elle n'est pas fournie par la source prioritaire :<\/p>\n<ul>\n<li>La tension de la source prioritaire est inf\u00e9rieure \u00e0 la valeur seuil.<\/li>\n<li>La fr\u00e9quence de la source prioritaire passe en dessous de la valeur seuil de basse fr\u00e9quence ou d\u00e9passe la valeur seuil de haute fr\u00e9quence.<\/li>\n<\/ul>\n<p>Le transfert inverse de la source alternative \u00e0 la source prioritaire est d\u00e9clench\u00e9 lorsque la source prioritaire a fonctionn\u00e9 dans les limites de commutation inverse de la tension et de la fr\u00e9quence pendant 30 s.<\/p>\n<h2>Fiche technique Victron Filax-2 110V\/50Hz-120V\/60Hz Commutateur automatique 110V\/50Hz-120V\/60Hz - SDFI0000110<\/h2>\n<p><a href=\"https:\/\/fvcomponentes.com\/wp-content\/uploads\/2024\/07\/Ficha-tecnica-Conmutador-Victron-Filax-2.pdf\" target=\"_blank\" rel=\"noopener\">Voir la fiche technique Victron Filax-2 110V\/50Hz-120V\/60Hz - SDFI0000110 - Victron Filax-2 110V\/50Hz-120V\/60Hz - SDFI0000110<\/a><\/p>","protected":false},"excerpt":{"rendered":"<ul>\n<li><strong>Courant maximum :<\/strong> 16 A<\/li>\n<li><strong>Temps maximum de transfert de la charge :<\/strong> 16 ms<\/li>\n<li><strong>Intervalle de commutation inverse :<\/strong> 30 s<\/li>\n<\/ul>","protected":false},"featured_media":15350,"comment_status":"open","ping_status":"closed","template":"","meta":{"site-sidebar-layout":"default","site-content-layout":"default","ast-site-content-layout":"default","site-content-style":"default","site-sidebar-style":"default","ast-global-header-display":"","ast-banner-title-visibility":"","ast-main-header-display":"","ast-hfb-above-header-display":"","ast-hfb-below-header-display":"","ast-hfb-mobile-header-display":"","site-post-title":"","ast-breadcrumbs-content":"","ast-featured-img":"","footer-sml-layout":"","ast-disable-related-posts":"","theme-transparent-header-meta":"default","adv-header-id-meta":"","stick-header-meta":"","header-above-stick-meta":"","header-main-stick-meta":"","header-below-stick-meta":"","astra-migrate-meta-layouts":"set","ast-page-background-enabled":"default","ast-page-background-meta":{"desktop":{"background-color":"var(--ast-global-color-4)","background-image":"","background-repeat":"repeat","background-position":"center center","background-size":"auto","background-attachment":"scroll","background-type":"","background-media":"","overlay-type":"","overlay-color":"","overlay-opacity":"","overlay-gradient":""},"tablet":{"background-color":"","background-image":"","background-repeat":"repeat","background-position":"center center","background-size":"auto","background-attachment":"scroll","background-type":"","background-media":"","overlay-type":"","overlay-color":"","overlay-opacity":"","overlay-gradient":""},"mobile":{"background-color":"","background-image":"","background-repeat":"repeat","background-position":"center center","background-size":"auto","background-attachment":"scroll","background-type":"","background-media":"","overlay-type":"","overlay-color":"","overlay-opacity":"","overlay-gradient":""}},"ast-content-background-meta":{"desktop":{"background-color":"var(--ast-global-color-5)","background-image":"","background-repeat":"repeat","background-position":"center center","background-size":"auto","background-attachment":"scroll","background-type":"","background-media":"","overlay-type":"","overlay-color":"","overlay-opacity":"","overlay-gradient":""},"tablet":{"background-color":"var(--ast-global-color-5)","background-image":"","background-repeat":"repeat","background-position":"center center","background-size":"auto","background-attachment":"scroll","background-type":"","background-media":"","overlay-type":"","overlay-color":"","overlay-opacity":"","overlay-gradient":""},"mobile":{"background-color":"var(--ast-global-color-5)","background-image":"","background-repeat":"repeat","background-position":"center center","background-size":"auto","background-attachment":"scroll","background-type":"","background-media":"","overlay-type":"","overlay-color":"","overlay-opacity":"","overlay-gradient":""}}},"pwb-brand":[332],"product_brand":[],"product_cat":[410,878],"product_tag":[],"class_list":{"0":"post-15348","1":"product","2":"type-product","3":"status-publish","4":"has-post-thumbnail","6":"pwb-brand-victron","7":"product_cat-material-electrico","8":"product_cat-cables-victron","9":"desktop-align-left","10":"tablet-align-left","11":"mobile-align-left","12":"ast-product-gallery-layout-horizontal-slider","13":"ast-product-tabs-layout-horizontal","15":"first","16":"instock","17":"taxable","18":"shipping-taxable","19":"purchasable","20":"product-type-simple"},"wcpa_form_fields":null,"brands":[{"id":332,"name":"Victron Energy","slug":"victron"}],"_links":{"self":[{"href":"https:\/\/fvcomponentes.com\/fr\/wp-json\/wp\/v2\/product\/15348","targetHints":{"allow":["GET"]}}],"collection":[{"href":"https:\/\/fvcomponentes.com\/fr\/wp-json\/wp\/v2\/product"}],"about":[{"href":"https:\/\/fvcomponentes.com\/fr\/wp-json\/wp\/v2\/types\/product"}],"replies":[{"embeddable":true,"href":"https:\/\/fvcomponentes.com\/fr\/wp-json\/wp\/v2\/comments?post=15348"}],"wp:featuredmedia":[{"embeddable":true,"href":"https:\/\/fvcomponentes.com\/fr\/wp-json\/wp\/v2\/media\/15350"}],"wp:attachment":[{"href":"https:\/\/fvcomponentes.com\/fr\/wp-json\/wp\/v2\/media?parent=15348"}],"wp:term":[{"taxonomy":"pwb-brand","embeddable":true,"href":"https:\/\/fvcomponentes.com\/fr\/wp-json\/wp\/v2\/pwb-brand?post=15348"},{"taxonomy":"product_brand","embeddable":true,"href":"https:\/\/fvcomponentes.com\/fr\/wp-json\/wp\/v2\/product_brand?post=15348"},{"taxonomy":"product_cat","embeddable":true,"href":"https:\/\/fvcomponentes.com\/fr\/wp-json\/wp\/v2\/product_cat?post=15348"},{"taxonomy":"product_tag","embeddable":true,"href":"https:\/\/fvcomponentes.com\/fr\/wp-json\/wp\/v2\/product_tag?post=15348"}],"curies":[{"name":"wp","href":"https:\/\/api.w.org\/{rel}","templated":true}]}}