{"id":15337,"date":"2024-06-21T10:23:10","date_gmt":"2024-06-21T08:23:10","guid":{"rendered":"https:\/\/fvcomponentes.com\/?post_type=product&#038;p=15337"},"modified":"2026-04-08T21:36:13","modified_gmt":"2026-04-08T19:36:13","slug":"chargeur-24v-victron-phoenix-24-25-21-120-240v-pch02402525001","status":"publish","type":"product","link":"https:\/\/fvcomponentes.com\/fr\/producto\/cargador-24v-victron-phoenix-24-25-21-120-240v-pch024025001\/","title":{"rendered":"Chargeur 24V Victron Phoenix 24\/25 (2+1) 120\/240V - PCH024025001"},"content":{"rendered":"<h2 dir=\"ltr\" data-placeholder=\"Traducci\u00f3n\">Caract\u00e9ristiques du chargeur 24V Victron Phoenix 24\/25 (2+1) 120\/240V - PCH024025001<\/h2>\n<h2 dir=\"ltr\" data-placeholder=\"Traducci\u00f3n\">Syst\u00e8me de chargement variable \u00e0 4 niveaux : vrac - absorption - flottant - stockage<\/h2>\n<p dir=\"ltr\" data-placeholder=\"Traducci\u00f3n\">Le chargeur Victron Phoenix 12V 12\/30 (2+1) 120\/240V - PCH012030001 est dot\u00e9 d'un syst\u00e8me de gestion de batterie \"variable\" contr\u00f4l\u00e9 par microprocesseur qui peut \u00eatre configur\u00e9 pour diff\u00e9rents types de batterie. Sa fonction \"variable\" optimise automatiquement le processus en fonction de l'utilisation de la batterie.<\/p>\n<h2 dir=\"ltr\" data-placeholder=\"Traducci\u00f3n\">La bonne quantit\u00e9 de charge : un temps d'absorption variable<\/h2>\n<p>Lorsque la d\u00e9charge est faible (par exemple, un yacht connect\u00e9 au ponton), la phase de charge d'absorption est raccourcie pour \u00e9viter de surcharger la batterie. Apr\u00e8s une d\u00e9charge profonde, la dur\u00e9e de la charge d'absorption est automatiquement augment\u00e9e pour assurer une recharge compl\u00e8te de la batterie.<\/p>\n<h2 dir=\"ltr\" data-placeholder=\"Traducci\u00f3n\">Pr\u00e9vention des dommages dus \u00e0 un gazage excessif : mode BatterySafe (voir fig. 2 ci-dessous)<\/h2>\n<p>Si, pour charger rapidement une batterie, une combinaison de courant de charge \u00e9lev\u00e9 et de tension d'absorption \u00e9lev\u00e9e a \u00e9t\u00e9 choisie, le chargeur Victron Phoenix 12V 12\/30 (2+1) 120\/240V - PCH012030001 \u00e9vitera les dommages dus \u00e0 un gazage excessif en limitant automatiquement le taux d'augmentation de la tension une fois que la tension de gazage a \u00e9t\u00e9 atteinte (voir la courbe de charge entre 14,4 V et 15,0 V dans la fig. 2 ci-dessous).<\/p>\n<h2 dir=\"ltr\" data-placeholder=\"Traducci\u00f3n\">R\u00e9duction du vieillissement et de la maintenance lorsque la batterie n'est pas utilis\u00e9e : mode stockage<br \/>\n(voir fig. 1 et 2 ci-dessous).<\/h2>\n<p>Le mode stockage est activ\u00e9 lorsque la batterie n'a pas \u00e9t\u00e9 d\u00e9charg\u00e9e pendant 24 heures. En mode stockage, la tension de flottaison est r\u00e9duite \u00e0 2,2 V\/\u00e9l\u00e9ment (13,2 V pour les batteries de 12 V) afin de r\u00e9duire le d\u00e9gagement gazeux et la corrosion des plaques positives. Une fois par semaine, la tension est ramen\u00e9e au niveau d'absorption pour \"\u00e9galiser\" la batterie. Cette fonction permet d'\u00e9viter la stratification et la sulfatation de l'\u00e9lectrolyte, principales causes de d\u00e9faillance des batteries.<\/p>\n<h2 dir=\"ltr\" data-placeholder=\"Traducci\u00f3n\">Pour une plus longue dur\u00e9e de vie de la batterie : compensation de la temp\u00e9rature<\/h2>\n<p>Tous les chargeurs Skylla-i sont \u00e9quip\u00e9s d'un capteur de temp\u00e9rature de la batterie. Lorsqu'il est connect\u00e9, la tension de charge diminue automatiquement lorsque la temp\u00e9rature de la batterie augmente. Cette fonction est particuli\u00e8rement recommand\u00e9e pour les batteries plomb-acide scell\u00e9es et\/ou lorsque d'importantes fluctuations de temp\u00e9rature sont attendues dans la batterie.<\/p>\n<h2 dir=\"ltr\" data-placeholder=\"Traducci\u00f3n\">Victron Phoenix 24\/25 (2+1) 120\/240V 24V chargeur de batterie capteur de tension - PCH024025001<\/h2>\n<p>Pour compenser les pertes de tension dues \u00e0 la r\u00e9sistance des c\u00e2bles, les chargeurs sont dot\u00e9s d'une fonction de sonde de tension afin que la batterie re\u00e7oive toujours la tension de charge correcte.<\/p>\n<h2 dir=\"ltr\" data-placeholder=\"Traducci\u00f3n\">Plage de tension d'entr\u00e9e universelle : 90-265 VAC et convient \u00e9galement \u00e0 l'alimentation en courant continu.<br \/>\n(fonctionnement AC-DC et DC-DC)<\/h2>\n<p>Les chargeurs doivent accepter une alimentation de 90 \u00e0 400 VDC.<\/p>\n<h2 dir=\"ltr\" data-placeholder=\"Traducci\u00f3n\">Interface informatique<\/h2>\n<p>Tous les chargeurs sont pr\u00eats \u00e0 communiquer avec un ordinateur via leur port de donn\u00e9es RS-485. En conjonction avec notre logiciel VEConfigure et l'application <a href=\"https:\/\/fvcomponentes.com\/fr\/produit\/victron-mk2-usb-interface-link-for-phoenix-charger-ass030130010\/\" target=\"_blank\" rel=\"noopener\">Victron MK2-USB Link Interface pour chargeur Phoenix - ASS030130010<\/a>En outre, tous les param\u00e8tres des chargeurs peuvent \u00eatre personnalis\u00e9s.<\/p>\n<p class=\"tw-data-text tw-text-large tw-ta\" dir=\"ltr\" data-placeholder=\"Traducci\u00f3n\"><span class=\"Y2IQFc\" lang=\"es\"><strong>Courbes de charge : jusqu'\u00e0 la tension de gazage (fig.1), et au-del\u00e0 de la tension de gazage (fig.2)<\/strong><br \/>\n<\/span><\/p>\n<p dir=\"ltr\" data-placeholder=\"Traducci\u00f3n\"><img fetchpriority=\"high\" decoding=\"async\" class=\"alignnone size-full wp-image-15326\" src=\"https:\/\/fvcomponentes.com\/wp-content\/uploads\/2024\/06\/Imagen-ficha-Cargador-Victron-Phoenix.png\" alt=\"Feuille d&#039;image Chargeur Victron Phoenix\" width=\"1122\" height=\"398\" title=\"\"><\/p>\n<h2 class=\"tw-data-text tw-text-large tw-ta\" dir=\"ltr\" data-placeholder=\"Traducci\u00f3n\"><span class=\"Y2IQFc\" lang=\"es\">Fiche technique Chargeur 24V Victron Phoenix 24\/25 (2+1) 120\/240V - PCH024025001<\/span><\/h2>\n<p class=\"tw-data-text tw-text-large tw-ta\" dir=\"ltr\" data-placeholder=\"Traducci\u00f3n\"><span class=\"Y2IQFc\" lang=\"es\"><a href=\"https:\/\/fvcomponentes.com\/wp-content\/uploads\/2024\/06\/Ficha-tecnica-Cargador-Victron-Phoenix.pdf\" target=\"_blank\" rel=\"noopener\">Voir la fiche technique du chargeur Victron Phoenix 24V 24\/25 (2+1) 120\/240V - PCH024025001<\/a><\/span><\/p>","protected":false},"excerpt":{"rendered":"<ul>\n<li dir=\"ltr\" data-placeholder=\"Traducci\u00f3n\"><strong>Tension :<\/strong> 24V<\/li>\n<li dir=\"ltr\" data-placeholder=\"Traducci\u00f3n\"><strong>Courant de charge :<\/strong> 25A<\/li>\n<li id=\"tw-target-text\" class=\"tw-data-text tw-text-large tw-ta\" dir=\"ltr\" data-placeholder=\"Traducci\u00f3n\"><span class=\"Y2IQFc\" lang=\"es\"><strong>Tension d'alimentation (VAC) :\u00a0 <\/strong>90-265<\/span><\/li>\n<li class=\"tw-data-text tw-text-large tw-ta\" dir=\"ltr\" data-placeholder=\"Traducci\u00f3n\"><span class=\"Y2IQFc\" lang=\"es\"><strong>Tension d'alimentation (VDC) :<\/strong> 90-400<\/span><\/li>\n<li class=\"tw-data-text tw-text-large tw-ta\" dir=\"ltr\" data-placeholder=\"Traducci\u00f3n\"><span class=\"Y2IQFc\" lang=\"es\"><strong>Fr\u00e9quence (Hz) :<\/strong> 45-65<\/span><span class=\"Y2IQFc\" lang=\"es\"><br \/>\n<\/span><\/li>\n<\/ul>","protected":false},"featured_media":15339,"comment_status":"open","ping_status":"closed","template":"","meta":{"site-sidebar-layout":"default","site-content-layout":"default","ast-site-content-layout":"default","site-content-style":"default","site-sidebar-style":"default","ast-global-header-display":"","ast-banner-title-visibility":"","ast-main-header-display":"","ast-hfb-above-header-display":"","ast-hfb-below-header-display":"","ast-hfb-mobile-header-display":"","site-post-title":"","ast-breadcrumbs-content":"","ast-featured-img":"","footer-sml-layout":"","ast-disable-related-posts":"","theme-transparent-header-meta":"default","adv-header-id-meta":"","stick-header-meta":"","header-above-stick-meta":"","header-main-stick-meta":"","header-below-stick-meta":"","astra-migrate-meta-layouts":"set","ast-page-background-enabled":"default","ast-page-background-meta":{"desktop":{"background-color":"var(--ast-global-color-4)","background-image":"","background-repeat":"repeat","background-position":"center center","background-size":"auto","background-attachment":"scroll","background-type":"","background-media":"","overlay-type":"","overlay-color":"","overlay-opacity":"","overlay-gradient":""},"tablet":{"background-color":"","background-image":"","background-repeat":"repeat","background-position":"center center","background-size":"auto","background-attachment":"scroll","background-type":"","background-media":"","overlay-type":"","overlay-color":"","overlay-opacity":"","overlay-gradient":""},"mobile":{"background-color":"","background-image":"","background-repeat":"repeat","background-position":"center center","background-size":"auto","background-attachment":"scroll","background-type":"","background-media":"","overlay-type":"","overlay-color":"","overlay-opacity":"","overlay-gradient":""}},"ast-content-background-meta":{"desktop":{"background-color":"var(--ast-global-color-5)","background-image":"","background-repeat":"repeat","background-position":"center center","background-size":"auto","background-attachment":"scroll","background-type":"","background-media":"","overlay-type":"","overlay-color":"","overlay-opacity":"","overlay-gradient":""},"tablet":{"background-color":"var(--ast-global-color-5)","background-image":"","background-repeat":"repeat","background-position":"center center","background-size":"auto","background-attachment":"scroll","background-type":"","background-media":"","overlay-type":"","overlay-color":"","overlay-opacity":"","overlay-gradient":""},"mobile":{"background-color":"var(--ast-global-color-5)","background-image":"","background-repeat":"repeat","background-position":"center center","background-size":"auto","background-attachment":"scroll","background-type":"","background-media":"","overlay-type":"","overlay-color":"","overlay-opacity":"","overlay-gradient":""}}},"pwb-brand":[332],"product_brand":[],"product_cat":[462,419],"product_tag":[],"class_list":{"0":"post-15337","1":"product","2":"type-product","3":"status-publish","4":"has-post-thumbnail","6":"pwb-brand-victron","7":"product_cat-cargador-de-baterias-24-v","8":"product_cat-cargadores-de-baterias","9":"desktop-align-left","10":"tablet-align-left","11":"mobile-align-left","12":"ast-product-gallery-layout-horizontal-slider","13":"ast-product-tabs-layout-horizontal","15":"first","16":"instock","17":"taxable","18":"shipping-taxable","19":"purchasable","20":"product-type-simple"},"wcpa_form_fields":null,"brands":[{"id":332,"name":"Victron Energy","slug":"victron"}],"_links":{"self":[{"href":"https:\/\/fvcomponentes.com\/fr\/wp-json\/wp\/v2\/product\/15337","targetHints":{"allow":["GET"]}}],"collection":[{"href":"https:\/\/fvcomponentes.com\/fr\/wp-json\/wp\/v2\/product"}],"about":[{"href":"https:\/\/fvcomponentes.com\/fr\/wp-json\/wp\/v2\/types\/product"}],"replies":[{"embeddable":true,"href":"https:\/\/fvcomponentes.com\/fr\/wp-json\/wp\/v2\/comments?post=15337"}],"wp:featuredmedia":[{"embeddable":true,"href":"https:\/\/fvcomponentes.com\/fr\/wp-json\/wp\/v2\/media\/15339"}],"wp:attachment":[{"href":"https:\/\/fvcomponentes.com\/fr\/wp-json\/wp\/v2\/media?parent=15337"}],"wp:term":[{"taxonomy":"pwb-brand","embeddable":true,"href":"https:\/\/fvcomponentes.com\/fr\/wp-json\/wp\/v2\/pwb-brand?post=15337"},{"taxonomy":"product_brand","embeddable":true,"href":"https:\/\/fvcomponentes.com\/fr\/wp-json\/wp\/v2\/product_brand?post=15337"},{"taxonomy":"product_cat","embeddable":true,"href":"https:\/\/fvcomponentes.com\/fr\/wp-json\/wp\/v2\/product_cat?post=15337"},{"taxonomy":"product_tag","embeddable":true,"href":"https:\/\/fvcomponentes.com\/fr\/wp-json\/wp\/v2\/product_tag?post=15337"}],"curies":[{"name":"wp","href":"https:\/\/api.w.org\/{rel}","templated":true}]}}