{"id":15313,"date":"2024-06-21T09:02:46","date_gmt":"2024-06-21T07:02:46","guid":{"rendered":"https:\/\/fvcomponentes.com\/?post_type=product&#038;p=15313"},"modified":"2026-04-08T21:36:02","modified_gmt":"2026-04-08T19:36:02","slug":"victron-ekrano-gx-monitoring-bpp900480100-bpp900480100","status":"publish","type":"product","link":"https:\/\/fvcomponentes.com\/fr\/producto\/monitorizacion-victron-ekrano-gx-bpp900480100\/","title":{"rendered":"Victron Ekrano GX Monitoring - BPP900480100"},"content":{"rendered":"<div class=\"productDetails__block-content\">\n<div class=\"productDetails__block-description\">\n<h2>Caract\u00e9ristiques du monitoring Victron Ekrano GX - BPP900480100<\/h2>\n<p>L'Ekrano GX repr\u00e9sente la nouvelle g\u00e9n\u00e9ration de la famille de produits GX. Avec sa gamme compl\u00e8te de connexions et d'interfaces, ainsi que son \u00e9cran tactile int\u00e9gr\u00e9 de 7 pouces, il est l'appareil GX le plus puissant \u00e0 ce jour et vous permet de toujours avoir un contr\u00f4le parfait de votre syst\u00e8me depuis n'importe o\u00f9 et d'en maximiser les performances. Acc\u00e9dez simplement \u00e0 votre syst\u00e8me via notre portail de t\u00e9l\u00e9gestion Victron (VRM), ou acc\u00e9dez-y directement, en utilisant l'\u00e9cran tactile int\u00e9gr\u00e9, un \u00e9cran multifonction (MFD) ou notre application VictronConnect gr\u00e2ce \u00e0 sa capacit\u00e9 Bluetooth.<\/p>\n<p>L'Ekrano GX est \u00e9galement le successeur du Color Control GX.<\/p>\n<h2>Un suivi et un contr\u00f4le parfaits<\/h2>\n<p>Surveillez instantan\u00e9ment l'\u00e9tat de charge de la batterie, la consommation d'\u00e9nergie, la r\u00e9colte d'\u00e9nergie photovolta\u00efque, de g\u00e9n\u00e9rateur et de r\u00e9seau, ou v\u00e9rifiez le niveau des r\u00e9servoirs et les mesures de temp\u00e9rature. Contr\u00f4lez facilement la limite du courant d'appel de la prise portuaire, le d\u00e9marrage\/arr\u00eat (automatique) des g\u00e9n\u00e9rateurs ou modifiez n'importe quel param\u00e8tre pour optimiser le syst\u00e8me. Suivez les alertes, effectuez des contr\u00f4les de diagnostic et r\u00e9solvez les probl\u00e8mes \u00e0 distance. L'Ekrano GX transforme tout d\u00e9fi \u00e9nerg\u00e9tique en une exp\u00e9rience sans effort.<\/p>\n<h2>\u00c9largissez votre vision<\/h2>\n<p>L'\u00e9cran tactile int\u00e9gr\u00e9 de 7 pouces vous donne un aper\u00e7u instantan\u00e9 de votre syst\u00e8me et vous permet d'ajuster les param\u00e8tres en un clin d'\u0153il. Son design extra-plat et r\u00e9sistant \u00e0 l'eau offre une grande flexibilit\u00e9 dans la conception d'un tableau de bord clair et net. La fonction tactile peut \u00eatre d\u00e9sactiv\u00e9e (ou activ\u00e9e) au moyen d'un bouton encastr\u00e9 \u00e0 l'arri\u00e8re afin d'\u00e9viter toute utilisation non autoris\u00e9e.<\/p>\n<h2>Installation et configuration faciles du syst\u00e8me de surveillance Victron Ekrano GX - BPP900480100<\/h2>\n<p>Le moniteur Victron Ekrano GX - BPP900480100 est optimis\u00e9 pour un montage encastr\u00e9 dans un panneau ou une d\u00e9coupe et est fourni avec tout le mat\u00e9riel de montage n\u00e9cessaire. Les borniers \u00e0 vis maintiennent le tout en place.<\/p>\n<h2>Surmonter tous les d\u00e9fis en mati\u00e8re d'\u00e9nergie<\/h2>\n<p>Le contr\u00f4le Victron Ekrano GX - BPP900480100 sert une myriade d'objectifs, \u00e9tendant le contr\u00f4le continu aux applications les plus diverses. Pour les solutions incluant des g\u00e9n\u00e9rateurs, tels que les g\u00e9n\u00e9rateurs marins, autonomes et de secours, il d\u00e9marre\/arr\u00eate automatiquement votre g\u00e9n\u00e9rateur, ou retarde le d\u00e9marrage jusqu'\u00e0 la fin des p\u00e9riodes \"calmes\". Pour les syst\u00e8mes de stockage d'\u00e9nergie, il maintient les batteries \u00e0 100%, s'active pendant les coupures de courant et d\u00e9tourne l'exc\u00e9dent d'\u00e9nergie (solaire) vers l'autoconsommation, ce qui vous permet d'\u00e9conomiser de l'argent. Pour les v\u00e9hicules de loisirs et d'urgence, il assure le bon fonctionnement des syst\u00e8mes vitaux. Mais ce n'est qu'un aper\u00e7u...<\/p>\n<\/div>\n<\/div>\n<h2>Fiche technique Victron Ekrano GX Monitoring - BPP900480100<\/h2>\n<div class=\"productDetails__block-content\">\n<div class=\"productDetails__block-description\">\n<p><a href=\"https:\/\/fvcomponentes.com\/wp-content\/uploads\/2024\/06\/Ficha-tecnica-monitorizacion-Victron-Ekrano-GX.pdf\" target=\"_blank\" rel=\"noopener\">Voir la fiche technique Victron Ekrano GX Monitoring - BPP900480100<\/a><\/p>\n<h2>Manuel de surveillance Victron Ekrano GX - BPP900480100<\/h2>\n<p><a href=\"https:\/\/fvcomponentes.com\/wp-content\/uploads\/2025\/10\/140558-ccgx__venus_gx__cerbo_gx__cerbo-s_gx_manual-pdf-es.pdf\" target=\"_blank\" rel=\"noopener\">Voir le manuel de surveillance de l'Ekrano GX de Victron<\/a><\/p>\n<\/div>\n<\/div>\n<div class=\"productDetails__block-image-container\">\n<div class=\"productDetails__block-image\"><\/div>\n<\/div>","protected":false},"excerpt":{"rendered":"<p>L'Ekrano GX repr\u00e9sente la nouvelle g\u00e9n\u00e9ration de la famille de produits GX. Il s'agit de l'appareil GX le plus puissant \u00e0 ce jour.<\/p>\n<ul>\n<li><strong>Pouces : 7<\/strong><\/li>\n<li><strong>R\u00e9solution de l'\u00e9cran :<\/strong> 1024 x 600 pixels<\/li>\n<li><strong>Tension d'alimentation :<\/strong>\u00a0 8 - 70 VDC<\/li>\n<\/ul>","protected":false},"featured_media":15315,"comment_status":"open","ping_status":"closed","template":"","meta":{"site-sidebar-layout":"default","site-content-layout":"default","ast-site-content-layout":"default","site-content-style":"default","site-sidebar-style":"default","ast-global-header-display":"","ast-banner-title-visibility":"","ast-main-header-display":"","ast-hfb-above-header-display":"","ast-hfb-below-header-display":"","ast-hfb-mobile-header-display":"","site-post-title":"","ast-breadcrumbs-content":"","ast-featured-img":"","footer-sml-layout":"","ast-disable-related-posts":"","theme-transparent-header-meta":"default","adv-header-id-meta":"","stick-header-meta":"","header-above-stick-meta":"","header-main-stick-meta":"","header-below-stick-meta":"","astra-migrate-meta-layouts":"set","ast-page-background-enabled":"default","ast-page-background-meta":{"desktop":{"background-color":"var(--ast-global-color-4)","background-image":"","background-repeat":"repeat","background-position":"center center","background-size":"auto","background-attachment":"scroll","background-type":"","background-media":"","overlay-type":"","overlay-color":"","overlay-opacity":"","overlay-gradient":""},"tablet":{"background-color":"","background-image":"","background-repeat":"repeat","background-position":"center center","background-size":"auto","background-attachment":"scroll","background-type":"","background-media":"","overlay-type":"","overlay-color":"","overlay-opacity":"","overlay-gradient":""},"mobile":{"background-color":"","background-image":"","background-repeat":"repeat","background-position":"center center","background-size":"auto","background-attachment":"scroll","background-type":"","background-media":"","overlay-type":"","overlay-color":"","overlay-opacity":"","overlay-gradient":""}},"ast-content-background-meta":{"desktop":{"background-color":"var(--ast-global-color-5)","background-image":"","background-repeat":"repeat","background-position":"center center","background-size":"auto","background-attachment":"scroll","background-type":"","background-media":"","overlay-type":"","overlay-color":"","overlay-opacity":"","overlay-gradient":""},"tablet":{"background-color":"var(--ast-global-color-5)","background-image":"","background-repeat":"repeat","background-position":"center center","background-size":"auto","background-attachment":"scroll","background-type":"","background-media":"","overlay-type":"","overlay-color":"","overlay-opacity":"","overlay-gradient":""},"mobile":{"background-color":"var(--ast-global-color-5)","background-image":"","background-repeat":"repeat","background-position":"center center","background-size":"auto","background-attachment":"scroll","background-type":"","background-media":"","overlay-type":"","overlay-color":"","overlay-opacity":"","overlay-gradient":""}}},"pwb-brand":[332],"product_brand":[],"product_cat":[333,934],"product_tag":[],"class_list":{"0":"post-15313","1":"product","2":"type-product","3":"status-publish","4":"has-post-thumbnail","6":"pwb-brand-victron","7":"product_cat-inversores","8":"product_cat-monitorizacion","9":"desktop-align-left","10":"tablet-align-left","11":"mobile-align-left","12":"ast-product-gallery-layout-horizontal-slider","13":"ast-product-tabs-layout-horizontal","15":"first","16":"instock","17":"taxable","18":"shipping-taxable","19":"purchasable","20":"product-type-simple"},"wcpa_form_fields":null,"brands":[{"id":332,"name":"Victron Energy","slug":"victron"}],"_links":{"self":[{"href":"https:\/\/fvcomponentes.com\/fr\/wp-json\/wp\/v2\/product\/15313","targetHints":{"allow":["GET"]}}],"collection":[{"href":"https:\/\/fvcomponentes.com\/fr\/wp-json\/wp\/v2\/product"}],"about":[{"href":"https:\/\/fvcomponentes.com\/fr\/wp-json\/wp\/v2\/types\/product"}],"replies":[{"embeddable":true,"href":"https:\/\/fvcomponentes.com\/fr\/wp-json\/wp\/v2\/comments?post=15313"}],"wp:featuredmedia":[{"embeddable":true,"href":"https:\/\/fvcomponentes.com\/fr\/wp-json\/wp\/v2\/media\/15315"}],"wp:attachment":[{"href":"https:\/\/fvcomponentes.com\/fr\/wp-json\/wp\/v2\/media?parent=15313"}],"wp:term":[{"taxonomy":"pwb-brand","embeddable":true,"href":"https:\/\/fvcomponentes.com\/fr\/wp-json\/wp\/v2\/pwb-brand?post=15313"},{"taxonomy":"product_brand","embeddable":true,"href":"https:\/\/fvcomponentes.com\/fr\/wp-json\/wp\/v2\/product_brand?post=15313"},{"taxonomy":"product_cat","embeddable":true,"href":"https:\/\/fvcomponentes.com\/fr\/wp-json\/wp\/v2\/product_cat?post=15313"},{"taxonomy":"product_tag","embeddable":true,"href":"https:\/\/fvcomponentes.com\/fr\/wp-json\/wp\/v2\/product_tag?post=15313"}],"curies":[{"name":"wp","href":"https:\/\/api.w.org\/{rel}","templated":true}]}}