{"id":15306,"date":"2024-06-21T08:33:39","date_gmt":"2024-06-21T06:33:39","guid":{"rendered":"https:\/\/fvcomponentes.com\/?post_type=product&#038;p=15306"},"modified":"2026-04-04T11:17:50","modified_gmt":"2026-04-04T09:17:50","slug":"victron-cerbo-gx-control-unit-bpp900451100","status":"publish","type":"product","link":"https:\/\/fvcomponentes.com\/fr\/producto\/centralita-victron-cerbo-gx-bpp900451100\/","title":{"rendered":"Victron Cerbo GX Unit\u00e9 de contr\u00f4le - BPP900451100"},"content":{"rendered":"<h2>Victron Cerbo GX Unit\u00e9 de contr\u00f4le - BPP900451100<\/h2>\n<div class=\"productDetails__block-description\">\n<p>Le Victron Cerbo GX - BPP900451100 est une version am\u00e9lior\u00e9e du Cerbo GX. Il est d\u00e9sormais dot\u00e9 de deux ports CAN bus enti\u00e8rement fonctionnels, de prises RJ-45 tourn\u00e9es \u00e0 180 degr\u00e9s pour faciliter le retrait des c\u00e2bles, de trois ports USB enti\u00e8rement fonctionnels et d'une entr\u00e9e num\u00e9rique pour le comptage des impulsions.<\/p>\n<h2 class=\"productDetail__content-subheader-icon\">Surveillance du panneau et du syst\u00e8me<\/h2>\n<p>Ce tout nouveau centre de communication de surveillance Victron Cerbo GX - BPP900451100 vous permet d'avoir le contr\u00f4le de votre syst\u00e8me \u00e0 tout moment et depuis n'importe o\u00f9, et de maximiser ses performances. Il suffit de se connecter via le portail de t\u00e9l\u00e9gestion Victron (VRM), ou d'y acc\u00e9der directement via l'\u00e9cran multifonction autonome GX Touch 50 ou l'application VictronConnect gr\u00e2ce \u00e0 la fonction Bluetooth int\u00e9gr\u00e9e.<\/p>\n<h2 class=\"productDetails__block-title\"><span class=\"productDetails__block-title-content\">Un suivi et un contr\u00f4le parfaits<\/span><\/h2>\n<div class=\"productDetails__block-description\">Surveillez imm\u00e9diatement l'\u00e9tat de charge de la batterie, la consommation, la r\u00e9colte d'\u00e9nergie des panneaux photovolta\u00efques, du g\u00e9n\u00e9rateur et du r\u00e9seau, ou v\u00e9rifiez le niveau du r\u00e9servoir ou les mesures de temp\u00e9rature. Contr\u00f4lez facilement la limite de courant d'entr\u00e9e de la prise portuaire ou le d\u00e9marrage\/arr\u00eat automatique d'un g\u00e9n\u00e9rateur, ou modifiez n'importe quel param\u00e8tre pour optimiser le syst\u00e8me. Suivez les alertes, effectuez des contr\u00f4les de diagnostic et r\u00e9solvez les probl\u00e8mes \u00e0 distance.<\/div>\n<div><\/div>\n<\/div>\n<h2>Maximise les performances de votre syst\u00e8me<\/h2>\n<p>L'unit\u00e9 de contr\u00f4le Victron Cerbo GX - BPP900451100 maximise les performances des composants du syst\u00e8me en temps r\u00e9el et les maintient parfaitement r\u00e9gl\u00e9s. Avec son processeur Dual Core et l'ajout d'un autre port CAN-bus, il convient \u00e0 des syst\u00e8mes encore plus grands et peut surveiller de pr\u00e8s les batteries au lithium g\u00e9r\u00e9es, tandis que le second port peut accueillir jusqu'\u00e0 25 chargeurs solaires VE.Can connect\u00e9s en m\u00eame temps. La nouvelle prise en charge de la sortie NMEA 2000 permet au GX d'\u00eatre facilement int\u00e9gr\u00e9 dans le r\u00e9seau de n'importe quel navire. Quatre ports de r\u00e9servoir et quatre ports de temp\u00e9rature, plus 3 ports VE.Direct, 3 ports USB, 4 entr\u00e9es num\u00e9riques et 2 relais vous permettent de passer \u00e0 un autre niveau de contr\u00f4le. Maximiser les performances du syst\u00e8me n'a jamais \u00e9t\u00e9 aussi facile.<\/p>\n<h2 class=\"productDetails__block-title\"><span class=\"productDetails__block-title-content\">\u00c9largissez votre vision<\/span><\/h2>\n<div class=\"productDetails__block-description\">Le nouvel affichage (optionnel) <a href=\"https:\/\/fvcomponentes.com\/fr\/produit\/victron-gx-touch-50-monitoring\/\" target=\"_blank\" rel=\"noopener\">GX Touch 50<\/a> permet d'avoir une vue d'ensemble du syst\u00e8me et d'ajuster les param\u00e8tres en un instant. Son design \u00e9tanche extra-plat de 5 pouces, sa configuration \u00e0 montage par le haut et son installation facile offrent une grande flexibilit\u00e9 pour cr\u00e9er un panneau de contr\u00f4le clair et net.<\/div>\n<h2>Installation et configuration faciles de l'unit\u00e9 de contr\u00f4le Victron Cerbo GX - BPP900451100<\/h2>\n<p>Le Cerbo GX a \u00e9t\u00e9 optimis\u00e9 pour r\u00e9pondre aux besoins des installateurs professionnels. L'appareil peut \u00eatre facilement mont\u00e9 sur un rail DIN et son \u00e9cran tactile s\u00e9par\u00e9 peut \u00eatre viss\u00e9 sur le dessus d'un panneau de contr\u00f4le, il n'est donc plus n\u00e9cessaire de d\u00e9couper des trous parfaits, et il se connecte avec un seul c\u00e2ble, sans avoir \u00e0 faire passer de nombreux c\u00e2bles jusqu'au panneau de contr\u00f4le. Sa nouvelle fonction Bluetooth permet une connexion et une configuration rapides via l'application VictronConnect.<\/p>\n<h2>Appareils compatibles Unit\u00e9 de contr\u00f4le Victron Cerbo GX<\/h2>\n<p>Tout composant dot\u00e9 de ports tels que VE.Direct, VE.Can, CAN, VE.Bus et USB peut \u00eatre compatible avec le Cerbo GX de Victron.<\/p>\n<ul>\n<li><strong>Onduleurs Multiplus, Multiplus II et Quattro<\/strong>y compris les syst\u00e8mes regroupant plusieurs onduleurs pour les installations triphas\u00e9es.<\/li>\n<li><strong>R\u00e9gulateurs solaires MPPT BlueSolar<\/strong>\u00a0qui disposent d'un port de communication VE.Direct.<\/li>\n<li><strong>R\u00e9gulateurs solaires MPPT BlueSolar et SmartSolar<\/strong>\u00a0ayant le port de communication VE.Can.<\/li>\n<li><strong>Chargeurs de batterie Skylla<\/strong> <strong>et Skylla TG<\/strong> via une connexion VE.Can.<\/li>\n<li><strong>Les moniteurs de batterie de la famille BMV 700<\/strong> en utilisant le port VE.Direct.<\/li>\n<li><strong>Dispositifs Lynx<\/strong>\u00a0comme les shunts et les BMS des batteries au lithium.<\/li>\n<li><strong>Onduleurs photovolta\u00efques Fronius<\/strong>\u00a0pour le couplage AC ou les syst\u00e8mes d'autoconsommation combinant Fronius + Victron.<\/li>\n<li><strong>Signaux pour agir selon la programmation<\/strong>sondes de niveau, sondes de temp\u00e9rature, alarmes, capteurs, etc.<\/li>\n<\/ul>\n<h2>Surmonter les probl\u00e8mes li\u00e9s \u00e0 l'\u00e9nergie<\/h2>\n<div class=\"productDetails__block-content\">\n<div class=\"productDetails__block-description\">\n<p>Le Cerbo GX est polyvalent et apporte un contr\u00f4le parfait aux applications les plus diverses. Dans les syst\u00e8mes avec g\u00e9n\u00e9rateurs, tels que Marine ou Backup &amp; off-grid, il d\u00e9marrera et arr\u00eatera automatiquement votre g\u00e9n\u00e9rateur ou retardera l'allumage jusqu'\u00e0 la fin des p\u00e9riodes de silence. Dans les syst\u00e8mes de stockage d'\u00e9nergie, il maintient les batteries auxiliaires \u00e0 100%, se met en marche pendant les coupures de courant et d\u00e9tourne l'\u00e9nergie exc\u00e9dentaire (solaire) pour l'autoconsommation, ce qui vous aide \u00e0 \u00e9conomiser de l'argent. Dans les caravanes et les v\u00e9hicules d'urgence, il assure le bon fonctionnement des syst\u00e8mes vitaux. Et ce ne sont l\u00e0 que quelques exemples...<\/p>\n<\/div>\n<\/div>\n<h2>Fiche technique Unit\u00e9 de contr\u00f4le Victron Cerbo GX - BPP900451100<\/h2>\n<div class=\"productDetails__block-content\">\n<div class=\"productDetails__block-description\">\n<p><a href=\"https:\/\/fvcomponentes.com\/wp-content\/uploads\/2021\/03\/Datasheet-Cerbo-GX-GX-Touch-ES-1.pdf\" target=\"_blank\" rel=\"noopener\">Voir la fiche technique de l'unit\u00e9 de contr\u00f4le Victron Cerbo GX - BPP900451100<\/a><\/p>\n<h2>Manuel de l'unit\u00e9 de contr\u00f4le Victron Cerbo GX - BPP900451100<\/h2>\n<\/div>\n<\/div>\n<div class=\"productDetails__block-image-container\">\n<div class=\"productDetails__block-image\"><a href=\"https:\/\/fvcomponentes.com\/wp-content\/uploads\/2025\/10\/140558-Ekrano_GX__Venus_GX__Cerbo_GX__Cerbo-S_GX_Manual-pdf-es.pdf\" target=\"_blank\" rel=\"noopener\">Voir le manuel de l'unit\u00e9 de contr\u00f4le Cerbo GX de Victron - BPP900451100<\/a><\/div>\n<\/div>","protected":false},"excerpt":{"rendered":"<p>Version am\u00e9lior\u00e9e du Cerbo GX :<\/p>\n<ul>\n<li>2 ports de bus CAN.<\/li>\n<li>3 ports directs VE.<\/li>\n<li>3 ports USB.<\/li>\n<li>2 relais.<\/li>\n<li>4 orifices de r\u00e9servoir et 4 orifices de temp\u00e9rature.<\/li>\n<li>Comptage des impulsions de l'entr\u00e9e num\u00e9rique.<\/li>\n<\/ul>\n<p>&nbsp;<\/p>","protected":false},"featured_media":15307,"comment_status":"open","ping_status":"closed","template":"","meta":{"site-sidebar-layout":"default","site-content-layout":"default","ast-site-content-layout":"default","site-content-style":"default","site-sidebar-style":"default","ast-global-header-display":"","ast-banner-title-visibility":"","ast-main-header-display":"","ast-hfb-above-header-display":"","ast-hfb-below-header-display":"","ast-hfb-mobile-header-display":"","site-post-title":"","ast-breadcrumbs-content":"","ast-featured-img":"","footer-sml-layout":"","ast-disable-related-posts":"","theme-transparent-header-meta":"default","adv-header-id-meta":"","stick-header-meta":"","header-above-stick-meta":"","header-main-stick-meta":"","header-below-stick-meta":"","astra-migrate-meta-layouts":"set","ast-page-background-enabled":"default","ast-page-background-meta":{"desktop":{"background-color":"var(--ast-global-color-4)","background-image":"","background-repeat":"repeat","background-position":"center center","background-size":"auto","background-attachment":"scroll","background-type":"","background-media":"","overlay-type":"","overlay-color":"","overlay-opacity":"","overlay-gradient":""},"tablet":{"background-color":"","background-image":"","background-repeat":"repeat","background-position":"center center","background-size":"auto","background-attachment":"scroll","background-type":"","background-media":"","overlay-type":"","overlay-color":"","overlay-opacity":"","overlay-gradient":""},"mobile":{"background-color":"","background-image":"","background-repeat":"repeat","background-position":"center center","background-size":"auto","background-attachment":"scroll","background-type":"","background-media":"","overlay-type":"","overlay-color":"","overlay-opacity":"","overlay-gradient":""}},"ast-content-background-meta":{"desktop":{"background-color":"var(--ast-global-color-5)","background-image":"","background-repeat":"repeat","background-position":"center center","background-size":"auto","background-attachment":"scroll","background-type":"","background-media":"","overlay-type":"","overlay-color":"","overlay-opacity":"","overlay-gradient":""},"tablet":{"background-color":"var(--ast-global-color-5)","background-image":"","background-repeat":"repeat","background-position":"center center","background-size":"auto","background-attachment":"scroll","background-type":"","background-media":"","overlay-type":"","overlay-color":"","overlay-opacity":"","overlay-gradient":""},"mobile":{"background-color":"var(--ast-global-color-5)","background-image":"","background-repeat":"repeat","background-position":"center center","background-size":"auto","background-attachment":"scroll","background-type":"","background-media":"","overlay-type":"","overlay-color":"","overlay-opacity":"","overlay-gradient":""}}},"pwb-brand":[332],"product_brand":[],"product_cat":[333,934],"product_tag":[],"class_list":{"0":"post-15306","1":"product","2":"type-product","3":"status-publish","4":"has-post-thumbnail","6":"pwb-brand-victron","7":"product_cat-inversores","8":"product_cat-monitorizacion","9":"desktop-align-left","10":"tablet-align-left","11":"mobile-align-left","12":"ast-product-gallery-layout-horizontal-slider","13":"ast-product-tabs-layout-horizontal","15":"first","16":"instock","17":"taxable","18":"shipping-taxable","19":"purchasable","20":"product-type-simple"},"wcpa_form_fields":null,"brands":[{"id":332,"name":"Victron Energy","slug":"victron"}],"_links":{"self":[{"href":"https:\/\/fvcomponentes.com\/fr\/wp-json\/wp\/v2\/product\/15306","targetHints":{"allow":["GET"]}}],"collection":[{"href":"https:\/\/fvcomponentes.com\/fr\/wp-json\/wp\/v2\/product"}],"about":[{"href":"https:\/\/fvcomponentes.com\/fr\/wp-json\/wp\/v2\/types\/product"}],"replies":[{"embeddable":true,"href":"https:\/\/fvcomponentes.com\/fr\/wp-json\/wp\/v2\/comments?post=15306"}],"wp:featuredmedia":[{"embeddable":true,"href":"https:\/\/fvcomponentes.com\/fr\/wp-json\/wp\/v2\/media\/15307"}],"wp:attachment":[{"href":"https:\/\/fvcomponentes.com\/fr\/wp-json\/wp\/v2\/media?parent=15306"}],"wp:term":[{"taxonomy":"pwb-brand","embeddable":true,"href":"https:\/\/fvcomponentes.com\/fr\/wp-json\/wp\/v2\/pwb-brand?post=15306"},{"taxonomy":"product_brand","embeddable":true,"href":"https:\/\/fvcomponentes.com\/fr\/wp-json\/wp\/v2\/product_brand?post=15306"},{"taxonomy":"product_cat","embeddable":true,"href":"https:\/\/fvcomponentes.com\/fr\/wp-json\/wp\/v2\/product_cat?post=15306"},{"taxonomy":"product_tag","embeddable":true,"href":"https:\/\/fvcomponentes.com\/fr\/wp-json\/wp\/v2\/product_tag?post=15306"}],"curies":[{"name":"wp","href":"https:\/\/api.w.org\/{rel}","templated":true}]}}