{"id":15293,"date":"2024-06-21T08:10:22","date_gmt":"2024-06-21T06:10:22","guid":{"rendered":"https:\/\/fvcomponentes.com\/?post_type=product&#038;p=15293"},"modified":"2026-04-04T12:48:05","modified_gmt":"2026-04-04T10:48:05","slug":"busbar-victron-lynx-class-t-power-in-m10-lyn060404010","status":"publish","type":"product","link":"https:\/\/fvcomponentes.com\/fr\/producto\/barra-colectora-victron-lynx-class-t-power-in-m10-lyn060404010\/","title":{"rendered":"Barre collectrice Victron Lynx Class-T Power In (M10) - LYN060404010"},"content":{"rendered":"<h2>Caract\u00e9ristiques de la barre d'alimentation Victron Lynx Class-T (M10) - LYN060404010<\/h2>\n<p>Le jeu de barres Lynx Lynx Class-T Power In (M10) de Victron - LYN060404010 permet de connecter jusqu'\u00e0 deux cha\u00eenes de batteries au lithium et de fournir des fusibles. Il comporte une barre de bus positive et n\u00e9gative, des connexions pour deux fusibles de classe T et une connexion pour la mise \u00e0 la terre du syst\u00e8me CC. Les fusibles de classe T, disponibles en 225 A, 250 A, 350 A et 400 A, doivent \u00eatre achet\u00e9s s\u00e9par\u00e9ment.<\/p>\n<p>Pour les installations avec trois cha\u00eenes de batteries au lithium ou plus, utilisez plusieurs modules Lynx Class-T. En tant que composant cl\u00e9 du syst\u00e8me de distribution Lynx, le Lynx Class-T s'int\u00e8gre parfaitement \u00e0 tous les autres produits Lynx M10.<\/p>\n<h2>Le syst\u00e8me de distribution Lynx<\/h2>\n<p>Le syst\u00e8me de distribution Lynx est un syst\u00e8me modulaire de barres omnibus incorporant des connexions CC, la distribution, la fusion, la surveillance de la batterie et\/ou la gestion de la batterie au lithium. Pour plus d'informations, veuillez \u00e9galement vous r\u00e9f\u00e9rer \u00e0 la page produit sur les syst\u00e8mes de distribution CC.<\/p>\n<p>Le syst\u00e8me de distribution de Lynx se compose des \u00e9l\u00e9ments suivants :<\/p>\n<ul>\n<li><strong>Lynx Power In<\/strong> - Un jeu de barres positif et un jeu de barres n\u00e9gatif avec quatre connexions pour les batteries ou les \u00e9quipements \u00e0 courant continu, disponible en deux versions, avec un jeu de barres M8 ou M10.<\/li>\n<li><strong>Entr\u00e9e d'alimentation Lynx Class-T<\/strong> - Un jeu de barres positif et n\u00e9gatif qui accepte deux fusibles de classe T et dispose de deux connexions pour les batteries ou les \u00e9quipements \u00e0 courant continu, disponible avec le jeu de barres M10.<\/li>\n<li><strong>Distributeur Lynx<\/strong> - Un jeu de barres positif et un jeu de barres n\u00e9gatif avec quatre connexions \u00e0 fusibles pour les batteries ou les \u00e9quipements \u00e0 courant continu et contr\u00f4le des fusibles, disponible en deux versions, avec un jeu de barres M8 ou M10.<\/li>\n<li><strong>Lynx Shunt VE.Can<\/strong> - Un jeu de barres positif avec un espace pour un fusible du syst\u00e8me principal et un jeu de barres n\u00e9gatif avec un shunt pour la surveillance de la batterie. Communication VE.Can pour la surveillance et la configuration avec un dispositif GX.<\/li>\n<li><strong>Lynx Smart BMS<\/strong> - A utiliser avec les batteries au lithium Victron Energy Smart. Contient un jeu de barres positif avec un contacteur pilot\u00e9 par un syst\u00e8me de gestion de la batterie (BMS) et un jeu de barres n\u00e9gatif avec un shunt pour la surveillance de la batterie. Il dispose d'une communication Bluetooth pour la surveillance et la configuration via l'application VictronConnect et d'une communication VE.Can pour la surveillance avec un appareil GX et le portail VRM. Il existe un mod\u00e8le 500 A avec des barres M8 et un mod\u00e8le 1000 A avec des barres M10.<\/li>\n<\/ul>\n<p><img fetchpriority=\"high\" decoding=\"async\" class=\"size-full wp-image-16669 aligncenter\" src=\"https:\/\/fvcomponentes.com\/wp-content\/uploads\/2024\/07\/Barra-colectora-Victron-Lynx-Class-T-Power-In-M10-LYN060404010-1.png\" alt=\"Barre collectrice Victron Lynx Class-T Power In (M10) - LYN060404010\" width=\"1188\" height=\"221\" title=\"\"><\/p>\n<h2>Victron Lynx Lynx Class-T Power In (M10) Busbar Internals and Wiring Diagram - LYN060404010<\/h2>\n<p>\u00c9l\u00e9ments physiques internes et sch\u00e9ma de c\u00e2blage du Lynx Class-T Power In avec les \u00e9l\u00e9ments suivants :<\/p>\n<ul>\n<li>Glissement de terrain positif<\/li>\n<li>Barre n\u00e9gative<\/li>\n<li>Connexions positives<\/li>\n<li>Connexions n\u00e9gatives<\/li>\n<li>Mise \u00e0 la terre<\/li>\n<li>Deux connexions de fusibles pour les fusibles de classe T - les vis et les \u00e9crous sont de 3\/8\u2033 et sont marqu\u00e9s en noir pour ne pas \u00eatre endommag\u00e9s. <span style=\"font-size: 16px;\">\u00e0 confondre avec les boulons et \u00e9crous M10 pour les connexions DC et les barres omnibus.<\/span><\/li>\n<\/ul>\n<p><img decoding=\"async\" class=\"size-full wp-image-16657 aligncenter\" src=\"https:\/\/fvcomponentes.com\/wp-content\/uploads\/2024\/07\/Barra-colectora-Victron-Lynx-Class-T-Power-In-M10-LYN060404010.png\" alt=\"Barre collectrice Victron Lynx Class-T Power In (M10) - LYN060404010\" width=\"676\" height=\"584\" title=\"\"><\/p>\n<h2>Barre omnibus manuelle Victron Lynx Class-T Power In (M10) - LYN060404010<\/h2>\n<p><a href=\"https:\/\/fvcomponentes.com\/wp-content\/uploads\/2024\/06\/Manual-Lynx-Class-T-Power-Victron-Castellano.pdf\" target=\"_blank\" rel=\"noopener\">Voir le manuel de Victron Lynx Lynx Class-T Power In (M10) - LYN060404010 busbar<\/a><\/p>","protected":false},"excerpt":{"rendered":"<ul>\n<li><strong>Classe de protection :<\/strong> IP20<\/li>\n<li><strong>Plage de tension :<\/strong> 9-60 V DC<\/li>\n<li><strong>Courant nominal :<\/strong> 1000 A<\/li>\n<li><strong>Boueux :<\/strong> M10<\/li>\n<\/ul>","protected":false},"featured_media":15297,"comment_status":"open","ping_status":"closed","template":"","meta":{"site-sidebar-layout":"default","site-content-layout":"default","ast-site-content-layout":"default","site-content-style":"default","site-sidebar-style":"default","ast-global-header-display":"","ast-banner-title-visibility":"","ast-main-header-display":"","ast-hfb-above-header-display":"","ast-hfb-below-header-display":"","ast-hfb-mobile-header-display":"","site-post-title":"","ast-breadcrumbs-content":"","ast-featured-img":"","footer-sml-layout":"","ast-disable-related-posts":"","theme-transparent-header-meta":"default","adv-header-id-meta":"","stick-header-meta":"","header-above-stick-meta":"","header-main-stick-meta":"","header-below-stick-meta":"","astra-migrate-meta-layouts":"set","ast-page-background-enabled":"default","ast-page-background-meta":{"desktop":{"background-color":"var(--ast-global-color-4)","background-image":"","background-repeat":"repeat","background-position":"center center","background-size":"auto","background-attachment":"scroll","background-type":"","background-media":"","overlay-type":"","overlay-color":"","overlay-opacity":"","overlay-gradient":""},"tablet":{"background-color":"","background-image":"","background-repeat":"repeat","background-position":"center center","background-size":"auto","background-attachment":"scroll","background-type":"","background-media":"","overlay-type":"","overlay-color":"","overlay-opacity":"","overlay-gradient":""},"mobile":{"background-color":"","background-image":"","background-repeat":"repeat","background-position":"center center","background-size":"auto","background-attachment":"scroll","background-type":"","background-media":"","overlay-type":"","overlay-color":"","overlay-opacity":"","overlay-gradient":""}},"ast-content-background-meta":{"desktop":{"background-color":"var(--ast-global-color-5)","background-image":"","background-repeat":"repeat","background-position":"center center","background-size":"auto","background-attachment":"scroll","background-type":"","background-media":"","overlay-type":"","overlay-color":"","overlay-opacity":"","overlay-gradient":""},"tablet":{"background-color":"var(--ast-global-color-5)","background-image":"","background-repeat":"repeat","background-position":"center center","background-size":"auto","background-attachment":"scroll","background-type":"","background-media":"","overlay-type":"","overlay-color":"","overlay-opacity":"","overlay-gradient":""},"mobile":{"background-color":"var(--ast-global-color-5)","background-image":"","background-repeat":"repeat","background-position":"center center","background-size":"auto","background-attachment":"scroll","background-type":"","background-media":"","overlay-type":"","overlay-color":"","overlay-opacity":"","overlay-gradient":""}}},"pwb-brand":[332],"product_brand":[],"product_cat":[340,991,410],"product_tag":[],"class_list":{"0":"post-15293","1":"product","2":"type-product","3":"status-publish","4":"has-post-thumbnail","6":"pwb-brand-victron","7":"product_cat-baterias","8":"product_cat-busbar","9":"product_cat-material-electrico","10":"desktop-align-left","11":"tablet-align-left","12":"mobile-align-left","13":"ast-product-gallery-layout-horizontal-slider","14":"ast-product-tabs-layout-horizontal","16":"first","17":"instock","18":"taxable","19":"shipping-taxable","20":"purchasable","21":"product-type-simple"},"wcpa_form_fields":null,"brands":[{"id":332,"name":"Victron Energy","slug":"victron"}],"_links":{"self":[{"href":"https:\/\/fvcomponentes.com\/fr\/wp-json\/wp\/v2\/product\/15293","targetHints":{"allow":["GET"]}}],"collection":[{"href":"https:\/\/fvcomponentes.com\/fr\/wp-json\/wp\/v2\/product"}],"about":[{"href":"https:\/\/fvcomponentes.com\/fr\/wp-json\/wp\/v2\/types\/product"}],"replies":[{"embeddable":true,"href":"https:\/\/fvcomponentes.com\/fr\/wp-json\/wp\/v2\/comments?post=15293"}],"wp:featuredmedia":[{"embeddable":true,"href":"https:\/\/fvcomponentes.com\/fr\/wp-json\/wp\/v2\/media\/15297"}],"wp:attachment":[{"href":"https:\/\/fvcomponentes.com\/fr\/wp-json\/wp\/v2\/media?parent=15293"}],"wp:term":[{"taxonomy":"pwb-brand","embeddable":true,"href":"https:\/\/fvcomponentes.com\/fr\/wp-json\/wp\/v2\/pwb-brand?post=15293"},{"taxonomy":"product_brand","embeddable":true,"href":"https:\/\/fvcomponentes.com\/fr\/wp-json\/wp\/v2\/product_brand?post=15293"},{"taxonomy":"product_cat","embeddable":true,"href":"https:\/\/fvcomponentes.com\/fr\/wp-json\/wp\/v2\/product_cat?post=15293"},{"taxonomy":"product_tag","embeddable":true,"href":"https:\/\/fvcomponentes.com\/fr\/wp-json\/wp\/v2\/product_tag?post=15293"}],"curies":[{"name":"wp","href":"https:\/\/api.w.org\/{rel}","templated":true}]}}