{"id":15222,"date":"2024-06-20T10:59:34","date_gmt":"2024-06-20T08:59:34","guid":{"rendered":"https:\/\/fvcomponentes.com\/?post_type=product&#038;p=15222"},"modified":"2026-01-15T10:04:14","modified_gmt":"2026-01-15T09:04:14","slug":"mega-fuse-victron-300a-80v-cip138300020","status":"publish","type":"product","link":"https:\/\/fvcomponentes.com\/fr\/producto\/mega-fuse-victron-300a-80v-cip138300020\/","title":{"rendered":"Victron MEGA-fuse Fusible c\u00e9ramique 300A\/80V (5 pcs) - CIP138300020"},"content":{"rendered":"<h2>Caract\u00e9ristiques du M\u00e9ga-fusible c\u00e9ramique 300A\/80V de Victron - CIP138300020<\/h2>\n<p>Victron Mega-fuse ceramic 300A\/80V - CIP138300020 avec bornes M8. Un fusible de qualit\u00e9 est un maillon indispensable d'une installation \u00e9lectrique s\u00fbre.<span style=\"color: #000000;\"><br \/>\nLes fusibles pour 48V ne peuvent pas \u00eatre utilis\u00e9s avec des syst\u00e8mes 12\/24V et vice versa. La plage de tension sp\u00e9cifi\u00e9e sur le fusible est importante pour garantir un fonctionnement s\u00fbr.<\/span><\/p>\n<p>Pour les porte-fusibles de type Mega tels que le <a href=\"https:\/\/fvcomponentes.com\/fr\/produit\/porte-fusible-porte-fusible-6-voies-pour-mega-fuse-cip050060000\/\" target=\"_blank\" rel=\"noopener\">Porte-fusible 6 voies pour Mega Fuse - CIP050060000<\/a><\/p>\n<p>Ce pack comprend <strong>5 fusibles.<\/strong><\/p>\n<h2>Caract\u00e9ristiques du M\u00e9ga-fusible c\u00e9ramique 300A\/80V de Victron - CIP138300020<\/h2>\n<p><a href=\"https:\/\/fvcomponentes.com\/wp-content\/uploads\/2024\/07\/Datasheet-Midi-Mega-and-ANL-fuses-and-fuse-holders-EN-.pdf\" target=\"_blank\" rel=\"noopener\">Voir la fiche technique du m\u00e9ga-fusible Victron 300A\/80V - CIP138300020<\/a><\/p>","protected":false},"excerpt":{"rendered":"<ul>\n<li><strong>Amp\u00e9rage :<\/strong> 300 A<strong><br \/>\n<\/strong><\/li>\n<li><strong><span style=\"color: #000000;\">La tension : <\/span><\/strong><span style=\"color: #000000;\">80 V<br \/>\n<\/span><\/li>\n<li><span style=\"color: #000000;\"><strong>Paquet de 5 pi\u00e8ces<\/strong><\/span><\/li>\n<\/ul>","protected":false},"featured_media":27615,"comment_status":"open","ping_status":"closed","template":"","meta":{"site-sidebar-layout":"default","site-content-layout":"default","ast-site-content-layout":"default","site-content-style":"default","site-sidebar-style":"default","ast-global-header-display":"","ast-banner-title-visibility":"","ast-main-header-display":"","ast-hfb-above-header-display":"","ast-hfb-below-header-display":"","ast-hfb-mobile-header-display":"","site-post-title":"","ast-breadcrumbs-content":"","ast-featured-img":"","footer-sml-layout":"","ast-disable-related-posts":"","theme-transparent-header-meta":"default","adv-header-id-meta":"","stick-header-meta":"","header-above-stick-meta":"","header-main-stick-meta":"","header-below-stick-meta":"","astra-migrate-meta-layouts":"set","ast-page-background-enabled":"default","ast-page-background-meta":{"desktop":{"background-color":"var(--ast-global-color-4)","background-image":"","background-repeat":"repeat","background-position":"center center","background-size":"auto","background-attachment":"scroll","background-type":"","background-media":"","overlay-type":"","overlay-color":"","overlay-opacity":"","overlay-gradient":""},"tablet":{"background-color":"","background-image":"","background-repeat":"repeat","background-position":"center center","background-size":"auto","background-attachment":"scroll","background-type":"","background-media":"","overlay-type":"","overlay-color":"","overlay-opacity":"","overlay-gradient":""},"mobile":{"background-color":"","background-image":"","background-repeat":"repeat","background-position":"center center","background-size":"auto","background-attachment":"scroll","background-type":"","background-media":"","overlay-type":"","overlay-color":"","overlay-opacity":"","overlay-gradient":""}},"ast-content-background-meta":{"desktop":{"background-color":"var(--ast-global-color-5)","background-image":"","background-repeat":"repeat","background-position":"center center","background-size":"auto","background-attachment":"scroll","background-type":"","background-media":"","overlay-type":"","overlay-color":"","overlay-opacity":"","overlay-gradient":""},"tablet":{"background-color":"var(--ast-global-color-5)","background-image":"","background-repeat":"repeat","background-position":"center center","background-size":"auto","background-attachment":"scroll","background-type":"","background-media":"","overlay-type":"","overlay-color":"","overlay-opacity":"","overlay-gradient":""},"mobile":{"background-color":"var(--ast-global-color-5)","background-image":"","background-repeat":"repeat","background-position":"center center","background-size":"auto","background-attachment":"scroll","background-type":"","background-media":"","overlay-type":"","overlay-color":"","overlay-opacity":"","overlay-gradient":""}}},"pwb-brand":[332],"product_brand":[],"product_cat":[410,862,992],"product_tag":[],"class_list":{"0":"post-15222","1":"product","2":"type-product","3":"status-publish","4":"has-post-thumbnail","6":"pwb-brand-victron","7":"product_cat-material-electrico","8":"product_cat-fusibles","9":"product_cat-fusibles-mega","10":"desktop-align-left","11":"tablet-align-left","12":"mobile-align-left","13":"ast-product-gallery-layout-horizontal-slider","14":"ast-product-gallery-with-no-image","15":"ast-product-tabs-layout-horizontal","17":"first","18":"instock","19":"taxable","20":"shipping-taxable","21":"purchasable","22":"product-type-simple"},"wcpa_form_fields":null,"brands":[{"id":332,"name":"Victron Energy","slug":"victron"}],"_links":{"self":[{"href":"https:\/\/fvcomponentes.com\/fr\/wp-json\/wp\/v2\/product\/15222","targetHints":{"allow":["GET"]}}],"collection":[{"href":"https:\/\/fvcomponentes.com\/fr\/wp-json\/wp\/v2\/product"}],"about":[{"href":"https:\/\/fvcomponentes.com\/fr\/wp-json\/wp\/v2\/types\/product"}],"replies":[{"embeddable":true,"href":"https:\/\/fvcomponentes.com\/fr\/wp-json\/wp\/v2\/comments?post=15222"}],"wp:featuredmedia":[{"embeddable":true,"href":"https:\/\/fvcomponentes.com\/fr\/wp-json\/wp\/v2\/media\/27615"}],"wp:attachment":[{"href":"https:\/\/fvcomponentes.com\/fr\/wp-json\/wp\/v2\/media?parent=15222"}],"wp:term":[{"taxonomy":"pwb-brand","embeddable":true,"href":"https:\/\/fvcomponentes.com\/fr\/wp-json\/wp\/v2\/pwb-brand?post=15222"},{"taxonomy":"product_brand","embeddable":true,"href":"https:\/\/fvcomponentes.com\/fr\/wp-json\/wp\/v2\/product_brand?post=15222"},{"taxonomy":"product_cat","embeddable":true,"href":"https:\/\/fvcomponentes.com\/fr\/wp-json\/wp\/v2\/product_cat?post=15222"},{"taxonomy":"product_tag","embeddable":true,"href":"https:\/\/fvcomponentes.com\/fr\/wp-json\/wp\/v2\/product_tag?post=15222"}],"curies":[{"name":"wp","href":"https:\/\/api.w.org\/{rel}","templated":true}]}}