{"id":15178,"date":"2024-06-19T13:09:53","date_gmt":"2024-06-19T11:09:53","guid":{"rendered":"https:\/\/fvcomponentes.com\/?post_type=product&#038;p=15178"},"modified":"2026-04-08T21:26:40","modified_gmt":"2026-04-08T19:26:40","slug":"fusible-midi-victron-40a-58v-cip133040010","status":"publish","type":"product","link":"https:\/\/fvcomponentes.com\/fr\/producto\/midi-fuse-victron-40a-58v-cip133040010\/","title":{"rendered":"Midi-fusible Victron 40A\/58V - CIP133040010"},"content":{"rendered":"<h2>Caract\u00e9ristiques du fusible Midi de Victron 40A\/58V - CIP133040010<\/h2>\n<ul>\n<li><span style=\"color: #000000\">Victron Midi-fuse 40A\/58V - CIP133040010, avec bornes M8, <\/span><span style=\"color: #000000\">est sp\u00e9cialement con\u00e7u pour les syst\u00e8mes photovolta\u00efques avec une tension syst\u00e8me de 48V. <\/span><span style=\"color: #000000\">Un fusible de qualit\u00e9 est un \u00e9l\u00e9ment indispensable d'une installation \u00e9lectrique s\u00fbre.<\/span><\/li>\n<li>Les fusibles de 32V ne peuvent pas \u00eatre utilis\u00e9s avec des syst\u00e8mes de 48V ou vice versa. La plage de tension sp\u00e9cifi\u00e9e sur le fusible est importante pour garantir un fonctionnement s\u00fbr.<\/li>\n<li>Pour les\u00a0<a href=\"https:\/\/fvcomponentes.com\/fr\/produit\/victron-fuse-holder-midi-fuse-holder-cip000050001\/\" target=\"_blank\" rel=\"noopener\">Porte-fusible MIDI Victron - CIP000050001.<\/a><\/li>\n<\/ul>\n<h2>Fiche technique Midi-fuse Victron 40A\/58V - CIP133040010<\/h2>\n<p><a href=\"https:\/\/fvcomponentes.com\/wp-content\/uploads\/2024\/03\/VICTRON-MIDI-MEGA-AND-ANL-FUSES-AND-FUSE-HOLDERS-EN-1.pdf\" target=\"_blank\" rel=\"noopener\">Voir la fiche technique Victron Midi-fuse 40A\/58V - CIP133040010<\/a><\/p>","protected":false},"excerpt":{"rendered":"<ul>\n<li><strong>Amp\u00e9rage :<\/strong> 40A<strong><br \/>\n<\/strong><\/li>\n<li><strong>La tension : <\/strong>58V<\/li>\n<\/ul>","protected":false},"featured_media":15179,"comment_status":"open","ping_status":"closed","template":"","meta":{"site-sidebar-layout":"default","site-content-layout":"default","ast-site-content-layout":"default","site-content-style":"default","site-sidebar-style":"default","ast-global-header-display":"","ast-banner-title-visibility":"","ast-main-header-display":"","ast-hfb-above-header-display":"","ast-hfb-below-header-display":"","ast-hfb-mobile-header-display":"","site-post-title":"","ast-breadcrumbs-content":"","ast-featured-img":"","footer-sml-layout":"","ast-disable-related-posts":"","theme-transparent-header-meta":"default","adv-header-id-meta":"","stick-header-meta":"","header-above-stick-meta":"","header-main-stick-meta":"","header-below-stick-meta":"","astra-migrate-meta-layouts":"set","ast-page-background-enabled":"default","ast-page-background-meta":{"desktop":{"background-color":"var(--ast-global-color-4)","background-image":"","background-repeat":"repeat","background-position":"center center","background-size":"auto","background-attachment":"scroll","background-type":"","background-media":"","overlay-type":"","overlay-color":"","overlay-opacity":"","overlay-gradient":""},"tablet":{"background-color":"","background-image":"","background-repeat":"repeat","background-position":"center center","background-size":"auto","background-attachment":"scroll","background-type":"","background-media":"","overlay-type":"","overlay-color":"","overlay-opacity":"","overlay-gradient":""},"mobile":{"background-color":"","background-image":"","background-repeat":"repeat","background-position":"center center","background-size":"auto","background-attachment":"scroll","background-type":"","background-media":"","overlay-type":"","overlay-color":"","overlay-opacity":"","overlay-gradient":""}},"ast-content-background-meta":{"desktop":{"background-color":"var(--ast-global-color-5)","background-image":"","background-repeat":"repeat","background-position":"center center","background-size":"auto","background-attachment":"scroll","background-type":"","background-media":"","overlay-type":"","overlay-color":"","overlay-opacity":"","overlay-gradient":""},"tablet":{"background-color":"var(--ast-global-color-5)","background-image":"","background-repeat":"repeat","background-position":"center center","background-size":"auto","background-attachment":"scroll","background-type":"","background-media":"","overlay-type":"","overlay-color":"","overlay-opacity":"","overlay-gradient":""},"mobile":{"background-color":"var(--ast-global-color-5)","background-image":"","background-repeat":"repeat","background-position":"center center","background-size":"auto","background-attachment":"scroll","background-type":"","background-media":"","overlay-type":"","overlay-color":"","overlay-opacity":"","overlay-gradient":""}}},"pwb-brand":[332],"product_brand":[],"product_cat":[410,862,994],"product_tag":[],"class_list":{"0":"post-15178","1":"product","2":"type-product","3":"status-publish","4":"has-post-thumbnail","6":"pwb-brand-victron","7":"product_cat-material-electrico","8":"product_cat-fusibles","9":"product_cat-fusibles-midi","10":"desktop-align-left","11":"tablet-align-left","12":"mobile-align-left","13":"ast-product-gallery-layout-horizontal-slider","14":"ast-product-gallery-with-no-image","15":"ast-product-tabs-layout-horizontal","17":"first","18":"outofstock","19":"taxable","20":"shipping-taxable","21":"purchasable","22":"product-type-simple"},"wcpa_form_fields":null,"brands":[{"id":332,"name":"Victron Energy","slug":"victron"}],"_links":{"self":[{"href":"https:\/\/fvcomponentes.com\/fr\/wp-json\/wp\/v2\/product\/15178","targetHints":{"allow":["GET"]}}],"collection":[{"href":"https:\/\/fvcomponentes.com\/fr\/wp-json\/wp\/v2\/product"}],"about":[{"href":"https:\/\/fvcomponentes.com\/fr\/wp-json\/wp\/v2\/types\/product"}],"replies":[{"embeddable":true,"href":"https:\/\/fvcomponentes.com\/fr\/wp-json\/wp\/v2\/comments?post=15178"}],"wp:featuredmedia":[{"embeddable":true,"href":"https:\/\/fvcomponentes.com\/fr\/wp-json\/wp\/v2\/media\/15179"}],"wp:attachment":[{"href":"https:\/\/fvcomponentes.com\/fr\/wp-json\/wp\/v2\/media?parent=15178"}],"wp:term":[{"taxonomy":"pwb-brand","embeddable":true,"href":"https:\/\/fvcomponentes.com\/fr\/wp-json\/wp\/v2\/pwb-brand?post=15178"},{"taxonomy":"product_brand","embeddable":true,"href":"https:\/\/fvcomponentes.com\/fr\/wp-json\/wp\/v2\/product_brand?post=15178"},{"taxonomy":"product_cat","embeddable":true,"href":"https:\/\/fvcomponentes.com\/fr\/wp-json\/wp\/v2\/product_cat?post=15178"},{"taxonomy":"product_tag","embeddable":true,"href":"https:\/\/fvcomponentes.com\/fr\/wp-json\/wp\/v2\/product_tag?post=15178"}],"curies":[{"name":"wp","href":"https:\/\/api.w.org\/{rel}","templated":true}]}}