{"id":15121,"date":"2024-06-19T08:10:05","date_gmt":"2024-06-19T06:10:05","guid":{"rendered":"https:\/\/fvcomponentes.com\/?post_type=product&#038;p=15121"},"modified":"2026-04-08T21:32:04","modified_gmt":"2026-04-08T19:32:04","slug":"capteur-de-temperature-de-bus-pour-convertisseur-de-courant-continu-victron-buck-boost-ass000200100","status":"publish","type":"product","link":"https:\/\/fvcomponentes.com\/fr\/producto\/sensor-de-temperatura-bus-can-para-convertidor-victron-cc-cc-buck-boost-ass000200100\/","title":{"rendered":"Capteur de temp\u00e9rature CAN bus pour convertisseur DC-DC Buck-Boost de Victron - ASS000200100100"},"content":{"rendered":"<h2>Caract\u00e9ristiques de la sonde de temp\u00e9rature du bus CAN pour le convertisseur DC-DC Buck-Boost de Victron - ASS000200100100<\/h2>\n<p>Il s'agit d'un capteur de temp\u00e9rature de batterie pour la gamme de convertisseurs. <a href=\"https:\/\/fvcomponentes.com\/fr\/produit\/victron-dc-dc-converter-buck-boost-25-to-ori303025000\/\" target=\"_blank\" rel=\"noopener\">Buck-Boost DC\/DC<\/a> et est un accessoire essentiel lors de la connexion du convertisseur Buck-Boost DC\/DC \u00e0 une batterie au lithium LFP. Lorsque ces batteries sont charg\u00e9es \u00e0 basse temp\u00e9rature, il est n\u00e9cessaire de surveiller la temp\u00e9rature. Le courant de charge d'une batterie au lithium doit \u00eatre r\u00e9duit lorsque la temp\u00e9rature de la batterie descend en dessous de 5 degr\u00e9s et arr\u00eat\u00e9 lorsque la temp\u00e9rature descend en dessous de 0.<\/p>\n<p>Le capteur de temp\u00e9rature du bus CAN pour le convertisseur DC-DC Buck-Boost de Victron - ASS000200100 s'en charge. Il mesure la temp\u00e9rature de la batterie au lithium et envoie les donn\u00e9es au convertisseur DC\/DC Buck-Boost, qui r\u00e9duira ou arr\u00eatera la charge si la temp\u00e9rature de la batterie est trop basse.<\/p>\n<p>En outre, le capteur de temp\u00e9rature du bus CAN pour le convertisseur DC-DC Buck-Boost de Victron - ASS000200100100 peut \u00eatre connect\u00e9 \u00e0 la borne du capteur de temp\u00e9rature d'un ordinateur. <a href=\"https:\/\/fvcomponentes.com\/fr\/produit\/onduleur-victron-multiplus-ii-gx-48-5000va-48v-7050a\/\" target=\"_blank\" rel=\"noopener\">MultiPlus<\/a> o <a href=\"https:\/\/fvcomponentes.com\/fr\/produit\/victron-quattro-12-3000va-120a-5050a-inverter\/\" target=\"_blank\" rel=\"noopener\">Quattro<\/a>Les chargeurs de batterie peuvent r\u00e9duire ou arr\u00eater la charge si la temp\u00e9rature de la batterie est trop basse.<\/p>","protected":false},"excerpt":{"rendered":"<p>N\u00e9cessaire pour contr\u00f4ler la temp\u00e9rature des piles au lithium LFP lorsqu'elles sont charg\u00e9es \u00e0 basse temp\u00e9rature.<\/p>","protected":false},"featured_media":15123,"comment_status":"open","ping_status":"closed","template":"","meta":{"site-sidebar-layout":"default","site-content-layout":"default","ast-site-content-layout":"default","site-content-style":"default","site-sidebar-style":"default","ast-global-header-display":"","ast-banner-title-visibility":"","ast-main-header-display":"","ast-hfb-above-header-display":"","ast-hfb-below-header-display":"","ast-hfb-mobile-header-display":"","site-post-title":"","ast-breadcrumbs-content":"","ast-featured-img":"","footer-sml-layout":"","ast-disable-related-posts":"","theme-transparent-header-meta":"default","adv-header-id-meta":"","stick-header-meta":"","header-above-stick-meta":"","header-main-stick-meta":"","header-below-stick-meta":"","astra-migrate-meta-layouts":"set","ast-page-background-enabled":"default","ast-page-background-meta":{"desktop":{"background-color":"var(--ast-global-color-4)","background-image":"","background-repeat":"repeat","background-position":"center center","background-size":"auto","background-attachment":"scroll","background-type":"","background-media":"","overlay-type":"","overlay-color":"","overlay-opacity":"","overlay-gradient":""},"tablet":{"background-color":"","background-image":"","background-repeat":"repeat","background-position":"center center","background-size":"auto","background-attachment":"scroll","background-type":"","background-media":"","overlay-type":"","overlay-color":"","overlay-opacity":"","overlay-gradient":""},"mobile":{"background-color":"","background-image":"","background-repeat":"repeat","background-position":"center center","background-size":"auto","background-attachment":"scroll","background-type":"","background-media":"","overlay-type":"","overlay-color":"","overlay-opacity":"","overlay-gradient":""}},"ast-content-background-meta":{"desktop":{"background-color":"var(--ast-global-color-5)","background-image":"","background-repeat":"repeat","background-position":"center center","background-size":"auto","background-attachment":"scroll","background-type":"","background-media":"","overlay-type":"","overlay-color":"","overlay-opacity":"","overlay-gradient":""},"tablet":{"background-color":"var(--ast-global-color-5)","background-image":"","background-repeat":"repeat","background-position":"center center","background-size":"auto","background-attachment":"scroll","background-type":"","background-media":"","overlay-type":"","overlay-color":"","overlay-opacity":"","overlay-gradient":""},"mobile":{"background-color":"var(--ast-global-color-5)","background-image":"","background-repeat":"repeat","background-position":"center center","background-size":"auto","background-attachment":"scroll","background-type":"","background-media":"","overlay-type":"","overlay-color":"","overlay-opacity":"","overlay-gradient":""}}},"pwb-brand":[332],"product_brand":[],"product_cat":[966,419,865],"product_tag":[],"class_list":{"0":"post-15121","1":"product","2":"type-product","3":"status-publish","4":"has-post-thumbnail","6":"pwb-brand-victron","7":"product_cat-accesorios-cargadores","8":"product_cat-cargadores-de-baterias","9":"product_cat-convertidores","10":"desktop-align-left","11":"tablet-align-left","12":"mobile-align-left","13":"ast-product-gallery-layout-horizontal-slider","14":"ast-product-tabs-layout-horizontal","16":"first","17":"instock","18":"taxable","19":"shipping-taxable","20":"purchasable","21":"product-type-simple"},"wcpa_form_fields":null,"brands":[{"id":332,"name":"Victron Energy","slug":"victron"}],"_links":{"self":[{"href":"https:\/\/fvcomponentes.com\/fr\/wp-json\/wp\/v2\/product\/15121","targetHints":{"allow":["GET"]}}],"collection":[{"href":"https:\/\/fvcomponentes.com\/fr\/wp-json\/wp\/v2\/product"}],"about":[{"href":"https:\/\/fvcomponentes.com\/fr\/wp-json\/wp\/v2\/types\/product"}],"replies":[{"embeddable":true,"href":"https:\/\/fvcomponentes.com\/fr\/wp-json\/wp\/v2\/comments?post=15121"}],"wp:featuredmedia":[{"embeddable":true,"href":"https:\/\/fvcomponentes.com\/fr\/wp-json\/wp\/v2\/media\/15123"}],"wp:attachment":[{"href":"https:\/\/fvcomponentes.com\/fr\/wp-json\/wp\/v2\/media?parent=15121"}],"wp:term":[{"taxonomy":"pwb-brand","embeddable":true,"href":"https:\/\/fvcomponentes.com\/fr\/wp-json\/wp\/v2\/pwb-brand?post=15121"},{"taxonomy":"product_brand","embeddable":true,"href":"https:\/\/fvcomponentes.com\/fr\/wp-json\/wp\/v2\/product_brand?post=15121"},{"taxonomy":"product_cat","embeddable":true,"href":"https:\/\/fvcomponentes.com\/fr\/wp-json\/wp\/v2\/product_cat?post=15121"},{"taxonomy":"product_tag","embeddable":true,"href":"https:\/\/fvcomponentes.com\/fr\/wp-json\/wp\/v2\/product_tag?post=15121"}],"curies":[{"name":"wp","href":"https:\/\/api.w.org\/{rel}","templated":true}]}}