{"id":15047,"date":"2024-06-18T10:30:38","date_gmt":"2024-06-18T08:30:38","guid":{"rendered":"https:\/\/fvcomponentes.com\/?post_type=product&#038;p=15047"},"modified":"2026-01-15T10:06:33","modified_gmt":"2026-01-15T09:06:33","slug":"convertisseur-victron-orion-tr-isole-12-12-12-18a-220w-ori121222110","status":"publish","type":"product","link":"https:\/\/fvcomponentes.com\/fr\/producto\/convertidor-victron-orion-tr-aislado-12-12-18a-220w-ori121222110\/","title":{"rendered":"Victron Orion-Tr Convertisseur isol\u00e9 12\/12 18A 220W - ORI121222110"},"content":{"rendered":"<h2>Caract\u00e9ristiques du convertisseur isol\u00e9 12\/12 18A 220W Victron Orion-Tr - ORI121222110<\/h2>\n<p>Stabilise la tension continue provenant d'une alimentation ou d'une batterie et obtient une tension plus \u00e9lev\u00e9e que la tension d'entr\u00e9e.<\/p>\n<h2>Borne de marche\/arr\u00eat \u00e0 distance<\/h2>\n<p>La borne marche\/arr\u00eat \u00e0 distance \u00e9limine la n\u00e9cessit\u00e9 de monter un interrupteur \u00e0 haute puissance dans le c\u00e2blage d'entr\u00e9e. L'interrupteur marche\/arr\u00eat \u00e0 distance peut \u00eatre actionn\u00e9 par un interrupteur de faible puissance ou, par exemple, par l'interrupteur de d\u00e9marrage\/arr\u00eat du moteur (voir le manuel).<\/p>\n<h2>R\u00e9sistant aux courts-circuits et permettant une connexion en parall\u00e8le<\/h2>\n<p>Un nombre illimit\u00e9 d'unit\u00e9s peut \u00eatre connect\u00e9 en parall\u00e8le.<\/p>\n<h2>Protection haute temp\u00e9rature du convertisseur isol\u00e9 Victron Orion-Tr 12\/12 18A 220W<\/h2>\n<p>Le courant de sortie sera r\u00e9duit en cas de temp\u00e9rature ambiante \u00e9lev\u00e9e.<\/p>\n<h2>Protection IP43<\/h2>\n<p>S'il est install\u00e9 avec les bornes \u00e0 vis orient\u00e9es vers le bas.<\/p>\n<h2>Bornes \u00e0 vis<\/h2>\n<p>Aucun outil sp\u00e9cial n'est n\u00e9cessaire pour l'installation.<\/p>\n<h2>Fusible d'entr\u00e9e (non rempla\u00e7able) du convertisseur Victron Orion-Tr isol\u00e9 12\/12 18A 220W<\/h2>\n<p>Uniquement pour les mod\u00e8les avec entr\u00e9e 12 et 24 V.<\/p>\n<h2>Tension de sortie r\u00e9glable<\/h2>\n<p>Le convertisseur isol\u00e9 Victron Orion-Tr 12\/12 18A 220W n'est pas con\u00e7u pour charger les batteries.<\/p>\n<h2>Fiche technique Victron Orion-Tr convertisseur isol\u00e9 12\/12 18A 220W - ORI121222110<\/h2>\n<p><a href=\"https:\/\/fvcomponentes.com\/wp-content\/uploads\/2023\/03\/Orion-Tr-DC-DC-converters-isolated-100-250-400W-ES.pdf\" target=\"_blank\" rel=\"noopener\">Fiche technique Victron Orion-Tr Onduleur isol\u00e9 12\/12-9A - ORI121210110(R)<\/a><\/p>","protected":false},"excerpt":{"rendered":"<div>\n<p><span style=\"color: #ff0000\"><strong>Cet appareil n'est pas adapt\u00e9 au chargement de la batterie. Choisissez le mod\u00e8le Smart avec Blutetooth.<\/strong><\/span><\/p>\n<p><strong><span style=\"color: #ff0000\">\u00c9quipement sans Bluetooth<\/span><\/strong><\/p>\n<\/div>\n<div><a href=\"https:\/\/fvcomponentes.com\/fr\/produit\/victron-orion-tr-smart-12-12-18a-dc-convertisseur-isole-ori121222120\/\" target=\"_blank\" rel=\"noopener\"><strong>Voir le mod\u00e8le Bluetooth<\/strong><\/a><\/div>\n<div><strong>Tension d'entr\u00e9e :<\/strong>\u00a08 - 17V<br \/>\n<strong>Tension de sortie<\/strong>: 12,2V<\/div>\n<div><strong>Courant de sortie continu :<\/strong> 18A \u00e0 25\u00b0C<\/div>\n<div><strong>Courant de sortie maximal :<\/strong> 25A<\/div>\n<div><strong>Isolation galvanique :<\/strong> 200V DC entre l'entr\u00e9e, la sortie et le bo\u00eetier<\/div>\n<div><span style=\"color: #ff0000\"><strong>\u00a0La photographie du produit est fournie \u00e0 titre d'illustration uniquement et peut ne pas correspondre au produit r\u00e9el.<\/strong><\/span><\/div>","protected":false},"featured_media":15051,"comment_status":"open","ping_status":"closed","template":"","meta":{"site-sidebar-layout":"default","site-content-layout":"default","ast-site-content-layout":"default","site-content-style":"default","site-sidebar-style":"default","ast-global-header-display":"","ast-banner-title-visibility":"","ast-main-header-display":"","ast-hfb-above-header-display":"","ast-hfb-below-header-display":"","ast-hfb-mobile-header-display":"","site-post-title":"","ast-breadcrumbs-content":"","ast-featured-img":"","footer-sml-layout":"","ast-disable-related-posts":"","theme-transparent-header-meta":"default","adv-header-id-meta":"","stick-header-meta":"","header-above-stick-meta":"","header-main-stick-meta":"","header-below-stick-meta":"","astra-migrate-meta-layouts":"set","ast-page-background-enabled":"default","ast-page-background-meta":{"desktop":{"background-color":"var(--ast-global-color-4)","background-image":"","background-repeat":"repeat","background-position":"center center","background-size":"auto","background-attachment":"scroll","background-type":"","background-media":"","overlay-type":"","overlay-color":"","overlay-opacity":"","overlay-gradient":""},"tablet":{"background-color":"","background-image":"","background-repeat":"repeat","background-position":"center center","background-size":"auto","background-attachment":"scroll","background-type":"","background-media":"","overlay-type":"","overlay-color":"","overlay-opacity":"","overlay-gradient":""},"mobile":{"background-color":"","background-image":"","background-repeat":"repeat","background-position":"center center","background-size":"auto","background-attachment":"scroll","background-type":"","background-media":"","overlay-type":"","overlay-color":"","overlay-opacity":"","overlay-gradient":""}},"ast-content-background-meta":{"desktop":{"background-color":"var(--ast-global-color-5)","background-image":"","background-repeat":"repeat","background-position":"center center","background-size":"auto","background-attachment":"scroll","background-type":"","background-media":"","overlay-type":"","overlay-color":"","overlay-opacity":"","overlay-gradient":""},"tablet":{"background-color":"var(--ast-global-color-5)","background-image":"","background-repeat":"repeat","background-position":"center center","background-size":"auto","background-attachment":"scroll","background-type":"","background-media":"","overlay-type":"","overlay-color":"","overlay-opacity":"","overlay-gradient":""},"mobile":{"background-color":"var(--ast-global-color-5)","background-image":"","background-repeat":"repeat","background-position":"center center","background-size":"auto","background-attachment":"scroll","background-type":"","background-media":"","overlay-type":"","overlay-color":"","overlay-opacity":"","overlay-gradient":""}}},"pwb-brand":[332],"product_brand":[],"product_cat":[865,898,419],"product_tag":[],"class_list":{"0":"post-15047","1":"product","2":"type-product","3":"status-publish","4":"has-post-thumbnail","6":"pwb-brand-victron","7":"product_cat-convertidores","8":"product_cat-12v-12v","9":"product_cat-cargadores-de-baterias","10":"desktop-align-left","11":"tablet-align-left","12":"mobile-align-left","13":"ast-product-gallery-layout-horizontal-slider","14":"ast-product-tabs-layout-horizontal","16":"first","17":"instock","18":"taxable","19":"shipping-taxable","20":"purchasable","21":"product-type-simple"},"wcpa_form_fields":null,"brands":[{"id":332,"name":"Victron Energy","slug":"victron"}],"_links":{"self":[{"href":"https:\/\/fvcomponentes.com\/fr\/wp-json\/wp\/v2\/product\/15047","targetHints":{"allow":["GET"]}}],"collection":[{"href":"https:\/\/fvcomponentes.com\/fr\/wp-json\/wp\/v2\/product"}],"about":[{"href":"https:\/\/fvcomponentes.com\/fr\/wp-json\/wp\/v2\/types\/product"}],"replies":[{"embeddable":true,"href":"https:\/\/fvcomponentes.com\/fr\/wp-json\/wp\/v2\/comments?post=15047"}],"wp:featuredmedia":[{"embeddable":true,"href":"https:\/\/fvcomponentes.com\/fr\/wp-json\/wp\/v2\/media\/15051"}],"wp:attachment":[{"href":"https:\/\/fvcomponentes.com\/fr\/wp-json\/wp\/v2\/media?parent=15047"}],"wp:term":[{"taxonomy":"pwb-brand","embeddable":true,"href":"https:\/\/fvcomponentes.com\/fr\/wp-json\/wp\/v2\/pwb-brand?post=15047"},{"taxonomy":"product_brand","embeddable":true,"href":"https:\/\/fvcomponentes.com\/fr\/wp-json\/wp\/v2\/product_brand?post=15047"},{"taxonomy":"product_cat","embeddable":true,"href":"https:\/\/fvcomponentes.com\/fr\/wp-json\/wp\/v2\/product_cat?post=15047"},{"taxonomy":"product_tag","embeddable":true,"href":"https:\/\/fvcomponentes.com\/fr\/wp-json\/wp\/v2\/product_tag?post=15047"}],"curies":[{"name":"wp","href":"https:\/\/api.w.org\/{rel}","templated":true}]}}