{"id":15042,"date":"2024-06-18T10:09:56","date_gmt":"2024-06-18T08:09:56","guid":{"rendered":"https:\/\/fvcomponentes.com\/?post_type=product&#038;p=15042"},"modified":"2026-04-04T12:46:37","modified_gmt":"2026-04-04T10:46:37","slug":"victron-orion-24-12-70-convertisseur-non-isole-et-avec-bornes-de-connexion-ori241270030","status":"publish","type":"product","link":"https:\/\/fvcomponentes.com\/fr\/producto\/convertidor-victron-orion-24-12-70-no-aislado-y-con-terminales-de-conexion-ori241270030\/","title":{"rendered":"Victron Orion 24\/12-70 convertisseur non isol\u00e9 avec bornes de connexion - ORI241270030"},"content":{"rendered":"<h2>Caract\u00e9ristiques du convertisseur non isol\u00e9 Victron Orion 24\/12-70 avec bornes de connexion - ORI241270030<\/h2>\n<h2>Connecteur marche-arr\u00eat \u00e0 distance<\/h2>\n<ul>\n<li>Le connecteur marche-arr\u00eat \u00e0 distance est une solution pratique et polyvalente qui simplifie la gestion des appareils \u00e9lectriques. Ce connecteur \u00e9limine le besoin d'interrupteurs de forte puissance dans le c\u00e2blage d'entr\u00e9e, ce qui facilite le fonctionnement et le contr\u00f4le des appareils \u00e9lectriques \u00e0 distance.<\/li>\n<li>L'un des principaux avantages du connecteur marche-arr\u00eat \u00e0 distance est qu'il peut \u00eatre activ\u00e9 soit par un interrupteur de faible puissance, soit par l'interrupteur de d\u00e9marrage du moteur. Cette souplesse d'activation en fait un outil id\u00e9al pour une grande vari\u00e9t\u00e9 d'applications.<\/li>\n<\/ul>\n<h2>Tous les mod\u00e8les \u00e0 sortie r\u00e9glable peuvent \u00e9galement \u00eatre utilis\u00e9s comme chargeur de batterie.<\/h2>\n<ul>\n<li>En outre, tous les mod\u00e8les dot\u00e9s de prises r\u00e9glables offrent une fonctionnalit\u00e9 suppl\u00e9mentaire puisqu'ils peuvent \u00eatre utilis\u00e9s comme chargeurs de batterie.<\/li>\n<li>Ils peuvent charger des batteries de d\u00e9marrage ou de service de 12 V, m\u00eame lorsqu'ils sont int\u00e9gr\u00e9s \u00e0 des syst\u00e8mes de 24 V, ce qui permet de gagner du temps et d'\u00e9conomiser des ressources.<\/li>\n<\/ul>\n<h2>Tous les mod\u00e8les \u00e0 sortie r\u00e9glable peuvent \u00eatre connect\u00e9s en parall\u00e8le pour augmenter le courant de sortie.<\/h2>\n<ul>\n<li>Une autre caract\u00e9ristique remarquable du convertisseur Victron Orion 24\/12-70 non isol\u00e9 avec bornes de connexion est la possibilit\u00e9 de connecter plusieurs de ces connecteurs en parall\u00e8le pour augmenter le courant de sortie.<\/li>\n<li>Jusqu'\u00e0 cinq unit\u00e9s peuvent \u00eatre connect\u00e9es en parall\u00e8le, ce qui permet de r\u00e9pondre efficacement \u00e0 des demandes \u00e9lectriques plus importantes.<\/li>\n<\/ul>\n<h2>Installation facile du convertisseur Victron Orion 24\/12-70 non isol\u00e9 avec bornes de connexion<\/h2>\n<ul>\n<li>L'installation est simple et pratique.<\/li>\n<li>Il comprend 4 connexions femelles de 6,3 mm pour faciliter la connexion \u00e0 d'autres dispositifs et syst\u00e8mes \u00e9lectriques, ce qui fait du connecteur \u00e0 distance on-off une solution compl\u00e8te et facile pour une vari\u00e9t\u00e9 d'applications.<\/li>\n<\/ul>\n<h2>Fiche technique Victron Orion 24\/12-70 convertisseur non isol\u00e9 avec bornes de connexion - ORI241270030<\/h2>\n<p><a href=\"https:\/\/fvcomponentes.com\/wp-content\/uploads\/2023\/03\/Orion-alta-potencia-ES.pdf\" target=\"_blank\" rel=\"noopener\">Fiche technique onduleur Victron Orion 24\/12-70 onduleur non isol\u00e9 et avec bornes de connexion - ORI241270030<\/a><\/p>","protected":false},"excerpt":{"rendered":"<ul>\n<li><span style=\"color: #ff0000\"><strong>Cet appareil n'est pas adapt\u00e9 au chargement de la batterie. Choisissez le mod\u00e8le Smart avec Blutetooth.<\/strong><\/span><\/li>\n<li><strong><span style=\"color: #ff0000\">\u00c9quipement sans Bluetooth<\/span><\/strong><\/li>\n<li><strong>Plage de tension d'entr\u00e9e :<\/strong> 18\/35V<\/li>\n<li><strong>Sous-tension de d\u00e9connexion :<\/strong> 14V<\/li>\n<li><strong>Tension de sortie :<\/strong> R\u00e9glable 10-15V R\u00e9glage F 13,2V<\/li>\n<li><strong>Courant de sortie continu :<\/strong> 70A<\/li>\n<li><strong>Courant de sortie maximal :<\/strong> 85A<\/li>\n<li><strong>Consommation :<\/strong> &lt;20mA<\/li>\n<\/ul>","protected":false},"featured_media":15045,"comment_status":"open","ping_status":"closed","template":"","meta":{"site-sidebar-layout":"default","site-content-layout":"default","ast-site-content-layout":"default","site-content-style":"default","site-sidebar-style":"default","ast-global-header-display":"","ast-banner-title-visibility":"","ast-main-header-display":"","ast-hfb-above-header-display":"","ast-hfb-below-header-display":"","ast-hfb-mobile-header-display":"","site-post-title":"","ast-breadcrumbs-content":"","ast-featured-img":"","footer-sml-layout":"","ast-disable-related-posts":"","theme-transparent-header-meta":"default","adv-header-id-meta":"","stick-header-meta":"","header-above-stick-meta":"","header-main-stick-meta":"","header-below-stick-meta":"","astra-migrate-meta-layouts":"set","ast-page-background-enabled":"default","ast-page-background-meta":{"desktop":{"background-color":"var(--ast-global-color-4)","background-image":"","background-repeat":"repeat","background-position":"center center","background-size":"auto","background-attachment":"scroll","background-type":"","background-media":"","overlay-type":"","overlay-color":"","overlay-opacity":"","overlay-gradient":""},"tablet":{"background-color":"","background-image":"","background-repeat":"repeat","background-position":"center center","background-size":"auto","background-attachment":"scroll","background-type":"","background-media":"","overlay-type":"","overlay-color":"","overlay-opacity":"","overlay-gradient":""},"mobile":{"background-color":"","background-image":"","background-repeat":"repeat","background-position":"center center","background-size":"auto","background-attachment":"scroll","background-type":"","background-media":"","overlay-type":"","overlay-color":"","overlay-opacity":"","overlay-gradient":""}},"ast-content-background-meta":{"desktop":{"background-color":"var(--ast-global-color-5)","background-image":"","background-repeat":"repeat","background-position":"center center","background-size":"auto","background-attachment":"scroll","background-type":"","background-media":"","overlay-type":"","overlay-color":"","overlay-opacity":"","overlay-gradient":""},"tablet":{"background-color":"var(--ast-global-color-5)","background-image":"","background-repeat":"repeat","background-position":"center center","background-size":"auto","background-attachment":"scroll","background-type":"","background-media":"","overlay-type":"","overlay-color":"","overlay-opacity":"","overlay-gradient":""},"mobile":{"background-color":"var(--ast-global-color-5)","background-image":"","background-repeat":"repeat","background-position":"center center","background-size":"auto","background-attachment":"scroll","background-type":"","background-media":"","overlay-type":"","overlay-color":"","overlay-opacity":"","overlay-gradient":""}}},"pwb-brand":[332],"product_brand":[],"product_cat":[865,901,419],"product_tag":[],"class_list":{"0":"post-15042","1":"product","2":"type-product","3":"status-publish","4":"has-post-thumbnail","6":"pwb-brand-victron","7":"product_cat-convertidores","8":"product_cat-24v-12v","9":"product_cat-cargadores-de-baterias","10":"desktop-align-left","11":"tablet-align-left","12":"mobile-align-left","13":"ast-product-gallery-layout-horizontal-slider","14":"ast-product-tabs-layout-horizontal","16":"first","17":"instock","18":"taxable","19":"shipping-taxable","20":"purchasable","21":"product-type-simple"},"wcpa_form_fields":null,"brands":[{"id":332,"name":"Victron Energy","slug":"victron"}],"_links":{"self":[{"href":"https:\/\/fvcomponentes.com\/fr\/wp-json\/wp\/v2\/product\/15042","targetHints":{"allow":["GET"]}}],"collection":[{"href":"https:\/\/fvcomponentes.com\/fr\/wp-json\/wp\/v2\/product"}],"about":[{"href":"https:\/\/fvcomponentes.com\/fr\/wp-json\/wp\/v2\/types\/product"}],"replies":[{"embeddable":true,"href":"https:\/\/fvcomponentes.com\/fr\/wp-json\/wp\/v2\/comments?post=15042"}],"wp:featuredmedia":[{"embeddable":true,"href":"https:\/\/fvcomponentes.com\/fr\/wp-json\/wp\/v2\/media\/15045"}],"wp:attachment":[{"href":"https:\/\/fvcomponentes.com\/fr\/wp-json\/wp\/v2\/media?parent=15042"}],"wp:term":[{"taxonomy":"pwb-brand","embeddable":true,"href":"https:\/\/fvcomponentes.com\/fr\/wp-json\/wp\/v2\/pwb-brand?post=15042"},{"taxonomy":"product_brand","embeddable":true,"href":"https:\/\/fvcomponentes.com\/fr\/wp-json\/wp\/v2\/product_brand?post=15042"},{"taxonomy":"product_cat","embeddable":true,"href":"https:\/\/fvcomponentes.com\/fr\/wp-json\/wp\/v2\/product_cat?post=15042"},{"taxonomy":"product_tag","embeddable":true,"href":"https:\/\/fvcomponentes.com\/fr\/wp-json\/wp\/v2\/product_tag?post=15042"}],"curies":[{"name":"wp","href":"https:\/\/api.w.org\/{rel}","templated":true}]}}