{"id":15038,"date":"2024-06-18T09:51:34","date_gmt":"2024-06-18T07:51:34","guid":{"rendered":"https:\/\/fvcomponentes.com\/?post_type=product&#038;p=15038"},"modified":"2026-04-08T21:28:20","modified_gmt":"2026-04-08T19:28:20","slug":"boitier-blanc-pour-station-de-recharge-victron-ns-evc200300410","status":"publish","type":"product","link":"https:\/\/fvcomponentes.com\/fr\/producto\/carcasa-blanca-para-estacion-de-carga-victron-ns-evc200300410\/","title":{"rendered":"Bo\u00eetier blanc pour chargeur de voiture \u00e9lectrique Victron NS - EVC200300410"},"content":{"rendered":"<h2>Caract\u00e9ristiques du bo\u00eetier blanc Victron NS pour chargeur de voiture \u00e9lectrique - EVC200300410<\/h2>\n<p>Personnalisez votre chargeur de voiture \u00e9lectrique avec le bo\u00eetier blanc pour chargeur de voiture \u00e9lectrique Victron NS - EVC200300410 et donnez-lui une touche plus \u00e9l\u00e9gante en rempla\u00e7ant le bo\u00eetier bleu du chargeur de voiture \u00e9lectrique Victron NS - EVC200300410 par un bo\u00eetier blanc. <a href=\"https:\/\/fvcomponentes.com\/fr\/produit\/victron-ns-station-de-recharge-pour-vehicules-electriques-22-kw-evc200300300200\/\" target=\"_blank\" rel=\"noopener\">Victron NS 22 kW Chargeur de voiture \u00e9lectrique - EVC200300200 <\/a>pour ce blanc.<\/p>\n<h2>Fiche technique bo\u00eetier blanc pour chargeur de voiture \u00e9lectrique Victron NS - EVC200300410<\/h2>\n<p><a href=\"https:\/\/fvcomponentes.com\/wp-content\/uploads\/2025\/09\/Datasheet-EV-Charging-Station-NS-ES-2.pdf\" target=\"_blank\" rel=\"noopener\">Voir Victron NS - EVC200300410 bo\u00eetier blanc pour chargeur de voiture \u00e9lectrique - EVC200300410<\/a><\/p>","protected":false},"excerpt":{"rendered":"<p>Personnalisez votre chargeur de voiture \u00e9lectrique et donnez-lui une touche plus \u00e9l\u00e9gante gr\u00e2ce \u00e0 cet \u00e9tui.<\/p>","protected":false},"featured_media":15035,"comment_status":"open","ping_status":"closed","template":"","meta":{"site-sidebar-layout":"default","site-content-layout":"default","ast-site-content-layout":"default","site-content-style":"default","site-sidebar-style":"default","ast-global-header-display":"","ast-banner-title-visibility":"","ast-main-header-display":"","ast-hfb-above-header-display":"","ast-hfb-below-header-display":"","ast-hfb-mobile-header-display":"","site-post-title":"","ast-breadcrumbs-content":"","ast-featured-img":"","footer-sml-layout":"","ast-disable-related-posts":"","theme-transparent-header-meta":"default","adv-header-id-meta":"","stick-header-meta":"","header-above-stick-meta":"","header-main-stick-meta":"","header-below-stick-meta":"","astra-migrate-meta-layouts":"set","ast-page-background-enabled":"default","ast-page-background-meta":{"desktop":{"background-color":"var(--ast-global-color-4)","background-image":"","background-repeat":"repeat","background-position":"center center","background-size":"auto","background-attachment":"scroll","background-type":"","background-media":"","overlay-type":"","overlay-color":"","overlay-opacity":"","overlay-gradient":""},"tablet":{"background-color":"","background-image":"","background-repeat":"repeat","background-position":"center center","background-size":"auto","background-attachment":"scroll","background-type":"","background-media":"","overlay-type":"","overlay-color":"","overlay-opacity":"","overlay-gradient":""},"mobile":{"background-color":"","background-image":"","background-repeat":"repeat","background-position":"center center","background-size":"auto","background-attachment":"scroll","background-type":"","background-media":"","overlay-type":"","overlay-color":"","overlay-opacity":"","overlay-gradient":""}},"ast-content-background-meta":{"desktop":{"background-color":"var(--ast-global-color-5)","background-image":"","background-repeat":"repeat","background-position":"center center","background-size":"auto","background-attachment":"scroll","background-type":"","background-media":"","overlay-type":"","overlay-color":"","overlay-opacity":"","overlay-gradient":""},"tablet":{"background-color":"var(--ast-global-color-5)","background-image":"","background-repeat":"repeat","background-position":"center center","background-size":"auto","background-attachment":"scroll","background-type":"","background-media":"","overlay-type":"","overlay-color":"","overlay-opacity":"","overlay-gradient":""},"mobile":{"background-color":"var(--ast-global-color-5)","background-image":"","background-repeat":"repeat","background-position":"center center","background-size":"auto","background-attachment":"scroll","background-type":"","background-media":"","overlay-type":"","overlay-color":"","overlay-opacity":"","overlay-gradient":""}}},"pwb-brand":[332],"product_brand":[],"product_cat":[385],"product_tag":[],"class_list":{"0":"post-15038","1":"product","2":"type-product","3":"status-publish","4":"has-post-thumbnail","6":"pwb-brand-victron","7":"product_cat-cargadores-para-vehiculo-electrico","8":"desktop-align-left","9":"tablet-align-left","10":"mobile-align-left","11":"ast-product-gallery-layout-horizontal-slider","12":"ast-product-gallery-with-no-image","13":"ast-product-tabs-layout-horizontal","15":"first","16":"instock","17":"taxable","18":"shipping-taxable","19":"purchasable","20":"product-type-simple"},"wcpa_form_fields":null,"brands":[{"id":332,"name":"Victron Energy","slug":"victron"}],"_links":{"self":[{"href":"https:\/\/fvcomponentes.com\/fr\/wp-json\/wp\/v2\/product\/15038","targetHints":{"allow":["GET"]}}],"collection":[{"href":"https:\/\/fvcomponentes.com\/fr\/wp-json\/wp\/v2\/product"}],"about":[{"href":"https:\/\/fvcomponentes.com\/fr\/wp-json\/wp\/v2\/types\/product"}],"replies":[{"embeddable":true,"href":"https:\/\/fvcomponentes.com\/fr\/wp-json\/wp\/v2\/comments?post=15038"}],"wp:featuredmedia":[{"embeddable":true,"href":"https:\/\/fvcomponentes.com\/fr\/wp-json\/wp\/v2\/media\/15035"}],"wp:attachment":[{"href":"https:\/\/fvcomponentes.com\/fr\/wp-json\/wp\/v2\/media?parent=15038"}],"wp:term":[{"taxonomy":"pwb-brand","embeddable":true,"href":"https:\/\/fvcomponentes.com\/fr\/wp-json\/wp\/v2\/pwb-brand?post=15038"},{"taxonomy":"product_brand","embeddable":true,"href":"https:\/\/fvcomponentes.com\/fr\/wp-json\/wp\/v2\/product_brand?post=15038"},{"taxonomy":"product_cat","embeddable":true,"href":"https:\/\/fvcomponentes.com\/fr\/wp-json\/wp\/v2\/product_cat?post=15038"},{"taxonomy":"product_tag","embeddable":true,"href":"https:\/\/fvcomponentes.com\/fr\/wp-json\/wp\/v2\/product_tag?post=15038"}],"curies":[{"name":"wp","href":"https:\/\/api.w.org\/{rel}","templated":true}]}}