{"id":14958,"date":"2024-06-17T10:08:14","date_gmt":"2024-06-17T08:08:14","guid":{"rendered":"https:\/\/fvcomponentes.com\/?post_type=product&#038;p=14958"},"modified":"2026-04-08T21:37:28","modified_gmt":"2026-04-08T19:37:28","slug":"chargeur-24v-victron-skylla-tg-gmdss-24-50-120-240v-excl-panel-sdtg2400504","status":"publish","type":"product","link":"https:\/\/fvcomponentes.com\/fr\/producto\/cargador-24v-victron-skylla-tg-gmdss-24-50-120-240v-excl-panel-sdtg2400504\/","title":{"rendered":"Chargeur 24V Victron Skylla TG GMDSS 24\/50 240V excl. panneau - SDTG2400504"},"content":{"rendered":"<h2 dir=\"ltr\" data-placeholder=\"Traducci\u00f3n\">Caract\u00e9ristiques du chargeur Victron Skylla TG GMDSS 24\/50 120\/240V 24V sans panneau - SDTG2400504<\/h2>\n<h2 id=\"tw-target-text\" class=\"tw-data-text tw-text-large tw-ta\" dir=\"ltr\" data-placeholder=\"Traducci\u00f3n\"><span class=\"Y2IQFc\" lang=\"es\">SMDSM<\/span><\/h2>\n<p><span class=\"Y2IQFc\" lang=\"es\">Le syst\u00e8me mondial de d\u00e9tresse et de s\u00e9curit\u00e9 en mer (SMDSM) a \u00e9t\u00e9 mis au point par l'Organisation maritime internationale (OMI) pour am\u00e9liorer les communications de d\u00e9tresse et de s\u00e9curit\u00e9 en mer.<\/span><\/p>\n<h2 class=\"tw-data-text tw-text-large tw-ta\" dir=\"ltr\" data-placeholder=\"Traducci\u00f3n\"><span class=\"Y2IQFc\" lang=\"es\">Alimentation \u00e9lectrique<\/span><\/h2>\n<p><span class=\"Y2IQFc\" lang=\"es\">Le chargeur Victron Skylla TG GMDSS 24V 24\/50 120\/240V exclu - SDTG2400504 s'est av\u00e9r\u00e9 \u00eatre un excellent chargeur de batterie et d'alimentation pour les applications GMDSS. Cependant, lors de l'utilisation d'un <a href=\"https:\/\/fvcomponentes.com\/fr\/produit\/chargeur-victron-skylla-tg-24-50-11-sdtg2400501\/\" target=\"_blank\" rel=\"noopener\">Chargeur Skylla<\/a> des \u00e9quipements suppl\u00e9mentaires sont n\u00e9cessaires pour assurer les fonctions de surveillance et d'alarme requises pour le SMDSM.<\/span><\/p>\n<h2 class=\"tw-data-text tw-text-large tw-ta\" dir=\"ltr\" data-placeholder=\"Traducci\u00f3n\"><span class=\"Y2IQFc\" lang=\"es\">Installation facile : Skylla GMDSS<\/span><\/h2>\n<p><span class=\"Y2IQFc\" lang=\"es\">Le chargeur Victron Skylla GMDSS est con\u00e7u pour fournir toutes les donn\u00e9es d'alarme et de surveillance n\u00e9cessaires. La batterie et le syst\u00e8me GMDSS sont directement connect\u00e9s au chargeur. Les donn\u00e9es et les alarmes sont affich\u00e9es sur un panneau num\u00e9rique (panneau VE.Net GMDSS, \u00e0 commander s\u00e9par\u00e9ment). Un c\u00e2ble UTP standard \u00e0 huit fils relie le chargeur au panneau. <\/span><\/p>\n<h2 class=\"tw-data-text tw-text-large tw-ta\" dir=\"ltr\" data-placeholder=\"Traducci\u00f3n\"><span class=\"Y2IQFc\" lang=\"es\">Aucun ajustement n'est n\u00e9cessaire<\/span><\/h2>\n<p><span class=\"Y2IQFc\" lang=\"es\">L'ensemble du syst\u00e8me est \"click and go\" : les panneaux sont pr\u00e9programm\u00e9s pour la fonctionnalit\u00e9 GMDSS. Le menu vous permet de modifier la configuration si n\u00e9cessaire.<\/span><\/p>\n<h2 class=\"tw-data-text tw-text-large tw-ta\" dir=\"ltr\" data-placeholder=\"Traducci\u00f3n\"><span class=\"Y2IQFc\" lang=\"es\">Temps de batterie restant du chargeur Victron Skylla TG GMDSS 24\/50 120\/240V 24V sans panneau - SDTG2400504<\/span><\/h2>\n<p><span class=\"Y2IQFc\" lang=\"es\">Le chargeur Skylla GMDSS est \u00e9quip\u00e9 d'un contr\u00f4leur de batterie int\u00e9gr\u00e9. La capacit\u00e9 de la batterie est enti\u00e8rement contr\u00f4l\u00e9e.<\/span><\/p>\n<h2 class=\"tw-data-text tw-text-large tw-ta\" dir=\"ltr\" data-placeholder=\"Traducci\u00f3n\"><span class=\"Y2IQFc\" lang=\"es\">Chargeur parfait pour tout type de batterie.<\/span><\/h2>\n<p><span class=\"Y2IQFc\" lang=\"es\">La tension de charge peut \u00eatre r\u00e9gl\u00e9e avec pr\u00e9cision pour s'adapter \u00e0 n'importe quel syst\u00e8me de batterie VRLA ou inond\u00e9e.<\/span><\/p>\n<p dir=\"ltr\" data-placeholder=\"Traducci\u00f3n\"><img fetchpriority=\"high\" decoding=\"async\" class=\"size-full wp-image-5817 aligncenter\" src=\"https:\/\/fvcomponentes.com\/wp-content\/uploads\/2023\/03\/Captura43-1.png\" alt=\"Victron Skylla GMDSS 23-30 excluant le chargeur de panneau - SDTG2400302\" width=\"849\" height=\"609\" title=\"\"><\/p>\n<h2 dir=\"ltr\" data-placeholder=\"Traducci\u00f3n\">Fiche technique Chargeur 24V Victron Skylla TG GMDSS 24\/50 120\/240V hors panneau - SDTG2400504<\/h2>\n<p dir=\"ltr\" data-placeholder=\"Traducci\u00f3n\"><a href=\"https:\/\/fvcomponentes.com\/wp-content\/uploads\/2024\/07\/Ficha-tecnica-cargador-Victron-Skylla-GMDSS.pdf\" target=\"_blank\" rel=\"noopener\">Voir la fiche technique du chargeur Victron Skylla TG GMDSS 24\/50 120\/240V excluant le panneau 24V - SDTG2400504<\/a><\/p>","protected":false},"excerpt":{"rendered":"<div id=\"tw-target-text-container\" class=\"tw-ta-container F0azHf tw-nfl\">\n<p id=\"tw-target-text\" class=\"tw-data-text tw-text-large tw-ta\" dir=\"ltr\" data-placeholder=\"Traducci\u00f3n\"><span class=\"Y2IQFc\" lang=\"es\"><strong>Tension d'entr\u00e9e : (V AC) :<\/strong> 120 \/ 230<br \/>\n<\/span><span class=\"Y2IQFc\" lang=\"es\"><strong>Plage de tension d'entr\u00e9e (V AC) :<\/strong> 90 \u2013 265<br \/>\n<strong>Fr\u00e9quence (Hz) :<\/strong> 45-65<br \/>\n<strong>Facteur de puissance :<\/strong> 1<br \/>\n<strong>Tension de charge \"absorption\" (V DC) :<\/strong> 28,5<br \/>\n<strong>Tension de charge \"flottante\" (V DC) :<\/strong> 26,5<br \/>\n<\/span><\/p>\n<\/div>","protected":false},"featured_media":14961,"comment_status":"open","ping_status":"closed","template":"","meta":{"site-sidebar-layout":"default","site-content-layout":"default","ast-site-content-layout":"default","site-content-style":"default","site-sidebar-style":"default","ast-global-header-display":"","ast-banner-title-visibility":"","ast-main-header-display":"","ast-hfb-above-header-display":"","ast-hfb-below-header-display":"","ast-hfb-mobile-header-display":"","site-post-title":"","ast-breadcrumbs-content":"","ast-featured-img":"","footer-sml-layout":"","ast-disable-related-posts":"","theme-transparent-header-meta":"default","adv-header-id-meta":"","stick-header-meta":"","header-above-stick-meta":"","header-main-stick-meta":"","header-below-stick-meta":"","astra-migrate-meta-layouts":"set","ast-page-background-enabled":"default","ast-page-background-meta":{"desktop":{"background-color":"var(--ast-global-color-4)","background-image":"","background-repeat":"repeat","background-position":"center center","background-size":"auto","background-attachment":"scroll","background-type":"","background-media":"","overlay-type":"","overlay-color":"","overlay-opacity":"","overlay-gradient":""},"tablet":{"background-color":"","background-image":"","background-repeat":"repeat","background-position":"center center","background-size":"auto","background-attachment":"scroll","background-type":"","background-media":"","overlay-type":"","overlay-color":"","overlay-opacity":"","overlay-gradient":""},"mobile":{"background-color":"","background-image":"","background-repeat":"repeat","background-position":"center center","background-size":"auto","background-attachment":"scroll","background-type":"","background-media":"","overlay-type":"","overlay-color":"","overlay-opacity":"","overlay-gradient":""}},"ast-content-background-meta":{"desktop":{"background-color":"var(--ast-global-color-5)","background-image":"","background-repeat":"repeat","background-position":"center center","background-size":"auto","background-attachment":"scroll","background-type":"","background-media":"","overlay-type":"","overlay-color":"","overlay-opacity":"","overlay-gradient":""},"tablet":{"background-color":"var(--ast-global-color-5)","background-image":"","background-repeat":"repeat","background-position":"center center","background-size":"auto","background-attachment":"scroll","background-type":"","background-media":"","overlay-type":"","overlay-color":"","overlay-opacity":"","overlay-gradient":""},"mobile":{"background-color":"var(--ast-global-color-5)","background-image":"","background-repeat":"repeat","background-position":"center center","background-size":"auto","background-attachment":"scroll","background-type":"","background-media":"","overlay-type":"","overlay-color":"","overlay-opacity":"","overlay-gradient":""}}},"pwb-brand":[332],"product_brand":[],"product_cat":[419,462],"product_tag":[],"class_list":{"0":"post-14958","1":"product","2":"type-product","3":"status-publish","4":"has-post-thumbnail","6":"pwb-brand-victron","7":"product_cat-cargadores-de-baterias","8":"product_cat-cargador-de-baterias-24-v","9":"desktop-align-left","10":"tablet-align-left","11":"mobile-align-left","12":"ast-product-gallery-layout-horizontal-slider","13":"ast-product-tabs-layout-horizontal","15":"first","16":"instock","17":"taxable","18":"shipping-taxable","19":"purchasable","20":"product-type-simple"},"wcpa_form_fields":null,"brands":[{"id":332,"name":"Victron Energy","slug":"victron"}],"_links":{"self":[{"href":"https:\/\/fvcomponentes.com\/fr\/wp-json\/wp\/v2\/product\/14958","targetHints":{"allow":["GET"]}}],"collection":[{"href":"https:\/\/fvcomponentes.com\/fr\/wp-json\/wp\/v2\/product"}],"about":[{"href":"https:\/\/fvcomponentes.com\/fr\/wp-json\/wp\/v2\/types\/product"}],"replies":[{"embeddable":true,"href":"https:\/\/fvcomponentes.com\/fr\/wp-json\/wp\/v2\/comments?post=14958"}],"wp:featuredmedia":[{"embeddable":true,"href":"https:\/\/fvcomponentes.com\/fr\/wp-json\/wp\/v2\/media\/14961"}],"wp:attachment":[{"href":"https:\/\/fvcomponentes.com\/fr\/wp-json\/wp\/v2\/media?parent=14958"}],"wp:term":[{"taxonomy":"pwb-brand","embeddable":true,"href":"https:\/\/fvcomponentes.com\/fr\/wp-json\/wp\/v2\/pwb-brand?post=14958"},{"taxonomy":"product_brand","embeddable":true,"href":"https:\/\/fvcomponentes.com\/fr\/wp-json\/wp\/v2\/product_brand?post=14958"},{"taxonomy":"product_cat","embeddable":true,"href":"https:\/\/fvcomponentes.com\/fr\/wp-json\/wp\/v2\/product_cat?post=14958"},{"taxonomy":"product_tag","embeddable":true,"href":"https:\/\/fvcomponentes.com\/fr\/wp-json\/wp\/v2\/product_tag?post=14958"}],"curies":[{"name":"wp","href":"https:\/\/api.w.org\/{rel}","templated":true}]}}