{"id":14945,"date":"2024-06-17T08:52:31","date_gmt":"2024-06-17T06:52:31","guid":{"rendered":"https:\/\/fvcomponentes.com\/?post_type=product&#038;p=14945"},"modified":"2026-04-04T11:17:11","modified_gmt":"2026-04-04T09:17:11","slug":"chargeur-12v-victron-blue-smart-ip67-12v-25a-1si-230vac-bpc122514006","status":"publish","type":"product","link":"https:\/\/fvcomponentes.com\/fr\/producto\/cargador-12v-victron-blue-smart-ip67-12v-25a-1si-230vac-bpc122514006\/","title":{"rendered":"Chargeur 12V Victron Blue Smart IP67 12V 25A (1+Oui) 230VAC - BPC122514006"},"content":{"rendered":"<h2>Caract\u00e9ristiques du chargeur 12V Victron Blue Smart IP67 12V 25A (1+Oui) 230VAC - BPC122514006<\/h2>\n<h2>Bluetooth Smart<\/h2>\n<p>Le chargeur Victron Blue Smart IP67 12V 12V 25A (1+Oui) 230VAC - BPC122514006 est la solution sans fil pour contr\u00f4ler la tension et le courant, modifier les param\u00e8tres et mettre \u00e0 jour le chargeur lorsque de nouvelles fonctionnalit\u00e9s sont disponibles. Gr\u00e2ce au Bluetooth, la fonctionnalit\u00e9 du chargeur IP67 est am\u00e9lior\u00e9e et est similaire \u00e0 celle de nos chargeurs. <a href=\"https:\/\/fvcomponentes.com\/fr\/produit\/victron-blue-smart-ip22-24-8-1-chargeur-de-batterie\/\">IP22<\/a> e <a href=\"https:\/\/fvcomponentes.com\/fr\/produit\/chargeur-de-batterie-victron-blue-smart-ip65-chargeur-12v-25a-dc-connector-bpc122531064\/\" target=\"_blank\" rel=\"noopener\">IP65<\/a>.<\/p>\n<h2>Suffixe (1+Oui)<\/h2>\n<p>Ce mod\u00e8le dispose d'une deuxi\u00e8me sortie \u00e0 courant limit\u00e9 qui est aliment\u00e9e en permanence tant que l'entr\u00e9e est aliment\u00e9e en 110 - 130 VAC. Cette sortie peut \u00eatre utilis\u00e9e, par exemple, pour emp\u00eacher un v\u00e9hicule de d\u00e9marrer avant que le chargeur de batterie ne soit d\u00e9branch\u00e9 (fonction d'interruption de d\u00e9marrage).<\/p>\n<h2>Enti\u00e8rement encapsul\u00e9 : \u00e9tanche \u00e0 l'eau, aux chocs et au feu<\/h2>\n<p>L'eau, l'huile et la salet\u00e9 ne peuvent pas endommager le chargeur Blue Smart IP67. Son bo\u00eetier est en aluminium moul\u00e9 et les composants \u00e9lectroniques sont moul\u00e9s en r\u00e9sine.<\/p>\n<h2>L'efficacit\u00e9 la plus \u00e9lev\u00e9e jamais atteinte !<\/h2>\n<p>Cette gamme de chargeurs a un rendement de 92% ou meilleur, mais g\u00e9n\u00e8re trois \u00e0 quatre fois moins de chaleur. En outre, une fois la batterie enti\u00e8rement charg\u00e9e, la consommation d'\u00e9nergie est r\u00e9duite \u00e0 moins d'un watt, soit cinq \u00e0 dix fois moins que la norme industrielle.<\/p>\n<h2>Algorithme de chargement variable en 5 \u00e9tapes : chargement initial - absorption - reconditionnement - flottation - stockage<\/h2>\n<p>Le chargeur Blue Smart est dot\u00e9 d'une gestion de la batterie \"adaptative\" contr\u00f4l\u00e9e par microprocesseur. Sa fonction \"adaptative\" optimise automatiquement le processus de charge en fonction de l'utilisation de la batterie.<\/p>\n<h2>Mode de stockage : moins de vieillissement et de besoin de maintenance lorsque la batterie n'est pas utilis\u00e9e<\/h2>\n<p>Le mode stockage est activ\u00e9 lorsque la batterie n'a pas \u00e9t\u00e9 d\u00e9charg\u00e9e pendant 24 heures. En mode stockage, la tension de flottaison est r\u00e9duite \u00e0 2,2 V\/\u00e9l\u00e9ment (13,2 V pour les batteries de 12 V) afin de r\u00e9duire le d\u00e9gagement gazeux et la corrosion des plaques positives. Une fois par semaine, la tension est ramen\u00e9e au niveau d'absorption pour \"\u00e9galiser\" la batterie. Cette fonction permet d'\u00e9viter la stratification et la sulfatation de l'\u00e9lectrolyte, principales causes de d\u00e9faillance des batteries.<\/p>\n<h2>Charge \u00e9galement les batteries Li-Ion<\/h2>\n<p>Les batteries Li-ion sont charg\u00e9es selon un algorithme simple de charge initiale - absorption - flottaison.<\/p>\n<h2>Victron Blue Smart IP67 Chargeur 12V 12V 25A (1+Oui) 230VAC 12V fonction de r\u00e9cup\u00e9ration de la batterie compl\u00e8tement d\u00e9charg\u00e9e - BPC122514006<\/h2>\n<p>Il commence \u00e0 charger m\u00eame si la batterie a \u00e9t\u00e9 d\u00e9charg\u00e9e jusqu'\u00e0 z\u00e9ro volt. Il se reconnecte \u00e0 une batterie lithium-ion compl\u00e8tement d\u00e9charg\u00e9e gr\u00e2ce \u00e0 la fonction de d\u00e9connexion interne.<\/p>\n<h2>Protection contre la surchauffe<\/h2>\n<p>Il peut \u00eatre utilis\u00e9 dans des environnements chauds, comme une salle des machines. Le courant de sortie diminue lorsque la temp\u00e9rature atteint 60\u00b0C, mais le chargeur ne tombe pas en panne.<\/p>\n<h2>Deux indicateurs d'\u00e9tat LED<\/h2>\n<p>DEL jaune : charge initiale (clignotement rapide), absorption (clignotement lent), flottant (fixe), stockage (\u00e9teint)<br \/>\nDEL verte : allum\u00e9e.<\/p>\n<h2>Fiche Technique Chargeur 12V Victron Blue Smart IP67 12V 25A (1+Oui) 230VAC - BPC122514006<\/h2>\n<p><a href=\"https:\/\/fvcomponentes.com\/wp-content\/uploads\/2023\/03\/Datasheet-Blue-Smart-IP67-Charger-230VAC-ES.pdf\" target=\"_blank\" rel=\"noopener\">Voir Victron Blue Blue Smart IP67 12V IP67 12V 25A (1+Oui) 230VAC - BPC122514006<\/a><\/p>","protected":false},"excerpt":{"rendered":"<p><strong>Tension d'entr\u00e9e et gamme de fr\u00e9quences :<\/strong> 180-265 VAC 45-65 Hz<br \/>\n<strong>Efficacit\u00e9 :<\/strong> 95%<br \/>\n<strong>Consommation \u00e0 vide :<\/strong> 0,5W<br \/>\n<strong>Chargement en cours, mode normal :<\/strong> 25A<br \/>\n<strong>Courant de charge, LOW :<\/strong> 10A<br \/>\n<strong>Poids :<\/strong> 2,4kg<br \/>\n<strong>Dimensions :<\/strong> 99 x 219 x 65mm<\/p>","protected":false},"featured_media":14949,"comment_status":"open","ping_status":"closed","template":"","meta":{"site-sidebar-layout":"default","site-content-layout":"default","ast-site-content-layout":"default","site-content-style":"default","site-sidebar-style":"default","ast-global-header-display":"","ast-banner-title-visibility":"","ast-main-header-display":"","ast-hfb-above-header-display":"","ast-hfb-below-header-display":"","ast-hfb-mobile-header-display":"","site-post-title":"","ast-breadcrumbs-content":"","ast-featured-img":"","footer-sml-layout":"","ast-disable-related-posts":"","theme-transparent-header-meta":"default","adv-header-id-meta":"","stick-header-meta":"","header-above-stick-meta":"","header-main-stick-meta":"","header-below-stick-meta":"","astra-migrate-meta-layouts":"set","ast-page-background-enabled":"default","ast-page-background-meta":{"desktop":{"background-color":"var(--ast-global-color-4)","background-image":"","background-repeat":"repeat","background-position":"center center","background-size":"auto","background-attachment":"scroll","background-type":"","background-media":"","overlay-type":"","overlay-color":"","overlay-opacity":"","overlay-gradient":""},"tablet":{"background-color":"","background-image":"","background-repeat":"repeat","background-position":"center center","background-size":"auto","background-attachment":"scroll","background-type":"","background-media":"","overlay-type":"","overlay-color":"","overlay-opacity":"","overlay-gradient":""},"mobile":{"background-color":"","background-image":"","background-repeat":"repeat","background-position":"center center","background-size":"auto","background-attachment":"scroll","background-type":"","background-media":"","overlay-type":"","overlay-color":"","overlay-opacity":"","overlay-gradient":""}},"ast-content-background-meta":{"desktop":{"background-color":"var(--ast-global-color-5)","background-image":"","background-repeat":"repeat","background-position":"center center","background-size":"auto","background-attachment":"scroll","background-type":"","background-media":"","overlay-type":"","overlay-color":"","overlay-opacity":"","overlay-gradient":""},"tablet":{"background-color":"var(--ast-global-color-5)","background-image":"","background-repeat":"repeat","background-position":"center center","background-size":"auto","background-attachment":"scroll","background-type":"","background-media":"","overlay-type":"","overlay-color":"","overlay-opacity":"","overlay-gradient":""},"mobile":{"background-color":"var(--ast-global-color-5)","background-image":"","background-repeat":"repeat","background-position":"center center","background-size":"auto","background-attachment":"scroll","background-type":"","background-media":"","overlay-type":"","overlay-color":"","overlay-opacity":"","overlay-gradient":""}}},"pwb-brand":[332],"product_brand":[],"product_cat":[419,461],"product_tag":[],"class_list":{"0":"post-14945","1":"product","2":"type-product","3":"status-publish","4":"has-post-thumbnail","6":"pwb-brand-victron","7":"product_cat-cargadores-de-baterias","8":"product_cat-cargador-de-baterias-12-v","9":"desktop-align-left","10":"tablet-align-left","11":"mobile-align-left","12":"ast-product-gallery-layout-horizontal-slider","13":"ast-product-tabs-layout-horizontal","15":"first","16":"instock","17":"taxable","18":"shipping-taxable","19":"purchasable","20":"product-type-simple"},"wcpa_form_fields":null,"brands":[{"id":332,"name":"Victron Energy","slug":"victron"}],"_links":{"self":[{"href":"https:\/\/fvcomponentes.com\/fr\/wp-json\/wp\/v2\/product\/14945","targetHints":{"allow":["GET"]}}],"collection":[{"href":"https:\/\/fvcomponentes.com\/fr\/wp-json\/wp\/v2\/product"}],"about":[{"href":"https:\/\/fvcomponentes.com\/fr\/wp-json\/wp\/v2\/types\/product"}],"replies":[{"embeddable":true,"href":"https:\/\/fvcomponentes.com\/fr\/wp-json\/wp\/v2\/comments?post=14945"}],"wp:featuredmedia":[{"embeddable":true,"href":"https:\/\/fvcomponentes.com\/fr\/wp-json\/wp\/v2\/media\/14949"}],"wp:attachment":[{"href":"https:\/\/fvcomponentes.com\/fr\/wp-json\/wp\/v2\/media?parent=14945"}],"wp:term":[{"taxonomy":"pwb-brand","embeddable":true,"href":"https:\/\/fvcomponentes.com\/fr\/wp-json\/wp\/v2\/pwb-brand?post=14945"},{"taxonomy":"product_brand","embeddable":true,"href":"https:\/\/fvcomponentes.com\/fr\/wp-json\/wp\/v2\/product_brand?post=14945"},{"taxonomy":"product_cat","embeddable":true,"href":"https:\/\/fvcomponentes.com\/fr\/wp-json\/wp\/v2\/product_cat?post=14945"},{"taxonomy":"product_tag","embeddable":true,"href":"https:\/\/fvcomponentes.com\/fr\/wp-json\/wp\/v2\/product_tag?post=14945"}],"curies":[{"name":"wp","href":"https:\/\/api.w.org\/{rel}","templated":true}]}}