{"id":14873,"date":"2024-06-14T10:21:32","date_gmt":"2024-06-14T08:21:32","guid":{"rendered":"https:\/\/fvcomponentes.com\/?post_type=product&#038;p=14873"},"modified":"2026-04-04T12:44:45","modified_gmt":"2026-04-04T10:44:45","slug":"victron-magcode-12v-max-15a-power-connector-bpc900500014","status":"publish","type":"product","link":"https:\/\/fvcomponentes.com\/fr\/producto\/conector-de-alimentacion-victron-magcode-12v-max-15a-bpc900500014\/","title":{"rendered":"Victron MagCode 12V (max 15A) connecteur d'alimentation - BPC900500014"},"content":{"rendered":"<h2>Victron MagCode 12V (max 15A) connecteur d'alimentation - BPC900500014<\/h2>\n<p>MagCode, la solution innovante pour les circuits 12V DC jusqu'\u00e0 15 amp\u00e8res, est arriv\u00e9e pour changer notre fa\u00e7on de penser la connexion \u00e9lectrique. La particularit\u00e9 de MagCode r\u00e9side dans ses contacts plats cod\u00e9s \u00e0 connexion magn\u00e9tique. Il offre une connexion plus s\u00fbre et plus r\u00e9sistante aux courts-circuits que les prises allume-cigare traditionnelles, et la connexion magn\u00e9tique \u00e9limine le besoin de pousser et de tordre les prises, r\u00e9duisant ainsi le risque d'endommager les contacts et donc les courts-circuits.<\/p>\n<p>Les deux <a href=\"https:\/\/fvcomponentes.com\/fr\/produit\/puerto-de-alimentacion-victron-magcode-12v-max-14a-bpc900520014\/\" target=\"_blank\" rel=\"noopener\">Port d'alimentation MagCode<\/a> comme le connecteur d'alimentation Victron MagCode 12V (max 15A) - BPC900500014 sont \u00e9quip\u00e9s d'aimants puissants et de fonctions de commutation int\u00e9gr\u00e9es. Ces aimants garantissent une alimentation stable et s\u00fbre. De plus, MagCode ne peut pas \u00eatre aliment\u00e9 par des objets m\u00e9talliques ou des aimants permanents, ce qui conf\u00e8re une fiabilit\u00e9 suppl\u00e9mentaire au syst\u00e8me.<\/p>\n<p>La technologie MagCode du connecteur d'alimentation Victron MagCode 12V (max 15A) - BPC900500014 est id\u00e9ale pour une large gamme d'applications, des v\u00e9hicules de loisirs aux bateaux en passant par les syst\u00e8mes d'alimentation solaire et bien d'autres encore. Sa facilit\u00e9 d'utilisation et sa conception robuste le rendent parfait pour les environnements difficiles o\u00f9 la s\u00e9curit\u00e9 et la fiabilit\u00e9 sont primordiales.<\/p>","protected":false},"excerpt":{"rendered":"<p>Connecteur d'alimentation MagCode, un syst\u00e8me r\u00e9volutionnaire de connecteurs magn\u00e9tiques.<\/p>","protected":false},"featured_media":14876,"comment_status":"open","ping_status":"closed","template":"","meta":{"site-sidebar-layout":"default","site-content-layout":"default","ast-site-content-layout":"default","site-content-style":"default","site-sidebar-style":"default","ast-global-header-display":"","ast-banner-title-visibility":"","ast-main-header-display":"","ast-hfb-above-header-display":"","ast-hfb-below-header-display":"","ast-hfb-mobile-header-display":"","site-post-title":"","ast-breadcrumbs-content":"","ast-featured-img":"","footer-sml-layout":"","ast-disable-related-posts":"","theme-transparent-header-meta":"default","adv-header-id-meta":"","stick-header-meta":"","header-above-stick-meta":"","header-main-stick-meta":"","header-below-stick-meta":"","astra-migrate-meta-layouts":"set","ast-page-background-enabled":"default","ast-page-background-meta":{"desktop":{"background-color":"var(--ast-global-color-4)","background-image":"","background-repeat":"repeat","background-position":"center center","background-size":"auto","background-attachment":"scroll","background-type":"","background-media":"","overlay-type":"","overlay-color":"","overlay-opacity":"","overlay-gradient":""},"tablet":{"background-color":"","background-image":"","background-repeat":"repeat","background-position":"center center","background-size":"auto","background-attachment":"scroll","background-type":"","background-media":"","overlay-type":"","overlay-color":"","overlay-opacity":"","overlay-gradient":""},"mobile":{"background-color":"","background-image":"","background-repeat":"repeat","background-position":"center center","background-size":"auto","background-attachment":"scroll","background-type":"","background-media":"","overlay-type":"","overlay-color":"","overlay-opacity":"","overlay-gradient":""}},"ast-content-background-meta":{"desktop":{"background-color":"var(--ast-global-color-5)","background-image":"","background-repeat":"repeat","background-position":"center center","background-size":"auto","background-attachment":"scroll","background-type":"","background-media":"","overlay-type":"","overlay-color":"","overlay-opacity":"","overlay-gradient":""},"tablet":{"background-color":"var(--ast-global-color-5)","background-image":"","background-repeat":"repeat","background-position":"center center","background-size":"auto","background-attachment":"scroll","background-type":"","background-media":"","overlay-type":"","overlay-color":"","overlay-opacity":"","overlay-gradient":""},"mobile":{"background-color":"var(--ast-global-color-5)","background-image":"","background-repeat":"repeat","background-position":"center center","background-size":"auto","background-attachment":"scroll","background-type":"","background-media":"","overlay-type":"","overlay-color":"","overlay-opacity":"","overlay-gradient":""}}},"pwb-brand":[332],"product_brand":[],"product_cat":[410,966,878,419],"product_tag":[],"class_list":{"0":"post-14873","1":"product","2":"type-product","3":"status-publish","4":"has-post-thumbnail","6":"pwb-brand-victron","7":"product_cat-material-electrico","8":"product_cat-accesorios-cargadores","9":"product_cat-cables-victron","10":"product_cat-cargadores-de-baterias","11":"desktop-align-left","12":"tablet-align-left","13":"mobile-align-left","14":"ast-product-gallery-layout-horizontal-slider","15":"ast-product-tabs-layout-horizontal","17":"first","18":"instock","19":"taxable","20":"shipping-taxable","21":"purchasable","22":"product-type-simple"},"wcpa_form_fields":null,"brands":[{"id":332,"name":"Victron Energy","slug":"victron"}],"_links":{"self":[{"href":"https:\/\/fvcomponentes.com\/fr\/wp-json\/wp\/v2\/product\/14873","targetHints":{"allow":["GET"]}}],"collection":[{"href":"https:\/\/fvcomponentes.com\/fr\/wp-json\/wp\/v2\/product"}],"about":[{"href":"https:\/\/fvcomponentes.com\/fr\/wp-json\/wp\/v2\/types\/product"}],"replies":[{"embeddable":true,"href":"https:\/\/fvcomponentes.com\/fr\/wp-json\/wp\/v2\/comments?post=14873"}],"wp:featuredmedia":[{"embeddable":true,"href":"https:\/\/fvcomponentes.com\/fr\/wp-json\/wp\/v2\/media\/14876"}],"wp:attachment":[{"href":"https:\/\/fvcomponentes.com\/fr\/wp-json\/wp\/v2\/media?parent=14873"}],"wp:term":[{"taxonomy":"pwb-brand","embeddable":true,"href":"https:\/\/fvcomponentes.com\/fr\/wp-json\/wp\/v2\/pwb-brand?post=14873"},{"taxonomy":"product_brand","embeddable":true,"href":"https:\/\/fvcomponentes.com\/fr\/wp-json\/wp\/v2\/product_brand?post=14873"},{"taxonomy":"product_cat","embeddable":true,"href":"https:\/\/fvcomponentes.com\/fr\/wp-json\/wp\/v2\/product_cat?post=14873"},{"taxonomy":"product_tag","embeddable":true,"href":"https:\/\/fvcomponentes.com\/fr\/wp-json\/wp\/v2\/product_tag?post=14873"}],"curies":[{"name":"wp","href":"https:\/\/api.w.org\/{rel}","templated":true}]}}