{"id":14852,"date":"2024-06-14T08:33:15","date_gmt":"2024-06-14T06:33:15","guid":{"rendered":"https:\/\/fvcomponentes.com\/?post_type=product&#038;p=14852"},"modified":"2026-04-04T12:52:02","modified_gmt":"2026-04-04T10:52:02","slug":"onduleur-chargeur-24v-victron-easysolar-ii-gx-24-3000-70-32-mppt-250-70-pmp242307010","status":"publish","type":"product","link":"https:\/\/fvcomponentes.com\/fr\/producto\/inversor-cargador-24v-victron-easysolar-ii-gx-24-3000-70-32-mppt-250-70-pmp242307010\/","title":{"rendered":"Chargeur d'onduleur 24V Victron EasySolar II GX 24\/3000 70A-32A MPPT 250\/70 - PMP242307010"},"content":{"rendered":"<section class=\"large-padding\">\n<div class=\"productDetail__header\">\n<div class=\"container\">\n<div class=\"productDetail__header__inner\">\n<div class=\"productDetail__content\">\n<h2>Caract\u00e9ristiques de l'onduleur chargeur 24V Victron EasySolar II GX 24\/3000 70-32 MPPT 250\/70 - PMP242307010<\/h2>\n<h2>La solution d'\u00e9nergie solaire tout-en-un<\/h2>\n<p>Le Victron EasySolar-II GX int\u00e8gre les \u00e9l\u00e9ments suivants :<\/p>\n<ul>\n<li>Un onduleur\/chargeur MultiPlus-II.<\/li>\n<li>Un r\u00e9gulateur de charge solaire SmartSolar MPPT -Tr.<\/li>\n<li>Un appareil GX avec un \u00e9cran de 2 x 16 caract\u00e8res.<\/li>\n<\/ul>\n<p>Ces \u00e9l\u00e9ments sont pr\u00e9-connect\u00e9s en une seule unit\u00e9. Cela simplifie grandement la plupart des installations et permet d'\u00e9conomiser du temps et de l'argent.<\/p>\n<h2>Affichage et Wi-Fi<\/h2>\n<p>L'\u00e9cran affiche les param\u00e8tres de la batterie, de l'onduleur et du r\u00e9gulateur de charge solaire. Le syst\u00e8me peut \u00eatre configur\u00e9 et les param\u00e8tres peuvent \u00eatre modifi\u00e9s par Wi-Fi ; ces param\u00e8tres peuvent \u00e9galement \u00eatre consult\u00e9s \u00e0 l'aide d'un smartphone ou d'un autre appareil compatible avec le r\u00e9seau.<\/p>\n<h2>Onduleur Chargeur 24V r\u00e9gulateur de charge solaire Victron EasySolar II GX 24\/3000 70-32 MPPT 250\/70 - PMP242307010<\/h2>\n<p>La sortie DC du SmartSolar MPPT est connect\u00e9e en parall\u00e8le avec la connexion DC de l'onduleur\/chargeur MultiPlus-II. Le m\u00e9canisme marche\/arr\u00eat du MultiPlus-II commande \u00e9galement le SmartSolar MPPT.<\/p>\n<h2>Dispositif GX<\/h2>\n<p>Le dispositif GX int\u00e9gr\u00e9 comprend<\/p>\n<ul>\n<li>Une interface BMS-Can. Cette interface peut \u00eatre utilis\u00e9e pour se connecter \u00e0 une batterie g\u00e9r\u00e9e par un bus CAN compatible. Ce port n'est pas compatible avec VE.Can.<\/li>\n<li>Un port USB.<\/li>\n<li>Un port Ethernet.<\/li>\n<li>Un port VE.Direct.<\/li>\n<\/ul>\n<p>L'appareil GX contr\u00f4le le MultiPlus-II et le SmartSolar MPPT avec une connexion VE.Bus et VE.Direct respectivement.<\/p>\n<div class=\"hidden-xs\">\n<h2>Topologie conforme au r\u00e9seau<\/h2>\n<p>L'EasySolar-II GX utilise l'\u00e9nergie photovolta\u00efque exc\u00e9dentaire pour charger les batteries ou pour r\u00e9injecter de l'\u00e9nergie dans le r\u00e9seau, et d\u00e9charge la batterie ou utilise l'\u00e9nergie du r\u00e9seau pour compl\u00e9ter le manque d'\u00e9nergie photovolta\u00efque. En cas de panne de courant, l'onduleur chargeur Victron EasySolar II GX 24\/3000 70-32 MPPT 250\/70 - PMP242307010 24V se d\u00e9connecte du r\u00e9seau et continue d'alimenter les charges. Les charges qui doivent \u00eatre arr\u00eat\u00e9es lorsque le courant d'entr\u00e9e CA n'est pas disponible peuvent \u00eatre connect\u00e9es \u00e0 une deuxi\u00e8me sortie (non illustr\u00e9e). Les fonctions PowerControl et PowerAssist prennent en compte ces charges et limitent le courant d'entr\u00e9e CA \u00e0 une valeur s\u00fbre.<\/p>\n<\/div>\n<p><a href=\"https:\/\/fvcomponentes.com\/wp-content\/uploads\/2024\/06\/y.bmp\"><img fetchpriority=\"high\" decoding=\"async\" class=\"size-full wp-image-14854 aligncenter\" src=\"https:\/\/fvcomponentes.com\/wp-content\/uploads\/2024\/06\/y.bmp\" alt=\"\" width=\"576\" height=\"456\" title=\"\"><\/a><\/p>\n<div class=\"hidden-xs\">\n<h2>Topologie de r\u00e9seau parall\u00e8le<\/h2>\n<p>L'EasySolar-II GX utilisera les donn\u00e9es de l'analyseur d'humidit\u00e9. <a href=\"https:\/\/fvcomponentes.com\/fr\/produit\/victron-single-phase-ac-sensor-max-40-a-cse000100000\/\" target=\"_blank\" rel=\"noopener\">capteur de courant alternatif externe<\/a> ou un compteur d'\u00e9nergie pour optimiser l'autoconsommation et, si n\u00e9cessaire, \u00e9viter de r\u00e9injecter l'\u00e9nergie solaire exc\u00e9dentaire dans le r\u00e9seau. En cas de panne de courant, l'onduleur chargeur Victron EasySolar II GX 24\/3000 70-32 MPPT 250\/70 - PMP242307010 24V continuera \u00e0 alimenter les charges critiques.<\/p>\n<section><a href=\"https:\/\/fvcomponentes.com\/wp-content\/uploads\/2024\/06\/yy.bmp\"><img decoding=\"async\" class=\"size-full wp-image-14855 aligncenter\" src=\"https:\/\/fvcomponentes.com\/wp-content\/uploads\/2024\/06\/yy.bmp\" alt=\"\" width=\"587\" height=\"438\" title=\"\"><\/a><\/section>\n<section><\/section>\n<section class=\"productDetails__blocks\"><span style=\"font-size: 1.5em; font-weight: bold;\">Sp\u00e9cifications techniques<\/span><span style=\"font-size: 1.5em; font-weight: bold;\"> Chargeur d'onduleur 24V Victron EasySolar II GX 24\/3000 70-32 MPPT 250\/70 - PMP242307010<\/span><\/p>\n<div class=\"container\">\n<div class=\"productDetails__block productDetails__block--image productDetails__block--left\">\n<div class=\"productDetails__block-content\">\n<p><a href=\"https:\/\/fvcomponentes.com\/wp-content\/uploads\/2024\/06\/Ficha-tecnica-Inversor-Cargador-Victron-EasySolar-II-GX.pdf\" target=\"_blank\" rel=\"noopener\">Voir la fiche technique de l'onduleur chargeur Victron EasySolar II GX 24\/3000 70-32 MPPT 250\/70 - PMP242307010 24V<\/a><\/p>\n<\/div>\n<\/div>\n<\/div>\n<\/section>\n<\/div>\n<\/div>\n<\/div>\n<\/div>\n<\/div>\n<\/section>","protected":false},"excerpt":{"rendered":"<ul class=\"specification\">\n<li><strong>Tension de fonctionnement :<\/strong> 24V<\/li>\n<li><strong>Puissance continue :\u00a0<\/strong>3000VA<\/li>\n<li><strong>Puissance de cr\u00eate :<\/strong> 5500W<\/li>\n<\/ul>","protected":false},"featured_media":14858,"comment_status":"open","ping_status":"closed","template":"","meta":{"site-sidebar-layout":"default","site-content-layout":"default","ast-site-content-layout":"default","site-content-style":"default","site-sidebar-style":"default","ast-global-header-display":"","ast-banner-title-visibility":"","ast-main-header-display":"","ast-hfb-above-header-display":"","ast-hfb-below-header-display":"","ast-hfb-mobile-header-display":"","site-post-title":"","ast-breadcrumbs-content":"","ast-featured-img":"","footer-sml-layout":"","ast-disable-related-posts":"","theme-transparent-header-meta":"default","adv-header-id-meta":"","stick-header-meta":"","header-above-stick-meta":"","header-main-stick-meta":"","header-below-stick-meta":"","astra-migrate-meta-layouts":"set","ast-page-background-enabled":"default","ast-page-background-meta":{"desktop":{"background-color":"var(--ast-global-color-4)","background-image":"","background-repeat":"repeat","background-position":"center center","background-size":"auto","background-attachment":"scroll","background-type":"","background-media":"","overlay-type":"","overlay-color":"","overlay-opacity":"","overlay-gradient":""},"tablet":{"background-color":"","background-image":"","background-repeat":"repeat","background-position":"center center","background-size":"auto","background-attachment":"scroll","background-type":"","background-media":"","overlay-type":"","overlay-color":"","overlay-opacity":"","overlay-gradient":""},"mobile":{"background-color":"","background-image":"","background-repeat":"repeat","background-position":"center center","background-size":"auto","background-attachment":"scroll","background-type":"","background-media":"","overlay-type":"","overlay-color":"","overlay-opacity":"","overlay-gradient":""}},"ast-content-background-meta":{"desktop":{"background-color":"var(--ast-global-color-5)","background-image":"","background-repeat":"repeat","background-position":"center center","background-size":"auto","background-attachment":"scroll","background-type":"","background-media":"","overlay-type":"","overlay-color":"","overlay-opacity":"","overlay-gradient":""},"tablet":{"background-color":"var(--ast-global-color-5)","background-image":"","background-repeat":"repeat","background-position":"center center","background-size":"auto","background-attachment":"scroll","background-type":"","background-media":"","overlay-type":"","overlay-color":"","overlay-opacity":"","overlay-gradient":""},"mobile":{"background-color":"var(--ast-global-color-5)","background-image":"","background-repeat":"repeat","background-position":"center center","background-size":"auto","background-attachment":"scroll","background-type":"","background-media":"","overlay-type":"","overlay-color":"","overlay-opacity":"","overlay-gradient":""}}},"pwb-brand":[332],"product_brand":[],"product_cat":[333,390],"product_tag":[],"class_list":{"0":"post-14852","1":"product","2":"type-product","3":"status-publish","4":"has-post-thumbnail","6":"pwb-brand-victron","7":"product_cat-inversores","8":"product_cat-inversores-cargadores-24v","9":"desktop-align-left","10":"tablet-align-left","11":"mobile-align-left","12":"ast-product-gallery-layout-horizontal-slider","13":"ast-product-tabs-layout-horizontal","15":"first","16":"instock","17":"taxable","18":"shipping-taxable","19":"purchasable","20":"product-type-simple"},"wcpa_form_fields":null,"brands":[{"id":332,"name":"Victron Energy","slug":"victron"}],"_links":{"self":[{"href":"https:\/\/fvcomponentes.com\/fr\/wp-json\/wp\/v2\/product\/14852","targetHints":{"allow":["GET"]}}],"collection":[{"href":"https:\/\/fvcomponentes.com\/fr\/wp-json\/wp\/v2\/product"}],"about":[{"href":"https:\/\/fvcomponentes.com\/fr\/wp-json\/wp\/v2\/types\/product"}],"replies":[{"embeddable":true,"href":"https:\/\/fvcomponentes.com\/fr\/wp-json\/wp\/v2\/comments?post=14852"}],"wp:featuredmedia":[{"embeddable":true,"href":"https:\/\/fvcomponentes.com\/fr\/wp-json\/wp\/v2\/media\/14858"}],"wp:attachment":[{"href":"https:\/\/fvcomponentes.com\/fr\/wp-json\/wp\/v2\/media?parent=14852"}],"wp:term":[{"taxonomy":"pwb-brand","embeddable":true,"href":"https:\/\/fvcomponentes.com\/fr\/wp-json\/wp\/v2\/pwb-brand?post=14852"},{"taxonomy":"product_brand","embeddable":true,"href":"https:\/\/fvcomponentes.com\/fr\/wp-json\/wp\/v2\/product_brand?post=14852"},{"taxonomy":"product_cat","embeddable":true,"href":"https:\/\/fvcomponentes.com\/fr\/wp-json\/wp\/v2\/product_cat?post=14852"},{"taxonomy":"product_tag","embeddable":true,"href":"https:\/\/fvcomponentes.com\/fr\/wp-json\/wp\/v2\/product_tag?post=14852"}],"curies":[{"name":"wp","href":"https:\/\/api.w.org\/{rel}","templated":true}]}}