{"id":14847,"date":"2024-06-14T08:05:41","date_gmt":"2024-06-14T06:05:41","guid":{"rendered":"https:\/\/fvcomponentes.com\/?post_type=product&#038;p=14847"},"modified":"2026-04-08T21:37:16","modified_gmt":"2026-04-08T19:37:16","slug":"onduleur-chargeur-24v-victron-easysolar-24-1600-40-16-mppt-100-50-cep241621010","status":"publish","type":"product","link":"https:\/\/fvcomponentes.com\/fr\/producto\/inversor-cargador-24v-victron-easysolar-24-1600-40-16-mppt-100-50-cep241621010\/","title":{"rendered":"Onduleur chargeur 24 V Victron EasySolar 24\/1600 40 A-16 A MPPT 100\/50 \u2013 CEP242161010"},"content":{"rendered":"<section class=\"large-padding\">\n<div class=\"productDetail__header\">\n<div class=\"container\">\n<div class=\"productDetail__header__inner\">\n<div class=\"productDetail__content\">\n<h2>Caract\u00e9ristiques du chargeur-onduleur 24 V Victron EasySolar 24\/1600 40-16 MPPT 100\/50 \u2013 CEP242161010<\/h2>\n<h2>Solution d'\u00e9nergie solaire tout-en-un<\/h2>\n<p>L'EasySolar combine un r\u00e9gulateur de charge solaire MPPT, un onduleur\/chargeur et un distributeur de courant alternatif en un seul appareil. Le produit est facile \u00e0 installer, avec un minimum de c\u00e2blage.<\/p>\n<h2>Le r\u00e9gulateur de charge solaire : SmartSolar MPPT 100\/50<\/h2>\n<p>Jusqu'\u00e0 trois cha\u00eenes de panneaux PV peuvent \u00eatre connect\u00e9es \u00e0 trois cha\u00eenes de connecteurs PV MC4 (PVST01).<\/p>\n<h2>Onduleur chargeur 24 V Victron EasySolar 24\/1600 40-16 MPPT 100\/50 \u2013 CEP242161010<\/h2>\n<p>Le r\u00e9gulateur de charge MPPT et l'onduleur\/chargeur MultiPlus Compact partagent les c\u00e2bles de batterie CC (inclus). Les batteries peuvent \u00eatre charg\u00e9es avec de l'\u00e9nergie solaire (SmartSolar MPPT) et\/ou de l'\u00e9lectricit\u00e9 CA (onduleur\/chargeur) provenant du r\u00e9seau ou d'un g\u00e9n\u00e9rateur.<\/p>\n<h2>Distributeur CA<\/h2>\n<p>Le distributeur CA se compose d'un RCD (30 mA\/16 A) et de quatre sorties CA prot\u00e9g\u00e9es par deux disjoncteurs de 10 A et deux disjoncteurs de 16 A. L'une des sorties 16 A est contr\u00f4l\u00e9e par l'entr\u00e9e CA : elle ne sera activ\u00e9e que lorsque le CA est disponible.<\/p>\n<h2>PowerAssist<\/h2>\n<p>La technologie PowerAssist prot\u00e8ge l'alimentation du r\u00e9seau ou du g\u00e9n\u00e9rateur contre les surcharges en ajoutant la puissance suppl\u00e9mentaire du chargeur-onduleur 24 V Victron EasySolar 24\/1600 40-16 MPPT 100\/50 \u2013 CEP242161010 lorsque cela est n\u00e9cessaire.<\/p>\n<h2>Logiciel exclusif pour les applications solaires<\/h2>\n<p>Divers logiciels (assistants) sont disponibles pour aider \u00e0 configurer le syst\u00e8me pour des applications autonomes ou en r\u00e9seau.<\/p>\n<div class=\"hidden-xs\">\n<section class=\"productDetails__blocks\"><span style=\"font-size: 1.5em; font-weight: bold;\">Sp\u00e9cifications techniques<\/span><span style=\"font-size: 1.5em; font-weight: bold;\"> Onduleur chargeur 24 V Victron EasySolar 24\/1600 40-16 MPPT 100\/50 \u2013 CEP242161010<\/span><\/p>\n<div class=\"container\">\n<div class=\"productDetails__block productDetails__block--image productDetails__block--left\">\n<div class=\"productDetails__block-content\">\n<p><a href=\"https:\/\/fvcomponentes.com\/wp-content\/uploads\/2024\/06\/Ficha-tecnica-Inversor-Cargador-Victron-Easysolar.pdf\" target=\"_blank\" rel=\"noopener\">Voir la fiche technique du chargeur-onduleur 24 V Victron EasySolar 24\/1600 40-16 MPPT 100\/50 \u2013 CEP242161010<\/a><\/p>\n<\/div>\n<\/div>\n<\/div>\n<\/section>\n<\/div>\n<\/div>\n<\/div>\n<\/div>\n<\/div>\n<\/section>","protected":false},"excerpt":{"rendered":"<ul class=\"specification\">\n<li><strong>Tension de fonctionnement :<\/strong> 24V<\/li>\n<li><strong>Puissance continue :\u00a0<\/strong>1600VA<\/li>\n<li><strong>Puissance de cr\u00eate :<\/strong> 3000W<\/li>\n<\/ul>","protected":false},"featured_media":14849,"comment_status":"open","ping_status":"closed","template":"","meta":{"site-sidebar-layout":"default","site-content-layout":"default","ast-site-content-layout":"default","site-content-style":"default","site-sidebar-style":"default","ast-global-header-display":"","ast-banner-title-visibility":"","ast-main-header-display":"","ast-hfb-above-header-display":"","ast-hfb-below-header-display":"","ast-hfb-mobile-header-display":"","site-post-title":"","ast-breadcrumbs-content":"","ast-featured-img":"","footer-sml-layout":"","ast-disable-related-posts":"","theme-transparent-header-meta":"default","adv-header-id-meta":"","stick-header-meta":"","header-above-stick-meta":"","header-main-stick-meta":"","header-below-stick-meta":"","astra-migrate-meta-layouts":"set","ast-page-background-enabled":"default","ast-page-background-meta":{"desktop":{"background-color":"var(--ast-global-color-4)","background-image":"","background-repeat":"repeat","background-position":"center center","background-size":"auto","background-attachment":"scroll","background-type":"","background-media":"","overlay-type":"","overlay-color":"","overlay-opacity":"","overlay-gradient":""},"tablet":{"background-color":"","background-image":"","background-repeat":"repeat","background-position":"center center","background-size":"auto","background-attachment":"scroll","background-type":"","background-media":"","overlay-type":"","overlay-color":"","overlay-opacity":"","overlay-gradient":""},"mobile":{"background-color":"","background-image":"","background-repeat":"repeat","background-position":"center center","background-size":"auto","background-attachment":"scroll","background-type":"","background-media":"","overlay-type":"","overlay-color":"","overlay-opacity":"","overlay-gradient":""}},"ast-content-background-meta":{"desktop":{"background-color":"var(--ast-global-color-5)","background-image":"","background-repeat":"repeat","background-position":"center center","background-size":"auto","background-attachment":"scroll","background-type":"","background-media":"","overlay-type":"","overlay-color":"","overlay-opacity":"","overlay-gradient":""},"tablet":{"background-color":"var(--ast-global-color-5)","background-image":"","background-repeat":"repeat","background-position":"center center","background-size":"auto","background-attachment":"scroll","background-type":"","background-media":"","overlay-type":"","overlay-color":"","overlay-opacity":"","overlay-gradient":""},"mobile":{"background-color":"var(--ast-global-color-5)","background-image":"","background-repeat":"repeat","background-position":"center center","background-size":"auto","background-attachment":"scroll","background-type":"","background-media":"","overlay-type":"","overlay-color":"","overlay-opacity":"","overlay-gradient":""}}},"pwb-brand":[332],"product_brand":[],"product_cat":[333,390],"product_tag":[],"class_list":{"0":"post-14847","1":"product","2":"type-product","3":"status-publish","4":"has-post-thumbnail","6":"pwb-brand-victron","7":"product_cat-inversores","8":"product_cat-inversores-cargadores-24v","9":"desktop-align-left","10":"tablet-align-left","11":"mobile-align-left","12":"ast-product-gallery-layout-horizontal-slider","13":"ast-product-tabs-layout-horizontal","15":"first","16":"instock","17":"taxable","18":"shipping-taxable","19":"purchasable","20":"product-type-simple"},"wcpa_form_fields":null,"brands":[{"id":332,"name":"Victron Energy","slug":"victron"}],"_links":{"self":[{"href":"https:\/\/fvcomponentes.com\/fr\/wp-json\/wp\/v2\/product\/14847","targetHints":{"allow":["GET"]}}],"collection":[{"href":"https:\/\/fvcomponentes.com\/fr\/wp-json\/wp\/v2\/product"}],"about":[{"href":"https:\/\/fvcomponentes.com\/fr\/wp-json\/wp\/v2\/types\/product"}],"replies":[{"embeddable":true,"href":"https:\/\/fvcomponentes.com\/fr\/wp-json\/wp\/v2\/comments?post=14847"}],"wp:featuredmedia":[{"embeddable":true,"href":"https:\/\/fvcomponentes.com\/fr\/wp-json\/wp\/v2\/media\/14849"}],"wp:attachment":[{"href":"https:\/\/fvcomponentes.com\/fr\/wp-json\/wp\/v2\/media?parent=14847"}],"wp:term":[{"taxonomy":"pwb-brand","embeddable":true,"href":"https:\/\/fvcomponentes.com\/fr\/wp-json\/wp\/v2\/pwb-brand?post=14847"},{"taxonomy":"product_brand","embeddable":true,"href":"https:\/\/fvcomponentes.com\/fr\/wp-json\/wp\/v2\/product_brand?post=14847"},{"taxonomy":"product_cat","embeddable":true,"href":"https:\/\/fvcomponentes.com\/fr\/wp-json\/wp\/v2\/product_cat?post=14847"},{"taxonomy":"product_tag","embeddable":true,"href":"https:\/\/fvcomponentes.com\/fr\/wp-json\/wp\/v2\/product_tag?post=14847"}],"curies":[{"name":"wp","href":"https:\/\/api.w.org\/{rel}","templated":true}]}}